{"id":2221,"date":"2026-02-05T07:08:14","date_gmt":"2026-02-05T07:08:14","guid":{"rendered":"https:\/\/lojena.com\/?page_id=2221"},"modified":"2026-03-24T12:01:45","modified_gmt":"2026-03-24T12:01:45","slug":"pravilnik-o-zasebnosti","status":"publish","type":"page","link":"https:\/\/lojena.com\/sl\/pravilnik-o-zasebnosti\/","title":{"rendered":"Pravilnik o zasebnosti"},"content":{"rendered":"\n<h1 class=\"wp-block-heading\">Pravilnik o zasebnosti<\/h1>\n\n\n\n<h2 class=\"wp-block-heading\">Tudi mi ne maramo neza\u017eelene po\u0161te (spama)!<\/h2>\n\n\n\n<p id=\"p-rc_4d6f92845c2d1f59-19\">Murter rentals d.o.o., Sali XII 6, 23281 Sali (v nadaljevanju: Villa Lojena) se zavezuje k varovanju zasebnosti vseh na\u0161ih strank. S to izjavo se zavezujemo, da bomo varovali zasebnost uporabnikov, kupcev in obiskovalcev na\u0161e spletne strani ter zagotavljali varnost osebnih podatkov, ki so nam posredovani prek spletne strani.<\/p>\n\n\n\n<p>To obvestilo opisuje vrste informacij, ki jih lahko zbiramo od vas, ko obi\u0161\u010dete na\u0161o spletno stran, pojasnjuje, kako te informacije uporabljamo, in navaja korake, ki jih sprejemamo za njihovo za\u0161\u010dito.<\/p>\n\n\n\n<h3 class=\"wp-block-heading\">Katere podatke zbiramo o vas in kako jih uporabljamo?<\/h3>\n\n\n\n<p>Na splo\u0161no lahko obi\u0161\u010dete na\u0161o spletno stran, ne da bi razkrili kakr\u0161ne koli osebne podatke o sebi. Ko obi\u0161\u010dete to spletno stran, o vas ne zbiramo osebnih podatkov (kot so va\u0161e ime in kontaktni podatki), razen \u010de podatke prostovoljno po\u0161ljete z enim od razpolo\u017eljivih obrazcev za dolo\u010den namen (kontaktni obrazec ali obrazec za rezervacijo\/nakup) in s tem podate soglasje za zbiranje in uporabo va\u0161ih osebnih podatkov za navedene namene.<\/p>\n\n\n\n<p>Vsi osebni podatki se uporabljajo izklju\u010dno za namene, za katere so bili zbrani. Nakupe in rezervacije lahko opravijo le osebe, stare 18 let ali ve\u010d. Zbranih podatkov ne bomo na noben na\u010din dali na voljo nepoobla\u0161\u010denim tretjim osebam, razen za namene, ki jih dolo\u010da zakon (kot je obvezna registracija v sistem <strong>e-Visitor<\/strong>, ki jo zahteva hrva\u0161ka zakonodaja).<\/p>\n\n\n\n<h3 class=\"wp-block-heading\">Deljenje informacij s poobla\u0161\u010denimi tretjimi osebami<\/h3>\n\n\n\n<p>Va\u0161e podatke delimo s poobla\u0161\u010denimi tretjimi osebami za naslednje namene:<\/p>\n\n\n\n<ul class=\"wp-block-list\">\n<li><strong>Google Analytics:<\/strong> Google prek na\u0161e uporabe storitve Google Analytics na na\u0161i spletni strani na anonimni osnovi zbira informacije, ki nam s pomo\u010djo povratnih informacij pomagajo izbolj\u0161ati na\u0161e poslovanje. Odjavo lahko uredite tukaj: <a href=\"https:\/\/tools.google.com\/dlpage\/gaoptout\" target=\"_blank\" rel=\"noreferrer noopener\">https:\/\/tools.google.com\/dlpage\/gaoptout<\/a>.<\/li>\n\n\n\n<li><strong>Google Maps:<\/strong> Google Maps uporabljamo za zagotavljanje lokacijskih storitev za na\u0161e apartmaje. Google lahko zbira naslove IP in podatke o pi\u0161kotkih v skladu s svojim pravilnikom o zasebnosti.<\/li>\n\n\n\n<li><strong>Ra\u010dunovodstvo:<\/strong> Podatke delimo z na\u0161imi ra\u010dunovodjami za dav\u010dne namene, zlasti ra\u010dune, izdane za va\u0161e bivanje, za namen izdelave dav\u010dnih napovedi in letnih obra\u010dunov.<\/li>\n\n\n\n<li><strong>Ban\u010dna nakazila:<\/strong> Ker se vsa pla\u010dila izvajajo z neposrednim ban\u010dnim nakazilom, va\u0161e transakcijske podatke obdelujejo pristojne ban\u010dne institucije za namene izvr\u0161itve pogodbe.<\/li>\n<\/ul>\n\n\n\n<h3 class=\"wp-block-heading\">Vrste osebnih podatkov, ki se obdelujejo<\/h3>\n\n\n\n<ul class=\"wp-block-list\">\n<li><strong>Kontaktni obrazec:<\/strong> Ime in priimek, e-po\u0161ta in vse dodatne navedene informacije (telefon, naslov).<\/li>\n\n\n\n<li><strong>Obrazec za rezervacijo\/nakup:<\/strong> Dr\u017eava, ime in priimek, e-po\u0161ta, naslov, mesto, po\u0161tna \u0161tevilka in telefonska \u0161tevilka.<\/li>\n\n\n\n<li><strong>Samodejno zbrani podatki:<\/strong> V datotekah stre\u017eni\u0161kih dnevnikov samodejno zbiramo podatke, kot so va\u0161 naslov IP, vrsta brskalnika in operacijski sistem, za upravljanje na\u0161ih tehni\u010dnih re\u0161itev in izbolj\u0161anje va\u0161e uporabni\u0161ke izku\u0161nje.<\/li>\n<\/ul>\n\n\n\n<h3 class=\"wp-block-heading\">Pravice posameznikov, na katere se nana\u0161ajo podatki<\/h3>\n\n\n\n<p>Zagotavljamo pogoje, da se sami odlo\u010date o obdelavi va\u0161ih osebnih podatkov. Imate naslednje pravice:<\/p>\n\n\n\n<ul class=\"wp-block-list\">\n<li><strong>Pravica do dostopa:<\/strong> Zahtevate lahko potrditev, ali obdelujemo va\u0161e podatke.<\/li>\n\n\n\n<li><strong>Pravica do popravka:<\/strong> Zahtevate lahko popravek neto\u010dnih ali nepopolnih podatkov.<\/li>\n\n\n\n<li><strong>Pravica do izbrisa (\u00bbpravica do pozabe\u00ab):<\/strong> Zahtevate lahko izbris podatkov, \u010de prekli\u010dete privolitev ali \u010de se podatki obdelujejo nezakonito, pod pogojem, da niso potrebni za zakonske\/pogodbene obveznosti.<\/li>\n\n\n\n<li><strong>Pravica do omejitve obdelave.<\/strong><\/li>\n\n\n\n<li><strong>Pravica do prenosljivosti podatkov.<\/strong><\/li>\n\n\n\n<li><strong>Pravica do ugovora:<\/strong> \u0160e posebej v zvezi z nameni neposrednega tr\u017eenja.<\/li>\n<\/ul>\n\n\n\n<h3 class=\"wp-block-heading\">Pravica do prito\u017ebe pri nadzornem organu<\/h3>\n\n\n\n<p>\u010ce menite, da obdelava va\u0161ih osebnih podatkov kr\u0161i Splo\u0161no uredbo o varstvu podatkov (GDPR), imate pravico vlo\u017eiti prito\u017ebo pri <strong>Agenciji za varstvo osebnih podatkov (AZOP)<\/strong>, Marti\u0107eva ulica 14, 10000 Zagreb, Hrva\u0161ka (<a target=\"_blank\" rel=\"noreferrer noopener\" href=\"http:\/\/azop.hr\/\">http:\/\/azop.hr\/<\/a>).<\/p>\n\n\n\n<h3 class=\"wp-block-heading\">Pravica do preklica privolitve<\/h3>\n\n\n\n<p>\u010ce obdelava temelji na va\u0161i privolitvi, jo imate pravico kadar koli preklicati s po\u0161iljanjem e-po\u0161te na naslov: <strong>[Vstavite e-po\u0161to iz mo\u017enosti ACF]<\/strong>. Zaradi va\u0161e za\u0161\u010dite je potrebna identifikacija vlagatelja zahtevka.<\/p>\n\n\n\n<h3 class=\"wp-block-heading\">Varnost va\u0161ih osebnih podatkov<\/h3>\n\n\n\n<p>Zavezani smo k izvajanju ustreznih tehni\u010dnih in organizacijskih ukrepov za za\u0161\u010dito va\u0161ih osebnih podatkov pred nepoobla\u0161\u010denim ravnanjem, nenamerno izgubo ali po\u0161kodbo. Va\u0161i podatki se varno po\u0161iljajo prek interneta z uporabo visokokakovostnega \u0161ifriranja in shranjujejo na varnih stre\u017enikih v EU.<\/p>\n\n\n\n<h3 class=\"wp-block-heading\">Re\u0161evanje nesporazumov<\/h3>\n\n\n\n<p>Za re\u0161evanje morebitnih nesporazumov ali dodatna vpra\u0161anja uporabite e-po\u0161to:<strong> <\/strong>info@lojena.com.<\/p>\n\n\n\n<p><strong>Kontakt:<\/strong> Za vsa dodatna vpra\u0161anja nas lahko kontaktirate na:<\/p>\n\n\n\n<p><strong>Telefon:<\/strong> <a href=\"tel:+385 98 169 3495\">+385 98 169 3495<\/a><\/p>\n\n\n\n<p><strong>E-po\u0161ta:<\/strong> info@lojena.com<\/p>\n\n\n\n<div style=\"height:110px\" aria-hidden=\"true\" class=\"wp-block-spacer\"><\/div>\n","protected":false},"excerpt":{"rendered":"<p>Pravilnik o zasebnosti Tudi mi ne maramo neza\u017eelene po\u0161te (spama)! Murter rentals d.o.o., Sali XII 6, 23281 Sali (v nadaljevanju: Villa Lojena) se zavezuje k varovanju zasebnosti vseh na\u0161ih strank. S to izjavo se zavezujemo, da bomo varovali zasebnost uporabnikov, kupcev in obiskovalcev na\u0161e spletne strani ter zagotavljali varnost osebnih podatkov, ki so nam posredovani [&hellip;]<\/p>\n","protected":false},"author":1,"featured_media":0,"parent":0,"menu_order":0,"comment_status":"closed","ping_status":"open","template":"page-content.php","meta":{"_acf_changed":false,"footnotes":""},"class_list":["post-2221","page","type-page","status-publish","hentry"],"acf":[],"yoast_head":"<!-- This site is optimized with the Yoast SEO plugin v27.2 - https:\/\/yoast.com\/product\/yoast-seo-wordpress\/ -->\n<title>Pravilnik o zasebnosti - Villa Lojena<\/title>\n<meta name=\"robots\" content=\"index, follow, max-snippet:-1, max-image-preview:large, max-video-preview:-1\" \/>\n<link rel=\"canonical\" href=\"https:\/\/lojena.com\/sl\/pravilnik-o-zasebnosti\/\" \/>\n<meta property=\"og:locale\" content=\"sl_SI\" \/>\n<meta property=\"og:type\" content=\"article\" \/>\n<meta property=\"og:title\" content=\"Pravilnik o zasebnosti - Villa Lojena\" \/>\n<meta property=\"og:description\" content=\"Pravilnik o zasebnosti Tudi mi ne maramo neza\u017eelene po\u0161te (spama)! Murter rentals d.o.o., Sali XII 6, 23281 Sali (v nadaljevanju: Villa Lojena) se zavezuje k varovanju zasebnosti vseh na\u0161ih strank. S to izjavo se zavezujemo, da bomo varovali zasebnost uporabnikov, kupcev in obiskovalcev na\u0161e spletne strani ter zagotavljali varnost osebnih podatkov, ki so nam posredovani [&hellip;]\" \/>\n<meta property=\"og:url\" content=\"https:\/\/lojena.com\/sl\/pravilnik-o-zasebnosti\/\" \/>\n<meta property=\"og:site_name\" content=\"Villa Lojena\" \/>\n<meta property=\"article:modified_time\" content=\"2026-03-24T12:01:45+00:00\" \/>\n<meta name=\"twitter:card\" content=\"summary_large_image\" \/>\n<meta name=\"twitter:label1\" content=\"Est. reading time\" \/>\n\t<meta name=\"twitter:data1\" content=\"3 minute\" \/>\n<script type=\"application\/ld+json\" class=\"yoast-schema-graph\">{\"@context\":\"https:\/\/schema.org\",\"@graph\":[{\"@type\":\"WebPage\",\"@id\":\"https:\/\/lojena.com\/sl\/pravilnik-o-zasebnosti\/\",\"url\":\"https:\/\/lojena.com\/sl\/pravilnik-o-zasebnosti\/\",\"name\":\"Pravilnik o zasebnosti - Villa Lojena\",\"isPartOf\":{\"@id\":\"https:\/\/lojena.com\/#website\"},\"datePublished\":\"2026-02-05T07:08:14+00:00\",\"dateModified\":\"2026-03-24T12:01:45+00:00\",\"breadcrumb\":{\"@id\":\"https:\/\/lojena.com\/sl\/pravilnik-o-zasebnosti\/#breadcrumb\"},\"inLanguage\":\"sl-SI\",\"potentialAction\":[{\"@type\":\"ReadAction\",\"target\":[\"https:\/\/lojena.com\/sl\/pravilnik-o-zasebnosti\/\"]}]},{\"@type\":\"BreadcrumbList\",\"@id\":\"https:\/\/lojena.com\/sl\/pravilnik-o-zasebnosti\/#breadcrumb\",\"itemListElement\":[{\"@type\":\"ListItem\",\"position\":1,\"name\":\"Home\",\"item\":\"https:\/\/lojena.com\/sl\/\"},{\"@type\":\"ListItem\",\"position\":2,\"name\":\"Pravilnik o zasebnosti\"}]},{\"@type\":\"WebSite\",\"@id\":\"https:\/\/lojena.com\/#website\",\"url\":\"https:\/\/lojena.com\/\",\"name\":\"Villa Lojena\",\"description\":\"Luxury Studios\",\"potentialAction\":[{\"@type\":\"SearchAction\",\"target\":{\"@type\":\"EntryPoint\",\"urlTemplate\":\"https:\/\/lojena.com\/?s={search_term_string}\"},\"query-input\":{\"@type\":\"PropertyValueSpecification\",\"valueRequired\":true,\"valueName\":\"search_term_string\"}}],\"inLanguage\":\"sl-SI\"}]}<\/script>\n<!-- \/ Yoast SEO plugin. -->","yoast_head_json":{"title":"Pravilnik o zasebnosti - Villa Lojena","robots":{"index":"index","follow":"follow","max-snippet":"max-snippet:-1","max-image-preview":"max-image-preview:large","max-video-preview":"max-video-preview:-1"},"canonical":"https:\/\/lojena.com\/sl\/pravilnik-o-zasebnosti\/","og_locale":"sl_SI","og_type":"article","og_title":"Pravilnik o zasebnosti - Villa Lojena","og_description":"Pravilnik o zasebnosti Tudi mi ne maramo neza\u017eelene po\u0161te (spama)! Murter rentals d.o.o., Sali XII 6, 23281 Sali (v nadaljevanju: Villa Lojena) se zavezuje k varovanju zasebnosti vseh na\u0161ih strank. S to izjavo se zavezujemo, da bomo varovali zasebnost uporabnikov, kupcev in obiskovalcev na\u0161e spletne strani ter zagotavljali varnost osebnih podatkov, ki so nam posredovani [&hellip;]","og_url":"https:\/\/lojena.com\/sl\/pravilnik-o-zasebnosti\/","og_site_name":"Villa Lojena","article_modified_time":"2026-03-24T12:01:45+00:00","twitter_card":"summary_large_image","twitter_misc":{"Est. reading time":"3 minute"},"schema":{"@context":"https:\/\/schema.org","@graph":[{"@type":"WebPage","@id":"https:\/\/lojena.com\/sl\/pravilnik-o-zasebnosti\/","url":"https:\/\/lojena.com\/sl\/pravilnik-o-zasebnosti\/","name":"Pravilnik o zasebnosti - Villa Lojena","isPartOf":{"@id":"https:\/\/lojena.com\/#website"},"datePublished":"2026-02-05T07:08:14+00:00","dateModified":"2026-03-24T12:01:45+00:00","breadcrumb":{"@id":"https:\/\/lojena.com\/sl\/pravilnik-o-zasebnosti\/#breadcrumb"},"inLanguage":"sl-SI","potentialAction":[{"@type":"ReadAction","target":["https:\/\/lojena.com\/sl\/pravilnik-o-zasebnosti\/"]}]},{"@type":"BreadcrumbList","@id":"https:\/\/lojena.com\/sl\/pravilnik-o-zasebnosti\/#breadcrumb","itemListElement":[{"@type":"ListItem","position":1,"name":"Home","item":"https:\/\/lojena.com\/sl\/"},{"@type":"ListItem","position":2,"name":"Pravilnik o zasebnosti"}]},{"@type":"WebSite","@id":"https:\/\/lojena.com\/#website","url":"https:\/\/lojena.com\/","name":"Villa Lojena","description":"Luxury Studios","potentialAction":[{"@type":"SearchAction","target":{"@type":"EntryPoint","urlTemplate":"https:\/\/lojena.com\/?s={search_term_string}"},"query-input":{"@type":"PropertyValueSpecification","valueRequired":true,"valueName":"search_term_string"}}],"inLanguage":"sl-SI"}]}},"_links":{"self":[{"href":"https:\/\/lojena.com\/sl\/wp-json\/wp\/v2\/pages\/2221","targetHints":{"allow":["GET"]}}],"collection":[{"href":"https:\/\/lojena.com\/sl\/wp-json\/wp\/v2\/pages"}],"about":[{"href":"https:\/\/lojena.com\/sl\/wp-json\/wp\/v2\/types\/page"}],"author":[{"embeddable":true,"href":"https:\/\/lojena.com\/sl\/wp-json\/wp\/v2\/users\/1"}],"replies":[{"embeddable":true,"href":"https:\/\/lojena.com\/sl\/wp-json\/wp\/v2\/comments?post=2221"}],"version-history":[{"count":2,"href":"https:\/\/lojena.com\/sl\/wp-json\/wp\/v2\/pages\/2221\/revisions"}],"predecessor-version":[{"id":2865,"href":"https:\/\/lojena.com\/sl\/wp-json\/wp\/v2\/pages\/2221\/revisions\/2865"}],"wp:attachment":[{"href":"https:\/\/lojena.com\/sl\/wp-json\/wp\/v2\/media?parent=2221"}],"curies":[{"name":"wp","href":"https:\/\/api.w.org\/{rel}","templated":true}]}}