{"id":2204,"date":"2026-02-17T11:03:11","date_gmt":"2026-02-17T11:03:11","guid":{"rendered":"https:\/\/lojena.com\/?page_id=2204"},"modified":"2026-03-24T11:17:19","modified_gmt":"2026-03-24T11:17:19","slug":"impressum","status":"publish","type":"page","link":"https:\/\/lojena.com\/sl\/impressum\/","title":{"rendered":"Impressum"},"content":{"rendered":"\n<h1 class=\"wp-block-heading\"><strong>Impressum \/ Pravno obvestilo<\/strong><\/h1>\n\n\n\n<p><strong>Podatki o podjetju<\/strong><\/p>\n\n\n\n<ul class=\"wp-block-list\">\n<li><strong>Ime podjetja:<\/strong> Murter rentals d.o.o.<\/li>\n\n\n\n<li><strong>Sede\u017e:<\/strong> Sali XII 6, 23281 Sali, Hrva\u0161ka<\/li>\n\n\n\n<li><strong>Ustanoviteljica in poobla\u0161\u010dena zastopnica:<\/strong> Diana Milin<\/li>\n\n\n\n<li><strong>Leto ustanovitve:<\/strong> 2025<\/li>\n<\/ul>\n\n\n\n<p><strong>Podatki o registraciji<\/strong><\/p>\n\n\n\n<ul class=\"wp-block-list\">\n<li><strong>Dejavnost:<\/strong> 79.11 (Dejavnost potovalnih agencij)<\/li>\n\n\n\n<li><strong>OIB (Dav\u010dna \u0161tevilka):<\/strong> 05737238252<\/li>\n\n\n\n<li><strong>Mati\u010dni broj (Mati\u010dna \u0161tevilka):<\/strong> 06082882<\/li>\n\n\n\n<li><strong>Status podjetja:<\/strong> Aktivno<\/li>\n<\/ul>\n\n\n\n<p><strong>Kontaktni podatki<\/strong><\/p>\n\n\n\n<ul class=\"wp-block-list\">\n<li><strong>E-po\u0161ta:<\/strong> info@lojena.com<\/li>\n<\/ul>\n","protected":false},"excerpt":{"rendered":"<p>Impressum \/ Pravno obvestilo Podatki o podjetju Podatki o registraciji Kontaktni podatki<\/p>\n","protected":false},"author":1,"featured_media":0,"parent":0,"menu_order":0,"comment_status":"closed","ping_status":"closed","template":"page-content.php","meta":{"_acf_changed":false,"footnotes":""},"class_list":["post-2204","page","type-page","status-publish","hentry"],"acf":[],"yoast_head":"<!-- This site is optimized with the Yoast SEO plugin v27.2 - https:\/\/yoast.com\/product\/yoast-seo-wordpress\/ -->\n<title>Impressum - Villa Lojena<\/title>\n<meta name=\"robots\" content=\"index, follow, max-snippet:-1, max-image-preview:large, max-video-preview:-1\" \/>\n<link rel=\"canonical\" href=\"https:\/\/lojena.com\/sl\/impressum\/\" \/>\n<meta property=\"og:locale\" content=\"sl_SI\" \/>\n<meta property=\"og:type\" content=\"article\" \/>\n<meta property=\"og:title\" content=\"Impressum - Villa Lojena\" \/>\n<meta property=\"og:description\" content=\"Impressum \/ Pravno obvestilo Podatki o podjetju Podatki o registraciji Kontaktni podatki\" \/>\n<meta property=\"og:url\" content=\"https:\/\/lojena.com\/sl\/impressum\/\" \/>\n<meta property=\"og:site_name\" content=\"Villa Lojena\" \/>\n<meta property=\"article:modified_time\" content=\"2026-03-24T11:17:19+00:00\" \/>\n<meta name=\"twitter:card\" content=\"summary_large_image\" \/>\n<meta name=\"twitter:label1\" content=\"Est. reading time\" \/>\n\t<meta name=\"twitter:data1\" content=\"1 minuta\" \/>\n<script type=\"application\/ld+json\" class=\"yoast-schema-graph\">{\"@context\":\"https:\/\/schema.org\",\"@graph\":[{\"@type\":\"WebPage\",\"@id\":\"https:\/\/lojena.com\/sl\/impressum\/\",\"url\":\"https:\/\/lojena.com\/sl\/impressum\/\",\"name\":\"Impressum - Villa Lojena\",\"isPartOf\":{\"@id\":\"https:\/\/lojena.com\/#website\"},\"datePublished\":\"2026-02-17T11:03:11+00:00\",\"dateModified\":\"2026-03-24T11:17:19+00:00\",\"breadcrumb\":{\"@id\":\"https:\/\/lojena.com\/sl\/impressum\/#breadcrumb\"},\"inLanguage\":\"sl-SI\",\"potentialAction\":[{\"@type\":\"ReadAction\",\"target\":[\"https:\/\/lojena.com\/sl\/impressum\/\"]}]},{\"@type\":\"BreadcrumbList\",\"@id\":\"https:\/\/lojena.com\/sl\/impressum\/#breadcrumb\",\"itemListElement\":[{\"@type\":\"ListItem\",\"position\":1,\"name\":\"Home\",\"item\":\"https:\/\/lojena.com\/sl\/\"},{\"@type\":\"ListItem\",\"position\":2,\"name\":\"Impressum\"}]},{\"@type\":\"WebSite\",\"@id\":\"https:\/\/lojena.com\/#website\",\"url\":\"https:\/\/lojena.com\/\",\"name\":\"Villa Lojena\",\"description\":\"Luxury Studios\",\"potentialAction\":[{\"@type\":\"SearchAction\",\"target\":{\"@type\":\"EntryPoint\",\"urlTemplate\":\"https:\/\/lojena.com\/?s={search_term_string}\"},\"query-input\":{\"@type\":\"PropertyValueSpecification\",\"valueRequired\":true,\"valueName\":\"search_term_string\"}}],\"inLanguage\":\"sl-SI\"}]}<\/script>\n<!-- \/ Yoast SEO plugin. -->","yoast_head_json":{"title":"Impressum - Villa Lojena","robots":{"index":"index","follow":"follow","max-snippet":"max-snippet:-1","max-image-preview":"max-image-preview:large","max-video-preview":"max-video-preview:-1"},"canonical":"https:\/\/lojena.com\/sl\/impressum\/","og_locale":"sl_SI","og_type":"article","og_title":"Impressum - Villa Lojena","og_description":"Impressum \/ Pravno obvestilo Podatki o podjetju Podatki o registraciji Kontaktni podatki","og_url":"https:\/\/lojena.com\/sl\/impressum\/","og_site_name":"Villa Lojena","article_modified_time":"2026-03-24T11:17:19+00:00","twitter_card":"summary_large_image","twitter_misc":{"Est. reading time":"1 minuta"},"schema":{"@context":"https:\/\/schema.org","@graph":[{"@type":"WebPage","@id":"https:\/\/lojena.com\/sl\/impressum\/","url":"https:\/\/lojena.com\/sl\/impressum\/","name":"Impressum - Villa Lojena","isPartOf":{"@id":"https:\/\/lojena.com\/#website"},"datePublished":"2026-02-17T11:03:11+00:00","dateModified":"2026-03-24T11:17:19+00:00","breadcrumb":{"@id":"https:\/\/lojena.com\/sl\/impressum\/#breadcrumb"},"inLanguage":"sl-SI","potentialAction":[{"@type":"ReadAction","target":["https:\/\/lojena.com\/sl\/impressum\/"]}]},{"@type":"BreadcrumbList","@id":"https:\/\/lojena.com\/sl\/impressum\/#breadcrumb","itemListElement":[{"@type":"ListItem","position":1,"name":"Home","item":"https:\/\/lojena.com\/sl\/"},{"@type":"ListItem","position":2,"name":"Impressum"}]},{"@type":"WebSite","@id":"https:\/\/lojena.com\/#website","url":"https:\/\/lojena.com\/","name":"Villa Lojena","description":"Luxury Studios","potentialAction":[{"@type":"SearchAction","target":{"@type":"EntryPoint","urlTemplate":"https:\/\/lojena.com\/?s={search_term_string}"},"query-input":{"@type":"PropertyValueSpecification","valueRequired":true,"valueName":"search_term_string"}}],"inLanguage":"sl-SI"}]}},"_links":{"self":[{"href":"https:\/\/lojena.com\/sl\/wp-json\/wp\/v2\/pages\/2204","targetHints":{"allow":["GET"]}}],"collection":[{"href":"https:\/\/lojena.com\/sl\/wp-json\/wp\/v2\/pages"}],"about":[{"href":"https:\/\/lojena.com\/sl\/wp-json\/wp\/v2\/types\/page"}],"author":[{"embeddable":true,"href":"https:\/\/lojena.com\/sl\/wp-json\/wp\/v2\/users\/1"}],"replies":[{"embeddable":true,"href":"https:\/\/lojena.com\/sl\/wp-json\/wp\/v2\/comments?post=2204"}],"version-history":[{"count":2,"href":"https:\/\/lojena.com\/sl\/wp-json\/wp\/v2\/pages\/2204\/revisions"}],"predecessor-version":[{"id":2849,"href":"https:\/\/lojena.com\/sl\/wp-json\/wp\/v2\/pages\/2204\/revisions\/2849"}],"wp:attachment":[{"href":"https:\/\/lojena.com\/sl\/wp-json\/wp\/v2\/media?parent=2204"}],"curies":[{"name":"wp","href":"https:\/\/api.w.org\/{rel}","templated":true}]}}