{"id":1849,"date":"2026-02-25T18:06:05","date_gmt":"2026-02-25T18:06:05","guid":{"rendered":"https:\/\/lojena.com\/?post_type=product&#038;p=1849"},"modified":"2026-03-22T09:09:13","modified_gmt":"2026-03-22T09:09:13","slug":"exkluzivny-trojizbovy-penthouse-s-panoramatickym-vyhladom-na-more","status":"publish","type":"product","link":"https:\/\/lojena.com\/sk\/produkt\/exkluzivny-trojizbovy-penthouse-s-panoramatickym-vyhladom-na-more\/","title":{"rendered":"Exkluz\u00edvny trojizbov\u00fd penthouse s panoramatick\u00fdm v\u00fdh\u013eadom na more"},"content":{"rendered":"<p>Dokonal\u00fd z\u00e1\u017eitok z Villy Lojena. Tento penthouse s p\u00f4sobivou rozlohou 155 m\u00b2 korunuje vilu terasou s rozlohou 80 m\u00b2, ktor\u00e1 pon\u00faka \u00fachvatn\u00fd panoramatick\u00fd v\u00fdh\u013ead na more a nezabudnute\u013en\u00e9 z\u00e1pady slnka.<\/p>\n<p>Hlavn\u00e1 sp\u00e1l\u0148a m\u00e1 vlastn\u00fa luxusn\u00fa k\u00fape\u013e\u0148u s v\u00edrivkou a v\u00fdh\u013eadom do z\u00e1hrady, va\u0161e s\u00fakromn\u00e9 \u200b\u200bwellness \u00fato\u010disko.<\/p>\n<p>Dve \u010fal\u0161ie sp\u00e1lne, ka\u017ed\u00e1 s vlastnou k\u00fape\u013e\u0148ou a klimatiz\u00e1ciou Daikin, poskytuj\u00fa pohodlie a s\u00fakromie pre rodinu alebo host\u00ed.<\/p>\n<p>Elegantn\u00e1 ob\u00fdvacia izba sa otv\u00e1ra na v\u00fdh\u013ead na more, zatia\u013e \u010do jed\u00e1le\u0148 m\u00e1 \u0161es\u0165 miest na nezabudnute\u013en\u00e9 spolo\u010dn\u00e9 jedl\u00e1.<\/p>\n<p>Plne vybaven\u00e1 kuchy\u0148a s pr\u00e1\u010dkou a um\u00fdva\u010dkou riadu u\u013eah\u010duje dlh\u0161\u00ed pobyt.<\/p>\n<p>Le\u017eadl\u00e1 na terase v\u00e1s poz\u00fdvaj\u00fa na vychutnanie si stredomorskej kr\u00e1sy a pre va\u0161e pohodlie s\u00fa vyhraden\u00e9 tri tienen\u00e9 parkovacie miesta vr\u00e1tane nab\u00edja\u010dky pre elektrick\u00e9 vozidl\u00e1.<\/p>\n<p>So Smart TV, vysokor\u00fdchlostn\u00fdm 5G internetom, pr\u00e9miov\u00fdmi 34 cm antialergick\u00fdmi matracmi a interi\u00e9rom, kde ka\u017ed\u00fd detail odr\u00e1\u017ea modern\u00fd luxus, je tento penthouse navrhnut\u00fd pre t\u00fdch, ktor\u00ed neo\u010dak\u00e1vaj\u00fa ni\u010d menej ako v\u00fdnimo\u010dnos\u0165.<\/p>\n","protected":false},"excerpt":{"rendered":"<p>Dokonal\u00fd z\u00e1\u017eitok z Villy Lojena. Tento penthouse s p\u00f4sobivou rozlohou 155 m\u00b2 korunuje vilu terasou s rozlohou 80 m\u00b2, ktor\u00e1 pon\u00faka \u00fachvatn\u00fd panoramatick\u00fd v\u00fdh\u013ead na more a nezabudnute\u013en\u00e9 z\u00e1pady slnka. Hlavn\u00e1 sp\u00e1l\u0148a m\u00e1 vlastn\u00fa luxusn\u00fa k\u00fape\u013e\u0148u s v\u00edrivkou a v\u00fdh\u013eadom do z\u00e1hrady, va\u0161e s\u00fakromn\u00e9 \u200b\u200bwellness \u00fato\u010disko. Dve \u010fal\u0161ie sp\u00e1lne, ka\u017ed\u00e1 s vlastnou k\u00fape\u013e\u0148ou a klimatiz\u00e1ciou [&hellip;]<\/p>\n","protected":false},"featured_media":2795,"comment_status":"closed","ping_status":"closed","template":"","meta":{"_acf_changed":false},"product_brand":[],"product_cat":[88],"product_tag":[],"class_list":{"0":"post-1849","1":"product","2":"type-product","3":"status-publish","4":"has-post-thumbnail","6":"product_cat-exkluzivny-trojizbovy-penthouse-s-panoramatickym-vyhladom-na-more","8":"first","9":"instock","10":"shipping-taxable","11":"purchasable","12":"product-type-simple"},"acf":[],"yoast_head":"<!-- This site is optimized with the Yoast SEO plugin v27.2 - https:\/\/yoast.com\/product\/yoast-seo-wordpress\/ -->\n<title>Exkluz\u00edvny trojizbov\u00fd penthouse s panoramatick\u00fdm v\u00fdh\u013eadom na more - Villa Lojena<\/title>\n<meta name=\"robots\" content=\"index, follow, max-snippet:-1, max-image-preview:large, max-video-preview:-1\" \/>\n<link rel=\"canonical\" href=\"https:\/\/lojena.com\/sk\/produkt\/exkluzivny-trojizbovy-penthouse-s-panoramatickym-vyhladom-na-more\/\" \/>\n<meta property=\"og:locale\" content=\"sk_SK\" \/>\n<meta property=\"og:type\" content=\"article\" \/>\n<meta property=\"og:title\" content=\"Exkluz\u00edvny trojizbov\u00fd penthouse s panoramatick\u00fdm v\u00fdh\u013eadom na more - Villa Lojena\" \/>\n<meta property=\"og:description\" content=\"Dokonal\u00fd z\u00e1\u017eitok z Villy Lojena. Tento penthouse s p\u00f4sobivou rozlohou 155 m\u00b2 korunuje vilu terasou s rozlohou 80 m\u00b2, ktor\u00e1 pon\u00faka \u00fachvatn\u00fd panoramatick\u00fd v\u00fdh\u013ead na more a nezabudnute\u013en\u00e9 z\u00e1pady slnka. Hlavn\u00e1 sp\u00e1l\u0148a m\u00e1 vlastn\u00fa luxusn\u00fa k\u00fape\u013e\u0148u s v\u00edrivkou a v\u00fdh\u013eadom do z\u00e1hrady, va\u0161e s\u00fakromn\u00e9 \u200b\u200bwellness \u00fato\u010disko. Dve \u010fal\u0161ie sp\u00e1lne, ka\u017ed\u00e1 s vlastnou k\u00fape\u013e\u0148ou a klimatiz\u00e1ciou [&hellip;]\" \/>\n<meta property=\"og:url\" content=\"https:\/\/lojena.com\/sk\/produkt\/exkluzivny-trojizbovy-penthouse-s-panoramatickym-vyhladom-na-more\/\" \/>\n<meta property=\"og:site_name\" content=\"Villa Lojena\" \/>\n<meta property=\"article:modified_time\" content=\"2026-03-22T09:09:13+00:00\" \/>\n<meta property=\"og:image\" content=\"https:\/\/lojena.com\/wp-content\/uploads\/2026\/02\/8-po-redu-penthouse-1980x1485-1.jpg\" \/>\n\t<meta property=\"og:image:width\" content=\"1980\" \/>\n\t<meta property=\"og:image:height\" content=\"1485\" \/>\n\t<meta property=\"og:image:type\" content=\"image\/jpeg\" \/>\n<meta name=\"twitter:card\" content=\"summary_large_image\" \/>\n<meta name=\"twitter:label1\" content=\"Predpokladan\u00fd \u010das \u010d\u00edtania\" \/>\n\t<meta name=\"twitter:data1\" content=\"1 min\u00fata\" \/>\n<script type=\"application\/ld+json\" class=\"yoast-schema-graph\">{\"@context\":\"https:\/\/schema.org\",\"@graph\":[{\"@type\":\"WebPage\",\"@id\":\"https:\/\/lojena.com\/sk\/produkt\/exkluzivny-trojizbovy-penthouse-s-panoramatickym-vyhladom-na-more\/\",\"url\":\"https:\/\/lojena.com\/sk\/produkt\/exkluzivny-trojizbovy-penthouse-s-panoramatickym-vyhladom-na-more\/\",\"name\":\"Exkluz\u00edvny trojizbov\u00fd penthouse s panoramatick\u00fdm v\u00fdh\u013eadom na more - Villa Lojena\",\"isPartOf\":{\"@id\":\"https:\/\/lojena.com\/#website\"},\"primaryImageOfPage\":{\"@id\":\"https:\/\/lojena.com\/sk\/produkt\/exkluzivny-trojizbovy-penthouse-s-panoramatickym-vyhladom-na-more\/#primaryimage\"},\"image\":{\"@id\":\"https:\/\/lojena.com\/sk\/produkt\/exkluzivny-trojizbovy-penthouse-s-panoramatickym-vyhladom-na-more\/#primaryimage\"},\"thumbnailUrl\":\"https:\/\/lojena.com\/wp-content\/uploads\/2026\/02\/8-po-redu-penthouse-1980x1485-1.jpg\",\"datePublished\":\"2026-02-25T18:06:05+00:00\",\"dateModified\":\"2026-03-22T09:09:13+00:00\",\"breadcrumb\":{\"@id\":\"https:\/\/lojena.com\/sk\/produkt\/exkluzivny-trojizbovy-penthouse-s-panoramatickym-vyhladom-na-more\/#breadcrumb\"},\"inLanguage\":\"sk-SK\",\"potentialAction\":[{\"@type\":\"ReadAction\",\"target\":[\"https:\/\/lojena.com\/sk\/produkt\/exkluzivny-trojizbovy-penthouse-s-panoramatickym-vyhladom-na-more\/\"]}]},{\"@type\":\"ImageObject\",\"inLanguage\":\"sk-SK\",\"@id\":\"https:\/\/lojena.com\/sk\/produkt\/exkluzivny-trojizbovy-penthouse-s-panoramatickym-vyhladom-na-more\/#primaryimage\",\"url\":\"https:\/\/lojena.com\/wp-content\/uploads\/2026\/02\/8-po-redu-penthouse-1980x1485-1.jpg\",\"contentUrl\":\"https:\/\/lojena.com\/wp-content\/uploads\/2026\/02\/8-po-redu-penthouse-1980x1485-1.jpg\",\"width\":1980,\"height\":1485},{\"@type\":\"BreadcrumbList\",\"@id\":\"https:\/\/lojena.com\/sk\/produkt\/exkluzivny-trojizbovy-penthouse-s-panoramatickym-vyhladom-na-more\/#breadcrumb\",\"itemListElement\":[{\"@type\":\"ListItem\",\"position\":1,\"name\":\"Home\",\"item\":\"https:\/\/lojena.com\/sk\/\"},{\"@type\":\"ListItem\",\"position\":2,\"name\":\"Exkluz\u00edvny trojizbov\u00fd penthouse s panoramatick\u00fdm v\u00fdh\u013eadom na more\"}]},{\"@type\":\"WebSite\",\"@id\":\"https:\/\/lojena.com\/#website\",\"url\":\"https:\/\/lojena.com\/\",\"name\":\"Villa Lojena\",\"description\":\"Luxury Studios\",\"potentialAction\":[{\"@type\":\"SearchAction\",\"target\":{\"@type\":\"EntryPoint\",\"urlTemplate\":\"https:\/\/lojena.com\/?s={search_term_string}\"},\"query-input\":{\"@type\":\"PropertyValueSpecification\",\"valueRequired\":true,\"valueName\":\"search_term_string\"}}],\"inLanguage\":\"sk-SK\"}]}<\/script>\n<!-- \/ Yoast SEO plugin. -->","yoast_head_json":{"title":"Exkluz\u00edvny trojizbov\u00fd penthouse s panoramatick\u00fdm v\u00fdh\u013eadom na more - Villa Lojena","robots":{"index":"index","follow":"follow","max-snippet":"max-snippet:-1","max-image-preview":"max-image-preview:large","max-video-preview":"max-video-preview:-1"},"canonical":"https:\/\/lojena.com\/sk\/produkt\/exkluzivny-trojizbovy-penthouse-s-panoramatickym-vyhladom-na-more\/","og_locale":"sk_SK","og_type":"article","og_title":"Exkluz\u00edvny trojizbov\u00fd penthouse s panoramatick\u00fdm v\u00fdh\u013eadom na more - Villa Lojena","og_description":"Dokonal\u00fd z\u00e1\u017eitok z Villy Lojena. Tento penthouse s p\u00f4sobivou rozlohou 155 m\u00b2 korunuje vilu terasou s rozlohou 80 m\u00b2, ktor\u00e1 pon\u00faka \u00fachvatn\u00fd panoramatick\u00fd v\u00fdh\u013ead na more a nezabudnute\u013en\u00e9 z\u00e1pady slnka. Hlavn\u00e1 sp\u00e1l\u0148a m\u00e1 vlastn\u00fa luxusn\u00fa k\u00fape\u013e\u0148u s v\u00edrivkou a v\u00fdh\u013eadom do z\u00e1hrady, va\u0161e s\u00fakromn\u00e9 \u200b\u200bwellness \u00fato\u010disko. Dve \u010fal\u0161ie sp\u00e1lne, ka\u017ed\u00e1 s vlastnou k\u00fape\u013e\u0148ou a klimatiz\u00e1ciou [&hellip;]","og_url":"https:\/\/lojena.com\/sk\/produkt\/exkluzivny-trojizbovy-penthouse-s-panoramatickym-vyhladom-na-more\/","og_site_name":"Villa Lojena","article_modified_time":"2026-03-22T09:09:13+00:00","og_image":[{"width":1980,"height":1485,"url":"https:\/\/lojena.com\/wp-content\/uploads\/2026\/02\/8-po-redu-penthouse-1980x1485-1.jpg","type":"image\/jpeg"}],"twitter_card":"summary_large_image","twitter_misc":{"Predpokladan\u00fd \u010das \u010d\u00edtania":"1 min\u00fata"},"schema":{"@context":"https:\/\/schema.org","@graph":[{"@type":"WebPage","@id":"https:\/\/lojena.com\/sk\/produkt\/exkluzivny-trojizbovy-penthouse-s-panoramatickym-vyhladom-na-more\/","url":"https:\/\/lojena.com\/sk\/produkt\/exkluzivny-trojizbovy-penthouse-s-panoramatickym-vyhladom-na-more\/","name":"Exkluz\u00edvny trojizbov\u00fd penthouse s panoramatick\u00fdm v\u00fdh\u013eadom na more - Villa Lojena","isPartOf":{"@id":"https:\/\/lojena.com\/#website"},"primaryImageOfPage":{"@id":"https:\/\/lojena.com\/sk\/produkt\/exkluzivny-trojizbovy-penthouse-s-panoramatickym-vyhladom-na-more\/#primaryimage"},"image":{"@id":"https:\/\/lojena.com\/sk\/produkt\/exkluzivny-trojizbovy-penthouse-s-panoramatickym-vyhladom-na-more\/#primaryimage"},"thumbnailUrl":"https:\/\/lojena.com\/wp-content\/uploads\/2026\/02\/8-po-redu-penthouse-1980x1485-1.jpg","datePublished":"2026-02-25T18:06:05+00:00","dateModified":"2026-03-22T09:09:13+00:00","breadcrumb":{"@id":"https:\/\/lojena.com\/sk\/produkt\/exkluzivny-trojizbovy-penthouse-s-panoramatickym-vyhladom-na-more\/#breadcrumb"},"inLanguage":"sk-SK","potentialAction":[{"@type":"ReadAction","target":["https:\/\/lojena.com\/sk\/produkt\/exkluzivny-trojizbovy-penthouse-s-panoramatickym-vyhladom-na-more\/"]}]},{"@type":"ImageObject","inLanguage":"sk-SK","@id":"https:\/\/lojena.com\/sk\/produkt\/exkluzivny-trojizbovy-penthouse-s-panoramatickym-vyhladom-na-more\/#primaryimage","url":"https:\/\/lojena.com\/wp-content\/uploads\/2026\/02\/8-po-redu-penthouse-1980x1485-1.jpg","contentUrl":"https:\/\/lojena.com\/wp-content\/uploads\/2026\/02\/8-po-redu-penthouse-1980x1485-1.jpg","width":1980,"height":1485},{"@type":"BreadcrumbList","@id":"https:\/\/lojena.com\/sk\/produkt\/exkluzivny-trojizbovy-penthouse-s-panoramatickym-vyhladom-na-more\/#breadcrumb","itemListElement":[{"@type":"ListItem","position":1,"name":"Home","item":"https:\/\/lojena.com\/sk\/"},{"@type":"ListItem","position":2,"name":"Exkluz\u00edvny trojizbov\u00fd penthouse s panoramatick\u00fdm v\u00fdh\u013eadom na more"}]},{"@type":"WebSite","@id":"https:\/\/lojena.com\/#website","url":"https:\/\/lojena.com\/","name":"Villa Lojena","description":"Luxury Studios","potentialAction":[{"@type":"SearchAction","target":{"@type":"EntryPoint","urlTemplate":"https:\/\/lojena.com\/?s={search_term_string}"},"query-input":{"@type":"PropertyValueSpecification","valueRequired":true,"valueName":"search_term_string"}}],"inLanguage":"sk-SK"}]}},"_links":{"self":[{"href":"https:\/\/lojena.com\/sk\/wp-json\/wp\/v2\/product\/1849","targetHints":{"allow":["GET"]}}],"collection":[{"href":"https:\/\/lojena.com\/sk\/wp-json\/wp\/v2\/product"}],"about":[{"href":"https:\/\/lojena.com\/sk\/wp-json\/wp\/v2\/types\/product"}],"replies":[{"embeddable":true,"href":"https:\/\/lojena.com\/sk\/wp-json\/wp\/v2\/comments?post=1849"}],"wp:featuredmedia":[{"embeddable":true,"href":"https:\/\/lojena.com\/sk\/wp-json\/wp\/v2\/media\/2795"}],"wp:attachment":[{"href":"https:\/\/lojena.com\/sk\/wp-json\/wp\/v2\/media?parent=1849"}],"wp:term":[{"taxonomy":"product_brand","embeddable":true,"href":"https:\/\/lojena.com\/sk\/wp-json\/wp\/v2\/product_brand?post=1849"},{"taxonomy":"product_cat","embeddable":true,"href":"https:\/\/lojena.com\/sk\/wp-json\/wp\/v2\/product_cat?post=1849"},{"taxonomy":"product_tag","embeddable":true,"href":"https:\/\/lojena.com\/sk\/wp-json\/wp\/v2\/product_tag?post=1849"}],"curies":[{"name":"wp","href":"https:\/\/api.w.org\/{rel}","templated":true}]}}