{"id":1827,"date":"2026-02-25T14:46:42","date_gmt":"2026-02-25T14:46:42","guid":{"rendered":"https:\/\/lojena.com\/?post_type=product&#038;p=1827"},"modified":"2026-03-22T09:09:37","modified_gmt":"2026-03-22T09:09:37","slug":"premium-studio-s-vlastnou-vonkajsou-virivkou-id-2","status":"publish","type":"product","link":"https:\/\/lojena.com\/sk\/produkt\/premium-studio-s-vlastnou-vonkajsou-virivkou-id-2\/","title":{"rendered":"Premium \u0161t\u00fadio s vlastnou vonkaj\u0161ou v\u00edrivkou ID 2"},"content":{"rendered":"<p>Ponorte sa do autentickej stredomorskej atmosf\u00e9ry v \u0161t\u00fadiu, ktor\u00e9 kladie d\u00f4raz na \u0161t\u00fdl aj praktickos\u0165. Toto \u00fato\u010disko na pr\u00edzem\u00ed pon\u00faka pr\u00edjemn\u00fa tienen\u00fa terasu s panoramatick\u00fdm v\u00fdh\u013eadom na na\u0161e pokojn\u00e9 olivov\u00e9 h\u00e1je \u2013 idylick\u00e9 miesto na oddych po dni str\u00e1venom na pl\u00e1\u017ei.<\/p>\n<p>Vn\u00fatri premyslen\u00fd dizajn pon\u00faka elegantn\u00fa ob\u00fdvaciu izbu, plne vybaven\u00fa kuchy\u0148u pre va\u0161e kulin\u00e1rske potreby a ve\u013ek\u00fa, \u0161t\u00fdlov\u00fa k\u00fape\u013e\u0148u. Ka\u017ed\u00e1 noc je luxusn\u00fdm z\u00e1\u017eitkom v\u010faka 34 cm hypoalerg\u00e9nnym matracom a klimatizovan\u00e9mu pohodliu, ktor\u00e9 poskytuj\u00fa syst\u00e9my Daikin.<\/p>\n<p>Zosta\u0148te v spojen\u00ed so svetom v\u010faka vysokor\u00fdchlostn\u00e9mu 5G Wi-Fi a Smart TV a z\u00e1rove\u0148 si vychutnajte luxus na\u0161ej bezplatnej slu\u017eby prania a \u017eehlenia. Toto \u0161t\u00fadio je dokonalou zmesou modern\u00e9ho pohodlia a nad\u010dasov\u00e9ho pokoja Stredomoria a pon\u00faka v\u0161etko, \u010do potrebujete pre skuto\u010dne relaxa\u010dn\u00fd pobyt.<\/p>\n","protected":false},"excerpt":{"rendered":"<p>Ponorte sa do autentickej stredomorskej atmosf\u00e9ry v \u0161t\u00fadiu, ktor\u00e9 kladie d\u00f4raz na \u0161t\u00fdl aj praktickos\u0165. Toto \u00fato\u010disko na pr\u00edzem\u00ed pon\u00faka pr\u00edjemn\u00fa tienen\u00fa terasu s panoramatick\u00fdm v\u00fdh\u013eadom na na\u0161e pokojn\u00e9 olivov\u00e9 h\u00e1je \u2013 idylick\u00e9 miesto na oddych po dni str\u00e1venom na pl\u00e1\u017ei. Vn\u00fatri premyslen\u00fd dizajn pon\u00faka elegantn\u00fa ob\u00fdvaciu izbu, plne vybaven\u00fa kuchy\u0148u pre va\u0161e kulin\u00e1rske potreby [&hellip;]<\/p>\n","protected":false},"featured_media":2777,"comment_status":"closed","ping_status":"closed","template":"","meta":{"_acf_changed":false},"product_brand":[],"product_cat":[96],"product_tag":[],"class_list":{"0":"post-1827","1":"product","2":"type-product","3":"status-publish","4":"has-post-thumbnail","6":"product_cat-premium-studio-s-vlastnou-vonkajsou-virivkou","8":"first","9":"instock","10":"shipping-taxable","11":"purchasable","12":"product-type-simple"},"acf":[],"yoast_head":"<!-- This site is optimized with the Yoast SEO plugin v27.2 - https:\/\/yoast.com\/product\/yoast-seo-wordpress\/ -->\n<title>Premium \u0161t\u00fadio s vlastnou vonkaj\u0161ou v\u00edrivkou ID 2 - Villa Lojena<\/title>\n<meta name=\"robots\" content=\"index, follow, max-snippet:-1, max-image-preview:large, max-video-preview:-1\" \/>\n<link rel=\"canonical\" href=\"https:\/\/lojena.com\/sk\/produkt\/premium-studio-s-vlastnou-vonkajsou-virivkou-id-2\/\" \/>\n<meta property=\"og:locale\" content=\"sk_SK\" \/>\n<meta property=\"og:type\" content=\"article\" \/>\n<meta property=\"og:title\" content=\"Premium \u0161t\u00fadio s vlastnou vonkaj\u0161ou v\u00edrivkou ID 2 - Villa Lojena\" \/>\n<meta property=\"og:description\" content=\"Ponorte sa do autentickej stredomorskej atmosf\u00e9ry v \u0161t\u00fadiu, ktor\u00e9 kladie d\u00f4raz na \u0161t\u00fdl aj praktickos\u0165. Toto \u00fato\u010disko na pr\u00edzem\u00ed pon\u00faka pr\u00edjemn\u00fa tienen\u00fa terasu s panoramatick\u00fdm v\u00fdh\u013eadom na na\u0161e pokojn\u00e9 olivov\u00e9 h\u00e1je \u2013 idylick\u00e9 miesto na oddych po dni str\u00e1venom na pl\u00e1\u017ei. Vn\u00fatri premyslen\u00fd dizajn pon\u00faka elegantn\u00fa ob\u00fdvaciu izbu, plne vybaven\u00fa kuchy\u0148u pre va\u0161e kulin\u00e1rske potreby [&hellip;]\" \/>\n<meta property=\"og:url\" content=\"https:\/\/lojena.com\/sk\/produkt\/premium-studio-s-vlastnou-vonkajsou-virivkou-id-2\/\" \/>\n<meta property=\"og:site_name\" content=\"Villa Lojena\" \/>\n<meta property=\"article:modified_time\" content=\"2026-03-22T09:09:37+00:00\" \/>\n<meta property=\"og:image\" content=\"https:\/\/lojena.com\/wp-content\/uploads\/2026\/02\/6-po-redu-1980x1485-1.jpg\" \/>\n\t<meta property=\"og:image:width\" content=\"1980\" \/>\n\t<meta property=\"og:image:height\" content=\"1485\" \/>\n\t<meta property=\"og:image:type\" content=\"image\/jpeg\" \/>\n<meta name=\"twitter:card\" content=\"summary_large_image\" \/>\n<meta name=\"twitter:label1\" content=\"Predpokladan\u00fd \u010das \u010d\u00edtania\" \/>\n\t<meta name=\"twitter:data1\" content=\"1 min\u00fata\" \/>\n<script type=\"application\/ld+json\" class=\"yoast-schema-graph\">{\"@context\":\"https:\/\/schema.org\",\"@graph\":[{\"@type\":\"WebPage\",\"@id\":\"https:\/\/lojena.com\/sk\/produkt\/premium-studio-s-vlastnou-vonkajsou-virivkou-id-2\/\",\"url\":\"https:\/\/lojena.com\/sk\/produkt\/premium-studio-s-vlastnou-vonkajsou-virivkou-id-2\/\",\"name\":\"Premium \u0161t\u00fadio s vlastnou vonkaj\u0161ou v\u00edrivkou ID 2 - Villa Lojena\",\"isPartOf\":{\"@id\":\"https:\/\/lojena.com\/#website\"},\"primaryImageOfPage\":{\"@id\":\"https:\/\/lojena.com\/sk\/produkt\/premium-studio-s-vlastnou-vonkajsou-virivkou-id-2\/#primaryimage\"},\"image\":{\"@id\":\"https:\/\/lojena.com\/sk\/produkt\/premium-studio-s-vlastnou-vonkajsou-virivkou-id-2\/#primaryimage\"},\"thumbnailUrl\":\"https:\/\/lojena.com\/wp-content\/uploads\/2026\/02\/6-po-redu-1980x1485-1.jpg\",\"datePublished\":\"2026-02-25T14:46:42+00:00\",\"dateModified\":\"2026-03-22T09:09:37+00:00\",\"breadcrumb\":{\"@id\":\"https:\/\/lojena.com\/sk\/produkt\/premium-studio-s-vlastnou-vonkajsou-virivkou-id-2\/#breadcrumb\"},\"inLanguage\":\"sk-SK\",\"potentialAction\":[{\"@type\":\"ReadAction\",\"target\":[\"https:\/\/lojena.com\/sk\/produkt\/premium-studio-s-vlastnou-vonkajsou-virivkou-id-2\/\"]}]},{\"@type\":\"ImageObject\",\"inLanguage\":\"sk-SK\",\"@id\":\"https:\/\/lojena.com\/sk\/produkt\/premium-studio-s-vlastnou-vonkajsou-virivkou-id-2\/#primaryimage\",\"url\":\"https:\/\/lojena.com\/wp-content\/uploads\/2026\/02\/6-po-redu-1980x1485-1.jpg\",\"contentUrl\":\"https:\/\/lojena.com\/wp-content\/uploads\/2026\/02\/6-po-redu-1980x1485-1.jpg\",\"width\":1980,\"height\":1485},{\"@type\":\"BreadcrumbList\",\"@id\":\"https:\/\/lojena.com\/sk\/produkt\/premium-studio-s-vlastnou-vonkajsou-virivkou-id-2\/#breadcrumb\",\"itemListElement\":[{\"@type\":\"ListItem\",\"position\":1,\"name\":\"Home\",\"item\":\"https:\/\/lojena.com\/sk\/\"},{\"@type\":\"ListItem\",\"position\":2,\"name\":\"Premium \u0161t\u00fadio s vlastnou vonkaj\u0161ou v\u00edrivkou ID 2\"}]},{\"@type\":\"WebSite\",\"@id\":\"https:\/\/lojena.com\/#website\",\"url\":\"https:\/\/lojena.com\/\",\"name\":\"Villa Lojena\",\"description\":\"Luxury Studios\",\"potentialAction\":[{\"@type\":\"SearchAction\",\"target\":{\"@type\":\"EntryPoint\",\"urlTemplate\":\"https:\/\/lojena.com\/?s={search_term_string}\"},\"query-input\":{\"@type\":\"PropertyValueSpecification\",\"valueRequired\":true,\"valueName\":\"search_term_string\"}}],\"inLanguage\":\"sk-SK\"}]}<\/script>\n<!-- \/ Yoast SEO plugin. -->","yoast_head_json":{"title":"Premium \u0161t\u00fadio s vlastnou vonkaj\u0161ou v\u00edrivkou ID 2 - Villa Lojena","robots":{"index":"index","follow":"follow","max-snippet":"max-snippet:-1","max-image-preview":"max-image-preview:large","max-video-preview":"max-video-preview:-1"},"canonical":"https:\/\/lojena.com\/sk\/produkt\/premium-studio-s-vlastnou-vonkajsou-virivkou-id-2\/","og_locale":"sk_SK","og_type":"article","og_title":"Premium \u0161t\u00fadio s vlastnou vonkaj\u0161ou v\u00edrivkou ID 2 - Villa Lojena","og_description":"Ponorte sa do autentickej stredomorskej atmosf\u00e9ry v \u0161t\u00fadiu, ktor\u00e9 kladie d\u00f4raz na \u0161t\u00fdl aj praktickos\u0165. Toto \u00fato\u010disko na pr\u00edzem\u00ed pon\u00faka pr\u00edjemn\u00fa tienen\u00fa terasu s panoramatick\u00fdm v\u00fdh\u013eadom na na\u0161e pokojn\u00e9 olivov\u00e9 h\u00e1je \u2013 idylick\u00e9 miesto na oddych po dni str\u00e1venom na pl\u00e1\u017ei. Vn\u00fatri premyslen\u00fd dizajn pon\u00faka elegantn\u00fa ob\u00fdvaciu izbu, plne vybaven\u00fa kuchy\u0148u pre va\u0161e kulin\u00e1rske potreby [&hellip;]","og_url":"https:\/\/lojena.com\/sk\/produkt\/premium-studio-s-vlastnou-vonkajsou-virivkou-id-2\/","og_site_name":"Villa Lojena","article_modified_time":"2026-03-22T09:09:37+00:00","og_image":[{"width":1980,"height":1485,"url":"https:\/\/lojena.com\/wp-content\/uploads\/2026\/02\/6-po-redu-1980x1485-1.jpg","type":"image\/jpeg"}],"twitter_card":"summary_large_image","twitter_misc":{"Predpokladan\u00fd \u010das \u010d\u00edtania":"1 min\u00fata"},"schema":{"@context":"https:\/\/schema.org","@graph":[{"@type":"WebPage","@id":"https:\/\/lojena.com\/sk\/produkt\/premium-studio-s-vlastnou-vonkajsou-virivkou-id-2\/","url":"https:\/\/lojena.com\/sk\/produkt\/premium-studio-s-vlastnou-vonkajsou-virivkou-id-2\/","name":"Premium \u0161t\u00fadio s vlastnou vonkaj\u0161ou v\u00edrivkou ID 2 - Villa Lojena","isPartOf":{"@id":"https:\/\/lojena.com\/#website"},"primaryImageOfPage":{"@id":"https:\/\/lojena.com\/sk\/produkt\/premium-studio-s-vlastnou-vonkajsou-virivkou-id-2\/#primaryimage"},"image":{"@id":"https:\/\/lojena.com\/sk\/produkt\/premium-studio-s-vlastnou-vonkajsou-virivkou-id-2\/#primaryimage"},"thumbnailUrl":"https:\/\/lojena.com\/wp-content\/uploads\/2026\/02\/6-po-redu-1980x1485-1.jpg","datePublished":"2026-02-25T14:46:42+00:00","dateModified":"2026-03-22T09:09:37+00:00","breadcrumb":{"@id":"https:\/\/lojena.com\/sk\/produkt\/premium-studio-s-vlastnou-vonkajsou-virivkou-id-2\/#breadcrumb"},"inLanguage":"sk-SK","potentialAction":[{"@type":"ReadAction","target":["https:\/\/lojena.com\/sk\/produkt\/premium-studio-s-vlastnou-vonkajsou-virivkou-id-2\/"]}]},{"@type":"ImageObject","inLanguage":"sk-SK","@id":"https:\/\/lojena.com\/sk\/produkt\/premium-studio-s-vlastnou-vonkajsou-virivkou-id-2\/#primaryimage","url":"https:\/\/lojena.com\/wp-content\/uploads\/2026\/02\/6-po-redu-1980x1485-1.jpg","contentUrl":"https:\/\/lojena.com\/wp-content\/uploads\/2026\/02\/6-po-redu-1980x1485-1.jpg","width":1980,"height":1485},{"@type":"BreadcrumbList","@id":"https:\/\/lojena.com\/sk\/produkt\/premium-studio-s-vlastnou-vonkajsou-virivkou-id-2\/#breadcrumb","itemListElement":[{"@type":"ListItem","position":1,"name":"Home","item":"https:\/\/lojena.com\/sk\/"},{"@type":"ListItem","position":2,"name":"Premium \u0161t\u00fadio s vlastnou vonkaj\u0161ou v\u00edrivkou ID 2"}]},{"@type":"WebSite","@id":"https:\/\/lojena.com\/#website","url":"https:\/\/lojena.com\/","name":"Villa Lojena","description":"Luxury Studios","potentialAction":[{"@type":"SearchAction","target":{"@type":"EntryPoint","urlTemplate":"https:\/\/lojena.com\/?s={search_term_string}"},"query-input":{"@type":"PropertyValueSpecification","valueRequired":true,"valueName":"search_term_string"}}],"inLanguage":"sk-SK"}]}},"_links":{"self":[{"href":"https:\/\/lojena.com\/sk\/wp-json\/wp\/v2\/product\/1827","targetHints":{"allow":["GET"]}}],"collection":[{"href":"https:\/\/lojena.com\/sk\/wp-json\/wp\/v2\/product"}],"about":[{"href":"https:\/\/lojena.com\/sk\/wp-json\/wp\/v2\/types\/product"}],"replies":[{"embeddable":true,"href":"https:\/\/lojena.com\/sk\/wp-json\/wp\/v2\/comments?post=1827"}],"wp:featuredmedia":[{"embeddable":true,"href":"https:\/\/lojena.com\/sk\/wp-json\/wp\/v2\/media\/2777"}],"wp:attachment":[{"href":"https:\/\/lojena.com\/sk\/wp-json\/wp\/v2\/media?parent=1827"}],"wp:term":[{"taxonomy":"product_brand","embeddable":true,"href":"https:\/\/lojena.com\/sk\/wp-json\/wp\/v2\/product_brand?post=1827"},{"taxonomy":"product_cat","embeddable":true,"href":"https:\/\/lojena.com\/sk\/wp-json\/wp\/v2\/product_cat?post=1827"},{"taxonomy":"product_tag","embeddable":true,"href":"https:\/\/lojena.com\/sk\/wp-json\/wp\/v2\/product_tag?post=1827"}],"curies":[{"name":"wp","href":"https:\/\/api.w.org\/{rel}","templated":true}]}}