{"id":1176,"date":"2026-02-25T12:27:41","date_gmt":"2026-02-25T12:27:41","guid":{"rendered":"https:\/\/lojena.com\/?post_type=product&#038;p=1176"},"modified":"2026-03-22T09:09:58","modified_gmt":"2026-03-22T09:09:58","slug":"premium-studio-s-vyhladom-na-more-id-1","status":"publish","type":"product","link":"https:\/\/lojena.com\/sk\/produkt\/premium-studio-s-vyhladom-na-more-id-1\/","title":{"rendered":"Premium \u0161t\u00fadio s v\u00fdh\u013eadom na more ID 1"},"content":{"rendered":"<p>Vst\u00fapte do svojho s\u00fakromn\u00e9ho \u00fato\u010diska na pr\u00edzem\u00ed Vily Lojena. Toto elegantne zariaden\u00e9 \u0161t\u00fadio pon\u00faka priestrann\u00fa 40 m\u00b2 tienen\u00fa terasu s v\u00fdh\u013eadom na st\u00e1ro\u010dn\u00e9 olivov\u00e9 h\u00e1je, ide\u00e1lne miesto na rann\u00fa k\u00e1vu, opa\u013eovanie alebo jednoducho pokojn\u00fd oddych.<\/p>\n<p>Vrcholom? Va\u0161a vlastn\u00e1 s\u00fakromn\u00e1 v\u00edrivka s rozmermi 2&#215;2 m na terase, ktor\u00e1 pon\u00faka luxusn\u00fd relax v \u00faplnom s\u00fakrom\u00ed.<\/p>\n<p>Vn\u00fatri n\u00e1jdete modern\u00fd a \u0161t\u00fdlovo zariaden\u00fd interi\u00e9r s plne vybavenou kuchy\u0148ou, ve\u013ekou modernou k\u00fape\u013e\u0148ou, pr\u00e9miov\u00fdmi 34 cm antialergick\u00fdmi matracmi pre najhlb\u0161\u00ed sp\u00e1nok a klimatiz\u00e1ciou Daikin pre celoro\u010dn\u00e9 pohodlie.<\/p>\n<p>Zosta\u0148te v spojen\u00ed so Smart TV a vysokor\u00fdchlostn\u00fdm 5G internetom a vychutnajte si bezplatn\u00fa slu\u017ebu prania a \u017eehlenia pre skuto\u010dne bezstarostn\u00fd pobyt. Toto \u0161t\u00fadio, obklopen\u00e9 olivov\u00fdmi h\u00e1jmi a stredomorsk\u00fdm pokojom, je dokonal\u00fdm romantick\u00fdm \u00fanikom.<\/p>\n<p>V\u0161etk\u00fdm hos\u0165om je k dispoz\u00edcii spolo\u010dn\u00fd v\u00fdrobn\u00edk \u013eadu, preto\u017ee ka\u017ed\u00fd n\u00e1poj si zasl\u00fa\u017ei by\u0165 dokonale vychladen\u00fd. \u200b\u200bV cene je zahrnut\u00e1 aj bezplatn\u00e1 slu\u017eba prania a \u017eehlenia, tak\u017ee si m\u00f4\u017eete zbali\u0165 na\u013eahko a u\u017ei\u0165 si \u00faplne bezstarostn\u00fd pobyt.<\/p>\n","protected":false},"excerpt":{"rendered":"<p>Vst\u00fapte do svojho s\u00fakromn\u00e9ho \u00fato\u010diska na pr\u00edzem\u00ed Vily Lojena. Toto elegantne zariaden\u00e9 \u0161t\u00fadio pon\u00faka priestrann\u00fa 40 m\u00b2 tienen\u00fa terasu s v\u00fdh\u013eadom na st\u00e1ro\u010dn\u00e9 olivov\u00e9 h\u00e1je, ide\u00e1lne miesto na rann\u00fa k\u00e1vu, opa\u013eovanie alebo jednoducho pokojn\u00fd oddych. Vrcholom? Va\u0161a vlastn\u00e1 s\u00fakromn\u00e1 v\u00edrivka s rozmermi 2&#215;2 m na terase, ktor\u00e1 pon\u00faka luxusn\u00fd relax v \u00faplnom s\u00fakrom\u00ed. Vn\u00fatri n\u00e1jdete [&hellip;]<\/p>\n","protected":false},"featured_media":1216,"comment_status":"closed","ping_status":"closed","template":"","meta":{"_acf_changed":false},"product_brand":[],"product_cat":[104],"product_tag":[],"class_list":{"0":"post-1176","1":"product","2":"type-product","3":"status-publish","4":"has-post-thumbnail","6":"product_cat-premium-studio-s-vyhladom-na-more","8":"first","9":"instock","10":"shipping-taxable","11":"purchasable","12":"product-type-simple"},"acf":[],"yoast_head":"<!-- This site is optimized with the Yoast SEO plugin v27.2 - https:\/\/yoast.com\/product\/yoast-seo-wordpress\/ -->\n<title>Premium \u0161t\u00fadio s v\u00fdh\u013eadom na more ID 1 - Villa Lojena<\/title>\n<meta name=\"robots\" content=\"index, follow, max-snippet:-1, max-image-preview:large, max-video-preview:-1\" \/>\n<link rel=\"canonical\" href=\"https:\/\/lojena.com\/sk\/produkt\/premium-studio-s-vyhladom-na-more-id-1\/\" \/>\n<meta property=\"og:locale\" content=\"sk_SK\" \/>\n<meta property=\"og:type\" content=\"article\" \/>\n<meta property=\"og:title\" content=\"Premium \u0161t\u00fadio s v\u00fdh\u013eadom na more ID 1 - Villa Lojena\" \/>\n<meta property=\"og:description\" content=\"Vst\u00fapte do svojho s\u00fakromn\u00e9ho \u00fato\u010diska na pr\u00edzem\u00ed Vily Lojena. Toto elegantne zariaden\u00e9 \u0161t\u00fadio pon\u00faka priestrann\u00fa 40 m\u00b2 tienen\u00fa terasu s v\u00fdh\u013eadom na st\u00e1ro\u010dn\u00e9 olivov\u00e9 h\u00e1je, ide\u00e1lne miesto na rann\u00fa k\u00e1vu, opa\u013eovanie alebo jednoducho pokojn\u00fd oddych. Vrcholom? Va\u0161a vlastn\u00e1 s\u00fakromn\u00e1 v\u00edrivka s rozmermi 2&#215;2 m na terase, ktor\u00e1 pon\u00faka luxusn\u00fd relax v \u00faplnom s\u00fakrom\u00ed. Vn\u00fatri n\u00e1jdete [&hellip;]\" \/>\n<meta property=\"og:url\" content=\"https:\/\/lojena.com\/sk\/produkt\/premium-studio-s-vyhladom-na-more-id-1\/\" \/>\n<meta property=\"og:site_name\" content=\"Villa Lojena\" \/>\n<meta property=\"article:modified_time\" content=\"2026-03-22T09:09:58+00:00\" \/>\n<meta property=\"og:image\" content=\"https:\/\/lojena.com\/wp-content\/uploads\/2026\/02\/5-i-6-app.jpeg\" \/>\n\t<meta property=\"og:image:width\" content=\"1980\" \/>\n\t<meta property=\"og:image:height\" content=\"1485\" \/>\n\t<meta property=\"og:image:type\" content=\"image\/jpeg\" \/>\n<meta name=\"twitter:card\" content=\"summary_large_image\" \/>\n<meta name=\"twitter:label1\" content=\"Predpokladan\u00fd \u010das \u010d\u00edtania\" \/>\n\t<meta name=\"twitter:data1\" content=\"1 min\u00fata\" \/>\n<script type=\"application\/ld+json\" class=\"yoast-schema-graph\">{\"@context\":\"https:\/\/schema.org\",\"@graph\":[{\"@type\":\"WebPage\",\"@id\":\"https:\/\/lojena.com\/sk\/produkt\/premium-studio-s-vyhladom-na-more-id-1\/\",\"url\":\"https:\/\/lojena.com\/sk\/produkt\/premium-studio-s-vyhladom-na-more-id-1\/\",\"name\":\"Premium \u0161t\u00fadio s v\u00fdh\u013eadom na more ID 1 - Villa Lojena\",\"isPartOf\":{\"@id\":\"https:\/\/lojena.com\/#website\"},\"primaryImageOfPage\":{\"@id\":\"https:\/\/lojena.com\/sk\/produkt\/premium-studio-s-vyhladom-na-more-id-1\/#primaryimage\"},\"image\":{\"@id\":\"https:\/\/lojena.com\/sk\/produkt\/premium-studio-s-vyhladom-na-more-id-1\/#primaryimage\"},\"thumbnailUrl\":\"https:\/\/lojena.com\/wp-content\/uploads\/2026\/02\/5-i-6-app.jpeg\",\"datePublished\":\"2026-02-25T12:27:41+00:00\",\"dateModified\":\"2026-03-22T09:09:58+00:00\",\"breadcrumb\":{\"@id\":\"https:\/\/lojena.com\/sk\/produkt\/premium-studio-s-vyhladom-na-more-id-1\/#breadcrumb\"},\"inLanguage\":\"sk-SK\",\"potentialAction\":[{\"@type\":\"ReadAction\",\"target\":[\"https:\/\/lojena.com\/sk\/produkt\/premium-studio-s-vyhladom-na-more-id-1\/\"]}]},{\"@type\":\"ImageObject\",\"inLanguage\":\"sk-SK\",\"@id\":\"https:\/\/lojena.com\/sk\/produkt\/premium-studio-s-vyhladom-na-more-id-1\/#primaryimage\",\"url\":\"https:\/\/lojena.com\/wp-content\/uploads\/2026\/02\/5-i-6-app.jpeg\",\"contentUrl\":\"https:\/\/lojena.com\/wp-content\/uploads\/2026\/02\/5-i-6-app.jpeg\",\"width\":1980,\"height\":1485,\"caption\":\"View of the pool from the apartment terrace\"},{\"@type\":\"BreadcrumbList\",\"@id\":\"https:\/\/lojena.com\/sk\/produkt\/premium-studio-s-vyhladom-na-more-id-1\/#breadcrumb\",\"itemListElement\":[{\"@type\":\"ListItem\",\"position\":1,\"name\":\"Home\",\"item\":\"https:\/\/lojena.com\/sk\/\"},{\"@type\":\"ListItem\",\"position\":2,\"name\":\"Premium \u0161t\u00fadio s v\u00fdh\u013eadom na more ID 1\"}]},{\"@type\":\"WebSite\",\"@id\":\"https:\/\/lojena.com\/#website\",\"url\":\"https:\/\/lojena.com\/\",\"name\":\"Villa Lojena\",\"description\":\"Luxury Studios\",\"potentialAction\":[{\"@type\":\"SearchAction\",\"target\":{\"@type\":\"EntryPoint\",\"urlTemplate\":\"https:\/\/lojena.com\/?s={search_term_string}\"},\"query-input\":{\"@type\":\"PropertyValueSpecification\",\"valueRequired\":true,\"valueName\":\"search_term_string\"}}],\"inLanguage\":\"sk-SK\"}]}<\/script>\n<!-- \/ Yoast SEO plugin. -->","yoast_head_json":{"title":"Premium \u0161t\u00fadio s v\u00fdh\u013eadom na more ID 1 - Villa Lojena","robots":{"index":"index","follow":"follow","max-snippet":"max-snippet:-1","max-image-preview":"max-image-preview:large","max-video-preview":"max-video-preview:-1"},"canonical":"https:\/\/lojena.com\/sk\/produkt\/premium-studio-s-vyhladom-na-more-id-1\/","og_locale":"sk_SK","og_type":"article","og_title":"Premium \u0161t\u00fadio s v\u00fdh\u013eadom na more ID 1 - Villa Lojena","og_description":"Vst\u00fapte do svojho s\u00fakromn\u00e9ho \u00fato\u010diska na pr\u00edzem\u00ed Vily Lojena. Toto elegantne zariaden\u00e9 \u0161t\u00fadio pon\u00faka priestrann\u00fa 40 m\u00b2 tienen\u00fa terasu s v\u00fdh\u013eadom na st\u00e1ro\u010dn\u00e9 olivov\u00e9 h\u00e1je, ide\u00e1lne miesto na rann\u00fa k\u00e1vu, opa\u013eovanie alebo jednoducho pokojn\u00fd oddych. Vrcholom? Va\u0161a vlastn\u00e1 s\u00fakromn\u00e1 v\u00edrivka s rozmermi 2&#215;2 m na terase, ktor\u00e1 pon\u00faka luxusn\u00fd relax v \u00faplnom s\u00fakrom\u00ed. Vn\u00fatri n\u00e1jdete [&hellip;]","og_url":"https:\/\/lojena.com\/sk\/produkt\/premium-studio-s-vyhladom-na-more-id-1\/","og_site_name":"Villa Lojena","article_modified_time":"2026-03-22T09:09:58+00:00","og_image":[{"width":1980,"height":1485,"url":"https:\/\/lojena.com\/wp-content\/uploads\/2026\/02\/5-i-6-app.jpeg","type":"image\/jpeg"}],"twitter_card":"summary_large_image","twitter_misc":{"Predpokladan\u00fd \u010das \u010d\u00edtania":"1 min\u00fata"},"schema":{"@context":"https:\/\/schema.org","@graph":[{"@type":"WebPage","@id":"https:\/\/lojena.com\/sk\/produkt\/premium-studio-s-vyhladom-na-more-id-1\/","url":"https:\/\/lojena.com\/sk\/produkt\/premium-studio-s-vyhladom-na-more-id-1\/","name":"Premium \u0161t\u00fadio s v\u00fdh\u013eadom na more ID 1 - Villa Lojena","isPartOf":{"@id":"https:\/\/lojena.com\/#website"},"primaryImageOfPage":{"@id":"https:\/\/lojena.com\/sk\/produkt\/premium-studio-s-vyhladom-na-more-id-1\/#primaryimage"},"image":{"@id":"https:\/\/lojena.com\/sk\/produkt\/premium-studio-s-vyhladom-na-more-id-1\/#primaryimage"},"thumbnailUrl":"https:\/\/lojena.com\/wp-content\/uploads\/2026\/02\/5-i-6-app.jpeg","datePublished":"2026-02-25T12:27:41+00:00","dateModified":"2026-03-22T09:09:58+00:00","breadcrumb":{"@id":"https:\/\/lojena.com\/sk\/produkt\/premium-studio-s-vyhladom-na-more-id-1\/#breadcrumb"},"inLanguage":"sk-SK","potentialAction":[{"@type":"ReadAction","target":["https:\/\/lojena.com\/sk\/produkt\/premium-studio-s-vyhladom-na-more-id-1\/"]}]},{"@type":"ImageObject","inLanguage":"sk-SK","@id":"https:\/\/lojena.com\/sk\/produkt\/premium-studio-s-vyhladom-na-more-id-1\/#primaryimage","url":"https:\/\/lojena.com\/wp-content\/uploads\/2026\/02\/5-i-6-app.jpeg","contentUrl":"https:\/\/lojena.com\/wp-content\/uploads\/2026\/02\/5-i-6-app.jpeg","width":1980,"height":1485,"caption":"View of the pool from the apartment terrace"},{"@type":"BreadcrumbList","@id":"https:\/\/lojena.com\/sk\/produkt\/premium-studio-s-vyhladom-na-more-id-1\/#breadcrumb","itemListElement":[{"@type":"ListItem","position":1,"name":"Home","item":"https:\/\/lojena.com\/sk\/"},{"@type":"ListItem","position":2,"name":"Premium \u0161t\u00fadio s v\u00fdh\u013eadom na more ID 1"}]},{"@type":"WebSite","@id":"https:\/\/lojena.com\/#website","url":"https:\/\/lojena.com\/","name":"Villa Lojena","description":"Luxury Studios","potentialAction":[{"@type":"SearchAction","target":{"@type":"EntryPoint","urlTemplate":"https:\/\/lojena.com\/?s={search_term_string}"},"query-input":{"@type":"PropertyValueSpecification","valueRequired":true,"valueName":"search_term_string"}}],"inLanguage":"sk-SK"}]}},"_links":{"self":[{"href":"https:\/\/lojena.com\/sk\/wp-json\/wp\/v2\/product\/1176","targetHints":{"allow":["GET"]}}],"collection":[{"href":"https:\/\/lojena.com\/sk\/wp-json\/wp\/v2\/product"}],"about":[{"href":"https:\/\/lojena.com\/sk\/wp-json\/wp\/v2\/types\/product"}],"replies":[{"embeddable":true,"href":"https:\/\/lojena.com\/sk\/wp-json\/wp\/v2\/comments?post=1176"}],"wp:featuredmedia":[{"embeddable":true,"href":"https:\/\/lojena.com\/sk\/wp-json\/wp\/v2\/media\/1216"}],"wp:attachment":[{"href":"https:\/\/lojena.com\/sk\/wp-json\/wp\/v2\/media?parent=1176"}],"wp:term":[{"taxonomy":"product_brand","embeddable":true,"href":"https:\/\/lojena.com\/sk\/wp-json\/wp\/v2\/product_brand?post=1176"},{"taxonomy":"product_cat","embeddable":true,"href":"https:\/\/lojena.com\/sk\/wp-json\/wp\/v2\/product_cat?post=1176"},{"taxonomy":"product_tag","embeddable":true,"href":"https:\/\/lojena.com\/sk\/wp-json\/wp\/v2\/product_tag?post=1176"}],"curies":[{"name":"wp","href":"https:\/\/api.w.org\/{rel}","templated":true}]}}