{"id":1038,"date":"2026-02-17T15:03:08","date_gmt":"2026-02-17T15:03:08","guid":{"rendered":"https:\/\/lojena.com\/?post_type=product&#038;p=1038"},"modified":"2026-03-22T09:10:15","modified_gmt":"2026-03-22T09:10:15","slug":"superior-studio-s-vyhladom-do-zahrady-id-1","status":"publish","type":"product","link":"https:\/\/lojena.com\/sk\/produkt\/superior-studio-s-vyhladom-do-zahrady-id-1\/","title":{"rendered":"Superior \u0161t\u00fadio s v\u00fdh\u013eadom do z\u00e1hrady ID 1"},"content":{"rendered":"<p>Prebu\u010fte sa s \u00fa\u017easn\u00fdm v\u00fdh\u013eadom na more, baz\u00e9n a okolit\u00e9 olivov\u00e9 h\u00e1je. Tieto kr\u00e1sne zariaden\u00e9 \u0161t\u00fadi\u00e1 maj\u00fa tienen\u00fa terasu, ktor\u00e1 lemuje panoramatick\u00fa stredomorsk\u00fa scen\u00e9riu, ide\u00e1lnu na pop\u00edjanie rannej k\u00e1vy alebo zdie\u013eanie romantick\u00e9ho z\u00e1padu slnka.<\/p>\n<p>Elegantn\u00fd a modern\u00fd interi\u00e9r pon\u00faka plne vybaven\u00fa kuchy\u0148u, priestrann\u00fa modern\u00fa k\u00fape\u013e\u0148u, pr\u00e9miov\u00e9 34 cm antialergick\u00e9 matrace a klimatiz\u00e1ciu Daikin pre dokonal\u00e9 pohodlie.<\/p>\n<p>\u010eal\u0161ia detsk\u00e1 postie\u013eka rob\u00ed z t\u00fdchto \u0161t\u00fadi\u00ed skvel\u00fa vo\u013ebu aj pre mal\u00fa rodinn\u00fa dovolenku.<\/p>\n<p>So Smart TV, vysokor\u00fdchlostn\u00fdm 5G internetom, bezplatnou pr\u00e1\u010dov\u0148ou a spolo\u010dn\u00fdm v\u00fdrobn\u00edkom \u013eadu na osvie\u017euj\u00face n\u00e1poje bol zv\u00e1\u017een\u00fd ka\u017ed\u00fd detail.<\/p>\n<p>Obklopen\u00e9 st\u00e1ro\u010dn\u00fdmi olivov\u00fdmi h\u00e1jmi v \u00faplnom pokoji, toto je miesto, kde sa stredomorsk\u00e9 \u010daro stret\u00e1va s modern\u00fdm luxusom.<\/p>\n","protected":false},"excerpt":{"rendered":"<p>Prebu\u010fte sa s \u00fa\u017easn\u00fdm v\u00fdh\u013eadom na more, baz\u00e9n a okolit\u00e9 olivov\u00e9 h\u00e1je. Tieto kr\u00e1sne zariaden\u00e9 \u0161t\u00fadi\u00e1 maj\u00fa tienen\u00fa terasu, ktor\u00e1 lemuje panoramatick\u00fa stredomorsk\u00fa scen\u00e9riu, ide\u00e1lnu na pop\u00edjanie rannej k\u00e1vy alebo zdie\u013eanie romantick\u00e9ho z\u00e1padu slnka. Elegantn\u00fd a modern\u00fd interi\u00e9r pon\u00faka plne vybaven\u00fa kuchy\u0148u, priestrann\u00fa modern\u00fa k\u00fape\u013e\u0148u, pr\u00e9miov\u00e9 34 cm antialergick\u00e9 matrace a klimatiz\u00e1ciu Daikin pre dokonal\u00e9 [&hellip;]<\/p>\n","protected":false},"featured_media":1074,"comment_status":"closed","ping_status":"closed","template":"","meta":{"_acf_changed":false},"product_brand":[],"product_cat":[112],"product_tag":[],"class_list":{"0":"post-1038","1":"product","2":"type-product","3":"status-publish","4":"has-post-thumbnail","6":"product_cat-superior-studio-s-vyhladom-do-zahrady","8":"first","9":"instock","10":"shipping-taxable","11":"purchasable","12":"product-type-simple"},"acf":[],"yoast_head":"<!-- This site is optimized with the Yoast SEO plugin v27.2 - https:\/\/yoast.com\/product\/yoast-seo-wordpress\/ -->\n<title>Superior \u0161t\u00fadio s v\u00fdh\u013eadom do z\u00e1hrady ID 1 - Villa Lojena<\/title>\n<meta name=\"robots\" content=\"index, follow, max-snippet:-1, max-image-preview:large, max-video-preview:-1\" \/>\n<link rel=\"canonical\" href=\"https:\/\/lojena.com\/product\/luxury-studio-near-the-beach-id-111-4\/\" \/>\n<meta property=\"og:locale\" content=\"sk_SK\" \/>\n<meta property=\"og:type\" content=\"article\" \/>\n<meta property=\"og:title\" content=\"Superior \u0161t\u00fadio s v\u00fdh\u013eadom do z\u00e1hrady ID 1 - Villa Lojena\" \/>\n<meta property=\"og:description\" content=\"Prebu\u010fte sa s \u00fa\u017easn\u00fdm v\u00fdh\u013eadom na more, baz\u00e9n a okolit\u00e9 olivov\u00e9 h\u00e1je. Tieto kr\u00e1sne zariaden\u00e9 \u0161t\u00fadi\u00e1 maj\u00fa tienen\u00fa terasu, ktor\u00e1 lemuje panoramatick\u00fa stredomorsk\u00fa scen\u00e9riu, ide\u00e1lnu na pop\u00edjanie rannej k\u00e1vy alebo zdie\u013eanie romantick\u00e9ho z\u00e1padu slnka. Elegantn\u00fd a modern\u00fd interi\u00e9r pon\u00faka plne vybaven\u00fa kuchy\u0148u, priestrann\u00fa modern\u00fa k\u00fape\u013e\u0148u, pr\u00e9miov\u00e9 34 cm antialergick\u00e9 matrace a klimatiz\u00e1ciu Daikin pre dokonal\u00e9 [&hellip;]\" \/>\n<meta property=\"og:url\" content=\"https:\/\/lojena.com\/product\/luxury-studio-near-the-beach-id-111-4\/\" \/>\n<meta property=\"og:site_name\" content=\"Villa Lojena\" \/>\n<meta property=\"article:modified_time\" content=\"2026-03-22T09:10:15+00:00\" \/>\n<meta property=\"og:image\" content=\"https:\/\/lojena.com\/wp-content\/uploads\/2026\/02\/apar-3-i-4.jpeg\" \/>\n\t<meta property=\"og:image:width\" content=\"1980\" \/>\n\t<meta property=\"og:image:height\" content=\"1485\" \/>\n\t<meta property=\"og:image:type\" content=\"image\/jpeg\" \/>\n<meta name=\"twitter:card\" content=\"summary_large_image\" \/>\n<meta name=\"twitter:label1\" content=\"Predpokladan\u00fd \u010das \u010d\u00edtania\" \/>\n\t<meta name=\"twitter:data1\" content=\"1 min\u00fata\" \/>\n<script type=\"application\/ld+json\" class=\"yoast-schema-graph\">{\"@context\":\"https:\/\/schema.org\",\"@graph\":[{\"@type\":\"WebPage\",\"@id\":\"https:\/\/lojena.com\/product\/luxury-studio-near-the-beach-id-111-4\/\",\"url\":\"https:\/\/lojena.com\/product\/luxury-studio-near-the-beach-id-111-4\/\",\"name\":\"Superior \u0161t\u00fadio s v\u00fdh\u013eadom do z\u00e1hrady ID 1 - Villa Lojena\",\"isPartOf\":{\"@id\":\"https:\/\/lojena.com\/#website\"},\"primaryImageOfPage\":{\"@id\":\"https:\/\/lojena.com\/product\/luxury-studio-near-the-beach-id-111-4\/#primaryimage\"},\"image\":{\"@id\":\"https:\/\/lojena.com\/product\/luxury-studio-near-the-beach-id-111-4\/#primaryimage\"},\"thumbnailUrl\":\"https:\/\/lojena.com\/wp-content\/uploads\/2026\/02\/apar-3-i-4.jpeg\",\"datePublished\":\"2026-02-17T15:03:08+00:00\",\"dateModified\":\"2026-03-22T09:10:15+00:00\",\"breadcrumb\":{\"@id\":\"https:\/\/lojena.com\/product\/luxury-studio-near-the-beach-id-111-4\/#breadcrumb\"},\"inLanguage\":\"sk-SK\",\"potentialAction\":[{\"@type\":\"ReadAction\",\"target\":[\"https:\/\/lojena.com\/product\/luxury-studio-near-the-beach-id-111-4\/\"]}]},{\"@type\":\"ImageObject\",\"inLanguage\":\"sk-SK\",\"@id\":\"https:\/\/lojena.com\/product\/luxury-studio-near-the-beach-id-111-4\/#primaryimage\",\"url\":\"https:\/\/lojena.com\/wp-content\/uploads\/2026\/02\/apar-3-i-4.jpeg\",\"contentUrl\":\"https:\/\/lojena.com\/wp-content\/uploads\/2026\/02\/apar-3-i-4.jpeg\",\"width\":1980,\"height\":1485,\"caption\":\"View of the lush forest from terrace lounge\"},{\"@type\":\"BreadcrumbList\",\"@id\":\"https:\/\/lojena.com\/product\/luxury-studio-near-the-beach-id-111-4\/#breadcrumb\",\"itemListElement\":[{\"@type\":\"ListItem\",\"position\":1,\"name\":\"Home\",\"item\":\"https:\/\/lojena.com\/sk\/\"},{\"@type\":\"ListItem\",\"position\":2,\"name\":\"Superior \u0161t\u00fadio s v\u00fdh\u013eadom do z\u00e1hrady ID 1\"}]},{\"@type\":\"WebSite\",\"@id\":\"https:\/\/lojena.com\/#website\",\"url\":\"https:\/\/lojena.com\/\",\"name\":\"Villa Lojena\",\"description\":\"Luxury Studios\",\"potentialAction\":[{\"@type\":\"SearchAction\",\"target\":{\"@type\":\"EntryPoint\",\"urlTemplate\":\"https:\/\/lojena.com\/?s={search_term_string}\"},\"query-input\":{\"@type\":\"PropertyValueSpecification\",\"valueRequired\":true,\"valueName\":\"search_term_string\"}}],\"inLanguage\":\"sk-SK\"}]}<\/script>\n<!-- \/ Yoast SEO plugin. -->","yoast_head_json":{"title":"Superior \u0161t\u00fadio s v\u00fdh\u013eadom do z\u00e1hrady ID 1 - Villa Lojena","robots":{"index":"index","follow":"follow","max-snippet":"max-snippet:-1","max-image-preview":"max-image-preview:large","max-video-preview":"max-video-preview:-1"},"canonical":"https:\/\/lojena.com\/product\/luxury-studio-near-the-beach-id-111-4\/","og_locale":"sk_SK","og_type":"article","og_title":"Superior \u0161t\u00fadio s v\u00fdh\u013eadom do z\u00e1hrady ID 1 - Villa Lojena","og_description":"Prebu\u010fte sa s \u00fa\u017easn\u00fdm v\u00fdh\u013eadom na more, baz\u00e9n a okolit\u00e9 olivov\u00e9 h\u00e1je. Tieto kr\u00e1sne zariaden\u00e9 \u0161t\u00fadi\u00e1 maj\u00fa tienen\u00fa terasu, ktor\u00e1 lemuje panoramatick\u00fa stredomorsk\u00fa scen\u00e9riu, ide\u00e1lnu na pop\u00edjanie rannej k\u00e1vy alebo zdie\u013eanie romantick\u00e9ho z\u00e1padu slnka. Elegantn\u00fd a modern\u00fd interi\u00e9r pon\u00faka plne vybaven\u00fa kuchy\u0148u, priestrann\u00fa modern\u00fa k\u00fape\u013e\u0148u, pr\u00e9miov\u00e9 34 cm antialergick\u00e9 matrace a klimatiz\u00e1ciu Daikin pre dokonal\u00e9 [&hellip;]","og_url":"https:\/\/lojena.com\/product\/luxury-studio-near-the-beach-id-111-4\/","og_site_name":"Villa Lojena","article_modified_time":"2026-03-22T09:10:15+00:00","og_image":[{"width":1980,"height":1485,"url":"https:\/\/lojena.com\/wp-content\/uploads\/2026\/02\/apar-3-i-4.jpeg","type":"image\/jpeg"}],"twitter_card":"summary_large_image","twitter_misc":{"Predpokladan\u00fd \u010das \u010d\u00edtania":"1 min\u00fata"},"schema":{"@context":"https:\/\/schema.org","@graph":[{"@type":"WebPage","@id":"https:\/\/lojena.com\/product\/luxury-studio-near-the-beach-id-111-4\/","url":"https:\/\/lojena.com\/product\/luxury-studio-near-the-beach-id-111-4\/","name":"Superior \u0161t\u00fadio s v\u00fdh\u013eadom do z\u00e1hrady ID 1 - Villa Lojena","isPartOf":{"@id":"https:\/\/lojena.com\/#website"},"primaryImageOfPage":{"@id":"https:\/\/lojena.com\/product\/luxury-studio-near-the-beach-id-111-4\/#primaryimage"},"image":{"@id":"https:\/\/lojena.com\/product\/luxury-studio-near-the-beach-id-111-4\/#primaryimage"},"thumbnailUrl":"https:\/\/lojena.com\/wp-content\/uploads\/2026\/02\/apar-3-i-4.jpeg","datePublished":"2026-02-17T15:03:08+00:00","dateModified":"2026-03-22T09:10:15+00:00","breadcrumb":{"@id":"https:\/\/lojena.com\/product\/luxury-studio-near-the-beach-id-111-4\/#breadcrumb"},"inLanguage":"sk-SK","potentialAction":[{"@type":"ReadAction","target":["https:\/\/lojena.com\/product\/luxury-studio-near-the-beach-id-111-4\/"]}]},{"@type":"ImageObject","inLanguage":"sk-SK","@id":"https:\/\/lojena.com\/product\/luxury-studio-near-the-beach-id-111-4\/#primaryimage","url":"https:\/\/lojena.com\/wp-content\/uploads\/2026\/02\/apar-3-i-4.jpeg","contentUrl":"https:\/\/lojena.com\/wp-content\/uploads\/2026\/02\/apar-3-i-4.jpeg","width":1980,"height":1485,"caption":"View of the lush forest from terrace lounge"},{"@type":"BreadcrumbList","@id":"https:\/\/lojena.com\/product\/luxury-studio-near-the-beach-id-111-4\/#breadcrumb","itemListElement":[{"@type":"ListItem","position":1,"name":"Home","item":"https:\/\/lojena.com\/sk\/"},{"@type":"ListItem","position":2,"name":"Superior \u0161t\u00fadio s v\u00fdh\u013eadom do z\u00e1hrady ID 1"}]},{"@type":"WebSite","@id":"https:\/\/lojena.com\/#website","url":"https:\/\/lojena.com\/","name":"Villa Lojena","description":"Luxury Studios","potentialAction":[{"@type":"SearchAction","target":{"@type":"EntryPoint","urlTemplate":"https:\/\/lojena.com\/?s={search_term_string}"},"query-input":{"@type":"PropertyValueSpecification","valueRequired":true,"valueName":"search_term_string"}}],"inLanguage":"sk-SK"}]}},"_links":{"self":[{"href":"https:\/\/lojena.com\/sk\/wp-json\/wp\/v2\/product\/1038","targetHints":{"allow":["GET"]}}],"collection":[{"href":"https:\/\/lojena.com\/sk\/wp-json\/wp\/v2\/product"}],"about":[{"href":"https:\/\/lojena.com\/sk\/wp-json\/wp\/v2\/types\/product"}],"replies":[{"embeddable":true,"href":"https:\/\/lojena.com\/sk\/wp-json\/wp\/v2\/comments?post=1038"}],"wp:featuredmedia":[{"embeddable":true,"href":"https:\/\/lojena.com\/sk\/wp-json\/wp\/v2\/media\/1074"}],"wp:attachment":[{"href":"https:\/\/lojena.com\/sk\/wp-json\/wp\/v2\/media?parent=1038"}],"wp:term":[{"taxonomy":"product_brand","embeddable":true,"href":"https:\/\/lojena.com\/sk\/wp-json\/wp\/v2\/product_brand?post=1038"},{"taxonomy":"product_cat","embeddable":true,"href":"https:\/\/lojena.com\/sk\/wp-json\/wp\/v2\/product_cat?post=1038"},{"taxonomy":"product_tag","embeddable":true,"href":"https:\/\/lojena.com\/sk\/wp-json\/wp\/v2\/product_tag?post=1038"}],"curies":[{"name":"wp","href":"https:\/\/api.w.org\/{rel}","templated":true}]}}