{"id":2202,"date":"2026-02-17T11:03:11","date_gmt":"2026-02-17T11:03:11","guid":{"rendered":"https:\/\/lojena.com\/?page_id=2202"},"modified":"2026-03-24T11:17:14","modified_gmt":"2026-03-24T11:17:14","slug":"impressum","status":"publish","type":"page","link":"https:\/\/lojena.com\/sk\/impressum\/","title":{"rendered":"Impressum"},"content":{"rendered":"\n<h1 class=\"wp-block-heading\"><strong>Impressum \/ Pr\u00e1vne inform\u00e1cie<\/strong><\/h1>\n\n\n\n<p><strong>Inform\u00e1cie o spolo\u010dnosti<\/strong><\/p>\n\n\n\n<ul class=\"wp-block-list\">\n<li><strong>N\u00e1zov spolo\u010dnosti:<\/strong> Murter rentals d.o.o.<\/li>\n\n\n\n<li><strong>S\u00eddlo:<\/strong> Sali XII 6, 23281 Sali, Chorv\u00e1tsko<\/li>\n\n\n\n<li><strong>Zakladate\u013eka a opr\u00e1vnen\u00e1 z\u00e1stupky\u0148a:<\/strong> Diana Milin<\/li>\n\n\n\n<li><strong>Rok zalo\u017eenia:<\/strong> 2025<\/li>\n<\/ul>\n\n\n\n<p><strong>Registra\u010dn\u00e9 \u00fadaje<\/strong><\/p>\n\n\n\n<ul class=\"wp-block-list\">\n<li><strong>\u010cinnos\u0165:<\/strong> 79.11 (\u010cinnosti cestovn\u00fdch kancel\u00e1ri\u00ed a agent\u00far)<\/li>\n\n\n\n<li><strong>OIB (DI\u010c):<\/strong> 05737238252<\/li>\n\n\n\n<li><strong>Mati\u010dni broj (I\u010cO):<\/strong> 06082882<\/li>\n\n\n\n<li><strong>Stav spolo\u010dnosti:<\/strong> Akt\u00edvna<\/li>\n<\/ul>\n\n\n\n<p><strong>Kontakt<\/strong><\/p>\n\n\n\n<ul class=\"wp-block-list\">\n<li><strong>E-mail:<\/strong> info@lojena.com<\/li>\n<\/ul>\n","protected":false},"excerpt":{"rendered":"<p>Impressum \/ Pr\u00e1vne inform\u00e1cie Inform\u00e1cie o spolo\u010dnosti Registra\u010dn\u00e9 \u00fadaje Kontakt<\/p>\n","protected":false},"author":1,"featured_media":0,"parent":0,"menu_order":0,"comment_status":"closed","ping_status":"closed","template":"page-content.php","meta":{"_acf_changed":false,"footnotes":""},"class_list":["post-2202","page","type-page","status-publish","hentry"],"acf":[],"yoast_head":"<!-- This site is optimized with the Yoast SEO plugin v27.2 - https:\/\/yoast.com\/product\/yoast-seo-wordpress\/ -->\n<title>Impressum - Villa Lojena<\/title>\n<meta name=\"robots\" content=\"index, follow, max-snippet:-1, max-image-preview:large, max-video-preview:-1\" \/>\n<link rel=\"canonical\" href=\"https:\/\/lojena.com\/sk\/impressum\/\" \/>\n<meta property=\"og:locale\" content=\"sk_SK\" \/>\n<meta property=\"og:type\" content=\"article\" \/>\n<meta property=\"og:title\" content=\"Impressum - Villa Lojena\" \/>\n<meta property=\"og:description\" content=\"Impressum \/ Pr\u00e1vne inform\u00e1cie Inform\u00e1cie o spolo\u010dnosti Registra\u010dn\u00e9 \u00fadaje Kontakt\" \/>\n<meta property=\"og:url\" content=\"https:\/\/lojena.com\/sk\/impressum\/\" \/>\n<meta property=\"og:site_name\" content=\"Villa Lojena\" \/>\n<meta property=\"article:modified_time\" content=\"2026-03-24T11:17:14+00:00\" \/>\n<meta name=\"twitter:card\" content=\"summary_large_image\" \/>\n<meta name=\"twitter:label1\" content=\"Predpokladan\u00fd \u010das \u010d\u00edtania\" \/>\n\t<meta name=\"twitter:data1\" content=\"1 min\u00fata\" \/>\n<script type=\"application\/ld+json\" class=\"yoast-schema-graph\">{\"@context\":\"https:\/\/schema.org\",\"@graph\":[{\"@type\":\"WebPage\",\"@id\":\"https:\/\/lojena.com\/sk\/impressum\/\",\"url\":\"https:\/\/lojena.com\/sk\/impressum\/\",\"name\":\"Impressum - Villa Lojena\",\"isPartOf\":{\"@id\":\"https:\/\/lojena.com\/#website\"},\"datePublished\":\"2026-02-17T11:03:11+00:00\",\"dateModified\":\"2026-03-24T11:17:14+00:00\",\"breadcrumb\":{\"@id\":\"https:\/\/lojena.com\/sk\/impressum\/#breadcrumb\"},\"inLanguage\":\"sk-SK\",\"potentialAction\":[{\"@type\":\"ReadAction\",\"target\":[\"https:\/\/lojena.com\/sk\/impressum\/\"]}]},{\"@type\":\"BreadcrumbList\",\"@id\":\"https:\/\/lojena.com\/sk\/impressum\/#breadcrumb\",\"itemListElement\":[{\"@type\":\"ListItem\",\"position\":1,\"name\":\"Home\",\"item\":\"https:\/\/lojena.com\/sk\/\"},{\"@type\":\"ListItem\",\"position\":2,\"name\":\"Impressum\"}]},{\"@type\":\"WebSite\",\"@id\":\"https:\/\/lojena.com\/#website\",\"url\":\"https:\/\/lojena.com\/\",\"name\":\"Villa Lojena\",\"description\":\"Luxury Studios\",\"potentialAction\":[{\"@type\":\"SearchAction\",\"target\":{\"@type\":\"EntryPoint\",\"urlTemplate\":\"https:\/\/lojena.com\/?s={search_term_string}\"},\"query-input\":{\"@type\":\"PropertyValueSpecification\",\"valueRequired\":true,\"valueName\":\"search_term_string\"}}],\"inLanguage\":\"sk-SK\"}]}<\/script>\n<!-- \/ Yoast SEO plugin. -->","yoast_head_json":{"title":"Impressum - Villa Lojena","robots":{"index":"index","follow":"follow","max-snippet":"max-snippet:-1","max-image-preview":"max-image-preview:large","max-video-preview":"max-video-preview:-1"},"canonical":"https:\/\/lojena.com\/sk\/impressum\/","og_locale":"sk_SK","og_type":"article","og_title":"Impressum - Villa Lojena","og_description":"Impressum \/ Pr\u00e1vne inform\u00e1cie Inform\u00e1cie o spolo\u010dnosti Registra\u010dn\u00e9 \u00fadaje Kontakt","og_url":"https:\/\/lojena.com\/sk\/impressum\/","og_site_name":"Villa Lojena","article_modified_time":"2026-03-24T11:17:14+00:00","twitter_card":"summary_large_image","twitter_misc":{"Predpokladan\u00fd \u010das \u010d\u00edtania":"1 min\u00fata"},"schema":{"@context":"https:\/\/schema.org","@graph":[{"@type":"WebPage","@id":"https:\/\/lojena.com\/sk\/impressum\/","url":"https:\/\/lojena.com\/sk\/impressum\/","name":"Impressum - Villa Lojena","isPartOf":{"@id":"https:\/\/lojena.com\/#website"},"datePublished":"2026-02-17T11:03:11+00:00","dateModified":"2026-03-24T11:17:14+00:00","breadcrumb":{"@id":"https:\/\/lojena.com\/sk\/impressum\/#breadcrumb"},"inLanguage":"sk-SK","potentialAction":[{"@type":"ReadAction","target":["https:\/\/lojena.com\/sk\/impressum\/"]}]},{"@type":"BreadcrumbList","@id":"https:\/\/lojena.com\/sk\/impressum\/#breadcrumb","itemListElement":[{"@type":"ListItem","position":1,"name":"Home","item":"https:\/\/lojena.com\/sk\/"},{"@type":"ListItem","position":2,"name":"Impressum"}]},{"@type":"WebSite","@id":"https:\/\/lojena.com\/#website","url":"https:\/\/lojena.com\/","name":"Villa Lojena","description":"Luxury Studios","potentialAction":[{"@type":"SearchAction","target":{"@type":"EntryPoint","urlTemplate":"https:\/\/lojena.com\/?s={search_term_string}"},"query-input":{"@type":"PropertyValueSpecification","valueRequired":true,"valueName":"search_term_string"}}],"inLanguage":"sk-SK"}]}},"_links":{"self":[{"href":"https:\/\/lojena.com\/sk\/wp-json\/wp\/v2\/pages\/2202","targetHints":{"allow":["GET"]}}],"collection":[{"href":"https:\/\/lojena.com\/sk\/wp-json\/wp\/v2\/pages"}],"about":[{"href":"https:\/\/lojena.com\/sk\/wp-json\/wp\/v2\/types\/page"}],"author":[{"embeddable":true,"href":"https:\/\/lojena.com\/sk\/wp-json\/wp\/v2\/users\/1"}],"replies":[{"embeddable":true,"href":"https:\/\/lojena.com\/sk\/wp-json\/wp\/v2\/comments?post=2202"}],"version-history":[{"count":2,"href":"https:\/\/lojena.com\/sk\/wp-json\/wp\/v2\/pages\/2202\/revisions"}],"predecessor-version":[{"id":2848,"href":"https:\/\/lojena.com\/sk\/wp-json\/wp\/v2\/pages\/2202\/revisions\/2848"}],"wp:attachment":[{"href":"https:\/\/lojena.com\/sk\/wp-json\/wp\/v2\/media?parent=2202"}],"curies":[{"name":"wp","href":"https:\/\/api.w.org\/{rel}","templated":true}]}}