{"id":2053,"date":"2026-02-25T17:58:29","date_gmt":"2026-02-25T17:58:29","guid":{"rendered":"https:\/\/lojena.com\/?post_type=product&#038;p=2053"},"modified":"2026-03-22T09:04:14","modified_gmt":"2026-03-22T09:04:14","slug":"ekskluzywne-studio-z-widokiem-na-morze-i-wanna-s-jacuzzi","status":"publish","type":"product","link":"https:\/\/lojena.com\/pl\/produkt\/ekskluzywne-studio-z-widokiem-na-morze-i-wanna-s-jacuzzi\/","title":{"rendered":"Ekskluzywne studio z widokiem na morze i wann\u0105 s jacuzzi"},"content":{"rendered":"<p>To klejnot w koronie Villi Lojena dla par. Apartament 7 \u0142\u0105czy w sobie zapieraj\u0105cy dech w piersiach widok na morze i basen z wewn\u0119trznym jacuzzi z widokiem na krajobraz, zapewniaj\u0105c prawdziwie luksusowe doznania spa bez wychodzenia z pokoju.<\/p>\n<p>Wyjd\u017a na przestronny, zacieniony taras i podziwiaj panoram\u0119 Adriatyku, basenu i gaj\u00f3w oliwnych otaczaj\u0105cych will\u0119.<\/p>\n<p>Wn\u0119trze zosta\u0142o zaprojektowane z my\u015bl\u0105 o romantyzmie, z eleganckimi, nowoczesnymi meblami, w pe\u0142ni wyposa\u017con\u0105 kuchni\u0105, du\u017c\u0105, nowoczesn\u0105 \u0142azienk\u0105 i wysokiej jako\u015bci 34-centymetrowymi materacami antyalergicznymi, zapewniaj\u0105cymi idealny sen. Klimatyzacja Daikin, Smart TV i szybki internet 5G zapewniaj\u0105 pe\u0142en komfort, a bezp\u0142atne us\u0142ugi prania i prasowania pozwalaj\u0105 skupi\u0107 si\u0119 na tym, co naprawd\u0119 wa\u017cne \u2013 na sobie nawzajem.<\/p>\n<p>Niezapomniany wypad, gdzie luksus, prywatno\u015b\u0107 i \u015br\u00f3dziemnomorskie pi\u0119kno \u0142\u0105cz\u0105 si\u0119 w jedno.<\/p>\n","protected":false},"excerpt":{"rendered":"<p>To klejnot w koronie Villi Lojena dla par. Apartament 7 \u0142\u0105czy w sobie zapieraj\u0105cy dech w piersiach widok na morze i basen z wewn\u0119trznym jacuzzi z widokiem na krajobraz, zapewniaj\u0105c prawdziwie luksusowe doznania spa bez wychodzenia z pokoju. Wyjd\u017a na przestronny, zacieniony taras i podziwiaj panoram\u0119 Adriatyku, basenu i gaj\u00f3w oliwnych otaczaj\u0105cych will\u0119. Wn\u0119trze zosta\u0142o [&hellip;]<\/p>\n","protected":false},"featured_media":2785,"comment_status":"closed","ping_status":"closed","template":"","meta":{"_acf_changed":false},"product_brand":[],"product_cat":[79],"product_tag":[],"class_list":{"0":"post-2053","1":"product","2":"type-product","3":"status-publish","4":"has-post-thumbnail","6":"product_cat-ekskluzywne-studio-z-widokiem-na-morze-i-wanna-s-jacuzzi","8":"first","9":"instock","10":"shipping-taxable","11":"purchasable","12":"product-type-simple"},"acf":[],"yoast_head":"<!-- This site is optimized with the Yoast SEO plugin v27.2 - https:\/\/yoast.com\/product\/yoast-seo-wordpress\/ -->\n<title>Ekskluzywne studio z widokiem na morze i wann\u0105 s jacuzzi - Villa Lojena<\/title>\n<meta name=\"robots\" content=\"index, follow, max-snippet:-1, max-image-preview:large, max-video-preview:-1\" \/>\n<link rel=\"canonical\" href=\"https:\/\/lojena.com\/pl\/produkt\/ekskluzywne-studio-z-widokiem-na-morze-i-wanna-s-jacuzzi\/\" \/>\n<meta property=\"og:locale\" content=\"pl_PL\" \/>\n<meta property=\"og:type\" content=\"article\" \/>\n<meta property=\"og:title\" content=\"Ekskluzywne studio z widokiem na morze i wann\u0105 s jacuzzi - Villa Lojena\" \/>\n<meta property=\"og:description\" content=\"To klejnot w koronie Villi Lojena dla par. Apartament 7 \u0142\u0105czy w sobie zapieraj\u0105cy dech w piersiach widok na morze i basen z wewn\u0119trznym jacuzzi z widokiem na krajobraz, zapewniaj\u0105c prawdziwie luksusowe doznania spa bez wychodzenia z pokoju. Wyjd\u017a na przestronny, zacieniony taras i podziwiaj panoram\u0119 Adriatyku, basenu i gaj\u00f3w oliwnych otaczaj\u0105cych will\u0119. Wn\u0119trze zosta\u0142o [&hellip;]\" \/>\n<meta property=\"og:url\" content=\"https:\/\/lojena.com\/pl\/produkt\/ekskluzywne-studio-z-widokiem-na-morze-i-wanna-s-jacuzzi\/\" \/>\n<meta property=\"og:site_name\" content=\"Villa Lojena\" \/>\n<meta property=\"article:modified_time\" content=\"2026-03-22T09:04:14+00:00\" \/>\n<meta property=\"og:image\" content=\"https:\/\/lojena.com\/wp-content\/uploads\/2026\/02\/7-po-redu-1980x1485-1.jpg\" \/>\n\t<meta property=\"og:image:width\" content=\"1980\" \/>\n\t<meta property=\"og:image:height\" content=\"1485\" \/>\n\t<meta property=\"og:image:type\" content=\"image\/jpeg\" \/>\n<meta name=\"twitter:card\" content=\"summary_large_image\" \/>\n<meta name=\"twitter:label1\" content=\"Szacowany czas czytania\" \/>\n\t<meta name=\"twitter:data1\" content=\"1 minuta\" \/>\n<script type=\"application\/ld+json\" class=\"yoast-schema-graph\">{\"@context\":\"https:\/\/schema.org\",\"@graph\":[{\"@type\":\"WebPage\",\"@id\":\"https:\/\/lojena.com\/pl\/produkt\/ekskluzywne-studio-z-widokiem-na-morze-i-wanna-s-jacuzzi\/\",\"url\":\"https:\/\/lojena.com\/pl\/produkt\/ekskluzywne-studio-z-widokiem-na-morze-i-wanna-s-jacuzzi\/\",\"name\":\"Ekskluzywne studio z widokiem na morze i wann\u0105 s jacuzzi - Villa Lojena\",\"isPartOf\":{\"@id\":\"https:\/\/lojena.com\/#website\"},\"primaryImageOfPage\":{\"@id\":\"https:\/\/lojena.com\/pl\/produkt\/ekskluzywne-studio-z-widokiem-na-morze-i-wanna-s-jacuzzi\/#primaryimage\"},\"image\":{\"@id\":\"https:\/\/lojena.com\/pl\/produkt\/ekskluzywne-studio-z-widokiem-na-morze-i-wanna-s-jacuzzi\/#primaryimage\"},\"thumbnailUrl\":\"https:\/\/lojena.com\/wp-content\/uploads\/2026\/02\/7-po-redu-1980x1485-1.jpg\",\"datePublished\":\"2026-02-25T17:58:29+00:00\",\"dateModified\":\"2026-03-22T09:04:14+00:00\",\"breadcrumb\":{\"@id\":\"https:\/\/lojena.com\/pl\/produkt\/ekskluzywne-studio-z-widokiem-na-morze-i-wanna-s-jacuzzi\/#breadcrumb\"},\"inLanguage\":\"pl-PL\",\"potentialAction\":[{\"@type\":\"ReadAction\",\"target\":[\"https:\/\/lojena.com\/pl\/produkt\/ekskluzywne-studio-z-widokiem-na-morze-i-wanna-s-jacuzzi\/\"]}]},{\"@type\":\"ImageObject\",\"inLanguage\":\"pl-PL\",\"@id\":\"https:\/\/lojena.com\/pl\/produkt\/ekskluzywne-studio-z-widokiem-na-morze-i-wanna-s-jacuzzi\/#primaryimage\",\"url\":\"https:\/\/lojena.com\/wp-content\/uploads\/2026\/02\/7-po-redu-1980x1485-1.jpg\",\"contentUrl\":\"https:\/\/lojena.com\/wp-content\/uploads\/2026\/02\/7-po-redu-1980x1485-1.jpg\",\"width\":1980,\"height\":1485},{\"@type\":\"BreadcrumbList\",\"@id\":\"https:\/\/lojena.com\/pl\/produkt\/ekskluzywne-studio-z-widokiem-na-morze-i-wanna-s-jacuzzi\/#breadcrumb\",\"itemListElement\":[{\"@type\":\"ListItem\",\"position\":1,\"name\":\"Home\",\"item\":\"https:\/\/lojena.com\/pl\/\"},{\"@type\":\"ListItem\",\"position\":2,\"name\":\"Ekskluzywne studio z widokiem na morze i wann\u0105 s jacuzzi\"}]},{\"@type\":\"WebSite\",\"@id\":\"https:\/\/lojena.com\/#website\",\"url\":\"https:\/\/lojena.com\/\",\"name\":\"Villa Lojena\",\"description\":\"Luxury Studios\",\"potentialAction\":[{\"@type\":\"SearchAction\",\"target\":{\"@type\":\"EntryPoint\",\"urlTemplate\":\"https:\/\/lojena.com\/?s={search_term_string}\"},\"query-input\":{\"@type\":\"PropertyValueSpecification\",\"valueRequired\":true,\"valueName\":\"search_term_string\"}}],\"inLanguage\":\"pl-PL\"}]}<\/script>\n<!-- \/ Yoast SEO plugin. -->","yoast_head_json":{"title":"Ekskluzywne studio z widokiem na morze i wann\u0105 s jacuzzi - Villa Lojena","robots":{"index":"index","follow":"follow","max-snippet":"max-snippet:-1","max-image-preview":"max-image-preview:large","max-video-preview":"max-video-preview:-1"},"canonical":"https:\/\/lojena.com\/pl\/produkt\/ekskluzywne-studio-z-widokiem-na-morze-i-wanna-s-jacuzzi\/","og_locale":"pl_PL","og_type":"article","og_title":"Ekskluzywne studio z widokiem na morze i wann\u0105 s jacuzzi - Villa Lojena","og_description":"To klejnot w koronie Villi Lojena dla par. Apartament 7 \u0142\u0105czy w sobie zapieraj\u0105cy dech w piersiach widok na morze i basen z wewn\u0119trznym jacuzzi z widokiem na krajobraz, zapewniaj\u0105c prawdziwie luksusowe doznania spa bez wychodzenia z pokoju. Wyjd\u017a na przestronny, zacieniony taras i podziwiaj panoram\u0119 Adriatyku, basenu i gaj\u00f3w oliwnych otaczaj\u0105cych will\u0119. Wn\u0119trze zosta\u0142o [&hellip;]","og_url":"https:\/\/lojena.com\/pl\/produkt\/ekskluzywne-studio-z-widokiem-na-morze-i-wanna-s-jacuzzi\/","og_site_name":"Villa Lojena","article_modified_time":"2026-03-22T09:04:14+00:00","og_image":[{"width":1980,"height":1485,"url":"https:\/\/lojena.com\/wp-content\/uploads\/2026\/02\/7-po-redu-1980x1485-1.jpg","type":"image\/jpeg"}],"twitter_card":"summary_large_image","twitter_misc":{"Szacowany czas czytania":"1 minuta"},"schema":{"@context":"https:\/\/schema.org","@graph":[{"@type":"WebPage","@id":"https:\/\/lojena.com\/pl\/produkt\/ekskluzywne-studio-z-widokiem-na-morze-i-wanna-s-jacuzzi\/","url":"https:\/\/lojena.com\/pl\/produkt\/ekskluzywne-studio-z-widokiem-na-morze-i-wanna-s-jacuzzi\/","name":"Ekskluzywne studio z widokiem na morze i wann\u0105 s jacuzzi - Villa Lojena","isPartOf":{"@id":"https:\/\/lojena.com\/#website"},"primaryImageOfPage":{"@id":"https:\/\/lojena.com\/pl\/produkt\/ekskluzywne-studio-z-widokiem-na-morze-i-wanna-s-jacuzzi\/#primaryimage"},"image":{"@id":"https:\/\/lojena.com\/pl\/produkt\/ekskluzywne-studio-z-widokiem-na-morze-i-wanna-s-jacuzzi\/#primaryimage"},"thumbnailUrl":"https:\/\/lojena.com\/wp-content\/uploads\/2026\/02\/7-po-redu-1980x1485-1.jpg","datePublished":"2026-02-25T17:58:29+00:00","dateModified":"2026-03-22T09:04:14+00:00","breadcrumb":{"@id":"https:\/\/lojena.com\/pl\/produkt\/ekskluzywne-studio-z-widokiem-na-morze-i-wanna-s-jacuzzi\/#breadcrumb"},"inLanguage":"pl-PL","potentialAction":[{"@type":"ReadAction","target":["https:\/\/lojena.com\/pl\/produkt\/ekskluzywne-studio-z-widokiem-na-morze-i-wanna-s-jacuzzi\/"]}]},{"@type":"ImageObject","inLanguage":"pl-PL","@id":"https:\/\/lojena.com\/pl\/produkt\/ekskluzywne-studio-z-widokiem-na-morze-i-wanna-s-jacuzzi\/#primaryimage","url":"https:\/\/lojena.com\/wp-content\/uploads\/2026\/02\/7-po-redu-1980x1485-1.jpg","contentUrl":"https:\/\/lojena.com\/wp-content\/uploads\/2026\/02\/7-po-redu-1980x1485-1.jpg","width":1980,"height":1485},{"@type":"BreadcrumbList","@id":"https:\/\/lojena.com\/pl\/produkt\/ekskluzywne-studio-z-widokiem-na-morze-i-wanna-s-jacuzzi\/#breadcrumb","itemListElement":[{"@type":"ListItem","position":1,"name":"Home","item":"https:\/\/lojena.com\/pl\/"},{"@type":"ListItem","position":2,"name":"Ekskluzywne studio z widokiem na morze i wann\u0105 s jacuzzi"}]},{"@type":"WebSite","@id":"https:\/\/lojena.com\/#website","url":"https:\/\/lojena.com\/","name":"Villa Lojena","description":"Luxury Studios","potentialAction":[{"@type":"SearchAction","target":{"@type":"EntryPoint","urlTemplate":"https:\/\/lojena.com\/?s={search_term_string}"},"query-input":{"@type":"PropertyValueSpecification","valueRequired":true,"valueName":"search_term_string"}}],"inLanguage":"pl-PL"}]}},"_links":{"self":[{"href":"https:\/\/lojena.com\/pl\/wp-json\/wp\/v2\/product\/2053","targetHints":{"allow":["GET"]}}],"collection":[{"href":"https:\/\/lojena.com\/pl\/wp-json\/wp\/v2\/product"}],"about":[{"href":"https:\/\/lojena.com\/pl\/wp-json\/wp\/v2\/types\/product"}],"replies":[{"embeddable":true,"href":"https:\/\/lojena.com\/pl\/wp-json\/wp\/v2\/comments?post=2053"}],"wp:featuredmedia":[{"embeddable":true,"href":"https:\/\/lojena.com\/pl\/wp-json\/wp\/v2\/media\/2785"}],"wp:attachment":[{"href":"https:\/\/lojena.com\/pl\/wp-json\/wp\/v2\/media?parent=2053"}],"wp:term":[{"taxonomy":"product_brand","embeddable":true,"href":"https:\/\/lojena.com\/pl\/wp-json\/wp\/v2\/product_brand?post=2053"},{"taxonomy":"product_cat","embeddable":true,"href":"https:\/\/lojena.com\/pl\/wp-json\/wp\/v2\/product_cat?post=2053"},{"taxonomy":"product_tag","embeddable":true,"href":"https:\/\/lojena.com\/pl\/wp-json\/wp\/v2\/product_tag?post=2053"}],"curies":[{"name":"wp","href":"https:\/\/api.w.org\/{rel}","templated":true}]}}