{"id":1842,"date":"2026-02-25T18:06:05","date_gmt":"2026-02-25T18:06:05","guid":{"rendered":"https:\/\/lojena.com\/?post_type=product&#038;p=1842"},"modified":"2026-03-22T09:04:14","modified_gmt":"2026-03-22T09:04:14","slug":"ekskluzywny-penthouse-z-trzema-sypialniami-i-panoramicznym-widokiem-na-morze","status":"publish","type":"product","link":"https:\/\/lojena.com\/pl\/produkt\/ekskluzywny-penthouse-z-trzema-sypialniami-i-panoramicznym-widokiem-na-morze\/","title":{"rendered":"Ekskluzywny penthouse z trzema sypialniami i panoramicznym widokiem na morze"},"content":{"rendered":"<p>Niezapomniane wra\u017cenia z pobytu w Villa Lojena. Ten penthouse o imponuj\u0105cej powierzchni 155 m\u00b2 wie\u0144czy will\u0119 80-metrowym tarasem, z kt\u00f3rego roztacza si\u0119 panoramiczny widok na morze i niezapomniane zachody s\u0142o\u0144ca.<\/p>\n<p>Sypialnia g\u0142\u00f3wna posiada w\u0142asn\u0105 luksusow\u0105 \u0142azienk\u0119 z wann\u0105 z hydromasa\u017cem i widokiem na ogr\u00f3d, tworz\u0105c Tw\u00f3j prywatny azyl spa.<\/p>\n<p>Dwie dodatkowe sypialnie, ka\u017cda z \u0142azienk\u0105 i klimatyzacj\u0105 Daikin, zapewniaj\u0105 komfort i prywatno\u015b\u0107 rodzinie lub go\u015bciom.<\/p>\n<p>Elegancki salon oferuje widok na morze, a jadalnia pomie\u015bci sze\u015b\u0107 os\u00f3b, zapewniaj\u0105c niezapomniane wsp\u00f3lne posi\u0142ki.<\/p>\n<p>W pe\u0142ni wyposa\u017cona kuchnia z pralk\u0105 i zmywark\u0105 sprawia, \u017ce \u200b\u200bd\u0142u\u017csze pobyty s\u0105 bezproblemowe.<\/p>\n<p>Le\u017caki na tarasie zach\u0119caj\u0105 do delektowania si\u0119 \u015br\u00f3dziemnomorskim pi\u0119knem, a trzy zacienione miejsca parkingowe, w tym \u0142adowarka do samochod\u00f3w elektrycznych, s\u0105 zarezerwowane dla Twojej wygody.<\/p>\n<p>Ten penthouse, wyposa\u017cony w telewizor Smart TV, szybki internet 5G, najwy\u017cszej jako\u015bci 34-centymetrowe materace antyalergiczne oraz wn\u0119trze, w kt\u00f3rym ka\u017cdy szczeg\u00f3\u0142 odzwierciedla nowoczesny luksus, zosta\u0142 zaprojektowany z my\u015bl\u0105 o osobach, kt\u00f3re oczekuj\u0105 wy\u0142\u0105cznie wyj\u0105tkowo\u015bci.<\/p>\n","protected":false},"excerpt":{"rendered":"<p>Niezapomniane wra\u017cenia z pobytu w Villa Lojena. Ten penthouse o imponuj\u0105cej powierzchni 155 m\u00b2 wie\u0144czy will\u0119 80-metrowym tarasem, z kt\u00f3rego roztacza si\u0119 panoramiczny widok na morze i niezapomniane zachody s\u0142o\u0144ca. Sypialnia g\u0142\u00f3wna posiada w\u0142asn\u0105 luksusow\u0105 \u0142azienk\u0119 z wann\u0105 z hydromasa\u017cem i widokiem na ogr\u00f3d, tworz\u0105c Tw\u00f3j prywatny azyl spa. Dwie dodatkowe sypialnie, ka\u017cda z \u0142azienk\u0105 [&hellip;]<\/p>\n","protected":false},"featured_media":2794,"comment_status":"closed","ping_status":"closed","template":"","meta":{"_acf_changed":false},"product_brand":[],"product_cat":[87],"product_tag":[],"class_list":{"0":"post-1842","1":"product","2":"type-product","3":"status-publish","4":"has-post-thumbnail","6":"product_cat-ekskluzywny-penthouse-z-trzema-sypialniami-i-panoramicznym-widokiem-na-morze","8":"first","9":"instock","10":"shipping-taxable","11":"purchasable","12":"product-type-simple"},"acf":[],"yoast_head":"<!-- This site is optimized with the Yoast SEO plugin v27.2 - https:\/\/yoast.com\/product\/yoast-seo-wordpress\/ -->\n<title>Ekskluzywny penthouse z trzema sypialniami i panoramicznym widokiem na morze - Villa Lojena<\/title>\n<meta name=\"robots\" content=\"index, follow, max-snippet:-1, max-image-preview:large, max-video-preview:-1\" \/>\n<link rel=\"canonical\" href=\"https:\/\/lojena.com\/pl\/produkt\/ekskluzywny-penthouse-z-trzema-sypialniami-i-panoramicznym-widokiem-na-morze\/\" \/>\n<meta property=\"og:locale\" content=\"pl_PL\" \/>\n<meta property=\"og:type\" content=\"article\" \/>\n<meta property=\"og:title\" content=\"Ekskluzywny penthouse z trzema sypialniami i panoramicznym widokiem na morze - Villa Lojena\" \/>\n<meta property=\"og:description\" content=\"Niezapomniane wra\u017cenia z pobytu w Villa Lojena. Ten penthouse o imponuj\u0105cej powierzchni 155 m\u00b2 wie\u0144czy will\u0119 80-metrowym tarasem, z kt\u00f3rego roztacza si\u0119 panoramiczny widok na morze i niezapomniane zachody s\u0142o\u0144ca. Sypialnia g\u0142\u00f3wna posiada w\u0142asn\u0105 luksusow\u0105 \u0142azienk\u0119 z wann\u0105 z hydromasa\u017cem i widokiem na ogr\u00f3d, tworz\u0105c Tw\u00f3j prywatny azyl spa. Dwie dodatkowe sypialnie, ka\u017cda z \u0142azienk\u0105 [&hellip;]\" \/>\n<meta property=\"og:url\" content=\"https:\/\/lojena.com\/pl\/produkt\/ekskluzywny-penthouse-z-trzema-sypialniami-i-panoramicznym-widokiem-na-morze\/\" \/>\n<meta property=\"og:site_name\" content=\"Villa Lojena\" \/>\n<meta property=\"article:modified_time\" content=\"2026-03-22T09:04:14+00:00\" \/>\n<meta property=\"og:image\" content=\"https:\/\/lojena.com\/wp-content\/uploads\/2026\/02\/8-po-redu-penthouse-1980x1485-1.jpg\" \/>\n\t<meta property=\"og:image:width\" content=\"1980\" \/>\n\t<meta property=\"og:image:height\" content=\"1485\" \/>\n\t<meta property=\"og:image:type\" content=\"image\/jpeg\" \/>\n<meta name=\"twitter:card\" content=\"summary_large_image\" \/>\n<meta name=\"twitter:label1\" content=\"Szacowany czas czytania\" \/>\n\t<meta name=\"twitter:data1\" content=\"1 minuta\" \/>\n<script type=\"application\/ld+json\" class=\"yoast-schema-graph\">{\"@context\":\"https:\/\/schema.org\",\"@graph\":[{\"@type\":\"WebPage\",\"@id\":\"https:\/\/lojena.com\/pl\/produkt\/ekskluzywny-penthouse-z-trzema-sypialniami-i-panoramicznym-widokiem-na-morze\/\",\"url\":\"https:\/\/lojena.com\/pl\/produkt\/ekskluzywny-penthouse-z-trzema-sypialniami-i-panoramicznym-widokiem-na-morze\/\",\"name\":\"Ekskluzywny penthouse z trzema sypialniami i panoramicznym widokiem na morze - Villa Lojena\",\"isPartOf\":{\"@id\":\"https:\/\/lojena.com\/#website\"},\"primaryImageOfPage\":{\"@id\":\"https:\/\/lojena.com\/pl\/produkt\/ekskluzywny-penthouse-z-trzema-sypialniami-i-panoramicznym-widokiem-na-morze\/#primaryimage\"},\"image\":{\"@id\":\"https:\/\/lojena.com\/pl\/produkt\/ekskluzywny-penthouse-z-trzema-sypialniami-i-panoramicznym-widokiem-na-morze\/#primaryimage\"},\"thumbnailUrl\":\"https:\/\/lojena.com\/wp-content\/uploads\/2026\/02\/8-po-redu-penthouse-1980x1485-1.jpg\",\"datePublished\":\"2026-02-25T18:06:05+00:00\",\"dateModified\":\"2026-03-22T09:04:14+00:00\",\"breadcrumb\":{\"@id\":\"https:\/\/lojena.com\/pl\/produkt\/ekskluzywny-penthouse-z-trzema-sypialniami-i-panoramicznym-widokiem-na-morze\/#breadcrumb\"},\"inLanguage\":\"pl-PL\",\"potentialAction\":[{\"@type\":\"ReadAction\",\"target\":[\"https:\/\/lojena.com\/pl\/produkt\/ekskluzywny-penthouse-z-trzema-sypialniami-i-panoramicznym-widokiem-na-morze\/\"]}]},{\"@type\":\"ImageObject\",\"inLanguage\":\"pl-PL\",\"@id\":\"https:\/\/lojena.com\/pl\/produkt\/ekskluzywny-penthouse-z-trzema-sypialniami-i-panoramicznym-widokiem-na-morze\/#primaryimage\",\"url\":\"https:\/\/lojena.com\/wp-content\/uploads\/2026\/02\/8-po-redu-penthouse-1980x1485-1.jpg\",\"contentUrl\":\"https:\/\/lojena.com\/wp-content\/uploads\/2026\/02\/8-po-redu-penthouse-1980x1485-1.jpg\",\"width\":1980,\"height\":1485},{\"@type\":\"BreadcrumbList\",\"@id\":\"https:\/\/lojena.com\/pl\/produkt\/ekskluzywny-penthouse-z-trzema-sypialniami-i-panoramicznym-widokiem-na-morze\/#breadcrumb\",\"itemListElement\":[{\"@type\":\"ListItem\",\"position\":1,\"name\":\"Home\",\"item\":\"https:\/\/lojena.com\/pl\/\"},{\"@type\":\"ListItem\",\"position\":2,\"name\":\"Ekskluzywny penthouse z trzema sypialniami i panoramicznym widokiem na morze\"}]},{\"@type\":\"WebSite\",\"@id\":\"https:\/\/lojena.com\/#website\",\"url\":\"https:\/\/lojena.com\/\",\"name\":\"Villa Lojena\",\"description\":\"Luxury Studios\",\"potentialAction\":[{\"@type\":\"SearchAction\",\"target\":{\"@type\":\"EntryPoint\",\"urlTemplate\":\"https:\/\/lojena.com\/?s={search_term_string}\"},\"query-input\":{\"@type\":\"PropertyValueSpecification\",\"valueRequired\":true,\"valueName\":\"search_term_string\"}}],\"inLanguage\":\"pl-PL\"}]}<\/script>\n<!-- \/ Yoast SEO plugin. -->","yoast_head_json":{"title":"Ekskluzywny penthouse z trzema sypialniami i panoramicznym widokiem na morze - Villa Lojena","robots":{"index":"index","follow":"follow","max-snippet":"max-snippet:-1","max-image-preview":"max-image-preview:large","max-video-preview":"max-video-preview:-1"},"canonical":"https:\/\/lojena.com\/pl\/produkt\/ekskluzywny-penthouse-z-trzema-sypialniami-i-panoramicznym-widokiem-na-morze\/","og_locale":"pl_PL","og_type":"article","og_title":"Ekskluzywny penthouse z trzema sypialniami i panoramicznym widokiem na morze - Villa Lojena","og_description":"Niezapomniane wra\u017cenia z pobytu w Villa Lojena. Ten penthouse o imponuj\u0105cej powierzchni 155 m\u00b2 wie\u0144czy will\u0119 80-metrowym tarasem, z kt\u00f3rego roztacza si\u0119 panoramiczny widok na morze i niezapomniane zachody s\u0142o\u0144ca. Sypialnia g\u0142\u00f3wna posiada w\u0142asn\u0105 luksusow\u0105 \u0142azienk\u0119 z wann\u0105 z hydromasa\u017cem i widokiem na ogr\u00f3d, tworz\u0105c Tw\u00f3j prywatny azyl spa. Dwie dodatkowe sypialnie, ka\u017cda z \u0142azienk\u0105 [&hellip;]","og_url":"https:\/\/lojena.com\/pl\/produkt\/ekskluzywny-penthouse-z-trzema-sypialniami-i-panoramicznym-widokiem-na-morze\/","og_site_name":"Villa Lojena","article_modified_time":"2026-03-22T09:04:14+00:00","og_image":[{"width":1980,"height":1485,"url":"https:\/\/lojena.com\/wp-content\/uploads\/2026\/02\/8-po-redu-penthouse-1980x1485-1.jpg","type":"image\/jpeg"}],"twitter_card":"summary_large_image","twitter_misc":{"Szacowany czas czytania":"1 minuta"},"schema":{"@context":"https:\/\/schema.org","@graph":[{"@type":"WebPage","@id":"https:\/\/lojena.com\/pl\/produkt\/ekskluzywny-penthouse-z-trzema-sypialniami-i-panoramicznym-widokiem-na-morze\/","url":"https:\/\/lojena.com\/pl\/produkt\/ekskluzywny-penthouse-z-trzema-sypialniami-i-panoramicznym-widokiem-na-morze\/","name":"Ekskluzywny penthouse z trzema sypialniami i panoramicznym widokiem na morze - Villa Lojena","isPartOf":{"@id":"https:\/\/lojena.com\/#website"},"primaryImageOfPage":{"@id":"https:\/\/lojena.com\/pl\/produkt\/ekskluzywny-penthouse-z-trzema-sypialniami-i-panoramicznym-widokiem-na-morze\/#primaryimage"},"image":{"@id":"https:\/\/lojena.com\/pl\/produkt\/ekskluzywny-penthouse-z-trzema-sypialniami-i-panoramicznym-widokiem-na-morze\/#primaryimage"},"thumbnailUrl":"https:\/\/lojena.com\/wp-content\/uploads\/2026\/02\/8-po-redu-penthouse-1980x1485-1.jpg","datePublished":"2026-02-25T18:06:05+00:00","dateModified":"2026-03-22T09:04:14+00:00","breadcrumb":{"@id":"https:\/\/lojena.com\/pl\/produkt\/ekskluzywny-penthouse-z-trzema-sypialniami-i-panoramicznym-widokiem-na-morze\/#breadcrumb"},"inLanguage":"pl-PL","potentialAction":[{"@type":"ReadAction","target":["https:\/\/lojena.com\/pl\/produkt\/ekskluzywny-penthouse-z-trzema-sypialniami-i-panoramicznym-widokiem-na-morze\/"]}]},{"@type":"ImageObject","inLanguage":"pl-PL","@id":"https:\/\/lojena.com\/pl\/produkt\/ekskluzywny-penthouse-z-trzema-sypialniami-i-panoramicznym-widokiem-na-morze\/#primaryimage","url":"https:\/\/lojena.com\/wp-content\/uploads\/2026\/02\/8-po-redu-penthouse-1980x1485-1.jpg","contentUrl":"https:\/\/lojena.com\/wp-content\/uploads\/2026\/02\/8-po-redu-penthouse-1980x1485-1.jpg","width":1980,"height":1485},{"@type":"BreadcrumbList","@id":"https:\/\/lojena.com\/pl\/produkt\/ekskluzywny-penthouse-z-trzema-sypialniami-i-panoramicznym-widokiem-na-morze\/#breadcrumb","itemListElement":[{"@type":"ListItem","position":1,"name":"Home","item":"https:\/\/lojena.com\/pl\/"},{"@type":"ListItem","position":2,"name":"Ekskluzywny penthouse z trzema sypialniami i panoramicznym widokiem na morze"}]},{"@type":"WebSite","@id":"https:\/\/lojena.com\/#website","url":"https:\/\/lojena.com\/","name":"Villa Lojena","description":"Luxury Studios","potentialAction":[{"@type":"SearchAction","target":{"@type":"EntryPoint","urlTemplate":"https:\/\/lojena.com\/?s={search_term_string}"},"query-input":{"@type":"PropertyValueSpecification","valueRequired":true,"valueName":"search_term_string"}}],"inLanguage":"pl-PL"}]}},"_links":{"self":[{"href":"https:\/\/lojena.com\/pl\/wp-json\/wp\/v2\/product\/1842","targetHints":{"allow":["GET"]}}],"collection":[{"href":"https:\/\/lojena.com\/pl\/wp-json\/wp\/v2\/product"}],"about":[{"href":"https:\/\/lojena.com\/pl\/wp-json\/wp\/v2\/types\/product"}],"replies":[{"embeddable":true,"href":"https:\/\/lojena.com\/pl\/wp-json\/wp\/v2\/comments?post=1842"}],"wp:featuredmedia":[{"embeddable":true,"href":"https:\/\/lojena.com\/pl\/wp-json\/wp\/v2\/media\/2794"}],"wp:attachment":[{"href":"https:\/\/lojena.com\/pl\/wp-json\/wp\/v2\/media?parent=1842"}],"wp:term":[{"taxonomy":"product_brand","embeddable":true,"href":"https:\/\/lojena.com\/pl\/wp-json\/wp\/v2\/product_brand?post=1842"},{"taxonomy":"product_cat","embeddable":true,"href":"https:\/\/lojena.com\/pl\/wp-json\/wp\/v2\/product_cat?post=1842"},{"taxonomy":"product_tag","embeddable":true,"href":"https:\/\/lojena.com\/pl\/wp-json\/wp\/v2\/product_tag?post=1842"}],"curies":[{"name":"wp","href":"https:\/\/api.w.org\/{rel}","templated":true}]}}