{"id":1476,"date":"2026-02-25T12:48:35","date_gmt":"2026-02-25T12:48:35","guid":{"rendered":"https:\/\/lojena.com\/?post_type=product&#038;p=1476"},"modified":"2026-03-22T09:04:42","modified_gmt":"2026-03-22T09:04:42","slug":"studio-premium-z-widokiem-na-morze-id-2","status":"publish","type":"product","link":"https:\/\/lojena.com\/pl\/produkt\/studio-premium-z-widokiem-na-morze-id-2\/","title":{"rendered":"Studio Premium z widokiem na morze ID 2"},"content":{"rendered":"<p>Prze\u017cyj ucieczk\u0119 na parterze zaprojektowan\u0105 dla os\u00f3b ceni\u0105cych przestrze\u0144 i spok\u00f3j. To stylowe studio oferuje przestronny taras o powierzchni 40 m\u00b2, oferuj\u0105cy p\u0142ynne przej\u015bcie z eleganckiego wn\u0119trza do naturalnego pi\u0119kna naszego wiekowego ogrodu oliwnego. Zanurz si\u0119 w b\u0105belkach prywatnego jacuzzi o wymiarach 2&#215;2 m na tarasie \u2013 idealnej odskoczni od s\u0142onecznego dnia.<\/p>\n<p>Wn\u0119trze koncentruje si\u0119 na bezkompromisowym komforcie. Ciesz si\u0119 nowoczesn\u0105 przestrzeni\u0105 mieszkaln\u0105 z kuchni\u0105 gourmet, du\u017c\u0105, nowoczesn\u0105 \u0142azienk\u0105 i mi\u0119kkim podparciem 34-centymetrowych, hipoalergicznych materacy. Dzi\u0119ki klimatyzacji Daikin Twoje otoczenie zawsze b\u0119dzie dok\u0142adnie takie, jak lubisz.<\/p>\n<p>Zadbali\u015bmy o ka\u017cdy szczeg\u00f3\u0142: od b\u0142yskawicznego Wi-Fi 5G i Smart TV po wsp\u00f3ln\u0105 kostkark\u0119 do lodu na popo\u0142udniowe przek\u0105ski. Dzi\u0119ki naszym wliczonym w cen\u0119 us\u0142ugom prania i prasowania mo\u017cesz podr\u00f3\u017cowa\u0107 bez baga\u017cu i ca\u0142kowicie skupi\u0107 si\u0119 na otaczaj\u0105cym Ci\u0119 \u015br\u00f3dziemnomorskim spokoju.<\/p>\n","protected":false},"excerpt":{"rendered":"<p>Prze\u017cyj ucieczk\u0119 na parterze zaprojektowan\u0105 dla os\u00f3b ceni\u0105cych przestrze\u0144 i spok\u00f3j. To stylowe studio oferuje przestronny taras o powierzchni 40 m\u00b2, oferuj\u0105cy p\u0142ynne przej\u015bcie z eleganckiego wn\u0119trza do naturalnego pi\u0119kna naszego wiekowego ogrodu oliwnego. Zanurz si\u0119 w b\u0105belkach prywatnego jacuzzi o wymiarach 2&#215;2 m na tarasie \u2013 idealnej odskoczni od s\u0142onecznego dnia. Wn\u0119trze koncentruje si\u0119 [&hellip;]<\/p>\n","protected":false},"featured_media":1257,"comment_status":"closed","ping_status":"closed","template":"","meta":{"_acf_changed":false},"product_brand":[],"product_cat":[103],"product_tag":[],"class_list":{"0":"post-1476","1":"product","2":"type-product","3":"status-publish","4":"has-post-thumbnail","6":"product_cat-studio-premium-z-widokiem-na-morze","8":"first","9":"instock","10":"shipping-taxable","11":"purchasable","12":"product-type-simple"},"acf":[],"yoast_head":"<!-- This site is optimized with the Yoast SEO plugin v27.2 - https:\/\/yoast.com\/product\/yoast-seo-wordpress\/ -->\n<title>Studio Premium z widokiem na morze ID 2 - Villa Lojena<\/title>\n<meta name=\"robots\" content=\"index, follow, max-snippet:-1, max-image-preview:large, max-video-preview:-1\" \/>\n<link rel=\"canonical\" href=\"https:\/\/lojena.com\/pl\/produkt\/studio-premium-z-widokiem-na-morze-id-2\/\" \/>\n<meta property=\"og:locale\" content=\"pl_PL\" \/>\n<meta property=\"og:type\" content=\"article\" \/>\n<meta property=\"og:title\" content=\"Studio Premium z widokiem na morze ID 2 - Villa Lojena\" \/>\n<meta property=\"og:description\" content=\"Prze\u017cyj ucieczk\u0119 na parterze zaprojektowan\u0105 dla os\u00f3b ceni\u0105cych przestrze\u0144 i spok\u00f3j. To stylowe studio oferuje przestronny taras o powierzchni 40 m\u00b2, oferuj\u0105cy p\u0142ynne przej\u015bcie z eleganckiego wn\u0119trza do naturalnego pi\u0119kna naszego wiekowego ogrodu oliwnego. Zanurz si\u0119 w b\u0105belkach prywatnego jacuzzi o wymiarach 2&#215;2 m na tarasie \u2013 idealnej odskoczni od s\u0142onecznego dnia. Wn\u0119trze koncentruje si\u0119 [&hellip;]\" \/>\n<meta property=\"og:url\" content=\"https:\/\/lojena.com\/pl\/produkt\/studio-premium-z-widokiem-na-morze-id-2\/\" \/>\n<meta property=\"og:site_name\" content=\"Villa Lojena\" \/>\n<meta property=\"article:modified_time\" content=\"2026-03-22T09:04:42+00:00\" \/>\n<meta property=\"og:image\" content=\"https:\/\/lojena.com\/wp-content\/uploads\/2026\/02\/5-i-6.jpeg\" \/>\n\t<meta property=\"og:image:width\" content=\"1980\" \/>\n\t<meta property=\"og:image:height\" content=\"1485\" \/>\n\t<meta property=\"og:image:type\" content=\"image\/jpeg\" \/>\n<meta name=\"twitter:card\" content=\"summary_large_image\" \/>\n<meta name=\"twitter:label1\" content=\"Szacowany czas czytania\" \/>\n\t<meta name=\"twitter:data1\" content=\"1 minuta\" \/>\n<script type=\"application\/ld+json\" class=\"yoast-schema-graph\">{\"@context\":\"https:\/\/schema.org\",\"@graph\":[{\"@type\":\"WebPage\",\"@id\":\"https:\/\/lojena.com\/pl\/produkt\/studio-premium-z-widokiem-na-morze-id-2\/\",\"url\":\"https:\/\/lojena.com\/pl\/produkt\/studio-premium-z-widokiem-na-morze-id-2\/\",\"name\":\"Studio Premium z widokiem na morze ID 2 - Villa Lojena\",\"isPartOf\":{\"@id\":\"https:\/\/lojena.com\/#website\"},\"primaryImageOfPage\":{\"@id\":\"https:\/\/lojena.com\/pl\/produkt\/studio-premium-z-widokiem-na-morze-id-2\/#primaryimage\"},\"image\":{\"@id\":\"https:\/\/lojena.com\/pl\/produkt\/studio-premium-z-widokiem-na-morze-id-2\/#primaryimage\"},\"thumbnailUrl\":\"https:\/\/lojena.com\/wp-content\/uploads\/2026\/02\/5-i-6.jpeg\",\"datePublished\":\"2026-02-25T12:48:35+00:00\",\"dateModified\":\"2026-03-22T09:04:42+00:00\",\"breadcrumb\":{\"@id\":\"https:\/\/lojena.com\/pl\/produkt\/studio-premium-z-widokiem-na-morze-id-2\/#breadcrumb\"},\"inLanguage\":\"pl-PL\",\"potentialAction\":[{\"@type\":\"ReadAction\",\"target\":[\"https:\/\/lojena.com\/pl\/produkt\/studio-premium-z-widokiem-na-morze-id-2\/\"]}]},{\"@type\":\"ImageObject\",\"inLanguage\":\"pl-PL\",\"@id\":\"https:\/\/lojena.com\/pl\/produkt\/studio-premium-z-widokiem-na-morze-id-2\/#primaryimage\",\"url\":\"https:\/\/lojena.com\/wp-content\/uploads\/2026\/02\/5-i-6.jpeg\",\"contentUrl\":\"https:\/\/lojena.com\/wp-content\/uploads\/2026\/02\/5-i-6.jpeg\",\"width\":1980,\"height\":1485,\"caption\":\"Double sized bed with couch, coffe table and television\"},{\"@type\":\"BreadcrumbList\",\"@id\":\"https:\/\/lojena.com\/pl\/produkt\/studio-premium-z-widokiem-na-morze-id-2\/#breadcrumb\",\"itemListElement\":[{\"@type\":\"ListItem\",\"position\":1,\"name\":\"Home\",\"item\":\"https:\/\/lojena.com\/pl\/\"},{\"@type\":\"ListItem\",\"position\":2,\"name\":\"Studio Premium z widokiem na morze ID 2\"}]},{\"@type\":\"WebSite\",\"@id\":\"https:\/\/lojena.com\/#website\",\"url\":\"https:\/\/lojena.com\/\",\"name\":\"Villa Lojena\",\"description\":\"Luxury Studios\",\"potentialAction\":[{\"@type\":\"SearchAction\",\"target\":{\"@type\":\"EntryPoint\",\"urlTemplate\":\"https:\/\/lojena.com\/?s={search_term_string}\"},\"query-input\":{\"@type\":\"PropertyValueSpecification\",\"valueRequired\":true,\"valueName\":\"search_term_string\"}}],\"inLanguage\":\"pl-PL\"}]}<\/script>\n<!-- \/ Yoast SEO plugin. -->","yoast_head_json":{"title":"Studio Premium z widokiem na morze ID 2 - Villa Lojena","robots":{"index":"index","follow":"follow","max-snippet":"max-snippet:-1","max-image-preview":"max-image-preview:large","max-video-preview":"max-video-preview:-1"},"canonical":"https:\/\/lojena.com\/pl\/produkt\/studio-premium-z-widokiem-na-morze-id-2\/","og_locale":"pl_PL","og_type":"article","og_title":"Studio Premium z widokiem na morze ID 2 - Villa Lojena","og_description":"Prze\u017cyj ucieczk\u0119 na parterze zaprojektowan\u0105 dla os\u00f3b ceni\u0105cych przestrze\u0144 i spok\u00f3j. To stylowe studio oferuje przestronny taras o powierzchni 40 m\u00b2, oferuj\u0105cy p\u0142ynne przej\u015bcie z eleganckiego wn\u0119trza do naturalnego pi\u0119kna naszego wiekowego ogrodu oliwnego. Zanurz si\u0119 w b\u0105belkach prywatnego jacuzzi o wymiarach 2&#215;2 m na tarasie \u2013 idealnej odskoczni od s\u0142onecznego dnia. Wn\u0119trze koncentruje si\u0119 [&hellip;]","og_url":"https:\/\/lojena.com\/pl\/produkt\/studio-premium-z-widokiem-na-morze-id-2\/","og_site_name":"Villa Lojena","article_modified_time":"2026-03-22T09:04:42+00:00","og_image":[{"width":1980,"height":1485,"url":"https:\/\/lojena.com\/wp-content\/uploads\/2026\/02\/5-i-6.jpeg","type":"image\/jpeg"}],"twitter_card":"summary_large_image","twitter_misc":{"Szacowany czas czytania":"1 minuta"},"schema":{"@context":"https:\/\/schema.org","@graph":[{"@type":"WebPage","@id":"https:\/\/lojena.com\/pl\/produkt\/studio-premium-z-widokiem-na-morze-id-2\/","url":"https:\/\/lojena.com\/pl\/produkt\/studio-premium-z-widokiem-na-morze-id-2\/","name":"Studio Premium z widokiem na morze ID 2 - Villa Lojena","isPartOf":{"@id":"https:\/\/lojena.com\/#website"},"primaryImageOfPage":{"@id":"https:\/\/lojena.com\/pl\/produkt\/studio-premium-z-widokiem-na-morze-id-2\/#primaryimage"},"image":{"@id":"https:\/\/lojena.com\/pl\/produkt\/studio-premium-z-widokiem-na-morze-id-2\/#primaryimage"},"thumbnailUrl":"https:\/\/lojena.com\/wp-content\/uploads\/2026\/02\/5-i-6.jpeg","datePublished":"2026-02-25T12:48:35+00:00","dateModified":"2026-03-22T09:04:42+00:00","breadcrumb":{"@id":"https:\/\/lojena.com\/pl\/produkt\/studio-premium-z-widokiem-na-morze-id-2\/#breadcrumb"},"inLanguage":"pl-PL","potentialAction":[{"@type":"ReadAction","target":["https:\/\/lojena.com\/pl\/produkt\/studio-premium-z-widokiem-na-morze-id-2\/"]}]},{"@type":"ImageObject","inLanguage":"pl-PL","@id":"https:\/\/lojena.com\/pl\/produkt\/studio-premium-z-widokiem-na-morze-id-2\/#primaryimage","url":"https:\/\/lojena.com\/wp-content\/uploads\/2026\/02\/5-i-6.jpeg","contentUrl":"https:\/\/lojena.com\/wp-content\/uploads\/2026\/02\/5-i-6.jpeg","width":1980,"height":1485,"caption":"Double sized bed with couch, coffe table and television"},{"@type":"BreadcrumbList","@id":"https:\/\/lojena.com\/pl\/produkt\/studio-premium-z-widokiem-na-morze-id-2\/#breadcrumb","itemListElement":[{"@type":"ListItem","position":1,"name":"Home","item":"https:\/\/lojena.com\/pl\/"},{"@type":"ListItem","position":2,"name":"Studio Premium z widokiem na morze ID 2"}]},{"@type":"WebSite","@id":"https:\/\/lojena.com\/#website","url":"https:\/\/lojena.com\/","name":"Villa Lojena","description":"Luxury Studios","potentialAction":[{"@type":"SearchAction","target":{"@type":"EntryPoint","urlTemplate":"https:\/\/lojena.com\/?s={search_term_string}"},"query-input":{"@type":"PropertyValueSpecification","valueRequired":true,"valueName":"search_term_string"}}],"inLanguage":"pl-PL"}]}},"_links":{"self":[{"href":"https:\/\/lojena.com\/pl\/wp-json\/wp\/v2\/product\/1476","targetHints":{"allow":["GET"]}}],"collection":[{"href":"https:\/\/lojena.com\/pl\/wp-json\/wp\/v2\/product"}],"about":[{"href":"https:\/\/lojena.com\/pl\/wp-json\/wp\/v2\/types\/product"}],"replies":[{"embeddable":true,"href":"https:\/\/lojena.com\/pl\/wp-json\/wp\/v2\/comments?post=1476"}],"wp:featuredmedia":[{"embeddable":true,"href":"https:\/\/lojena.com\/pl\/wp-json\/wp\/v2\/media\/1257"}],"wp:attachment":[{"href":"https:\/\/lojena.com\/pl\/wp-json\/wp\/v2\/media?parent=1476"}],"wp:term":[{"taxonomy":"product_brand","embeddable":true,"href":"https:\/\/lojena.com\/pl\/wp-json\/wp\/v2\/product_brand?post=1476"},{"taxonomy":"product_cat","embeddable":true,"href":"https:\/\/lojena.com\/pl\/wp-json\/wp\/v2\/product_cat?post=1476"},{"taxonomy":"product_tag","embeddable":true,"href":"https:\/\/lojena.com\/pl\/wp-json\/wp\/v2\/product_tag?post=1476"}],"curies":[{"name":"wp","href":"https:\/\/api.w.org\/{rel}","templated":true}]}}