{"id":1650,"date":"2026-02-25T13:44:32","date_gmt":"2026-02-25T13:44:32","guid":{"rendered":"https:\/\/lojena.com\/?post_type=product&#038;p=1650"},"modified":"2026-03-22T08:59:22","modified_gmt":"2026-03-22T08:59:22","slug":"premium-studio-sajat-kulteri-pezsgofurdovel-id-1","status":"publish","type":"product","link":"https:\/\/lojena.com\/hu\/termek\/premium-studio-sajat-kulteri-pezsgofurdovel-id-1\/","title":{"rendered":"Pr\u00e9mium st\u00fadi\u00f3 saj\u00e1t k\u00fclt\u00e9ri pezsg\u0151f\u00fcrd\u0151vel ID 1"},"content":{"rendered":"<p>Fedezzen fel egy nyugodt b\u00fav\u00f3helyet, amelyet a modern luxusba burkolt nyugalomra \u00e9s egyszer\u0171s\u00e9gre v\u00e1gy\u00f3 p\u00e1rok sz\u00e1m\u00e1ra terveztek. Ez a t\u00e1gas \u00e9s funkcion\u00e1lis st\u00fadi\u00f3lak\u00e1s egy \u00e1rny\u00e9kos teraszra ny\u00edlik, ahonnan kil\u00e1t\u00e1s ny\u00edlik a k\u00f6rnyez\u0151 olajfaligetekre, idilli k\u00f6rnyezetet biztos\u00edtva egy kellemes reggelihez vagy egy csendes est\u00e9hez a csillagok alatt.<\/p>\n<p>A bels\u0151 t\u00e9r gondosan megtervezett, eleg\u00e1ns, modern b\u00fatorokkal, teljesen felszerelt konyh\u00e1val, nagy modern f\u00fcrd\u0151szob\u00e1val \u00e9s pr\u00e9mium 34 cm-es antiallerg\u00e9n matracokkal biztos\u00edtja a pihentet\u0151 \u00e9jszak\u00e1kat.<\/p>\n<p>A Daikin l\u00e9gkondicion\u00e1l\u00f3, az okost\u00e9v\u00e9 \u00e9s a nagy sebess\u00e9g\u0171 5G internet gondoskodik a k\u00e9nyelemr\u0151l \u00e9s a kapcsolatr\u00f3l, m\u00edg az ingyenes mosoda \u00e9s vasal\u00e1si szolg\u00e1ltat\u00e1s extra k\u00e9nyelmet biztos\u00edt.<\/p>\n<p>Az olajf\u00e1k \u00e9s az abszol\u00fat csend autentikus mediterr\u00e1n hangulat\u00e1ban elmer\u00fclve ez a st\u00fadi\u00f3lak\u00e1s a praktikum, a k\u00e9nyelem \u00e9s a teljes kikapcsol\u00f3d\u00e1s t\u00f6k\u00e9letes kever\u00e9k\u00e9t k\u00edn\u00e1lja.<\/p>\n","protected":false},"excerpt":{"rendered":"<p>Fedezzen fel egy nyugodt b\u00fav\u00f3helyet, amelyet a modern luxusba burkolt nyugalomra \u00e9s egyszer\u0171s\u00e9gre v\u00e1gy\u00f3 p\u00e1rok sz\u00e1m\u00e1ra terveztek. Ez a t\u00e1gas \u00e9s funkcion\u00e1lis st\u00fadi\u00f3lak\u00e1s egy \u00e1rny\u00e9kos teraszra ny\u00edlik, ahonnan kil\u00e1t\u00e1s ny\u00edlik a k\u00f6rnyez\u0151 olajfaligetekre, idilli k\u00f6rnyezetet biztos\u00edtva egy kellemes reggelihez vagy egy csendes est\u00e9hez a csillagok alatt. A bels\u0151 t\u00e9r gondosan megtervezett, eleg\u00e1ns, modern b\u00fatorokkal, teljesen [&hellip;]<\/p>\n","protected":false},"featured_media":2766,"comment_status":"closed","ping_status":"closed","template":"","meta":{"_acf_changed":false},"product_brand":[],"product_cat":[94],"product_tag":[],"class_list":{"0":"post-1650","1":"product","2":"type-product","3":"status-publish","4":"has-post-thumbnail","6":"product_cat-premium-studio-sajat-kulteri-pezsgofurdovel","8":"first","9":"instock","10":"shipping-taxable","11":"purchasable","12":"product-type-simple"},"acf":[],"yoast_head":"<!-- This site is optimized with the Yoast SEO plugin v27.2 - https:\/\/yoast.com\/product\/yoast-seo-wordpress\/ -->\n<title>Pr\u00e9mium st\u00fadi\u00f3 saj\u00e1t k\u00fclt\u00e9ri pezsg\u0151f\u00fcrd\u0151vel ID 1 - Villa Lojena<\/title>\n<meta name=\"robots\" content=\"index, follow, max-snippet:-1, max-image-preview:large, max-video-preview:-1\" \/>\n<link rel=\"canonical\" href=\"https:\/\/lojena.com\/hu\/termek\/premium-studio-sajat-kulteri-pezsgofurdovel-id-1\/\" \/>\n<meta property=\"og:locale\" content=\"hu_HU\" \/>\n<meta property=\"og:type\" content=\"article\" \/>\n<meta property=\"og:title\" content=\"Pr\u00e9mium st\u00fadi\u00f3 saj\u00e1t k\u00fclt\u00e9ri pezsg\u0151f\u00fcrd\u0151vel ID 1 - Villa Lojena\" \/>\n<meta property=\"og:description\" content=\"Fedezzen fel egy nyugodt b\u00fav\u00f3helyet, amelyet a modern luxusba burkolt nyugalomra \u00e9s egyszer\u0171s\u00e9gre v\u00e1gy\u00f3 p\u00e1rok sz\u00e1m\u00e1ra terveztek. Ez a t\u00e1gas \u00e9s funkcion\u00e1lis st\u00fadi\u00f3lak\u00e1s egy \u00e1rny\u00e9kos teraszra ny\u00edlik, ahonnan kil\u00e1t\u00e1s ny\u00edlik a k\u00f6rnyez\u0151 olajfaligetekre, idilli k\u00f6rnyezetet biztos\u00edtva egy kellemes reggelihez vagy egy csendes est\u00e9hez a csillagok alatt. A bels\u0151 t\u00e9r gondosan megtervezett, eleg\u00e1ns, modern b\u00fatorokkal, teljesen [&hellip;]\" \/>\n<meta property=\"og:url\" content=\"https:\/\/lojena.com\/hu\/termek\/premium-studio-sajat-kulteri-pezsgofurdovel-id-1\/\" \/>\n<meta property=\"og:site_name\" content=\"Villa Lojena\" \/>\n<meta property=\"article:modified_time\" content=\"2026-03-22T08:59:22+00:00\" \/>\n<meta property=\"og:image\" content=\"https:\/\/lojena.com\/wp-content\/uploads\/2026\/02\/5-po-redu-1980x1485-1.jpg\" \/>\n\t<meta property=\"og:image:width\" content=\"1980\" \/>\n\t<meta property=\"og:image:height\" content=\"1485\" \/>\n\t<meta property=\"og:image:type\" content=\"image\/jpeg\" \/>\n<meta name=\"twitter:card\" content=\"summary_large_image\" \/>\n<meta name=\"twitter:label1\" content=\"Becs\u00fclt olvas\u00e1si id\u0151\" \/>\n\t<meta name=\"twitter:data1\" content=\"1 perc\" \/>\n<script type=\"application\/ld+json\" class=\"yoast-schema-graph\">{\"@context\":\"https:\/\/schema.org\",\"@graph\":[{\"@type\":\"WebPage\",\"@id\":\"https:\/\/lojena.com\/hu\/termek\/premium-studio-sajat-kulteri-pezsgofurdovel-id-1\/\",\"url\":\"https:\/\/lojena.com\/hu\/termek\/premium-studio-sajat-kulteri-pezsgofurdovel-id-1\/\",\"name\":\"Pr\u00e9mium st\u00fadi\u00f3 saj\u00e1t k\u00fclt\u00e9ri pezsg\u0151f\u00fcrd\u0151vel ID 1 - Villa Lojena\",\"isPartOf\":{\"@id\":\"https:\/\/lojena.com\/#website\"},\"primaryImageOfPage\":{\"@id\":\"https:\/\/lojena.com\/hu\/termek\/premium-studio-sajat-kulteri-pezsgofurdovel-id-1\/#primaryimage\"},\"image\":{\"@id\":\"https:\/\/lojena.com\/hu\/termek\/premium-studio-sajat-kulteri-pezsgofurdovel-id-1\/#primaryimage\"},\"thumbnailUrl\":\"https:\/\/lojena.com\/wp-content\/uploads\/2026\/02\/5-po-redu-1980x1485-1.jpg\",\"datePublished\":\"2026-02-25T13:44:32+00:00\",\"dateModified\":\"2026-03-22T08:59:22+00:00\",\"breadcrumb\":{\"@id\":\"https:\/\/lojena.com\/hu\/termek\/premium-studio-sajat-kulteri-pezsgofurdovel-id-1\/#breadcrumb\"},\"inLanguage\":\"hu\",\"potentialAction\":[{\"@type\":\"ReadAction\",\"target\":[\"https:\/\/lojena.com\/hu\/termek\/premium-studio-sajat-kulteri-pezsgofurdovel-id-1\/\"]}]},{\"@type\":\"ImageObject\",\"inLanguage\":\"hu\",\"@id\":\"https:\/\/lojena.com\/hu\/termek\/premium-studio-sajat-kulteri-pezsgofurdovel-id-1\/#primaryimage\",\"url\":\"https:\/\/lojena.com\/wp-content\/uploads\/2026\/02\/5-po-redu-1980x1485-1.jpg\",\"contentUrl\":\"https:\/\/lojena.com\/wp-content\/uploads\/2026\/02\/5-po-redu-1980x1485-1.jpg\",\"width\":1980,\"height\":1485},{\"@type\":\"BreadcrumbList\",\"@id\":\"https:\/\/lojena.com\/hu\/termek\/premium-studio-sajat-kulteri-pezsgofurdovel-id-1\/#breadcrumb\",\"itemListElement\":[{\"@type\":\"ListItem\",\"position\":1,\"name\":\"Home\",\"item\":\"https:\/\/lojena.com\/hu\/\"},{\"@type\":\"ListItem\",\"position\":2,\"name\":\"Pr\u00e9mium st\u00fadi\u00f3 saj\u00e1t k\u00fclt\u00e9ri pezsg\u0151f\u00fcrd\u0151vel ID 1\"}]},{\"@type\":\"WebSite\",\"@id\":\"https:\/\/lojena.com\/#website\",\"url\":\"https:\/\/lojena.com\/\",\"name\":\"Villa Lojena\",\"description\":\"Luxury Studios\",\"potentialAction\":[{\"@type\":\"SearchAction\",\"target\":{\"@type\":\"EntryPoint\",\"urlTemplate\":\"https:\/\/lojena.com\/?s={search_term_string}\"},\"query-input\":{\"@type\":\"PropertyValueSpecification\",\"valueRequired\":true,\"valueName\":\"search_term_string\"}}],\"inLanguage\":\"hu\"}]}<\/script>\n<!-- \/ Yoast SEO plugin. -->","yoast_head_json":{"title":"Pr\u00e9mium st\u00fadi\u00f3 saj\u00e1t k\u00fclt\u00e9ri pezsg\u0151f\u00fcrd\u0151vel ID 1 - Villa Lojena","robots":{"index":"index","follow":"follow","max-snippet":"max-snippet:-1","max-image-preview":"max-image-preview:large","max-video-preview":"max-video-preview:-1"},"canonical":"https:\/\/lojena.com\/hu\/termek\/premium-studio-sajat-kulteri-pezsgofurdovel-id-1\/","og_locale":"hu_HU","og_type":"article","og_title":"Pr\u00e9mium st\u00fadi\u00f3 saj\u00e1t k\u00fclt\u00e9ri pezsg\u0151f\u00fcrd\u0151vel ID 1 - Villa Lojena","og_description":"Fedezzen fel egy nyugodt b\u00fav\u00f3helyet, amelyet a modern luxusba burkolt nyugalomra \u00e9s egyszer\u0171s\u00e9gre v\u00e1gy\u00f3 p\u00e1rok sz\u00e1m\u00e1ra terveztek. Ez a t\u00e1gas \u00e9s funkcion\u00e1lis st\u00fadi\u00f3lak\u00e1s egy \u00e1rny\u00e9kos teraszra ny\u00edlik, ahonnan kil\u00e1t\u00e1s ny\u00edlik a k\u00f6rnyez\u0151 olajfaligetekre, idilli k\u00f6rnyezetet biztos\u00edtva egy kellemes reggelihez vagy egy csendes est\u00e9hez a csillagok alatt. A bels\u0151 t\u00e9r gondosan megtervezett, eleg\u00e1ns, modern b\u00fatorokkal, teljesen [&hellip;]","og_url":"https:\/\/lojena.com\/hu\/termek\/premium-studio-sajat-kulteri-pezsgofurdovel-id-1\/","og_site_name":"Villa Lojena","article_modified_time":"2026-03-22T08:59:22+00:00","og_image":[{"width":1980,"height":1485,"url":"https:\/\/lojena.com\/wp-content\/uploads\/2026\/02\/5-po-redu-1980x1485-1.jpg","type":"image\/jpeg"}],"twitter_card":"summary_large_image","twitter_misc":{"Becs\u00fclt olvas\u00e1si id\u0151":"1 perc"},"schema":{"@context":"https:\/\/schema.org","@graph":[{"@type":"WebPage","@id":"https:\/\/lojena.com\/hu\/termek\/premium-studio-sajat-kulteri-pezsgofurdovel-id-1\/","url":"https:\/\/lojena.com\/hu\/termek\/premium-studio-sajat-kulteri-pezsgofurdovel-id-1\/","name":"Pr\u00e9mium st\u00fadi\u00f3 saj\u00e1t k\u00fclt\u00e9ri pezsg\u0151f\u00fcrd\u0151vel ID 1 - Villa Lojena","isPartOf":{"@id":"https:\/\/lojena.com\/#website"},"primaryImageOfPage":{"@id":"https:\/\/lojena.com\/hu\/termek\/premium-studio-sajat-kulteri-pezsgofurdovel-id-1\/#primaryimage"},"image":{"@id":"https:\/\/lojena.com\/hu\/termek\/premium-studio-sajat-kulteri-pezsgofurdovel-id-1\/#primaryimage"},"thumbnailUrl":"https:\/\/lojena.com\/wp-content\/uploads\/2026\/02\/5-po-redu-1980x1485-1.jpg","datePublished":"2026-02-25T13:44:32+00:00","dateModified":"2026-03-22T08:59:22+00:00","breadcrumb":{"@id":"https:\/\/lojena.com\/hu\/termek\/premium-studio-sajat-kulteri-pezsgofurdovel-id-1\/#breadcrumb"},"inLanguage":"hu","potentialAction":[{"@type":"ReadAction","target":["https:\/\/lojena.com\/hu\/termek\/premium-studio-sajat-kulteri-pezsgofurdovel-id-1\/"]}]},{"@type":"ImageObject","inLanguage":"hu","@id":"https:\/\/lojena.com\/hu\/termek\/premium-studio-sajat-kulteri-pezsgofurdovel-id-1\/#primaryimage","url":"https:\/\/lojena.com\/wp-content\/uploads\/2026\/02\/5-po-redu-1980x1485-1.jpg","contentUrl":"https:\/\/lojena.com\/wp-content\/uploads\/2026\/02\/5-po-redu-1980x1485-1.jpg","width":1980,"height":1485},{"@type":"BreadcrumbList","@id":"https:\/\/lojena.com\/hu\/termek\/premium-studio-sajat-kulteri-pezsgofurdovel-id-1\/#breadcrumb","itemListElement":[{"@type":"ListItem","position":1,"name":"Home","item":"https:\/\/lojena.com\/hu\/"},{"@type":"ListItem","position":2,"name":"Pr\u00e9mium st\u00fadi\u00f3 saj\u00e1t k\u00fclt\u00e9ri pezsg\u0151f\u00fcrd\u0151vel ID 1"}]},{"@type":"WebSite","@id":"https:\/\/lojena.com\/#website","url":"https:\/\/lojena.com\/","name":"Villa Lojena","description":"Luxury Studios","potentialAction":[{"@type":"SearchAction","target":{"@type":"EntryPoint","urlTemplate":"https:\/\/lojena.com\/?s={search_term_string}"},"query-input":{"@type":"PropertyValueSpecification","valueRequired":true,"valueName":"search_term_string"}}],"inLanguage":"hu"}]}},"_links":{"self":[{"href":"https:\/\/lojena.com\/hu\/wp-json\/wp\/v2\/product\/1650","targetHints":{"allow":["GET"]}}],"collection":[{"href":"https:\/\/lojena.com\/hu\/wp-json\/wp\/v2\/product"}],"about":[{"href":"https:\/\/lojena.com\/hu\/wp-json\/wp\/v2\/types\/product"}],"replies":[{"embeddable":true,"href":"https:\/\/lojena.com\/hu\/wp-json\/wp\/v2\/comments?post=1650"}],"wp:featuredmedia":[{"embeddable":true,"href":"https:\/\/lojena.com\/hu\/wp-json\/wp\/v2\/media\/2766"}],"wp:attachment":[{"href":"https:\/\/lojena.com\/hu\/wp-json\/wp\/v2\/media?parent=1650"}],"wp:term":[{"taxonomy":"product_brand","embeddable":true,"href":"https:\/\/lojena.com\/hu\/wp-json\/wp\/v2\/product_brand?post=1650"},{"taxonomy":"product_cat","embeddable":true,"href":"https:\/\/lojena.com\/hu\/wp-json\/wp\/v2\/product_cat?post=1650"},{"taxonomy":"product_tag","embeddable":true,"href":"https:\/\/lojena.com\/hu\/wp-json\/wp\/v2\/product_tag?post=1650"}],"curies":[{"name":"wp","href":"https:\/\/api.w.org\/{rel}","templated":true}]}}