{"id":1260,"date":"2026-02-25T12:27:41","date_gmt":"2026-02-25T12:27:41","guid":{"rendered":"https:\/\/lojena.com\/?post_type=product&#038;p=1260"},"modified":"2026-03-22T08:59:37","modified_gmt":"2026-03-22T08:59:37","slug":"premium-studio-tengerre-nezo-kilatassal-id-1","status":"publish","type":"product","link":"https:\/\/lojena.com\/hu\/termek\/premium-studio-tengerre-nezo-kilatassal-id-1\/","title":{"rendered":"Pr\u00e9mium st\u00fadi\u00f3 tengerre n\u00e9z\u0151 kil\u00e1t\u00e1ssal ID 1"},"content":{"rendered":"<p>L\u00e9pjen be saj\u00e1t, priv\u00e1t mened\u00e9k\u00e9be a Villa Lojena f\u00f6ldszintj\u00e9n. Ez az eleg\u00e1nsan berendezett st\u00fadi\u00f3 t\u00e1gas, 40 m\u00b2-es, \u00e1rny\u00e9kos terasszal rendelkezik, ahonnan \u00e9vsz\u00e1zados olajfaligetekre ny\u00edlik kil\u00e1t\u00e1s, \u00edgy t\u00f6k\u00e9letes hely a reggeli k\u00e1v\u00e9z\u00e1shoz, napoz\u00e1shoz vagy egyszer\u0171en csak a b\u00e9k\u00e9s kikapcsol\u00f3d\u00e1shoz.<\/p>\n<p>A f\u00e9nypont? Saj\u00e1t, 2&#215;2 m-es jakuzzi a teraszon, amely luxus kikapcsol\u00f3d\u00e1st k\u00edn\u00e1l teljes mag\u00e1n\u00e9letben.<\/p>\n<p>Bent modern \u00e9s st\u00edlusosan berendezett bels\u0151 teret tal\u00e1l teljesen felszerelt konyh\u00e1val, nagym\u00e9ret\u0171, modern f\u00fcrd\u0151szob\u00e1val, pr\u00e9mium, 34 cm-es antiallerg\u00e9n matracokkal a legm\u00e9lyebb alv\u00e1s\u00e9rt, \u00e9s Daikin l\u00e9gkondicion\u00e1l\u00f3val az eg\u00e9sz \u00e9ves k\u00e9nyelem\u00e9rt.<\/p>\n<p>Maradjon kapcsolatban az okost\u00e9v\u00e9vel \u00e9s a nagy sebess\u00e9g\u0171 5G internettel, \u00e9s \u00e9lvezze az ingyenes mosodai \u00e9s vasal\u00e1si szolg\u00e1ltat\u00e1st a val\u00f3ban gondtalan tart\u00f3zkod\u00e1s\u00e9rt. Az olajfaligetek \u00e9s a mediterr\u00e1n nyugalom \u00e1ltal k\u00f6r\u00fclvett st\u00fadi\u00f3 a t\u00f6k\u00e9letes romantikus kikapcsol\u00f3d\u00e1s.<\/p>\n<p>Egy k\u00f6z\u00f6s j\u00e9gg\u00e9p minden vend\u00e9g sz\u00e1m\u00e1ra rendelkez\u00e9sre \u00e1ll, mert minden ital meg\u00e9rdemli, hogy t\u00f6k\u00e9letesen leh\u0171tve legyen. Az ingyenes mosodai \u00e9s vasal\u00e1si szolg\u00e1ltat\u00e1s is benne van az \u00e1rban, \u00edgy k\u00f6nnyed\u00e9n csomagolhat, \u00e9s teljesen gondtalan tart\u00f3zkod\u00e1sban lehet r\u00e9sze.<\/p>\n","protected":false},"excerpt":{"rendered":"<p>L\u00e9pjen be saj\u00e1t, priv\u00e1t mened\u00e9k\u00e9be a Villa Lojena f\u00f6ldszintj\u00e9n. Ez az eleg\u00e1nsan berendezett st\u00fadi\u00f3 t\u00e1gas, 40 m\u00b2-es, \u00e1rny\u00e9kos terasszal rendelkezik, ahonnan \u00e9vsz\u00e1zados olajfaligetekre ny\u00edlik kil\u00e1t\u00e1s, \u00edgy t\u00f6k\u00e9letes hely a reggeli k\u00e1v\u00e9z\u00e1shoz, napoz\u00e1shoz vagy egyszer\u0171en csak a b\u00e9k\u00e9s kikapcsol\u00f3d\u00e1shoz. A f\u00e9nypont? Saj\u00e1t, 2&#215;2 m-es jakuzzi a teraszon, amely luxus kikapcsol\u00f3d\u00e1st k\u00edn\u00e1l teljes mag\u00e1n\u00e9letben. Bent modern \u00e9s [&hellip;]<\/p>\n","protected":false},"featured_media":1300,"comment_status":"closed","ping_status":"closed","template":"","meta":{"_acf_changed":false},"product_brand":[],"product_cat":[102],"product_tag":[],"class_list":{"0":"post-1260","1":"product","2":"type-product","3":"status-publish","4":"has-post-thumbnail","6":"product_cat-premium-studio-tengerre-nezo-kilatassal","8":"first","9":"instock","10":"shipping-taxable","11":"purchasable","12":"product-type-simple"},"acf":[],"yoast_head":"<!-- This site is optimized with the Yoast SEO plugin v27.2 - https:\/\/yoast.com\/product\/yoast-seo-wordpress\/ -->\n<title>Pr\u00e9mium st\u00fadi\u00f3 tengerre n\u00e9z\u0151 kil\u00e1t\u00e1ssal ID 1 - Villa Lojena<\/title>\n<meta name=\"robots\" content=\"index, follow, max-snippet:-1, max-image-preview:large, max-video-preview:-1\" \/>\n<link rel=\"canonical\" href=\"https:\/\/lojena.com\/hu\/termek\/premium-studio-tengerre-nezo-kilatassal-id-1\/\" \/>\n<meta property=\"og:locale\" content=\"hu_HU\" \/>\n<meta property=\"og:type\" content=\"article\" \/>\n<meta property=\"og:title\" content=\"Pr\u00e9mium st\u00fadi\u00f3 tengerre n\u00e9z\u0151 kil\u00e1t\u00e1ssal ID 1 - Villa Lojena\" \/>\n<meta property=\"og:description\" content=\"L\u00e9pjen be saj\u00e1t, priv\u00e1t mened\u00e9k\u00e9be a Villa Lojena f\u00f6ldszintj\u00e9n. Ez az eleg\u00e1nsan berendezett st\u00fadi\u00f3 t\u00e1gas, 40 m\u00b2-es, \u00e1rny\u00e9kos terasszal rendelkezik, ahonnan \u00e9vsz\u00e1zados olajfaligetekre ny\u00edlik kil\u00e1t\u00e1s, \u00edgy t\u00f6k\u00e9letes hely a reggeli k\u00e1v\u00e9z\u00e1shoz, napoz\u00e1shoz vagy egyszer\u0171en csak a b\u00e9k\u00e9s kikapcsol\u00f3d\u00e1shoz. A f\u00e9nypont? Saj\u00e1t, 2&#215;2 m-es jakuzzi a teraszon, amely luxus kikapcsol\u00f3d\u00e1st k\u00edn\u00e1l teljes mag\u00e1n\u00e9letben. Bent modern \u00e9s [&hellip;]\" \/>\n<meta property=\"og:url\" content=\"https:\/\/lojena.com\/hu\/termek\/premium-studio-tengerre-nezo-kilatassal-id-1\/\" \/>\n<meta property=\"og:site_name\" content=\"Villa Lojena\" \/>\n<meta property=\"article:modified_time\" content=\"2026-03-22T08:59:37+00:00\" \/>\n<meta property=\"og:image\" content=\"https:\/\/lojena.com\/wp-content\/uploads\/2026\/02\/5-i-6-app.jpeg\" \/>\n\t<meta property=\"og:image:width\" content=\"1980\" \/>\n\t<meta property=\"og:image:height\" content=\"1485\" \/>\n\t<meta property=\"og:image:type\" content=\"image\/jpeg\" \/>\n<meta name=\"twitter:card\" content=\"summary_large_image\" \/>\n<meta name=\"twitter:label1\" content=\"Becs\u00fclt olvas\u00e1si id\u0151\" \/>\n\t<meta name=\"twitter:data1\" content=\"1 perc\" \/>\n<script type=\"application\/ld+json\" class=\"yoast-schema-graph\">{\"@context\":\"https:\/\/schema.org\",\"@graph\":[{\"@type\":\"WebPage\",\"@id\":\"https:\/\/lojena.com\/hu\/termek\/premium-studio-tengerre-nezo-kilatassal-id-1\/\",\"url\":\"https:\/\/lojena.com\/hu\/termek\/premium-studio-tengerre-nezo-kilatassal-id-1\/\",\"name\":\"Pr\u00e9mium st\u00fadi\u00f3 tengerre n\u00e9z\u0151 kil\u00e1t\u00e1ssal ID 1 - Villa Lojena\",\"isPartOf\":{\"@id\":\"https:\/\/lojena.com\/#website\"},\"primaryImageOfPage\":{\"@id\":\"https:\/\/lojena.com\/hu\/termek\/premium-studio-tengerre-nezo-kilatassal-id-1\/#primaryimage\"},\"image\":{\"@id\":\"https:\/\/lojena.com\/hu\/termek\/premium-studio-tengerre-nezo-kilatassal-id-1\/#primaryimage\"},\"thumbnailUrl\":\"https:\/\/lojena.com\/wp-content\/uploads\/2026\/02\/5-i-6-app.jpeg\",\"datePublished\":\"2026-02-25T12:27:41+00:00\",\"dateModified\":\"2026-03-22T08:59:37+00:00\",\"breadcrumb\":{\"@id\":\"https:\/\/lojena.com\/hu\/termek\/premium-studio-tengerre-nezo-kilatassal-id-1\/#breadcrumb\"},\"inLanguage\":\"hu\",\"potentialAction\":[{\"@type\":\"ReadAction\",\"target\":[\"https:\/\/lojena.com\/hu\/termek\/premium-studio-tengerre-nezo-kilatassal-id-1\/\"]}]},{\"@type\":\"ImageObject\",\"inLanguage\":\"hu\",\"@id\":\"https:\/\/lojena.com\/hu\/termek\/premium-studio-tengerre-nezo-kilatassal-id-1\/#primaryimage\",\"url\":\"https:\/\/lojena.com\/wp-content\/uploads\/2026\/02\/5-i-6-app.jpeg\",\"contentUrl\":\"https:\/\/lojena.com\/wp-content\/uploads\/2026\/02\/5-i-6-app.jpeg\",\"width\":1980,\"height\":1485,\"caption\":\"View of the pool from the apartment terrace\"},{\"@type\":\"BreadcrumbList\",\"@id\":\"https:\/\/lojena.com\/hu\/termek\/premium-studio-tengerre-nezo-kilatassal-id-1\/#breadcrumb\",\"itemListElement\":[{\"@type\":\"ListItem\",\"position\":1,\"name\":\"Home\",\"item\":\"https:\/\/lojena.com\/hu\/\"},{\"@type\":\"ListItem\",\"position\":2,\"name\":\"Pr\u00e9mium st\u00fadi\u00f3 tengerre n\u00e9z\u0151 kil\u00e1t\u00e1ssal ID 1\"}]},{\"@type\":\"WebSite\",\"@id\":\"https:\/\/lojena.com\/#website\",\"url\":\"https:\/\/lojena.com\/\",\"name\":\"Villa Lojena\",\"description\":\"Luxury Studios\",\"potentialAction\":[{\"@type\":\"SearchAction\",\"target\":{\"@type\":\"EntryPoint\",\"urlTemplate\":\"https:\/\/lojena.com\/?s={search_term_string}\"},\"query-input\":{\"@type\":\"PropertyValueSpecification\",\"valueRequired\":true,\"valueName\":\"search_term_string\"}}],\"inLanguage\":\"hu\"}]}<\/script>\n<!-- \/ Yoast SEO plugin. -->","yoast_head_json":{"title":"Pr\u00e9mium st\u00fadi\u00f3 tengerre n\u00e9z\u0151 kil\u00e1t\u00e1ssal ID 1 - Villa Lojena","robots":{"index":"index","follow":"follow","max-snippet":"max-snippet:-1","max-image-preview":"max-image-preview:large","max-video-preview":"max-video-preview:-1"},"canonical":"https:\/\/lojena.com\/hu\/termek\/premium-studio-tengerre-nezo-kilatassal-id-1\/","og_locale":"hu_HU","og_type":"article","og_title":"Pr\u00e9mium st\u00fadi\u00f3 tengerre n\u00e9z\u0151 kil\u00e1t\u00e1ssal ID 1 - Villa Lojena","og_description":"L\u00e9pjen be saj\u00e1t, priv\u00e1t mened\u00e9k\u00e9be a Villa Lojena f\u00f6ldszintj\u00e9n. Ez az eleg\u00e1nsan berendezett st\u00fadi\u00f3 t\u00e1gas, 40 m\u00b2-es, \u00e1rny\u00e9kos terasszal rendelkezik, ahonnan \u00e9vsz\u00e1zados olajfaligetekre ny\u00edlik kil\u00e1t\u00e1s, \u00edgy t\u00f6k\u00e9letes hely a reggeli k\u00e1v\u00e9z\u00e1shoz, napoz\u00e1shoz vagy egyszer\u0171en csak a b\u00e9k\u00e9s kikapcsol\u00f3d\u00e1shoz. A f\u00e9nypont? Saj\u00e1t, 2&#215;2 m-es jakuzzi a teraszon, amely luxus kikapcsol\u00f3d\u00e1st k\u00edn\u00e1l teljes mag\u00e1n\u00e9letben. Bent modern \u00e9s [&hellip;]","og_url":"https:\/\/lojena.com\/hu\/termek\/premium-studio-tengerre-nezo-kilatassal-id-1\/","og_site_name":"Villa Lojena","article_modified_time":"2026-03-22T08:59:37+00:00","og_image":[{"width":1980,"height":1485,"url":"https:\/\/lojena.com\/wp-content\/uploads\/2026\/02\/5-i-6-app.jpeg","type":"image\/jpeg"}],"twitter_card":"summary_large_image","twitter_misc":{"Becs\u00fclt olvas\u00e1si id\u0151":"1 perc"},"schema":{"@context":"https:\/\/schema.org","@graph":[{"@type":"WebPage","@id":"https:\/\/lojena.com\/hu\/termek\/premium-studio-tengerre-nezo-kilatassal-id-1\/","url":"https:\/\/lojena.com\/hu\/termek\/premium-studio-tengerre-nezo-kilatassal-id-1\/","name":"Pr\u00e9mium st\u00fadi\u00f3 tengerre n\u00e9z\u0151 kil\u00e1t\u00e1ssal ID 1 - Villa Lojena","isPartOf":{"@id":"https:\/\/lojena.com\/#website"},"primaryImageOfPage":{"@id":"https:\/\/lojena.com\/hu\/termek\/premium-studio-tengerre-nezo-kilatassal-id-1\/#primaryimage"},"image":{"@id":"https:\/\/lojena.com\/hu\/termek\/premium-studio-tengerre-nezo-kilatassal-id-1\/#primaryimage"},"thumbnailUrl":"https:\/\/lojena.com\/wp-content\/uploads\/2026\/02\/5-i-6-app.jpeg","datePublished":"2026-02-25T12:27:41+00:00","dateModified":"2026-03-22T08:59:37+00:00","breadcrumb":{"@id":"https:\/\/lojena.com\/hu\/termek\/premium-studio-tengerre-nezo-kilatassal-id-1\/#breadcrumb"},"inLanguage":"hu","potentialAction":[{"@type":"ReadAction","target":["https:\/\/lojena.com\/hu\/termek\/premium-studio-tengerre-nezo-kilatassal-id-1\/"]}]},{"@type":"ImageObject","inLanguage":"hu","@id":"https:\/\/lojena.com\/hu\/termek\/premium-studio-tengerre-nezo-kilatassal-id-1\/#primaryimage","url":"https:\/\/lojena.com\/wp-content\/uploads\/2026\/02\/5-i-6-app.jpeg","contentUrl":"https:\/\/lojena.com\/wp-content\/uploads\/2026\/02\/5-i-6-app.jpeg","width":1980,"height":1485,"caption":"View of the pool from the apartment terrace"},{"@type":"BreadcrumbList","@id":"https:\/\/lojena.com\/hu\/termek\/premium-studio-tengerre-nezo-kilatassal-id-1\/#breadcrumb","itemListElement":[{"@type":"ListItem","position":1,"name":"Home","item":"https:\/\/lojena.com\/hu\/"},{"@type":"ListItem","position":2,"name":"Pr\u00e9mium st\u00fadi\u00f3 tengerre n\u00e9z\u0151 kil\u00e1t\u00e1ssal ID 1"}]},{"@type":"WebSite","@id":"https:\/\/lojena.com\/#website","url":"https:\/\/lojena.com\/","name":"Villa Lojena","description":"Luxury Studios","potentialAction":[{"@type":"SearchAction","target":{"@type":"EntryPoint","urlTemplate":"https:\/\/lojena.com\/?s={search_term_string}"},"query-input":{"@type":"PropertyValueSpecification","valueRequired":true,"valueName":"search_term_string"}}],"inLanguage":"hu"}]}},"_links":{"self":[{"href":"https:\/\/lojena.com\/hu\/wp-json\/wp\/v2\/product\/1260","targetHints":{"allow":["GET"]}}],"collection":[{"href":"https:\/\/lojena.com\/hu\/wp-json\/wp\/v2\/product"}],"about":[{"href":"https:\/\/lojena.com\/hu\/wp-json\/wp\/v2\/types\/product"}],"replies":[{"embeddable":true,"href":"https:\/\/lojena.com\/hu\/wp-json\/wp\/v2\/comments?post=1260"}],"wp:featuredmedia":[{"embeddable":true,"href":"https:\/\/lojena.com\/hu\/wp-json\/wp\/v2\/media\/1300"}],"wp:attachment":[{"href":"https:\/\/lojena.com\/hu\/wp-json\/wp\/v2\/media?parent=1260"}],"wp:term":[{"taxonomy":"product_brand","embeddable":true,"href":"https:\/\/lojena.com\/hu\/wp-json\/wp\/v2\/product_brand?post=1260"},{"taxonomy":"product_cat","embeddable":true,"href":"https:\/\/lojena.com\/hu\/wp-json\/wp\/v2\/product_cat?post=1260"},{"taxonomy":"product_tag","embeddable":true,"href":"https:\/\/lojena.com\/hu\/wp-json\/wp\/v2\/product_tag?post=1260"}],"curies":[{"name":"wp","href":"https:\/\/api.w.org\/{rel}","templated":true}]}}