{"id":2215,"date":"2026-02-05T07:08:14","date_gmt":"2026-02-05T07:08:14","guid":{"rendered":"https:\/\/lojena.com\/?page_id=2215"},"modified":"2026-03-24T12:00:30","modified_gmt":"2026-03-24T12:00:30","slug":"adatkezelesi-tajekoztato","status":"publish","type":"page","link":"https:\/\/lojena.com\/hu\/adatkezelesi-tajekoztato\/","title":{"rendered":"Adatkezel\u00e9si t\u00e1j\u00e9koztat\u00f3"},"content":{"rendered":"\n<h1 class=\"wp-block-heading\">Adatkezel\u00e9si t\u00e1j\u00e9koztat\u00f3<\/h1>\n\n\n\n<h2 class=\"wp-block-heading\">Mi sem szeretj\u00fck a k\u00e9retlen leveleket (Spam)!<\/h2>\n\n\n\n<p id=\"p-rc_4d6f92845c2d1f59-19\">A Murter rentals d.o.o., Sali XII 6, 23281 Sali (a tov\u00e1bbiakban: Villa Lojena) k\u00f6telezetts\u00e9get v\u00e1llal minden \u00fcgyfele mag\u00e1n\u00e9let\u00e9nek v\u00e9delm\u00e9re. Jelen nyilatkozattal k\u00f6telezz\u00fck magunkat weboldalunk felhaszn\u00e1l\u00f3i, A Murter rentals d.o.o., Sali XII 6, 23281 Sali (a tov\u00e1bbiakban: Villa Lojena) k\u00f6telezetts\u00e9get v\u00e1llal minden \u00fcgyfele mag\u00e1n\u00e9let\u00e9nek v\u00e9delm\u00e9re. Jelen nyilatkozattal k\u00f6telezz\u00fck magunkat weboldalunk felhaszn\u00e1l\u00f3i, v\u00e1s\u00e1rl\u00f3i \u00e9s l\u00e1togat\u00f3i mag\u00e1n\u00e9let\u00e9nek v\u00e9delm\u00e9re, valamint a weboldalon kereszt\u00fcl sz\u00e1munkra \u00e1tadott szem\u00e9lyes adatok biztons\u00e1g\u00e1ra.<\/p>\n\n\n\n<p>Ez a t\u00e1j\u00e9koztat\u00f3 ismerteti azokat az inform\u00e1ci\u00f3t\u00edpusokat, amelyeket weboldalunk l\u00e1togat\u00e1sa sor\u00e1n gy\u0171jthet\u00fcnk \u00d6nr\u0151l, tov\u00e1bb\u00e1 elmagyar\u00e1zza, hogyan haszn\u00e1ljuk fel ezeket az adatokat, \u00e9s milyen l\u00e9p\u00e9seket tesz\u00fcnk azok v\u00e9delme \u00e9rdek\u00e9ben.<\/p>\n\n\n\n<h4 class=\"wp-block-heading\">Milyen adatokat gy\u0171jt\u00fcnk \u00d6nr\u0151l, \u00e9s hogyan haszn\u00e1ljuk fel azokat?<\/h4>\n\n\n\n<p>\u00c1ltal\u00e1noss\u00e1gban elmondhat\u00f3, hogy weboldalunkat b\u00e1rmilyen szem\u00e9lyes adat felfed\u00e9se n\u00e9lk\u00fcl is megl\u00e1togathatja. Nem gy\u0171jt\u00fcnk \u00d6nr\u0151l szem\u00e9lyes adatokat (p\u00e9ld\u00e1ul nevet \u00e9s el\u00e9rhet\u0151s\u00e9get), amikor ell\u00e1togat erre az oldalra, kiv\u00e9ve, ha \u00d6n \u00f6nk\u00e9ntesen ad meg adatokat a rendelkez\u00e9sre \u00e1ll\u00f3 \u0171rlapok egyik\u00e9n (kapcsolati \u0171rlap vagy foglal\u00e1si\/v\u00e1s\u00e1rl\u00e1si \u0171rlap), \u00e9s ezzel hozz\u00e1j\u00e1rul\u00e1s\u00e1t adja szem\u00e9lyes adatainak a megjel\u00f6lt c\u00e9lokra t\u00f6rt\u00e9n\u0151 gy\u0171jt\u00e9s\u00e9hez \u00e9s felhaszn\u00e1l\u00e1s\u00e1hoz.<\/p>\n\n\n\n<p>Minden szem\u00e9lyes adatot kiz\u00e1r\u00f3lag arra a c\u00e9lra haszn\u00e1lunk fel, amelyre azt gy\u0171jt\u00f6tt\u00fck. V\u00e1s\u00e1rl\u00e1st \u00e9s foglal\u00e1st kiz\u00e1r\u00f3lag 18. \u00e9let\u00e9v\u00fcket bet\u00f6lt\u00f6tt szem\u00e9lyek v\u00e9gezhetnek. A gy\u0171jt\u00f6tt adatokat semmilyen m\u00f3don nem tessz\u00fck hozz\u00e1f\u00e9rhet\u0151v\u00e9 illet\u00e9ktelen harmadik felek sz\u00e1m\u00e1ra, kiv\u00e9ve a t\u00f6rv\u00e9ny \u00e1ltal el\u0151\u00edrt c\u00e9lokat (p\u00e9ld\u00e1ul a horv\u00e1t jogszab\u00e1lyok \u00e1ltal el\u0151\u00edrt k\u00f6telez\u0151 <strong>e-Visitor<\/strong> regisztr\u00e1ci\u00f3t).<\/p>\n\n\n\n<h4 class=\"wp-block-heading\">Inform\u00e1ci\u00f3megoszt\u00e1s felhatalmazott harmadik felekkel<\/h4>\n\n\n\n<p>Az \u00d6n adatait az al\u00e1bbi c\u00e9lokb\u00f3l osztjuk meg felhatalmazott harmadik felekkel:<\/p>\n\n\n\n<ul class=\"wp-block-list\">\n<li><strong>Google Analytics:<\/strong> A Google anonim m\u00f3don gy\u0171jt inform\u00e1ci\u00f3kat a weboldalunkon haszn\u00e1lt Google Analytics szolg\u00e1ltat\u00e1son kereszt\u00fcl, hogy a visszajelz\u00e9sek alapj\u00e1n seg\u00edtsen jav\u00edtani \u00fczleti tev\u00e9kenys\u00e9g\u00fcnket. Itt iratkozhat le: <a href=\"https:\/\/tools.google.com\/dlpage\/gaoptout\" target=\"_blank\" rel=\"noreferrer noopener\">https:\/\/tools.google.com\/dlpage\/gaoptout<\/a>.<\/li>\n\n\n\n<li><strong>Google Maps:<\/strong> A Google Maps szolg\u00e1ltat\u00e1st haszn\u00e1ljuk apartmanjaink helymeghat\u00e1roz\u00e1s\u00e1hoz. A Google IP-c\u00edmeket \u00e9s s\u00fcti (cookie) adatokat gy\u0171jthet a saj\u00e1t adatv\u00e9delmi szab\u00e1lyzat\u00e1val \u00f6sszhangban.<\/li>\n\n\n\n<li><strong>K\u00f6nyvel\u00e9s:<\/strong> Ad\u00f3z\u00e1si c\u00e9lb\u00f3l megosztjuk az adatokat k\u00f6nyvel\u0151inkkel, k\u00fcl\u00f6n\u00f6sen az \u00d6n tart\u00f3zkod\u00e1s\u00e1r\u00f3l ki\u00e1ll\u00edtott sz\u00e1ml\u00e1kat az ad\u00f3bevall\u00e1sok \u00e9s az \u00e9v v\u00e9gi elsz\u00e1mol\u00e1sok elk\u00e9sz\u00edt\u00e9se \u00e9rdek\u00e9ben.<\/li>\n\n\n\n<li><strong>Banki \u00e1tutal\u00e1sok:<\/strong> Mivel minden fizet\u00e9s k\u00f6zvetlen banki \u00e1tutal\u00e1ssal t\u00f6rt\u00e9nik, az \u00d6n tranzakci\u00f3s adatait az illet\u00e9kes bankint\u00e9zetek dolgozz\u00e1k fel a szerz\u0151d\u00e9s teljes\u00edt\u00e9se \u00e9rdek\u00e9ben.<\/li>\n<\/ul>\n\n\n\n<h4 class=\"wp-block-heading\">A kezelt szem\u00e9lyes adatok t\u00edpusai<\/h4>\n\n\n\n<ul class=\"wp-block-list\">\n<li><strong>Kapcsolati \u0171rlap:<\/strong> Vezet\u00e9kn\u00e9v \u00e9s keresztn\u00e9v, e-mail c\u00edm \u00e9s b\u00e1rmilyen tov\u00e1bbi megadott inform\u00e1ci\u00f3 (telefon, c\u00edm).<\/li>\n\n\n\n<li><strong>Foglal\u00e1si\/V\u00e1s\u00e1rl\u00e1si \u0171rlap:<\/strong> Orsz\u00e1g, vezet\u00e9kn\u00e9v \u00e9s keresztn\u00e9v, e-mail c\u00edm, lakc\u00edm, v\u00e1ros, ir\u00e1ny\u00edt\u00f3sz\u00e1m \u00e9s telefonsz\u00e1m.<\/li>\n\n\n\n<li><strong>Automatikusan gy\u0171jt\u00f6tt adatok:<\/strong> Szervernapl\u00f3-f\u00e1jlokban automatikusan gy\u0171jt\u00fcnk inform\u00e1ci\u00f3kat, p\u00e9ld\u00e1ul az \u00d6n IP-c\u00edm\u00e9t, a b\u00f6ng\u00e9sz\u0151 t\u00edpus\u00e1t \u00e9s az oper\u00e1ci\u00f3s rendszert a technikai megold\u00e1saink kezel\u00e9se \u00e9s a felhaszn\u00e1l\u00f3i \u00e9lm\u00e9ny jav\u00edt\u00e1sa \u00e9rdek\u00e9ben.<\/li>\n<\/ul>\n\n\n\n<h4 class=\"wp-block-heading\">Az \u00e9rintettek jogai<\/h4>\n\n\n\n<p>Biztos\u00edtjuk a felt\u00e9teleket ahhoz, hogy \u00d6n d\u00f6nthessen szem\u00e9lyes adatainak kezel\u00e9s\u00e9r\u0151l. \u00d6n a k\u00f6vetkez\u0151 jogokkal rendelkezik:<\/p>\n\n\n\n<ul class=\"wp-block-list\">\n<li><strong>Hozz\u00e1f\u00e9r\u00e9shez val\u00f3 jog:<\/strong> Meger\u0151s\u00edt\u00e9st k\u00e9rhet arr\u00f3l, hogy kezelj\u00fck-e az adatait.<\/li>\n\n\n\n<li><strong>Helyesb\u00edt\u00e9shez val\u00f3 jog:<\/strong> K\u00e9rheti a pontatlan vagy hi\u00e1nyos adatok jav\u00edt\u00e1s\u00e1t.<\/li>\n\n\n\n<li><strong>T\u00f6rl\u00e9shez val\u00f3 jog (\u201eaz elfeledtet\u00e9shez val\u00f3 jog\u201d):<\/strong> K\u00e9rheti az adatok t\u00f6rl\u00e9s\u00e9t, ha visszavonja hozz\u00e1j\u00e1rul\u00e1s\u00e1t, vagy ha az adatokat jogellenesen kezelik, felt\u00e9ve, hogy azok nem sz\u00fcks\u00e9gesek jogi\/szerz\u0151d\u00e9ses k\u00f6telezetts\u00e9gekhez.<\/li>\n\n\n\n<li><strong>Az adatkezel\u00e9s korl\u00e1toz\u00e1s\u00e1hoz val\u00f3 jog.<\/strong><\/li>\n\n\n\n<li><strong>Adathordozhat\u00f3s\u00e1ghoz val\u00f3 jog.<\/strong><\/li>\n\n\n\n<li><strong>Tiltakoz\u00e1shoz val\u00f3 jog:<\/strong> K\u00fcl\u00f6n\u00f6sen a k\u00f6zvetlen \u00fczletszerz\u00e9si (marketing) c\u00e9lok tekintet\u00e9ben.<\/li>\n<\/ul>\n\n\n\n<h4 class=\"wp-block-heading\">Panaszt\u00e9tel joga a fel\u00fcgyeleti hat\u00f3s\u00e1gn\u00e1l<\/h4>\n\n\n\n<p>Ha \u00fagy v\u00e9li, hogy szem\u00e9lyes adatainak kezel\u00e9se s\u00e9rti az \u00c1ltal\u00e1nos Adatv\u00e9delmi Rendeletet (GDPR), joga van panaszt tenni a horv\u00e1t <strong>Szem\u00e9lyes Adatv\u00e9delmi \u00dcgyn\u00f6ks\u00e9gn\u00e9l (AZOP)<\/strong>: Marti\u0107eva ulica 14, 10000 Z\u00e1gr\u00e1b, Horv\u00e1torsz\u00e1g (<a target=\"_blank\" rel=\"noreferrer noopener\" href=\"http:\/\/azop.hr\/\">http:\/\/azop.hr\/<\/a>).<\/p>\n\n\n\n<h4 class=\"wp-block-heading\">A hozz\u00e1j\u00e1rul\u00e1s visszavon\u00e1s\u00e1nak joga<\/h4>\n\n\n\n<p>Amennyiben az adatkezel\u00e9s az \u00d6n hozz\u00e1j\u00e1rul\u00e1s\u00e1n alapul, b\u00e1rmikor joga van azt visszavonni az al\u00e1bbi e-mail c\u00edmre k\u00fcld\u00f6tt lev\u00e9lben: <strong>[Illessze be az e-mailt az ACF opci\u00f3kb\u00f3l]<\/strong>. Az \u00d6n v\u00e9delme \u00e9rdek\u00e9ben a k\u00e9relmez\u0151 azonos\u00edt\u00e1sa sz\u00fcks\u00e9ges.<\/p>\n\n\n\n<h4 class=\"wp-block-heading\">Szem\u00e9lyes adatainak biztons\u00e1ga<\/h4>\n\n\n\n<p>Elk\u00f6telezettek vagyunk amellett, hogy megfelel\u0151 technikai \u00e9s szervez\u00e9si int\u00e9zked\u00e9seket tegy\u00fcnk szem\u00e9lyes adatainak v\u00e9delme \u00e9rdek\u00e9ben a jogosulatlan kezel\u00e9s, a v\u00e9letlen elveszt\u00e9s vagy k\u00e1rosod\u00e1s ellen. Az \u00d6n adatait biztons\u00e1gos m\u00f3don, kiv\u00e1l\u00f3 min\u0151s\u00e9g\u0171 titkos\u00edt\u00e1ssal tov\u00e1bb\u00edtjuk az interneten kereszt\u00fcl, \u00e9s az EU-ban tal\u00e1lhat\u00f3 biztons\u00e1gos szervereken t\u00e1roljuk.<\/p>\n\n\n\n<h4 class=\"wp-block-heading\">F\u00e9lre\u00e9rt\u00e9sek rendez\u00e9se<\/h4>\n\n\n\n<p>Az esetleges f\u00e9lre\u00e9rt\u00e9sek tiszt\u00e1z\u00e1sa vagy tov\u00e1bbi k\u00e9rd\u00e9sek eset\u00e9n k\u00e9rj\u00fck, haszn\u00e1lja az al\u00e1bbi e-mail c\u00edmet: info@lojena.com.<\/p>\n\n\n\n<p><strong>Kapcsolat:<\/strong> Tov\u00e1bbi k\u00e9rd\u00e9sek eset\u00e9n az al\u00e1bbi el\u00e9rhet\u0151s\u00e9geken kereshet minket:<\/p>\n\n\n\n<p><strong>E-mail:<\/strong> info@lojena.com<\/p>\n\n\n\n<p><strong>Telefon:<\/strong> +385 98 169 3495<\/p>\n\n\n\n<div style=\"height:110px\" aria-hidden=\"true\" class=\"wp-block-spacer\"><\/div>\n","protected":false},"excerpt":{"rendered":"<p>Adatkezel\u00e9si t\u00e1j\u00e9koztat\u00f3 Mi sem szeretj\u00fck a k\u00e9retlen leveleket (Spam)! A Murter rentals d.o.o., Sali XII 6, 23281 Sali (a tov\u00e1bbiakban: Villa Lojena) k\u00f6telezetts\u00e9get v\u00e1llal minden \u00fcgyfele mag\u00e1n\u00e9let\u00e9nek v\u00e9delm\u00e9re. Jelen nyilatkozattal k\u00f6telezz\u00fck magunkat weboldalunk felhaszn\u00e1l\u00f3i, A Murter rentals d.o.o., Sali XII 6, 23281 Sali (a tov\u00e1bbiakban: Villa Lojena) k\u00f6telezetts\u00e9get v\u00e1llal minden \u00fcgyfele mag\u00e1n\u00e9let\u00e9nek v\u00e9delm\u00e9re. Jelen nyilatkozattal [&hellip;]<\/p>\n","protected":false},"author":1,"featured_media":0,"parent":0,"menu_order":0,"comment_status":"closed","ping_status":"open","template":"page-content.php","meta":{"_acf_changed":false,"footnotes":""},"class_list":["post-2215","page","type-page","status-publish","hentry"],"acf":[],"yoast_head":"<!-- This site is optimized with the Yoast SEO plugin v27.2 - https:\/\/yoast.com\/product\/yoast-seo-wordpress\/ -->\n<title>Adatkezel\u00e9si t\u00e1j\u00e9koztat\u00f3 - Villa Lojena<\/title>\n<meta name=\"robots\" content=\"index, follow, max-snippet:-1, max-image-preview:large, max-video-preview:-1\" \/>\n<link rel=\"canonical\" href=\"https:\/\/lojena.com\/hu\/adatkezelesi-tajekoztato\/\" \/>\n<meta property=\"og:locale\" content=\"hu_HU\" \/>\n<meta property=\"og:type\" content=\"article\" \/>\n<meta property=\"og:title\" content=\"Adatkezel\u00e9si t\u00e1j\u00e9koztat\u00f3 - Villa Lojena\" \/>\n<meta property=\"og:description\" content=\"Adatkezel\u00e9si t\u00e1j\u00e9koztat\u00f3 Mi sem szeretj\u00fck a k\u00e9retlen leveleket (Spam)! A Murter rentals d.o.o., Sali XII 6, 23281 Sali (a tov\u00e1bbiakban: Villa Lojena) k\u00f6telezetts\u00e9get v\u00e1llal minden \u00fcgyfele mag\u00e1n\u00e9let\u00e9nek v\u00e9delm\u00e9re. Jelen nyilatkozattal k\u00f6telezz\u00fck magunkat weboldalunk felhaszn\u00e1l\u00f3i, A Murter rentals d.o.o., Sali XII 6, 23281 Sali (a tov\u00e1bbiakban: Villa Lojena) k\u00f6telezetts\u00e9get v\u00e1llal minden \u00fcgyfele mag\u00e1n\u00e9let\u00e9nek v\u00e9delm\u00e9re. Jelen nyilatkozattal [&hellip;]\" \/>\n<meta property=\"og:url\" content=\"https:\/\/lojena.com\/hu\/adatkezelesi-tajekoztato\/\" \/>\n<meta property=\"og:site_name\" content=\"Villa Lojena\" \/>\n<meta property=\"article:modified_time\" content=\"2026-03-24T12:00:30+00:00\" \/>\n<meta name=\"twitter:card\" content=\"summary_large_image\" \/>\n<meta name=\"twitter:label1\" content=\"Becs\u00fclt olvas\u00e1si id\u0151\" \/>\n\t<meta name=\"twitter:data1\" content=\"3 perc\" \/>\n<script type=\"application\/ld+json\" class=\"yoast-schema-graph\">{\"@context\":\"https:\/\/schema.org\",\"@graph\":[{\"@type\":\"WebPage\",\"@id\":\"https:\/\/lojena.com\/hu\/adatkezelesi-tajekoztato\/\",\"url\":\"https:\/\/lojena.com\/hu\/adatkezelesi-tajekoztato\/\",\"name\":\"Adatkezel\u00e9si t\u00e1j\u00e9koztat\u00f3 - Villa Lojena\",\"isPartOf\":{\"@id\":\"https:\/\/lojena.com\/#website\"},\"datePublished\":\"2026-02-05T07:08:14+00:00\",\"dateModified\":\"2026-03-24T12:00:30+00:00\",\"breadcrumb\":{\"@id\":\"https:\/\/lojena.com\/hu\/adatkezelesi-tajekoztato\/#breadcrumb\"},\"inLanguage\":\"hu\",\"potentialAction\":[{\"@type\":\"ReadAction\",\"target\":[\"https:\/\/lojena.com\/hu\/adatkezelesi-tajekoztato\/\"]}]},{\"@type\":\"BreadcrumbList\",\"@id\":\"https:\/\/lojena.com\/hu\/adatkezelesi-tajekoztato\/#breadcrumb\",\"itemListElement\":[{\"@type\":\"ListItem\",\"position\":1,\"name\":\"Home\",\"item\":\"https:\/\/lojena.com\/hu\/\"},{\"@type\":\"ListItem\",\"position\":2,\"name\":\"Adatkezel\u00e9si t\u00e1j\u00e9koztat\u00f3\"}]},{\"@type\":\"WebSite\",\"@id\":\"https:\/\/lojena.com\/#website\",\"url\":\"https:\/\/lojena.com\/\",\"name\":\"Villa Lojena\",\"description\":\"Luxury Studios\",\"potentialAction\":[{\"@type\":\"SearchAction\",\"target\":{\"@type\":\"EntryPoint\",\"urlTemplate\":\"https:\/\/lojena.com\/?s={search_term_string}\"},\"query-input\":{\"@type\":\"PropertyValueSpecification\",\"valueRequired\":true,\"valueName\":\"search_term_string\"}}],\"inLanguage\":\"hu\"}]}<\/script>\n<!-- \/ Yoast SEO plugin. -->","yoast_head_json":{"title":"Adatkezel\u00e9si t\u00e1j\u00e9koztat\u00f3 - Villa Lojena","robots":{"index":"index","follow":"follow","max-snippet":"max-snippet:-1","max-image-preview":"max-image-preview:large","max-video-preview":"max-video-preview:-1"},"canonical":"https:\/\/lojena.com\/hu\/adatkezelesi-tajekoztato\/","og_locale":"hu_HU","og_type":"article","og_title":"Adatkezel\u00e9si t\u00e1j\u00e9koztat\u00f3 - Villa Lojena","og_description":"Adatkezel\u00e9si t\u00e1j\u00e9koztat\u00f3 Mi sem szeretj\u00fck a k\u00e9retlen leveleket (Spam)! A Murter rentals d.o.o., Sali XII 6, 23281 Sali (a tov\u00e1bbiakban: Villa Lojena) k\u00f6telezetts\u00e9get v\u00e1llal minden \u00fcgyfele mag\u00e1n\u00e9let\u00e9nek v\u00e9delm\u00e9re. Jelen nyilatkozattal k\u00f6telezz\u00fck magunkat weboldalunk felhaszn\u00e1l\u00f3i, A Murter rentals d.o.o., Sali XII 6, 23281 Sali (a tov\u00e1bbiakban: Villa Lojena) k\u00f6telezetts\u00e9get v\u00e1llal minden \u00fcgyfele mag\u00e1n\u00e9let\u00e9nek v\u00e9delm\u00e9re. Jelen nyilatkozattal [&hellip;]","og_url":"https:\/\/lojena.com\/hu\/adatkezelesi-tajekoztato\/","og_site_name":"Villa Lojena","article_modified_time":"2026-03-24T12:00:30+00:00","twitter_card":"summary_large_image","twitter_misc":{"Becs\u00fclt olvas\u00e1si id\u0151":"3 perc"},"schema":{"@context":"https:\/\/schema.org","@graph":[{"@type":"WebPage","@id":"https:\/\/lojena.com\/hu\/adatkezelesi-tajekoztato\/","url":"https:\/\/lojena.com\/hu\/adatkezelesi-tajekoztato\/","name":"Adatkezel\u00e9si t\u00e1j\u00e9koztat\u00f3 - Villa Lojena","isPartOf":{"@id":"https:\/\/lojena.com\/#website"},"datePublished":"2026-02-05T07:08:14+00:00","dateModified":"2026-03-24T12:00:30+00:00","breadcrumb":{"@id":"https:\/\/lojena.com\/hu\/adatkezelesi-tajekoztato\/#breadcrumb"},"inLanguage":"hu","potentialAction":[{"@type":"ReadAction","target":["https:\/\/lojena.com\/hu\/adatkezelesi-tajekoztato\/"]}]},{"@type":"BreadcrumbList","@id":"https:\/\/lojena.com\/hu\/adatkezelesi-tajekoztato\/#breadcrumb","itemListElement":[{"@type":"ListItem","position":1,"name":"Home","item":"https:\/\/lojena.com\/hu\/"},{"@type":"ListItem","position":2,"name":"Adatkezel\u00e9si t\u00e1j\u00e9koztat\u00f3"}]},{"@type":"WebSite","@id":"https:\/\/lojena.com\/#website","url":"https:\/\/lojena.com\/","name":"Villa Lojena","description":"Luxury Studios","potentialAction":[{"@type":"SearchAction","target":{"@type":"EntryPoint","urlTemplate":"https:\/\/lojena.com\/?s={search_term_string}"},"query-input":{"@type":"PropertyValueSpecification","valueRequired":true,"valueName":"search_term_string"}}],"inLanguage":"hu"}]}},"_links":{"self":[{"href":"https:\/\/lojena.com\/hu\/wp-json\/wp\/v2\/pages\/2215","targetHints":{"allow":["GET"]}}],"collection":[{"href":"https:\/\/lojena.com\/hu\/wp-json\/wp\/v2\/pages"}],"about":[{"href":"https:\/\/lojena.com\/hu\/wp-json\/wp\/v2\/types\/page"}],"author":[{"embeddable":true,"href":"https:\/\/lojena.com\/hu\/wp-json\/wp\/v2\/users\/1"}],"replies":[{"embeddable":true,"href":"https:\/\/lojena.com\/hu\/wp-json\/wp\/v2\/comments?post=2215"}],"version-history":[{"count":2,"href":"https:\/\/lojena.com\/hu\/wp-json\/wp\/v2\/pages\/2215\/revisions"}],"predecessor-version":[{"id":2860,"href":"https:\/\/lojena.com\/hu\/wp-json\/wp\/v2\/pages\/2215\/revisions\/2860"}],"wp:attachment":[{"href":"https:\/\/lojena.com\/hu\/wp-json\/wp\/v2\/media?parent=2215"}],"curies":[{"name":"wp","href":"https:\/\/api.w.org\/{rel}","templated":true}]}}