{"id":2198,"date":"2026-02-17T11:03:11","date_gmt":"2026-02-17T11:03:11","guid":{"rendered":"https:\/\/lojena.com\/?page_id=2198"},"modified":"2026-03-24T11:16:59","modified_gmt":"2026-03-24T11:16:59","slug":"impressum","status":"publish","type":"page","link":"https:\/\/lojena.com\/hu\/impressum\/","title":{"rendered":"Impressum"},"content":{"rendered":"\n<h1 class=\"wp-block-heading\"><strong>Impresszum \/ Jogi nyilatkozat<\/strong><\/h1>\n\n\n\n<p><strong>C\u00e9ginform\u00e1ci\u00f3k<\/strong><\/p>\n\n\n\n<ul class=\"wp-block-list\">\n<li><strong>C\u00e9gn\u00e9v:<\/strong> Murter rentals d.o.o.<\/li>\n\n\n\n<li><strong>Sz\u00e9khely:<\/strong> Sali XII 6, 23281 Sali, Horv\u00e1torsz\u00e1g<\/li>\n\n\n\n<li><strong>Alap\u00edt\u00f3 \u00e9s meghatalmazott k\u00e9pvisel\u0151:<\/strong> Diana Milin<\/li>\n\n\n\n<li><strong>Alap\u00edt\u00e1s \u00e9ve:<\/strong> 2025<\/li>\n<\/ul>\n\n\n\n<p><strong>Regisztr\u00e1ci\u00f3s adatok<\/strong><\/p>\n\n\n\n<ul class=\"wp-block-list\">\n<li><strong>Tev\u00e9kenys\u00e9gi k\u00f6r:<\/strong> 79.11 (Utaz\u00e1si \u00fcgyn\u00f6ki tev\u00e9kenys\u00e9g)<\/li>\n\n\n\n<li><strong>OIB (Ad\u00f3sz\u00e1m):<\/strong> 05737238252<\/li>\n\n\n\n<li><strong>Mati\u010dni broj (C\u00e9gjegyz\u00e9ksz\u00e1m):<\/strong> 06082882<\/li>\n\n\n\n<li><strong>C\u00e9g \u00e1llapota:<\/strong> Akt\u00edv<\/li>\n<\/ul>\n\n\n\n<p><strong>Kapcsolat<\/strong><\/p>\n\n\n\n<ul class=\"wp-block-list\">\n<li><strong>E-mail:<\/strong> info@lojena.com<\/li>\n<\/ul>\n","protected":false},"excerpt":{"rendered":"<p>Impresszum \/ Jogi nyilatkozat C\u00e9ginform\u00e1ci\u00f3k Regisztr\u00e1ci\u00f3s adatok Kapcsolat<\/p>\n","protected":false},"author":1,"featured_media":0,"parent":0,"menu_order":0,"comment_status":"closed","ping_status":"closed","template":"page-content.php","meta":{"_acf_changed":false,"footnotes":""},"class_list":["post-2198","page","type-page","status-publish","hentry"],"acf":[],"yoast_head":"<!-- This site is optimized with the Yoast SEO plugin v27.2 - https:\/\/yoast.com\/product\/yoast-seo-wordpress\/ -->\n<title>Impressum - Villa Lojena<\/title>\n<meta name=\"robots\" content=\"index, follow, max-snippet:-1, max-image-preview:large, max-video-preview:-1\" \/>\n<link rel=\"canonical\" href=\"https:\/\/lojena.com\/hu\/impressum\/\" \/>\n<meta property=\"og:locale\" content=\"hu_HU\" \/>\n<meta property=\"og:type\" content=\"article\" \/>\n<meta property=\"og:title\" content=\"Impressum - Villa Lojena\" \/>\n<meta property=\"og:description\" content=\"Impresszum \/ Jogi nyilatkozat C\u00e9ginform\u00e1ci\u00f3k Regisztr\u00e1ci\u00f3s adatok Kapcsolat\" \/>\n<meta property=\"og:url\" content=\"https:\/\/lojena.com\/hu\/impressum\/\" \/>\n<meta property=\"og:site_name\" content=\"Villa Lojena\" \/>\n<meta property=\"article:modified_time\" content=\"2026-03-24T11:16:59+00:00\" \/>\n<meta name=\"twitter:card\" content=\"summary_large_image\" \/>\n<meta name=\"twitter:label1\" content=\"Becs\u00fclt olvas\u00e1si id\u0151\" \/>\n\t<meta name=\"twitter:data1\" content=\"1 perc\" \/>\n<script type=\"application\/ld+json\" class=\"yoast-schema-graph\">{\"@context\":\"https:\/\/schema.org\",\"@graph\":[{\"@type\":\"WebPage\",\"@id\":\"https:\/\/lojena.com\/hu\/impressum\/\",\"url\":\"https:\/\/lojena.com\/hu\/impressum\/\",\"name\":\"Impressum - Villa Lojena\",\"isPartOf\":{\"@id\":\"https:\/\/lojena.com\/#website\"},\"datePublished\":\"2026-02-17T11:03:11+00:00\",\"dateModified\":\"2026-03-24T11:16:59+00:00\",\"breadcrumb\":{\"@id\":\"https:\/\/lojena.com\/hu\/impressum\/#breadcrumb\"},\"inLanguage\":\"hu\",\"potentialAction\":[{\"@type\":\"ReadAction\",\"target\":[\"https:\/\/lojena.com\/hu\/impressum\/\"]}]},{\"@type\":\"BreadcrumbList\",\"@id\":\"https:\/\/lojena.com\/hu\/impressum\/#breadcrumb\",\"itemListElement\":[{\"@type\":\"ListItem\",\"position\":1,\"name\":\"Home\",\"item\":\"https:\/\/lojena.com\/hu\/\"},{\"@type\":\"ListItem\",\"position\":2,\"name\":\"Impressum\"}]},{\"@type\":\"WebSite\",\"@id\":\"https:\/\/lojena.com\/#website\",\"url\":\"https:\/\/lojena.com\/\",\"name\":\"Villa Lojena\",\"description\":\"Luxury Studios\",\"potentialAction\":[{\"@type\":\"SearchAction\",\"target\":{\"@type\":\"EntryPoint\",\"urlTemplate\":\"https:\/\/lojena.com\/?s={search_term_string}\"},\"query-input\":{\"@type\":\"PropertyValueSpecification\",\"valueRequired\":true,\"valueName\":\"search_term_string\"}}],\"inLanguage\":\"hu\"}]}<\/script>\n<!-- \/ Yoast SEO plugin. -->","yoast_head_json":{"title":"Impressum - Villa Lojena","robots":{"index":"index","follow":"follow","max-snippet":"max-snippet:-1","max-image-preview":"max-image-preview:large","max-video-preview":"max-video-preview:-1"},"canonical":"https:\/\/lojena.com\/hu\/impressum\/","og_locale":"hu_HU","og_type":"article","og_title":"Impressum - Villa Lojena","og_description":"Impresszum \/ Jogi nyilatkozat C\u00e9ginform\u00e1ci\u00f3k Regisztr\u00e1ci\u00f3s adatok Kapcsolat","og_url":"https:\/\/lojena.com\/hu\/impressum\/","og_site_name":"Villa Lojena","article_modified_time":"2026-03-24T11:16:59+00:00","twitter_card":"summary_large_image","twitter_misc":{"Becs\u00fclt olvas\u00e1si id\u0151":"1 perc"},"schema":{"@context":"https:\/\/schema.org","@graph":[{"@type":"WebPage","@id":"https:\/\/lojena.com\/hu\/impressum\/","url":"https:\/\/lojena.com\/hu\/impressum\/","name":"Impressum - Villa Lojena","isPartOf":{"@id":"https:\/\/lojena.com\/#website"},"datePublished":"2026-02-17T11:03:11+00:00","dateModified":"2026-03-24T11:16:59+00:00","breadcrumb":{"@id":"https:\/\/lojena.com\/hu\/impressum\/#breadcrumb"},"inLanguage":"hu","potentialAction":[{"@type":"ReadAction","target":["https:\/\/lojena.com\/hu\/impressum\/"]}]},{"@type":"BreadcrumbList","@id":"https:\/\/lojena.com\/hu\/impressum\/#breadcrumb","itemListElement":[{"@type":"ListItem","position":1,"name":"Home","item":"https:\/\/lojena.com\/hu\/"},{"@type":"ListItem","position":2,"name":"Impressum"}]},{"@type":"WebSite","@id":"https:\/\/lojena.com\/#website","url":"https:\/\/lojena.com\/","name":"Villa Lojena","description":"Luxury Studios","potentialAction":[{"@type":"SearchAction","target":{"@type":"EntryPoint","urlTemplate":"https:\/\/lojena.com\/?s={search_term_string}"},"query-input":{"@type":"PropertyValueSpecification","valueRequired":true,"valueName":"search_term_string"}}],"inLanguage":"hu"}]}},"_links":{"self":[{"href":"https:\/\/lojena.com\/hu\/wp-json\/wp\/v2\/pages\/2198","targetHints":{"allow":["GET"]}}],"collection":[{"href":"https:\/\/lojena.com\/hu\/wp-json\/wp\/v2\/pages"}],"about":[{"href":"https:\/\/lojena.com\/hu\/wp-json\/wp\/v2\/types\/page"}],"author":[{"embeddable":true,"href":"https:\/\/lojena.com\/hu\/wp-json\/wp\/v2\/users\/1"}],"replies":[{"embeddable":true,"href":"https:\/\/lojena.com\/hu\/wp-json\/wp\/v2\/comments?post=2198"}],"version-history":[{"count":2,"href":"https:\/\/lojena.com\/hu\/wp-json\/wp\/v2\/pages\/2198\/revisions"}],"predecessor-version":[{"id":2846,"href":"https:\/\/lojena.com\/hu\/wp-json\/wp\/v2\/pages\/2198\/revisions\/2846"}],"wp:attachment":[{"href":"https:\/\/lojena.com\/hu\/wp-json\/wp\/v2\/media?parent=2198"}],"curies":[{"name":"wp","href":"https:\/\/api.w.org\/{rel}","templated":true}]}}