{"id":1561,"date":"2026-02-25T18:06:05","date_gmt":"2026-02-25T18:06:05","guid":{"rendered":"https:\/\/lojena.com\/?post_type=product&#038;p=1561"},"modified":"2026-03-22T08:16:19","modified_gmt":"2026-03-22T08:16:19","slug":"ekskluzivni-penthouse-s-tri-spavace-sobe-i-panoramskim-pogledom-na-more","status":"publish","type":"product","link":"https:\/\/lojena.com\/hr\/proizvod\/ekskluzivni-penthouse-s-tri-spavace-sobe-i-panoramskim-pogledom-na-more\/","title":{"rendered":"Ekskluzivni penthouse s tri spava\u0107e sobe i panoramskim pogledom na more"},"content":{"rendered":"<p>Vrhunsko iskustvo u Villi Lojeni. Prostiru\u0107i se na impresivnih 155 m\u00b2, ovaj penthouse kruni\u0161e vilu terasom od 80 m\u00b2 koja nudi prekrasan panoramski pogled na more i nezaboravne zalaske sunca.<\/p>\n<p>Glavna spava\u0107a soba ima vlastitu luksuznu kupaonicu s jacuzzi kadom i pogledom na vrt, va\u0161e privatno spa uto\u010di\u0161te.<\/p>\n<p>Dvije dodatne spava\u0107e sobe, svaka s vlastitom kupaonicom i Daikin klima ure\u0111ajem, pru\u017eaju udobnost i privatnost za obitelj ili goste.<\/p>\n<p>Elegantni dnevni boravak otvara se na pogled na more, dok blagovaonica ima \u0161est mjesta za nezaboravne zajedni\u010dke obroke.<\/p>\n<p>Potpuno opremljena kuhinja s perilicom rublja i perilicom posu\u0111a olak\u0161ava dulji boravak.<\/p>\n<p>Le\u017ealjke na terasi pozivaju vas da u\u017eivate u mediteranskoj ljepoti, a tri zasjenjena parkirna mjesta, uklju\u010duju\u0107i punja\u010d za elektri\u010dna vozila, rezervirana su za va\u0161u udobnost.<\/p>\n<p>Sa Smart TV-om, brzim 5G internetom, vrhunskim antialergijskim madracima od 34 cm i interijerom u kojem svaki detalj odra\u017eava moderni luksuz, ovaj penthouse dizajniran je za one koji ne o\u010dekuju ni\u0161ta manje od iznimnog.<\/p>\n","protected":false},"excerpt":{"rendered":"<p>Vrhunsko iskustvo u Villi Lojeni. Prostiru\u0107i se na impresivnih 155 m\u00b2, ovaj penthouse kruni\u0161e vilu terasom od 80 m\u00b2 koja nudi prekrasan panoramski pogled na more i nezaboravne zalaske sunca. Glavna spava\u0107a soba ima vlastitu luksuznu kupaonicu s jacuzzi kadom i pogledom na vrt, va\u0161e privatno spa uto\u010di\u0161te. Dvije dodatne spava\u0107e sobe, svaka s vlastitom [&hellip;]<\/p>\n","protected":false},"featured_media":2789,"comment_status":"closed","ping_status":"closed","template":"","meta":{"_acf_changed":false},"product_brand":[],"product_cat":[82],"product_tag":[],"class_list":{"0":"post-1561","1":"product","2":"type-product","3":"status-publish","4":"has-post-thumbnail","6":"product_cat-ekskluzivni-penthouse-s-tri-spavace-sobe-i-panoramskim-pogledom-na-more","8":"first","9":"instock","10":"shipping-taxable","11":"purchasable","12":"product-type-simple"},"acf":[],"yoast_head":"<!-- This site is optimized with the Yoast SEO plugin v27.2 - https:\/\/yoast.com\/product\/yoast-seo-wordpress\/ -->\n<title>Ekskluzivni penthouse s tri spava\u0107e sobe i panoramskim pogledom na more - Villa Lojena<\/title>\n<meta name=\"robots\" content=\"index, follow, max-snippet:-1, max-image-preview:large, max-video-preview:-1\" \/>\n<link rel=\"canonical\" href=\"https:\/\/lojena.com\/hr\/proizvod\/ekskluzivni-penthouse-s-tri-spavace-sobe-i-panoramskim-pogledom-na-more\/\" \/>\n<meta property=\"og:locale\" content=\"hr_HR\" \/>\n<meta property=\"og:type\" content=\"article\" \/>\n<meta property=\"og:title\" content=\"Ekskluzivni penthouse s tri spava\u0107e sobe i panoramskim pogledom na more - Villa Lojena\" \/>\n<meta property=\"og:description\" content=\"Vrhunsko iskustvo u Villi Lojeni. Prostiru\u0107i se na impresivnih 155 m\u00b2, ovaj penthouse kruni\u0161e vilu terasom od 80 m\u00b2 koja nudi prekrasan panoramski pogled na more i nezaboravne zalaske sunca. Glavna spava\u0107a soba ima vlastitu luksuznu kupaonicu s jacuzzi kadom i pogledom na vrt, va\u0161e privatno spa uto\u010di\u0161te. Dvije dodatne spava\u0107e sobe, svaka s vlastitom [&hellip;]\" \/>\n<meta property=\"og:url\" content=\"https:\/\/lojena.com\/hr\/proizvod\/ekskluzivni-penthouse-s-tri-spavace-sobe-i-panoramskim-pogledom-na-more\/\" \/>\n<meta property=\"og:site_name\" content=\"Villa Lojena\" \/>\n<meta property=\"article:modified_time\" content=\"2026-03-22T08:16:19+00:00\" \/>\n<meta property=\"og:image\" content=\"https:\/\/lojena.com\/wp-content\/uploads\/2026\/02\/8-po-redu-penthouse-1980x1485-1.jpg\" \/>\n\t<meta property=\"og:image:width\" content=\"1980\" \/>\n\t<meta property=\"og:image:height\" content=\"1485\" \/>\n\t<meta property=\"og:image:type\" content=\"image\/jpeg\" \/>\n<meta name=\"twitter:card\" content=\"summary_large_image\" \/>\n<meta name=\"twitter:label1\" content=\"Procijenjeno vrijeme \u010ditanja\" \/>\n\t<meta name=\"twitter:data1\" content=\"1 minuta\" \/>\n<script type=\"application\/ld+json\" class=\"yoast-schema-graph\">{\"@context\":\"https:\/\/schema.org\",\"@graph\":[{\"@type\":\"WebPage\",\"@id\":\"https:\/\/lojena.com\/hr\/proizvod\/ekskluzivni-penthouse-s-tri-spavace-sobe-i-panoramskim-pogledom-na-more\/\",\"url\":\"https:\/\/lojena.com\/hr\/proizvod\/ekskluzivni-penthouse-s-tri-spavace-sobe-i-panoramskim-pogledom-na-more\/\",\"name\":\"Ekskluzivni penthouse s tri spava\u0107e sobe i panoramskim pogledom na more - Villa Lojena\",\"isPartOf\":{\"@id\":\"https:\/\/lojena.com\/#website\"},\"primaryImageOfPage\":{\"@id\":\"https:\/\/lojena.com\/hr\/proizvod\/ekskluzivni-penthouse-s-tri-spavace-sobe-i-panoramskim-pogledom-na-more\/#primaryimage\"},\"image\":{\"@id\":\"https:\/\/lojena.com\/hr\/proizvod\/ekskluzivni-penthouse-s-tri-spavace-sobe-i-panoramskim-pogledom-na-more\/#primaryimage\"},\"thumbnailUrl\":\"https:\/\/lojena.com\/wp-content\/uploads\/2026\/02\/8-po-redu-penthouse-1980x1485-1.jpg\",\"datePublished\":\"2026-02-25T18:06:05+00:00\",\"dateModified\":\"2026-03-22T08:16:19+00:00\",\"breadcrumb\":{\"@id\":\"https:\/\/lojena.com\/hr\/proizvod\/ekskluzivni-penthouse-s-tri-spavace-sobe-i-panoramskim-pogledom-na-more\/#breadcrumb\"},\"inLanguage\":\"hr\",\"potentialAction\":[{\"@type\":\"ReadAction\",\"target\":[\"https:\/\/lojena.com\/hr\/proizvod\/ekskluzivni-penthouse-s-tri-spavace-sobe-i-panoramskim-pogledom-na-more\/\"]}]},{\"@type\":\"ImageObject\",\"inLanguage\":\"hr\",\"@id\":\"https:\/\/lojena.com\/hr\/proizvod\/ekskluzivni-penthouse-s-tri-spavace-sobe-i-panoramskim-pogledom-na-more\/#primaryimage\",\"url\":\"https:\/\/lojena.com\/wp-content\/uploads\/2026\/02\/8-po-redu-penthouse-1980x1485-1.jpg\",\"contentUrl\":\"https:\/\/lojena.com\/wp-content\/uploads\/2026\/02\/8-po-redu-penthouse-1980x1485-1.jpg\",\"width\":1980,\"height\":1485},{\"@type\":\"BreadcrumbList\",\"@id\":\"https:\/\/lojena.com\/hr\/proizvod\/ekskluzivni-penthouse-s-tri-spavace-sobe-i-panoramskim-pogledom-na-more\/#breadcrumb\",\"itemListElement\":[{\"@type\":\"ListItem\",\"position\":1,\"name\":\"Home\",\"item\":\"https:\/\/lojena.com\/hr\/\"},{\"@type\":\"ListItem\",\"position\":2,\"name\":\"Ekskluzivni penthouse s tri spava\u0107e sobe i panoramskim pogledom na more\"}]},{\"@type\":\"WebSite\",\"@id\":\"https:\/\/lojena.com\/#website\",\"url\":\"https:\/\/lojena.com\/\",\"name\":\"Villa Lojena\",\"description\":\"Luxury Studios\",\"potentialAction\":[{\"@type\":\"SearchAction\",\"target\":{\"@type\":\"EntryPoint\",\"urlTemplate\":\"https:\/\/lojena.com\/?s={search_term_string}\"},\"query-input\":{\"@type\":\"PropertyValueSpecification\",\"valueRequired\":true,\"valueName\":\"search_term_string\"}}],\"inLanguage\":\"hr\"}]}<\/script>\n<!-- \/ Yoast SEO plugin. -->","yoast_head_json":{"title":"Ekskluzivni penthouse s tri spava\u0107e sobe i panoramskim pogledom na more - Villa Lojena","robots":{"index":"index","follow":"follow","max-snippet":"max-snippet:-1","max-image-preview":"max-image-preview:large","max-video-preview":"max-video-preview:-1"},"canonical":"https:\/\/lojena.com\/hr\/proizvod\/ekskluzivni-penthouse-s-tri-spavace-sobe-i-panoramskim-pogledom-na-more\/","og_locale":"hr_HR","og_type":"article","og_title":"Ekskluzivni penthouse s tri spava\u0107e sobe i panoramskim pogledom na more - Villa Lojena","og_description":"Vrhunsko iskustvo u Villi Lojeni. Prostiru\u0107i se na impresivnih 155 m\u00b2, ovaj penthouse kruni\u0161e vilu terasom od 80 m\u00b2 koja nudi prekrasan panoramski pogled na more i nezaboravne zalaske sunca. Glavna spava\u0107a soba ima vlastitu luksuznu kupaonicu s jacuzzi kadom i pogledom na vrt, va\u0161e privatno spa uto\u010di\u0161te. Dvije dodatne spava\u0107e sobe, svaka s vlastitom [&hellip;]","og_url":"https:\/\/lojena.com\/hr\/proizvod\/ekskluzivni-penthouse-s-tri-spavace-sobe-i-panoramskim-pogledom-na-more\/","og_site_name":"Villa Lojena","article_modified_time":"2026-03-22T08:16:19+00:00","og_image":[{"width":1980,"height":1485,"url":"https:\/\/lojena.com\/wp-content\/uploads\/2026\/02\/8-po-redu-penthouse-1980x1485-1.jpg","type":"image\/jpeg"}],"twitter_card":"summary_large_image","twitter_misc":{"Procijenjeno vrijeme \u010ditanja":"1 minuta"},"schema":{"@context":"https:\/\/schema.org","@graph":[{"@type":"WebPage","@id":"https:\/\/lojena.com\/hr\/proizvod\/ekskluzivni-penthouse-s-tri-spavace-sobe-i-panoramskim-pogledom-na-more\/","url":"https:\/\/lojena.com\/hr\/proizvod\/ekskluzivni-penthouse-s-tri-spavace-sobe-i-panoramskim-pogledom-na-more\/","name":"Ekskluzivni penthouse s tri spava\u0107e sobe i panoramskim pogledom na more - Villa Lojena","isPartOf":{"@id":"https:\/\/lojena.com\/#website"},"primaryImageOfPage":{"@id":"https:\/\/lojena.com\/hr\/proizvod\/ekskluzivni-penthouse-s-tri-spavace-sobe-i-panoramskim-pogledom-na-more\/#primaryimage"},"image":{"@id":"https:\/\/lojena.com\/hr\/proizvod\/ekskluzivni-penthouse-s-tri-spavace-sobe-i-panoramskim-pogledom-na-more\/#primaryimage"},"thumbnailUrl":"https:\/\/lojena.com\/wp-content\/uploads\/2026\/02\/8-po-redu-penthouse-1980x1485-1.jpg","datePublished":"2026-02-25T18:06:05+00:00","dateModified":"2026-03-22T08:16:19+00:00","breadcrumb":{"@id":"https:\/\/lojena.com\/hr\/proizvod\/ekskluzivni-penthouse-s-tri-spavace-sobe-i-panoramskim-pogledom-na-more\/#breadcrumb"},"inLanguage":"hr","potentialAction":[{"@type":"ReadAction","target":["https:\/\/lojena.com\/hr\/proizvod\/ekskluzivni-penthouse-s-tri-spavace-sobe-i-panoramskim-pogledom-na-more\/"]}]},{"@type":"ImageObject","inLanguage":"hr","@id":"https:\/\/lojena.com\/hr\/proizvod\/ekskluzivni-penthouse-s-tri-spavace-sobe-i-panoramskim-pogledom-na-more\/#primaryimage","url":"https:\/\/lojena.com\/wp-content\/uploads\/2026\/02\/8-po-redu-penthouse-1980x1485-1.jpg","contentUrl":"https:\/\/lojena.com\/wp-content\/uploads\/2026\/02\/8-po-redu-penthouse-1980x1485-1.jpg","width":1980,"height":1485},{"@type":"BreadcrumbList","@id":"https:\/\/lojena.com\/hr\/proizvod\/ekskluzivni-penthouse-s-tri-spavace-sobe-i-panoramskim-pogledom-na-more\/#breadcrumb","itemListElement":[{"@type":"ListItem","position":1,"name":"Home","item":"https:\/\/lojena.com\/hr\/"},{"@type":"ListItem","position":2,"name":"Ekskluzivni penthouse s tri spava\u0107e sobe i panoramskim pogledom na more"}]},{"@type":"WebSite","@id":"https:\/\/lojena.com\/#website","url":"https:\/\/lojena.com\/","name":"Villa Lojena","description":"Luxury Studios","potentialAction":[{"@type":"SearchAction","target":{"@type":"EntryPoint","urlTemplate":"https:\/\/lojena.com\/?s={search_term_string}"},"query-input":{"@type":"PropertyValueSpecification","valueRequired":true,"valueName":"search_term_string"}}],"inLanguage":"hr"}]}},"_links":{"self":[{"href":"https:\/\/lojena.com\/hr\/wp-json\/wp\/v2\/product\/1561","targetHints":{"allow":["GET"]}}],"collection":[{"href":"https:\/\/lojena.com\/hr\/wp-json\/wp\/v2\/product"}],"about":[{"href":"https:\/\/lojena.com\/hr\/wp-json\/wp\/v2\/types\/product"}],"replies":[{"embeddable":true,"href":"https:\/\/lojena.com\/hr\/wp-json\/wp\/v2\/comments?post=1561"}],"wp:featuredmedia":[{"embeddable":true,"href":"https:\/\/lojena.com\/hr\/wp-json\/wp\/v2\/media\/2789"}],"wp:attachment":[{"href":"https:\/\/lojena.com\/hr\/wp-json\/wp\/v2\/media?parent=1561"}],"wp:term":[{"taxonomy":"product_brand","embeddable":true,"href":"https:\/\/lojena.com\/hr\/wp-json\/wp\/v2\/product_brand?post=1561"},{"taxonomy":"product_cat","embeddable":true,"href":"https:\/\/lojena.com\/hr\/wp-json\/wp\/v2\/product_cat?post=1561"},{"taxonomy":"product_tag","embeddable":true,"href":"https:\/\/lojena.com\/hr\/wp-json\/wp\/v2\/product_tag?post=1561"}],"curies":[{"name":"wp","href":"https:\/\/api.w.org\/{rel}","templated":true}]}}