{"id":1479,"date":"2026-02-25T13:44:32","date_gmt":"2026-02-25T13:44:32","guid":{"rendered":"https:\/\/lojena.com\/?post_type=product&#038;p=1479"},"modified":"2026-03-22T08:17:33","modified_gmt":"2026-03-22T08:17:33","slug":"premium-studio-s-privatnim-vanjskim-jacuzzijem-id-1","status":"publish","type":"product","link":"https:\/\/lojena.com\/hr\/proizvod\/premium-studio-s-privatnim-vanjskim-jacuzzijem-id-1\/","title":{"rendered":"Premium studio s privatnim vanjskim jacuzzijem ID 1"},"content":{"rendered":"<p>Otkrijte mirno uto\u010di\u0161te osmi\u0161ljeno za parove koji tra\u017ee mir i jednostavnost umotane u moderni luksuz. Ovaj prostrani i funkcionalni studio apartman otvara se na zasjenjenu terasu s pogledom na okolne maslinike, idili\u010dno okru\u017eenje za opu\u0161ten doru\u010dak ili mirnu ve\u010der pod zvijezdama.<\/p>\n<p>Interijer je promi\u0161ljeno dizajniran s elegantnim, suvremenim namje\u0161tajem, potpuno opremljenom kuhinjom, velikom modernom kupaonicom i vrhunskim antialergijskim madracima od 34 cm kako bi se osigurale miran san.<\/p>\n<p>Daikin klima ure\u0111aj, Smart TV i brzi 5G internet osiguravaju vam udobnost i povezanost, dok besplatna usluga pranja i gla\u010danja rublja dodaje dodatni dodir prakti\u010dnosti.<\/p>\n<p>Uronjen u autenti\u010dnu mediteransku atmosferu maslina i apsolutne ti\u0161ine, ovaj studio nudi savr\u0161en spoj prakti\u010dnosti, udobnosti i potpunog opu\u0161tanja.<\/p>\n","protected":false},"excerpt":{"rendered":"<p>Otkrijte mirno uto\u010di\u0161te osmi\u0161ljeno za parove koji tra\u017ee mir i jednostavnost umotane u moderni luksuz. Ovaj prostrani i funkcionalni studio apartman otvara se na zasjenjenu terasu s pogledom na okolne maslinike, idili\u010dno okru\u017eenje za opu\u0161ten doru\u010dak ili mirnu ve\u010der pod zvijezdama. Interijer je promi\u0161ljeno dizajniran s elegantnim, suvremenim namje\u0161tajem, potpuno opremljenom kuhinjom, velikom modernom kupaonicom [&hellip;]<\/p>\n","protected":false},"featured_media":2762,"comment_status":"closed","ping_status":"closed","template":"","meta":{"_acf_changed":false},"product_brand":[],"product_cat":[90],"product_tag":[],"class_list":{"0":"post-1479","1":"product","2":"type-product","3":"status-publish","4":"has-post-thumbnail","6":"product_cat-premium-studio-s-privatnim-vanjskim-jacuzzijem","8":"first","9":"instock","10":"shipping-taxable","11":"purchasable","12":"product-type-simple"},"acf":[],"yoast_head":"<!-- This site is optimized with the Yoast SEO plugin v27.2 - https:\/\/yoast.com\/product\/yoast-seo-wordpress\/ -->\n<title>Premium studio s privatnim vanjskim jacuzzijem ID 1 - Villa Lojena<\/title>\n<meta name=\"robots\" content=\"index, follow, max-snippet:-1, max-image-preview:large, max-video-preview:-1\" \/>\n<link rel=\"canonical\" href=\"https:\/\/lojena.com\/hr\/proizvod\/premium-studio-s-privatnim-vanjskim-jacuzzijem-id-1\/\" \/>\n<meta property=\"og:locale\" content=\"hr_HR\" \/>\n<meta property=\"og:type\" content=\"article\" \/>\n<meta property=\"og:title\" content=\"Premium studio s privatnim vanjskim jacuzzijem ID 1 - Villa Lojena\" \/>\n<meta property=\"og:description\" content=\"Otkrijte mirno uto\u010di\u0161te osmi\u0161ljeno za parove koji tra\u017ee mir i jednostavnost umotane u moderni luksuz. Ovaj prostrani i funkcionalni studio apartman otvara se na zasjenjenu terasu s pogledom na okolne maslinike, idili\u010dno okru\u017eenje za opu\u0161ten doru\u010dak ili mirnu ve\u010der pod zvijezdama. Interijer je promi\u0161ljeno dizajniran s elegantnim, suvremenim namje\u0161tajem, potpuno opremljenom kuhinjom, velikom modernom kupaonicom [&hellip;]\" \/>\n<meta property=\"og:url\" content=\"https:\/\/lojena.com\/hr\/proizvod\/premium-studio-s-privatnim-vanjskim-jacuzzijem-id-1\/\" \/>\n<meta property=\"og:site_name\" content=\"Villa Lojena\" \/>\n<meta property=\"article:modified_time\" content=\"2026-03-22T08:17:33+00:00\" \/>\n<meta property=\"og:image\" content=\"https:\/\/lojena.com\/wp-content\/uploads\/2026\/02\/5-po-redu-1980x1485-1.jpg\" \/>\n\t<meta property=\"og:image:width\" content=\"1980\" \/>\n\t<meta property=\"og:image:height\" content=\"1485\" \/>\n\t<meta property=\"og:image:type\" content=\"image\/jpeg\" \/>\n<meta name=\"twitter:card\" content=\"summary_large_image\" \/>\n<meta name=\"twitter:label1\" content=\"Procijenjeno vrijeme \u010ditanja\" \/>\n\t<meta name=\"twitter:data1\" content=\"1 minuta\" \/>\n<script type=\"application\/ld+json\" class=\"yoast-schema-graph\">{\"@context\":\"https:\/\/schema.org\",\"@graph\":[{\"@type\":\"WebPage\",\"@id\":\"https:\/\/lojena.com\/hr\/proizvod\/premium-studio-s-privatnim-vanjskim-jacuzzijem-id-1\/\",\"url\":\"https:\/\/lojena.com\/hr\/proizvod\/premium-studio-s-privatnim-vanjskim-jacuzzijem-id-1\/\",\"name\":\"Premium studio s privatnim vanjskim jacuzzijem ID 1 - Villa Lojena\",\"isPartOf\":{\"@id\":\"https:\/\/lojena.com\/#website\"},\"primaryImageOfPage\":{\"@id\":\"https:\/\/lojena.com\/hr\/proizvod\/premium-studio-s-privatnim-vanjskim-jacuzzijem-id-1\/#primaryimage\"},\"image\":{\"@id\":\"https:\/\/lojena.com\/hr\/proizvod\/premium-studio-s-privatnim-vanjskim-jacuzzijem-id-1\/#primaryimage\"},\"thumbnailUrl\":\"https:\/\/lojena.com\/wp-content\/uploads\/2026\/02\/5-po-redu-1980x1485-1.jpg\",\"datePublished\":\"2026-02-25T13:44:32+00:00\",\"dateModified\":\"2026-03-22T08:17:33+00:00\",\"breadcrumb\":{\"@id\":\"https:\/\/lojena.com\/hr\/proizvod\/premium-studio-s-privatnim-vanjskim-jacuzzijem-id-1\/#breadcrumb\"},\"inLanguage\":\"hr\",\"potentialAction\":[{\"@type\":\"ReadAction\",\"target\":[\"https:\/\/lojena.com\/hr\/proizvod\/premium-studio-s-privatnim-vanjskim-jacuzzijem-id-1\/\"]}]},{\"@type\":\"ImageObject\",\"inLanguage\":\"hr\",\"@id\":\"https:\/\/lojena.com\/hr\/proizvod\/premium-studio-s-privatnim-vanjskim-jacuzzijem-id-1\/#primaryimage\",\"url\":\"https:\/\/lojena.com\/wp-content\/uploads\/2026\/02\/5-po-redu-1980x1485-1.jpg\",\"contentUrl\":\"https:\/\/lojena.com\/wp-content\/uploads\/2026\/02\/5-po-redu-1980x1485-1.jpg\",\"width\":1980,\"height\":1485},{\"@type\":\"BreadcrumbList\",\"@id\":\"https:\/\/lojena.com\/hr\/proizvod\/premium-studio-s-privatnim-vanjskim-jacuzzijem-id-1\/#breadcrumb\",\"itemListElement\":[{\"@type\":\"ListItem\",\"position\":1,\"name\":\"Home\",\"item\":\"https:\/\/lojena.com\/hr\/\"},{\"@type\":\"ListItem\",\"position\":2,\"name\":\"Premium studio s privatnim vanjskim jacuzzijem ID 1\"}]},{\"@type\":\"WebSite\",\"@id\":\"https:\/\/lojena.com\/#website\",\"url\":\"https:\/\/lojena.com\/\",\"name\":\"Villa Lojena\",\"description\":\"Luxury Studios\",\"potentialAction\":[{\"@type\":\"SearchAction\",\"target\":{\"@type\":\"EntryPoint\",\"urlTemplate\":\"https:\/\/lojena.com\/?s={search_term_string}\"},\"query-input\":{\"@type\":\"PropertyValueSpecification\",\"valueRequired\":true,\"valueName\":\"search_term_string\"}}],\"inLanguage\":\"hr\"}]}<\/script>\n<!-- \/ Yoast SEO plugin. -->","yoast_head_json":{"title":"Premium studio s privatnim vanjskim jacuzzijem ID 1 - Villa Lojena","robots":{"index":"index","follow":"follow","max-snippet":"max-snippet:-1","max-image-preview":"max-image-preview:large","max-video-preview":"max-video-preview:-1"},"canonical":"https:\/\/lojena.com\/hr\/proizvod\/premium-studio-s-privatnim-vanjskim-jacuzzijem-id-1\/","og_locale":"hr_HR","og_type":"article","og_title":"Premium studio s privatnim vanjskim jacuzzijem ID 1 - Villa Lojena","og_description":"Otkrijte mirno uto\u010di\u0161te osmi\u0161ljeno za parove koji tra\u017ee mir i jednostavnost umotane u moderni luksuz. Ovaj prostrani i funkcionalni studio apartman otvara se na zasjenjenu terasu s pogledom na okolne maslinike, idili\u010dno okru\u017eenje za opu\u0161ten doru\u010dak ili mirnu ve\u010der pod zvijezdama. Interijer je promi\u0161ljeno dizajniran s elegantnim, suvremenim namje\u0161tajem, potpuno opremljenom kuhinjom, velikom modernom kupaonicom [&hellip;]","og_url":"https:\/\/lojena.com\/hr\/proizvod\/premium-studio-s-privatnim-vanjskim-jacuzzijem-id-1\/","og_site_name":"Villa Lojena","article_modified_time":"2026-03-22T08:17:33+00:00","og_image":[{"width":1980,"height":1485,"url":"https:\/\/lojena.com\/wp-content\/uploads\/2026\/02\/5-po-redu-1980x1485-1.jpg","type":"image\/jpeg"}],"twitter_card":"summary_large_image","twitter_misc":{"Procijenjeno vrijeme \u010ditanja":"1 minuta"},"schema":{"@context":"https:\/\/schema.org","@graph":[{"@type":"WebPage","@id":"https:\/\/lojena.com\/hr\/proizvod\/premium-studio-s-privatnim-vanjskim-jacuzzijem-id-1\/","url":"https:\/\/lojena.com\/hr\/proizvod\/premium-studio-s-privatnim-vanjskim-jacuzzijem-id-1\/","name":"Premium studio s privatnim vanjskim jacuzzijem ID 1 - Villa Lojena","isPartOf":{"@id":"https:\/\/lojena.com\/#website"},"primaryImageOfPage":{"@id":"https:\/\/lojena.com\/hr\/proizvod\/premium-studio-s-privatnim-vanjskim-jacuzzijem-id-1\/#primaryimage"},"image":{"@id":"https:\/\/lojena.com\/hr\/proizvod\/premium-studio-s-privatnim-vanjskim-jacuzzijem-id-1\/#primaryimage"},"thumbnailUrl":"https:\/\/lojena.com\/wp-content\/uploads\/2026\/02\/5-po-redu-1980x1485-1.jpg","datePublished":"2026-02-25T13:44:32+00:00","dateModified":"2026-03-22T08:17:33+00:00","breadcrumb":{"@id":"https:\/\/lojena.com\/hr\/proizvod\/premium-studio-s-privatnim-vanjskim-jacuzzijem-id-1\/#breadcrumb"},"inLanguage":"hr","potentialAction":[{"@type":"ReadAction","target":["https:\/\/lojena.com\/hr\/proizvod\/premium-studio-s-privatnim-vanjskim-jacuzzijem-id-1\/"]}]},{"@type":"ImageObject","inLanguage":"hr","@id":"https:\/\/lojena.com\/hr\/proizvod\/premium-studio-s-privatnim-vanjskim-jacuzzijem-id-1\/#primaryimage","url":"https:\/\/lojena.com\/wp-content\/uploads\/2026\/02\/5-po-redu-1980x1485-1.jpg","contentUrl":"https:\/\/lojena.com\/wp-content\/uploads\/2026\/02\/5-po-redu-1980x1485-1.jpg","width":1980,"height":1485},{"@type":"BreadcrumbList","@id":"https:\/\/lojena.com\/hr\/proizvod\/premium-studio-s-privatnim-vanjskim-jacuzzijem-id-1\/#breadcrumb","itemListElement":[{"@type":"ListItem","position":1,"name":"Home","item":"https:\/\/lojena.com\/hr\/"},{"@type":"ListItem","position":2,"name":"Premium studio s privatnim vanjskim jacuzzijem ID 1"}]},{"@type":"WebSite","@id":"https:\/\/lojena.com\/#website","url":"https:\/\/lojena.com\/","name":"Villa Lojena","description":"Luxury Studios","potentialAction":[{"@type":"SearchAction","target":{"@type":"EntryPoint","urlTemplate":"https:\/\/lojena.com\/?s={search_term_string}"},"query-input":{"@type":"PropertyValueSpecification","valueRequired":true,"valueName":"search_term_string"}}],"inLanguage":"hr"}]}},"_links":{"self":[{"href":"https:\/\/lojena.com\/hr\/wp-json\/wp\/v2\/product\/1479","targetHints":{"allow":["GET"]}}],"collection":[{"href":"https:\/\/lojena.com\/hr\/wp-json\/wp\/v2\/product"}],"about":[{"href":"https:\/\/lojena.com\/hr\/wp-json\/wp\/v2\/types\/product"}],"replies":[{"embeddable":true,"href":"https:\/\/lojena.com\/hr\/wp-json\/wp\/v2\/comments?post=1479"}],"wp:featuredmedia":[{"embeddable":true,"href":"https:\/\/lojena.com\/hr\/wp-json\/wp\/v2\/media\/2762"}],"wp:attachment":[{"href":"https:\/\/lojena.com\/hr\/wp-json\/wp\/v2\/media?parent=1479"}],"wp:term":[{"taxonomy":"product_brand","embeddable":true,"href":"https:\/\/lojena.com\/hr\/wp-json\/wp\/v2\/product_brand?post=1479"},{"taxonomy":"product_cat","embeddable":true,"href":"https:\/\/lojena.com\/hr\/wp-json\/wp\/v2\/product_cat?post=1479"},{"taxonomy":"product_tag","embeddable":true,"href":"https:\/\/lojena.com\/hr\/wp-json\/wp\/v2\/product_tag?post=1479"}],"curies":[{"name":"wp","href":"https:\/\/api.w.org\/{rel}","templated":true}]}}