{"id":1470,"date":"2026-02-25T12:48:35","date_gmt":"2026-02-25T12:48:35","guid":{"rendered":"https:\/\/lojena.com\/?post_type=product&#038;p=1470"},"modified":"2026-03-22T08:17:46","modified_gmt":"2026-03-22T08:17:46","slug":"premium-studio-s-pogledom-na-more-id-2","status":"publish","type":"product","link":"https:\/\/lojena.com\/hr\/proizvod\/premium-studio-s-pogledom-na-more-id-2\/","title":{"rendered":"Premium studio s pogledom na more ID 2"},"content":{"rendered":"<p>Do\u017eivite bijeg u prizemlju osmi\u0161ljen za one koji cijene prostor i spokoj. Ovaj elegantni studio mo\u017ee se pohvaliti prostranom terasom od 40 m\u00b2, koja nudi besprijekoran prijelaz iz elegantnog interijera u prirodne ljepote na\u0161eg stoljetnog maslinika. Uronite u mjehuri\u0107e va\u0161eg privatnog jacuzzija na terasi od 2&#215;2 m &#8211; savr\u0161enog protuotrova za dan na suncu.<\/p>\n<p>Unutar sobe, fokus je na beskompromisnoj udobnosti. U\u017eivajte u suvremenom \u017eivotnom prostoru s gurmanskom kuhinjom, velikom modernom kupaonicom i mekanom potporom hipoalergenih madraca od 34 cm. S Daikinovom kontrolom klime, va\u0161e okru\u017eenje je uvijek to\u010dno onako kako vam se svi\u0111a.<\/p>\n<p>Pobrinuli smo se za svaki detalj: od munjevito brzog 5G Wi-Fi-ja i Smart TV-a do zajedni\u010dkog aparata za led za va\u0161e popodnevno osvje\u017eenje. S na\u0161om uklju\u010denom uslugom pranja i gla\u010danja rublja, mo\u017eete putovati lagano i u potpunosti se usredoto\u010diti na mediteranski mir koji vas okru\u017euje.<\/p>\n","protected":false},"excerpt":{"rendered":"<p>Do\u017eivite bijeg u prizemlju osmi\u0161ljen za one koji cijene prostor i spokoj. Ovaj elegantni studio mo\u017ee se pohvaliti prostranom terasom od 40 m\u00b2, koja nudi besprijekoran prijelaz iz elegantnog interijera u prirodne ljepote na\u0161eg stoljetnog maslinika. Uronite u mjehuri\u0107e va\u0161eg privatnog jacuzzija na terasi od 2&#215;2 m &#8211; savr\u0161enog protuotrova za dan na suncu. Unutar [&hellip;]<\/p>\n","protected":false},"featured_media":1467,"comment_status":"closed","ping_status":"closed","template":"","meta":{"_acf_changed":false},"product_brand":[],"product_cat":[98],"product_tag":[],"class_list":{"0":"post-1470","1":"product","2":"type-product","3":"status-publish","4":"has-post-thumbnail","6":"product_cat-premium-studio-s-pogledom-na-more","8":"first","9":"instock","10":"shipping-taxable","11":"purchasable","12":"product-type-simple"},"acf":[],"yoast_head":"<!-- This site is optimized with the Yoast SEO plugin v27.2 - https:\/\/yoast.com\/product\/yoast-seo-wordpress\/ -->\n<title>Premium studio s pogledom na more ID 2 - Villa Lojena<\/title>\n<meta name=\"robots\" content=\"index, follow, max-snippet:-1, max-image-preview:large, max-video-preview:-1\" \/>\n<link rel=\"canonical\" href=\"https:\/\/lojena.com\/hr\/proizvod\/premium-studio-s-pogledom-na-more-id-2\/\" \/>\n<meta property=\"og:locale\" content=\"hr_HR\" \/>\n<meta property=\"og:type\" content=\"article\" \/>\n<meta property=\"og:title\" content=\"Premium studio s pogledom na more ID 2 - Villa Lojena\" \/>\n<meta property=\"og:description\" content=\"Do\u017eivite bijeg u prizemlju osmi\u0161ljen za one koji cijene prostor i spokoj. Ovaj elegantni studio mo\u017ee se pohvaliti prostranom terasom od 40 m\u00b2, koja nudi besprijekoran prijelaz iz elegantnog interijera u prirodne ljepote na\u0161eg stoljetnog maslinika. Uronite u mjehuri\u0107e va\u0161eg privatnog jacuzzija na terasi od 2&#215;2 m &#8211; savr\u0161enog protuotrova za dan na suncu. Unutar [&hellip;]\" \/>\n<meta property=\"og:url\" content=\"https:\/\/lojena.com\/hr\/proizvod\/premium-studio-s-pogledom-na-more-id-2\/\" \/>\n<meta property=\"og:site_name\" content=\"Villa Lojena\" \/>\n<meta property=\"article:modified_time\" content=\"2026-03-22T08:17:46+00:00\" \/>\n<meta property=\"og:image\" content=\"https:\/\/lojena.com\/wp-content\/uploads\/2026\/02\/5-i-6.jpeg\" \/>\n\t<meta property=\"og:image:width\" content=\"1980\" \/>\n\t<meta property=\"og:image:height\" content=\"1485\" \/>\n\t<meta property=\"og:image:type\" content=\"image\/jpeg\" \/>\n<meta name=\"twitter:card\" content=\"summary_large_image\" \/>\n<meta name=\"twitter:label1\" content=\"Procijenjeno vrijeme \u010ditanja\" \/>\n\t<meta name=\"twitter:data1\" content=\"1 minuta\" \/>\n<script type=\"application\/ld+json\" class=\"yoast-schema-graph\">{\"@context\":\"https:\/\/schema.org\",\"@graph\":[{\"@type\":\"WebPage\",\"@id\":\"https:\/\/lojena.com\/hr\/proizvod\/premium-studio-s-pogledom-na-more-id-2\/\",\"url\":\"https:\/\/lojena.com\/hr\/proizvod\/premium-studio-s-pogledom-na-more-id-2\/\",\"name\":\"Premium studio s pogledom na more ID 2 - Villa Lojena\",\"isPartOf\":{\"@id\":\"https:\/\/lojena.com\/#website\"},\"primaryImageOfPage\":{\"@id\":\"https:\/\/lojena.com\/hr\/proizvod\/premium-studio-s-pogledom-na-more-id-2\/#primaryimage\"},\"image\":{\"@id\":\"https:\/\/lojena.com\/hr\/proizvod\/premium-studio-s-pogledom-na-more-id-2\/#primaryimage\"},\"thumbnailUrl\":\"https:\/\/lojena.com\/wp-content\/uploads\/2026\/02\/5-i-6.jpeg\",\"datePublished\":\"2026-02-25T12:48:35+00:00\",\"dateModified\":\"2026-03-22T08:17:46+00:00\",\"breadcrumb\":{\"@id\":\"https:\/\/lojena.com\/hr\/proizvod\/premium-studio-s-pogledom-na-more-id-2\/#breadcrumb\"},\"inLanguage\":\"hr\",\"potentialAction\":[{\"@type\":\"ReadAction\",\"target\":[\"https:\/\/lojena.com\/hr\/proizvod\/premium-studio-s-pogledom-na-more-id-2\/\"]}]},{\"@type\":\"ImageObject\",\"inLanguage\":\"hr\",\"@id\":\"https:\/\/lojena.com\/hr\/proizvod\/premium-studio-s-pogledom-na-more-id-2\/#primaryimage\",\"url\":\"https:\/\/lojena.com\/wp-content\/uploads\/2026\/02\/5-i-6.jpeg\",\"contentUrl\":\"https:\/\/lojena.com\/wp-content\/uploads\/2026\/02\/5-i-6.jpeg\",\"width\":1980,\"height\":1485,\"caption\":\"Double sized bed with couch, coffe table and television\"},{\"@type\":\"BreadcrumbList\",\"@id\":\"https:\/\/lojena.com\/hr\/proizvod\/premium-studio-s-pogledom-na-more-id-2\/#breadcrumb\",\"itemListElement\":[{\"@type\":\"ListItem\",\"position\":1,\"name\":\"Home\",\"item\":\"https:\/\/lojena.com\/hr\/\"},{\"@type\":\"ListItem\",\"position\":2,\"name\":\"Premium studio s pogledom na more ID 2\"}]},{\"@type\":\"WebSite\",\"@id\":\"https:\/\/lojena.com\/#website\",\"url\":\"https:\/\/lojena.com\/\",\"name\":\"Villa Lojena\",\"description\":\"Luxury Studios\",\"potentialAction\":[{\"@type\":\"SearchAction\",\"target\":{\"@type\":\"EntryPoint\",\"urlTemplate\":\"https:\/\/lojena.com\/?s={search_term_string}\"},\"query-input\":{\"@type\":\"PropertyValueSpecification\",\"valueRequired\":true,\"valueName\":\"search_term_string\"}}],\"inLanguage\":\"hr\"}]}<\/script>\n<!-- \/ Yoast SEO plugin. -->","yoast_head_json":{"title":"Premium studio s pogledom na more ID 2 - Villa Lojena","robots":{"index":"index","follow":"follow","max-snippet":"max-snippet:-1","max-image-preview":"max-image-preview:large","max-video-preview":"max-video-preview:-1"},"canonical":"https:\/\/lojena.com\/hr\/proizvod\/premium-studio-s-pogledom-na-more-id-2\/","og_locale":"hr_HR","og_type":"article","og_title":"Premium studio s pogledom na more ID 2 - Villa Lojena","og_description":"Do\u017eivite bijeg u prizemlju osmi\u0161ljen za one koji cijene prostor i spokoj. Ovaj elegantni studio mo\u017ee se pohvaliti prostranom terasom od 40 m\u00b2, koja nudi besprijekoran prijelaz iz elegantnog interijera u prirodne ljepote na\u0161eg stoljetnog maslinika. Uronite u mjehuri\u0107e va\u0161eg privatnog jacuzzija na terasi od 2&#215;2 m &#8211; savr\u0161enog protuotrova za dan na suncu. Unutar [&hellip;]","og_url":"https:\/\/lojena.com\/hr\/proizvod\/premium-studio-s-pogledom-na-more-id-2\/","og_site_name":"Villa Lojena","article_modified_time":"2026-03-22T08:17:46+00:00","og_image":[{"width":1980,"height":1485,"url":"https:\/\/lojena.com\/wp-content\/uploads\/2026\/02\/5-i-6.jpeg","type":"image\/jpeg"}],"twitter_card":"summary_large_image","twitter_misc":{"Procijenjeno vrijeme \u010ditanja":"1 minuta"},"schema":{"@context":"https:\/\/schema.org","@graph":[{"@type":"WebPage","@id":"https:\/\/lojena.com\/hr\/proizvod\/premium-studio-s-pogledom-na-more-id-2\/","url":"https:\/\/lojena.com\/hr\/proizvod\/premium-studio-s-pogledom-na-more-id-2\/","name":"Premium studio s pogledom na more ID 2 - Villa Lojena","isPartOf":{"@id":"https:\/\/lojena.com\/#website"},"primaryImageOfPage":{"@id":"https:\/\/lojena.com\/hr\/proizvod\/premium-studio-s-pogledom-na-more-id-2\/#primaryimage"},"image":{"@id":"https:\/\/lojena.com\/hr\/proizvod\/premium-studio-s-pogledom-na-more-id-2\/#primaryimage"},"thumbnailUrl":"https:\/\/lojena.com\/wp-content\/uploads\/2026\/02\/5-i-6.jpeg","datePublished":"2026-02-25T12:48:35+00:00","dateModified":"2026-03-22T08:17:46+00:00","breadcrumb":{"@id":"https:\/\/lojena.com\/hr\/proizvod\/premium-studio-s-pogledom-na-more-id-2\/#breadcrumb"},"inLanguage":"hr","potentialAction":[{"@type":"ReadAction","target":["https:\/\/lojena.com\/hr\/proizvod\/premium-studio-s-pogledom-na-more-id-2\/"]}]},{"@type":"ImageObject","inLanguage":"hr","@id":"https:\/\/lojena.com\/hr\/proizvod\/premium-studio-s-pogledom-na-more-id-2\/#primaryimage","url":"https:\/\/lojena.com\/wp-content\/uploads\/2026\/02\/5-i-6.jpeg","contentUrl":"https:\/\/lojena.com\/wp-content\/uploads\/2026\/02\/5-i-6.jpeg","width":1980,"height":1485,"caption":"Double sized bed with couch, coffe table and television"},{"@type":"BreadcrumbList","@id":"https:\/\/lojena.com\/hr\/proizvod\/premium-studio-s-pogledom-na-more-id-2\/#breadcrumb","itemListElement":[{"@type":"ListItem","position":1,"name":"Home","item":"https:\/\/lojena.com\/hr\/"},{"@type":"ListItem","position":2,"name":"Premium studio s pogledom na more ID 2"}]},{"@type":"WebSite","@id":"https:\/\/lojena.com\/#website","url":"https:\/\/lojena.com\/","name":"Villa Lojena","description":"Luxury Studios","potentialAction":[{"@type":"SearchAction","target":{"@type":"EntryPoint","urlTemplate":"https:\/\/lojena.com\/?s={search_term_string}"},"query-input":{"@type":"PropertyValueSpecification","valueRequired":true,"valueName":"search_term_string"}}],"inLanguage":"hr"}]}},"_links":{"self":[{"href":"https:\/\/lojena.com\/hr\/wp-json\/wp\/v2\/product\/1470","targetHints":{"allow":["GET"]}}],"collection":[{"href":"https:\/\/lojena.com\/hr\/wp-json\/wp\/v2\/product"}],"about":[{"href":"https:\/\/lojena.com\/hr\/wp-json\/wp\/v2\/types\/product"}],"replies":[{"embeddable":true,"href":"https:\/\/lojena.com\/hr\/wp-json\/wp\/v2\/comments?post=1470"}],"wp:featuredmedia":[{"embeddable":true,"href":"https:\/\/lojena.com\/hr\/wp-json\/wp\/v2\/media\/1467"}],"wp:attachment":[{"href":"https:\/\/lojena.com\/hr\/wp-json\/wp\/v2\/media?parent=1470"}],"wp:term":[{"taxonomy":"product_brand","embeddable":true,"href":"https:\/\/lojena.com\/hr\/wp-json\/wp\/v2\/product_brand?post=1470"},{"taxonomy":"product_cat","embeddable":true,"href":"https:\/\/lojena.com\/hr\/wp-json\/wp\/v2\/product_cat?post=1470"},{"taxonomy":"product_tag","embeddable":true,"href":"https:\/\/lojena.com\/hr\/wp-json\/wp\/v2\/product_tag?post=1470"}],"curies":[{"name":"wp","href":"https:\/\/api.w.org\/{rel}","templated":true}]}}