{"id":2206,"date":"2026-02-05T07:08:14","date_gmt":"2026-02-05T07:08:14","guid":{"rendered":"https:\/\/lojena.com\/?page_id=2206"},"modified":"2026-03-24T11:57:18","modified_gmt":"2026-03-24T11:57:18","slug":"pravila-privatnosti","status":"publish","type":"page","link":"https:\/\/lojena.com\/hr\/pravila-privatnosti\/","title":{"rendered":"Pravila privatnosti"},"content":{"rendered":"\n<h1 class=\"wp-block-heading\">Pravila privatnosti<\/h1>\n\n\n\n<h2 class=\"wp-block-heading\"><strong>Ni mi ne volimo spam!<\/strong><\/h2>\n\n\n\n<p>Murter rentals d.o.o., Sali XII 6, 23281 Sali (u daljnjem tekstu: Villa Lojena) obvezuje se \u0161tititi privatnost svih na\u0161ih kupaca. Ovom izjavom obvezujemo se \u0161tititi privatnost korisnika, kupaca i posjetitelja na\u0161e web stranice te sigurnost osobnih podataka koji su nam ustupljeni putem web stranice.<\/p>\n\n\n\n<p>Ova obavijest opisuje vrstu informacija koje mo\u017eemo prikupljati od vas kada posjetite na\u0161u web stranicu te obja\u0161njava kako koristimo te informacije i korake koje poduzimamo kako bismo ih za\u0161titili.<\/p>\n\n\n\n<h3 class=\"wp-block-heading\">Koje podatke prikupljamo o vama i kako ih koristimo?<\/h3>\n\n\n\n<p>Op\u0107enito, mo\u017eete posjetiti na\u0161u web stranicu bez otkrivanja bilo kakvih osobnih podataka o sebi. Ne prikupljamo osobne podatke o vama (kao \u0161to su va\u0161e ime i kontakt podaci) kada posjetite ovu web stranicu, osim ako dobrovoljno ne po\u0161aljete podatke koriste\u0107i jedan od dostupnih obrazaca za odre\u0111enu svrhu (kontakt obrazac ili obrazac za rezervaciju\/kupnju) i time date privolu za prikupljanje i kori\u0161tenje va\u0161ih osobnih podataka u navedene svrhe.<\/p>\n\n\n\n<p>Svi osobni podaci koriste se isklju\u010divo u svrhe za koje su prikupljeni. Kupnju i rezervaciju mogu izvr\u0161iti samo osobe starije od 18 godina. Prikupljene podatke ne\u0107emo ni na koji na\u010din u\u010diniti dostupnima neovla\u0161tenim tre\u0107im osobama, osim u svrhu propisanu zakonom (kao \u0161to je obvezna prijava u sustav <strong>e-Visitor<\/strong> propisana hrvatskim zakonom).<\/p>\n\n\n\n<h3 class=\"wp-block-heading\">Dijeljenje informacija s ovla\u0161tenim tre\u0107im stranama<\/h3>\n\n\n\n<p>Va\u0161e podatke dijelimo s ovla\u0161tenim tre\u0107im stranama u sljede\u0107e svrhe:<\/p>\n\n\n\n<ul class=\"wp-block-list\">\n<li><strong>Google Analytics:<\/strong> Google prikuplja informacije putem na\u0161eg kori\u0161tenja usluge Google Analytics na na\u0161oj web stranici na anonimnoj osnovi kako bi nam pomogao pobolj\u0161ati poslovanje putem povratnih informacija. Mo\u017eete se isklju\u010diti ovdje: <a href=\"https:\/\/tools.google.com\/dlpage\/gaoptout\" target=\"_blank\" rel=\"noreferrer noopener\">https:\/\/tools.google.com\/dlpage\/gaoptout<\/a>.<\/li>\n\n\n\n<li><strong>Google Maps:<\/strong> Koristimo Google Maps za pru\u017eanje usluga lokacije za na\u0161e apartmane. Google mo\u017ee prikupljati IP adrese i podatke o kola\u010di\u0107ima u skladu sa svojim pravilima o privatnosti.<\/li>\n\n\n\n<li><strong>Ra\u010dunovodstvo:<\/strong> Podatke dijelimo s na\u0161im ra\u010dunovo\u0111ama u porezne svrhe, konkretno ra\u010dune izdane za va\u0161 boravak radi izrade poreznih prijava i godi\u0161njih obra\u010duna.<\/li>\n\n\n\n<li><strong>Bankovni prijenosi:<\/strong> Budu\u0107i da se sva pla\u0107anja vr\u0161e izravnim bankovnim prijenosom, va\u0161e transakcijske podatke obra\u0111uju nadle\u017ene bankovne institucije u svrhu izvr\u0161enja ugovora.<\/li>\n<\/ul>\n\n\n\n<h3 class=\"wp-block-heading\">Vrste osobnih podataka koji se obra\u0111uju<\/h3>\n\n\n\n<ul class=\"wp-block-list\">\n<li><strong>Kontakt obrazac:<\/strong> Ime i prezime, e-mail te sve dodatne informacije koje navedete (telefon, adresa).<\/li>\n\n\n\n<li><strong>Obrazac za rezervaciju\/kupnju:<\/strong> Dr\u017eava, ime i prezime, e-mail, adresa, grad, po\u0161tanski broj i broj telefona.<\/li>\n\n\n\n<li><strong>Automatski prikupljeni podaci:<\/strong> Automatski prikupljamo informacije u zapisni\u010dkim datotekama poslu\u017eitelja (server log files), kao \u0161to su va\u0161a IP adresa, vrsta preglednika i operativni sustav radi upravljanja na\u0161im tehni\u010d\u010dkim rje\u0161enjima i pobolj\u0161anja va\u0161eg iskustva.<\/li>\n<\/ul>\n\n\n\n<h3 class=\"wp-block-heading\">Prava ispitanika<\/h3>\n\n\n\n<p>Osiguravamo uvjete da sami odlu\u010dujete o obradi va\u0161ih osobnih podataka. Imate sljede\u0107a prava:<\/p>\n\n\n\n<ul class=\"wp-block-list\">\n<li><strong>Pravo na pristup:<\/strong> Zatra\u017eiti potvrdu obra\u0111ujemo li va\u0161e podatke.<\/li>\n\n\n\n<li><strong>Pravo na ispravak:<\/strong> Zatra\u017eiti ispravak neto\u010dnih ili nepotpunih podataka.<\/li>\n\n\n\n<li><strong>Pravo na brisanje (\u201epravo na zaborav\u201c):<\/strong> Zatra\u017eiti brisanje podataka ako se povu\u010de privola ili se podaci obra\u0111uju nezakonito, pod uvjetom da nisu potrebni za zakonske\/ugovorne obveze.<\/li>\n\n\n\n<li><strong>Pravo na ograni\u010denje obrade.<\/strong><\/li>\n\n\n\n<li><strong>Pravo na prenosivost podataka.<\/strong><\/li>\n\n\n\n<li><strong>Pravo na prigovor:<\/strong> Posebno u vezi sa svrhama izravnog marketinga.<\/li>\n<\/ul>\n\n\n\n<h3 class=\"wp-block-heading\">Pravo na pritu\u017ebu nadzornom tijelu<\/h3>\n\n\n\n<p>Ako smatrate da je obrada va\u0161ih osobnih podataka u suprotnosti s Op\u0107om uredbom o za\u0161titi podataka (GDPR), imate pravo podnijeti prigovor <strong>Agenciji za za\u0161titu osobnih podataka (AZOP)<\/strong>, Marti\u0107eva ulica 14, 10000 Zagreb, Hrvatska (<a target=\"_blank\" rel=\"noreferrer noopener\" href=\"http:\/\/azop.hr\/\">http:\/\/azop.hr\/<\/a>).<\/p>\n\n\n\n<h3 class=\"wp-block-heading\">Pravo na povla\u010denje privole<\/h3>\n\n\n\n<p>Ako se obrada temelji na va\u0161oj privoli, imate je pravo povu\u0107i u bilo kojem trenutku slanjem e-maila na: <strong>[Ovdje umetnite Email iz ACF opcija]<\/strong>. Radi va\u0161e za\u0161tite potrebna je identifikacija podnositelja zahtjeva.<\/p>\n\n\n\n<h3 class=\"wp-block-heading\">Sigurnost va\u0161ih osobnih podataka<\/h3>\n\n\n\n<p>Posve\u0107eni smo poduzimanju odgovaraju\u0107ih tehni\u010dkih i organizacijskih mjera za za\u0161titu va\u0161ih osobnih podataka od neovla\u0161tenog rukovanja, slu\u010dajnog gubitka ili o\u0161te\u0107enja. Va\u0161i se podaci sigurno \u0161alju putem interneta koriste\u0107i visokokvalitetnu enkripciju i pohranjuju na sigurnim poslu\u017eiteljima smje\u0161tenima u EU.<\/p>\n\n\n\n<h3 class=\"wp-block-heading\">Rje\u0161avanje nesporazuma<\/h3>\n\n\n\n<p>Za rje\u0161avanje eventualnih nesporazuma ili dodatna pitanja, molimo koristite e-mail: info@lojena.com<\/p>\n\n\n\n<p><strong>Kontakt:<\/strong> Za sva dodatna pitanja mo\u017eete nas kontaktirati na: <\/p>\n\n\n\n<p><strong>Telefon:<\/strong> info@lojena.com<\/p>\n\n\n\n<p><strong>Email:<\/strong> <a href=\"tel:+385 98 169 3495\">+385 98 169 3495<\/a><\/p>\n\n\n\n<div style=\"height:110px\" aria-hidden=\"true\" class=\"wp-block-spacer\"><\/div>\n","protected":false},"excerpt":{"rendered":"<p>Pravila privatnosti Ni mi ne volimo spam! Murter rentals d.o.o., Sali XII 6, 23281 Sali (u daljnjem tekstu: Villa Lojena) obvezuje se \u0161tititi privatnost svih na\u0161ih kupaca. Ovom izjavom obvezujemo se \u0161tititi privatnost korisnika, kupaca i posjetitelja na\u0161e web stranice te sigurnost osobnih podataka koji su nam ustupljeni putem web stranice. Ova obavijest opisuje vrstu [&hellip;]<\/p>\n","protected":false},"author":1,"featured_media":0,"parent":0,"menu_order":0,"comment_status":"closed","ping_status":"open","template":"page-content.php","meta":{"_acf_changed":false,"footnotes":""},"class_list":["post-2206","page","type-page","status-publish","hentry"],"acf":[],"yoast_head":"<!-- This site is optimized with the Yoast SEO plugin v27.2 - https:\/\/yoast.com\/product\/yoast-seo-wordpress\/ -->\n<title>Pravila privatnosti - Villa Lojena<\/title>\n<meta name=\"robots\" content=\"index, follow, max-snippet:-1, max-image-preview:large, max-video-preview:-1\" \/>\n<link rel=\"canonical\" href=\"https:\/\/lojena.com\/hr\/pravila-privatnosti\/\" \/>\n<meta property=\"og:locale\" content=\"hr_HR\" \/>\n<meta property=\"og:type\" content=\"article\" \/>\n<meta property=\"og:title\" content=\"Pravila privatnosti - Villa Lojena\" \/>\n<meta property=\"og:description\" content=\"Pravila privatnosti Ni mi ne volimo spam! Murter rentals d.o.o., Sali XII 6, 23281 Sali (u daljnjem tekstu: Villa Lojena) obvezuje se \u0161tititi privatnost svih na\u0161ih kupaca. Ovom izjavom obvezujemo se \u0161tititi privatnost korisnika, kupaca i posjetitelja na\u0161e web stranice te sigurnost osobnih podataka koji su nam ustupljeni putem web stranice. Ova obavijest opisuje vrstu [&hellip;]\" \/>\n<meta property=\"og:url\" content=\"https:\/\/lojena.com\/hr\/pravila-privatnosti\/\" \/>\n<meta property=\"og:site_name\" content=\"Villa Lojena\" \/>\n<meta property=\"article:modified_time\" content=\"2026-03-24T11:57:18+00:00\" \/>\n<meta name=\"twitter:card\" content=\"summary_large_image\" \/>\n<meta name=\"twitter:label1\" content=\"Procijenjeno vrijeme \u010ditanja\" \/>\n\t<meta name=\"twitter:data1\" content=\"3 minute\" \/>\n<script type=\"application\/ld+json\" class=\"yoast-schema-graph\">{\"@context\":\"https:\/\/schema.org\",\"@graph\":[{\"@type\":\"WebPage\",\"@id\":\"https:\/\/lojena.com\/hr\/pravila-privatnosti\/\",\"url\":\"https:\/\/lojena.com\/hr\/pravila-privatnosti\/\",\"name\":\"Pravila privatnosti - Villa Lojena\",\"isPartOf\":{\"@id\":\"https:\/\/lojena.com\/#website\"},\"datePublished\":\"2026-02-05T07:08:14+00:00\",\"dateModified\":\"2026-03-24T11:57:18+00:00\",\"breadcrumb\":{\"@id\":\"https:\/\/lojena.com\/hr\/pravila-privatnosti\/#breadcrumb\"},\"inLanguage\":\"hr\",\"potentialAction\":[{\"@type\":\"ReadAction\",\"target\":[\"https:\/\/lojena.com\/hr\/pravila-privatnosti\/\"]}]},{\"@type\":\"BreadcrumbList\",\"@id\":\"https:\/\/lojena.com\/hr\/pravila-privatnosti\/#breadcrumb\",\"itemListElement\":[{\"@type\":\"ListItem\",\"position\":1,\"name\":\"Home\",\"item\":\"https:\/\/lojena.com\/hr\/\"},{\"@type\":\"ListItem\",\"position\":2,\"name\":\"Pravila privatnosti\"}]},{\"@type\":\"WebSite\",\"@id\":\"https:\/\/lojena.com\/#website\",\"url\":\"https:\/\/lojena.com\/\",\"name\":\"Villa Lojena\",\"description\":\"Luxury Studios\",\"potentialAction\":[{\"@type\":\"SearchAction\",\"target\":{\"@type\":\"EntryPoint\",\"urlTemplate\":\"https:\/\/lojena.com\/?s={search_term_string}\"},\"query-input\":{\"@type\":\"PropertyValueSpecification\",\"valueRequired\":true,\"valueName\":\"search_term_string\"}}],\"inLanguage\":\"hr\"}]}<\/script>\n<!-- \/ Yoast SEO plugin. -->","yoast_head_json":{"title":"Pravila privatnosti - Villa Lojena","robots":{"index":"index","follow":"follow","max-snippet":"max-snippet:-1","max-image-preview":"max-image-preview:large","max-video-preview":"max-video-preview:-1"},"canonical":"https:\/\/lojena.com\/hr\/pravila-privatnosti\/","og_locale":"hr_HR","og_type":"article","og_title":"Pravila privatnosti - Villa Lojena","og_description":"Pravila privatnosti Ni mi ne volimo spam! Murter rentals d.o.o., Sali XII 6, 23281 Sali (u daljnjem tekstu: Villa Lojena) obvezuje se \u0161tititi privatnost svih na\u0161ih kupaca. Ovom izjavom obvezujemo se \u0161tititi privatnost korisnika, kupaca i posjetitelja na\u0161e web stranice te sigurnost osobnih podataka koji su nam ustupljeni putem web stranice. Ova obavijest opisuje vrstu [&hellip;]","og_url":"https:\/\/lojena.com\/hr\/pravila-privatnosti\/","og_site_name":"Villa Lojena","article_modified_time":"2026-03-24T11:57:18+00:00","twitter_card":"summary_large_image","twitter_misc":{"Procijenjeno vrijeme \u010ditanja":"3 minute"},"schema":{"@context":"https:\/\/schema.org","@graph":[{"@type":"WebPage","@id":"https:\/\/lojena.com\/hr\/pravila-privatnosti\/","url":"https:\/\/lojena.com\/hr\/pravila-privatnosti\/","name":"Pravila privatnosti - Villa Lojena","isPartOf":{"@id":"https:\/\/lojena.com\/#website"},"datePublished":"2026-02-05T07:08:14+00:00","dateModified":"2026-03-24T11:57:18+00:00","breadcrumb":{"@id":"https:\/\/lojena.com\/hr\/pravila-privatnosti\/#breadcrumb"},"inLanguage":"hr","potentialAction":[{"@type":"ReadAction","target":["https:\/\/lojena.com\/hr\/pravila-privatnosti\/"]}]},{"@type":"BreadcrumbList","@id":"https:\/\/lojena.com\/hr\/pravila-privatnosti\/#breadcrumb","itemListElement":[{"@type":"ListItem","position":1,"name":"Home","item":"https:\/\/lojena.com\/hr\/"},{"@type":"ListItem","position":2,"name":"Pravila privatnosti"}]},{"@type":"WebSite","@id":"https:\/\/lojena.com\/#website","url":"https:\/\/lojena.com\/","name":"Villa Lojena","description":"Luxury Studios","potentialAction":[{"@type":"SearchAction","target":{"@type":"EntryPoint","urlTemplate":"https:\/\/lojena.com\/?s={search_term_string}"},"query-input":{"@type":"PropertyValueSpecification","valueRequired":true,"valueName":"search_term_string"}}],"inLanguage":"hr"}]}},"_links":{"self":[{"href":"https:\/\/lojena.com\/hr\/wp-json\/wp\/v2\/pages\/2206","targetHints":{"allow":["GET"]}}],"collection":[{"href":"https:\/\/lojena.com\/hr\/wp-json\/wp\/v2\/pages"}],"about":[{"href":"https:\/\/lojena.com\/hr\/wp-json\/wp\/v2\/types\/page"}],"author":[{"embeddable":true,"href":"https:\/\/lojena.com\/hr\/wp-json\/wp\/v2\/users\/1"}],"replies":[{"embeddable":true,"href":"https:\/\/lojena.com\/hr\/wp-json\/wp\/v2\/comments?post=2206"}],"version-history":[{"count":5,"href":"https:\/\/lojena.com\/hr\/wp-json\/wp\/v2\/pages\/2206\/revisions"}],"predecessor-version":[{"id":2857,"href":"https:\/\/lojena.com\/hr\/wp-json\/wp\/v2\/pages\/2206\/revisions\/2857"}],"wp:attachment":[{"href":"https:\/\/lojena.com\/hr\/wp-json\/wp\/v2\/media?parent=2206"}],"curies":[{"name":"wp","href":"https:\/\/api.w.org\/{rel}","templated":true}]}}