{"id":1779,"date":"2026-02-25T18:06:05","date_gmt":"2026-02-25T18:06:05","guid":{"rendered":"https:\/\/lojena.com\/?post_type=product&#038;p=1779"},"modified":"2026-03-22T08:42:44","modified_gmt":"2026-03-22T08:42:44","slug":"penthouse-exclusif-de-trois-chambres-avec-vue-panoramique-na-mer","status":"publish","type":"product","link":"https:\/\/lojena.com\/fr\/produit\/penthouse-exclusif-de-trois-chambres-avec-vue-panoramique-na-mer\/","title":{"rendered":"Penthouse exclusif de trois chambres avec vue panoramique na mer"},"content":{"rendered":"<p>Vivez l&rsquo;exp\u00e9rience ultime \u00e0 la Villa Lojena. D&rsquo;une superficie impressionnante de 155 m\u00b2, ce penthouse couronne la villa d&rsquo;une terrasse de 80 m\u00b2 offrant une vue panoramique imprenable sur la mer et des couchers de soleil inoubliables.<\/p>\n<p>La suite parentale dispose d&rsquo;une luxueuse salle de bains privative avec baignoire baln\u00e9o et vue sur le jardin\u00a0: un v\u00e9ritable havre de paix.<\/p>\n<p>Deux chambres suppl\u00e9mentaires, chacune avec salle de bains privative et climatisation Daikin, garantissent confort et intimit\u00e9 pour la famille ou les invit\u00e9s.<\/p>\n<p>L&rsquo;\u00e9l\u00e9gant salon s&rsquo;ouvre sur la mer, tandis que la salle \u00e0 manger peut accueillir six personnes pour des repas conviviaux m\u00e9morables.<\/p>\n<p>Une cuisine enti\u00e8rement \u00e9quip\u00e9e, avec lave-linge et lave-vaisselle, facilite les longs s\u00e9jours.<\/p>\n<p>Des transats sur la terrasse vous invitent \u00e0 profiter de la beaut\u00e9 m\u00e9diterran\u00e9enne, et trois places de parking ombrag\u00e9es, dont une borne de recharge pour v\u00e9hicule \u00e9lectrique, sont \u00e0 votre disposition.<\/p>\n<p>Avec sa Smart TV, son internet 5G haut d\u00e9bit, ses matelas anti-allergiques haut de gamme de 34 cm et un int\u00e9rieur o\u00f9 chaque d\u00e9tail refl\u00e8te le luxe moderne, ce penthouse est con\u00e7u pour ceux qui n&rsquo;acceptent rien de moins que l&rsquo;exceptionnel.<\/p>\n","protected":false},"excerpt":{"rendered":"<p>Vivez l&rsquo;exp\u00e9rience ultime \u00e0 la Villa Lojena. D&rsquo;une superficie impressionnante de 155 m\u00b2, ce penthouse couronne la villa d&rsquo;une terrasse de 80 m\u00b2 offrant une vue panoramique imprenable sur la mer et des couchers de soleil inoubliables. La suite parentale dispose d&rsquo;une luxueuse salle de bains privative avec baignoire baln\u00e9o et vue sur le jardin\u00a0: [&hellip;]<\/p>\n","protected":false},"featured_media":2791,"comment_status":"closed","ping_status":"closed","template":"","meta":{"_acf_changed":false},"product_brand":[],"product_cat":[84],"product_tag":[],"class_list":{"0":"post-1779","1":"product","2":"type-product","3":"status-publish","4":"has-post-thumbnail","6":"product_cat-penthouse-exclusif-de-trois-chambres-avec-vue-panoramique-na-mer","8":"first","9":"instock","10":"shipping-taxable","11":"purchasable","12":"product-type-simple"},"acf":[],"yoast_head":"<!-- This site is optimized with the Yoast SEO plugin v27.2 - https:\/\/yoast.com\/product\/yoast-seo-wordpress\/ -->\n<title>Penthouse exclusif de trois chambres avec vue panoramique na mer - Villa Lojena<\/title>\n<meta name=\"robots\" content=\"index, follow, max-snippet:-1, max-image-preview:large, max-video-preview:-1\" \/>\n<link rel=\"canonical\" href=\"https:\/\/lojena.com\/fr\/produit\/penthouse-exclusif-de-trois-chambres-avec-vue-panoramique-na-mer\/\" \/>\n<meta property=\"og:locale\" content=\"fr_FR\" \/>\n<meta property=\"og:type\" content=\"article\" \/>\n<meta property=\"og:title\" content=\"Penthouse exclusif de trois chambres avec vue panoramique na mer - Villa Lojena\" \/>\n<meta property=\"og:description\" content=\"Vivez l&rsquo;exp\u00e9rience ultime \u00e0 la Villa Lojena. D&rsquo;une superficie impressionnante de 155 m\u00b2, ce penthouse couronne la villa d&rsquo;une terrasse de 80 m\u00b2 offrant une vue panoramique imprenable sur la mer et des couchers de soleil inoubliables. La suite parentale dispose d&rsquo;une luxueuse salle de bains privative avec baignoire baln\u00e9o et vue sur le jardin\u00a0: [&hellip;]\" \/>\n<meta property=\"og:url\" content=\"https:\/\/lojena.com\/fr\/produit\/penthouse-exclusif-de-trois-chambres-avec-vue-panoramique-na-mer\/\" \/>\n<meta property=\"og:site_name\" content=\"Villa Lojena\" \/>\n<meta property=\"article:modified_time\" content=\"2026-03-22T08:42:44+00:00\" \/>\n<meta property=\"og:image\" content=\"https:\/\/lojena.com\/wp-content\/uploads\/2026\/02\/8-po-redu-penthouse-1980x1485-1.jpg\" \/>\n\t<meta property=\"og:image:width\" content=\"1980\" \/>\n\t<meta property=\"og:image:height\" content=\"1485\" \/>\n\t<meta property=\"og:image:type\" content=\"image\/jpeg\" \/>\n<meta name=\"twitter:card\" content=\"summary_large_image\" \/>\n<meta name=\"twitter:label1\" content=\"Dur\u00e9e de lecture estim\u00e9e\" \/>\n\t<meta name=\"twitter:data1\" content=\"2 minutes\" \/>\n<script type=\"application\/ld+json\" class=\"yoast-schema-graph\">{\"@context\":\"https:\/\/schema.org\",\"@graph\":[{\"@type\":\"WebPage\",\"@id\":\"https:\/\/lojena.com\/fr\/produit\/penthouse-exclusif-de-trois-chambres-avec-vue-panoramique-na-mer\/\",\"url\":\"https:\/\/lojena.com\/fr\/produit\/penthouse-exclusif-de-trois-chambres-avec-vue-panoramique-na-mer\/\",\"name\":\"Penthouse exclusif de trois chambres avec vue panoramique na mer - Villa Lojena\",\"isPartOf\":{\"@id\":\"https:\/\/lojena.com\/#website\"},\"primaryImageOfPage\":{\"@id\":\"https:\/\/lojena.com\/fr\/produit\/penthouse-exclusif-de-trois-chambres-avec-vue-panoramique-na-mer\/#primaryimage\"},\"image\":{\"@id\":\"https:\/\/lojena.com\/fr\/produit\/penthouse-exclusif-de-trois-chambres-avec-vue-panoramique-na-mer\/#primaryimage\"},\"thumbnailUrl\":\"https:\/\/lojena.com\/wp-content\/uploads\/2026\/02\/8-po-redu-penthouse-1980x1485-1.jpg\",\"datePublished\":\"2026-02-25T18:06:05+00:00\",\"dateModified\":\"2026-03-22T08:42:44+00:00\",\"breadcrumb\":{\"@id\":\"https:\/\/lojena.com\/fr\/produit\/penthouse-exclusif-de-trois-chambres-avec-vue-panoramique-na-mer\/#breadcrumb\"},\"inLanguage\":\"fr-FR\",\"potentialAction\":[{\"@type\":\"ReadAction\",\"target\":[\"https:\/\/lojena.com\/fr\/produit\/penthouse-exclusif-de-trois-chambres-avec-vue-panoramique-na-mer\/\"]}]},{\"@type\":\"ImageObject\",\"inLanguage\":\"fr-FR\",\"@id\":\"https:\/\/lojena.com\/fr\/produit\/penthouse-exclusif-de-trois-chambres-avec-vue-panoramique-na-mer\/#primaryimage\",\"url\":\"https:\/\/lojena.com\/wp-content\/uploads\/2026\/02\/8-po-redu-penthouse-1980x1485-1.jpg\",\"contentUrl\":\"https:\/\/lojena.com\/wp-content\/uploads\/2026\/02\/8-po-redu-penthouse-1980x1485-1.jpg\",\"width\":1980,\"height\":1485},{\"@type\":\"BreadcrumbList\",\"@id\":\"https:\/\/lojena.com\/fr\/produit\/penthouse-exclusif-de-trois-chambres-avec-vue-panoramique-na-mer\/#breadcrumb\",\"itemListElement\":[{\"@type\":\"ListItem\",\"position\":1,\"name\":\"Home\",\"item\":\"https:\/\/lojena.com\/fr\/\"},{\"@type\":\"ListItem\",\"position\":2,\"name\":\"Penthouse exclusif de trois chambres avec vue panoramique na mer\"}]},{\"@type\":\"WebSite\",\"@id\":\"https:\/\/lojena.com\/#website\",\"url\":\"https:\/\/lojena.com\/\",\"name\":\"Villa Lojena\",\"description\":\"Luxury Studios\",\"potentialAction\":[{\"@type\":\"SearchAction\",\"target\":{\"@type\":\"EntryPoint\",\"urlTemplate\":\"https:\/\/lojena.com\/?s={search_term_string}\"},\"query-input\":{\"@type\":\"PropertyValueSpecification\",\"valueRequired\":true,\"valueName\":\"search_term_string\"}}],\"inLanguage\":\"fr-FR\"}]}<\/script>\n<!-- \/ Yoast SEO plugin. -->","yoast_head_json":{"title":"Penthouse exclusif de trois chambres avec vue panoramique na mer - Villa Lojena","robots":{"index":"index","follow":"follow","max-snippet":"max-snippet:-1","max-image-preview":"max-image-preview:large","max-video-preview":"max-video-preview:-1"},"canonical":"https:\/\/lojena.com\/fr\/produit\/penthouse-exclusif-de-trois-chambres-avec-vue-panoramique-na-mer\/","og_locale":"fr_FR","og_type":"article","og_title":"Penthouse exclusif de trois chambres avec vue panoramique na mer - Villa Lojena","og_description":"Vivez l&rsquo;exp\u00e9rience ultime \u00e0 la Villa Lojena. D&rsquo;une superficie impressionnante de 155 m\u00b2, ce penthouse couronne la villa d&rsquo;une terrasse de 80 m\u00b2 offrant une vue panoramique imprenable sur la mer et des couchers de soleil inoubliables. La suite parentale dispose d&rsquo;une luxueuse salle de bains privative avec baignoire baln\u00e9o et vue sur le jardin\u00a0: [&hellip;]","og_url":"https:\/\/lojena.com\/fr\/produit\/penthouse-exclusif-de-trois-chambres-avec-vue-panoramique-na-mer\/","og_site_name":"Villa Lojena","article_modified_time":"2026-03-22T08:42:44+00:00","og_image":[{"width":1980,"height":1485,"url":"https:\/\/lojena.com\/wp-content\/uploads\/2026\/02\/8-po-redu-penthouse-1980x1485-1.jpg","type":"image\/jpeg"}],"twitter_card":"summary_large_image","twitter_misc":{"Dur\u00e9e de lecture estim\u00e9e":"2 minutes"},"schema":{"@context":"https:\/\/schema.org","@graph":[{"@type":"WebPage","@id":"https:\/\/lojena.com\/fr\/produit\/penthouse-exclusif-de-trois-chambres-avec-vue-panoramique-na-mer\/","url":"https:\/\/lojena.com\/fr\/produit\/penthouse-exclusif-de-trois-chambres-avec-vue-panoramique-na-mer\/","name":"Penthouse exclusif de trois chambres avec vue panoramique na mer - Villa Lojena","isPartOf":{"@id":"https:\/\/lojena.com\/#website"},"primaryImageOfPage":{"@id":"https:\/\/lojena.com\/fr\/produit\/penthouse-exclusif-de-trois-chambres-avec-vue-panoramique-na-mer\/#primaryimage"},"image":{"@id":"https:\/\/lojena.com\/fr\/produit\/penthouse-exclusif-de-trois-chambres-avec-vue-panoramique-na-mer\/#primaryimage"},"thumbnailUrl":"https:\/\/lojena.com\/wp-content\/uploads\/2026\/02\/8-po-redu-penthouse-1980x1485-1.jpg","datePublished":"2026-02-25T18:06:05+00:00","dateModified":"2026-03-22T08:42:44+00:00","breadcrumb":{"@id":"https:\/\/lojena.com\/fr\/produit\/penthouse-exclusif-de-trois-chambres-avec-vue-panoramique-na-mer\/#breadcrumb"},"inLanguage":"fr-FR","potentialAction":[{"@type":"ReadAction","target":["https:\/\/lojena.com\/fr\/produit\/penthouse-exclusif-de-trois-chambres-avec-vue-panoramique-na-mer\/"]}]},{"@type":"ImageObject","inLanguage":"fr-FR","@id":"https:\/\/lojena.com\/fr\/produit\/penthouse-exclusif-de-trois-chambres-avec-vue-panoramique-na-mer\/#primaryimage","url":"https:\/\/lojena.com\/wp-content\/uploads\/2026\/02\/8-po-redu-penthouse-1980x1485-1.jpg","contentUrl":"https:\/\/lojena.com\/wp-content\/uploads\/2026\/02\/8-po-redu-penthouse-1980x1485-1.jpg","width":1980,"height":1485},{"@type":"BreadcrumbList","@id":"https:\/\/lojena.com\/fr\/produit\/penthouse-exclusif-de-trois-chambres-avec-vue-panoramique-na-mer\/#breadcrumb","itemListElement":[{"@type":"ListItem","position":1,"name":"Home","item":"https:\/\/lojena.com\/fr\/"},{"@type":"ListItem","position":2,"name":"Penthouse exclusif de trois chambres avec vue panoramique na mer"}]},{"@type":"WebSite","@id":"https:\/\/lojena.com\/#website","url":"https:\/\/lojena.com\/","name":"Villa Lojena","description":"Luxury Studios","potentialAction":[{"@type":"SearchAction","target":{"@type":"EntryPoint","urlTemplate":"https:\/\/lojena.com\/?s={search_term_string}"},"query-input":{"@type":"PropertyValueSpecification","valueRequired":true,"valueName":"search_term_string"}}],"inLanguage":"fr-FR"}]}},"_links":{"self":[{"href":"https:\/\/lojena.com\/fr\/wp-json\/wp\/v2\/product\/1779","targetHints":{"allow":["GET"]}}],"collection":[{"href":"https:\/\/lojena.com\/fr\/wp-json\/wp\/v2\/product"}],"about":[{"href":"https:\/\/lojena.com\/fr\/wp-json\/wp\/v2\/types\/product"}],"replies":[{"embeddable":true,"href":"https:\/\/lojena.com\/fr\/wp-json\/wp\/v2\/comments?post=1779"}],"wp:featuredmedia":[{"embeddable":true,"href":"https:\/\/lojena.com\/fr\/wp-json\/wp\/v2\/media\/2791"}],"wp:attachment":[{"href":"https:\/\/lojena.com\/fr\/wp-json\/wp\/v2\/media?parent=1779"}],"wp:term":[{"taxonomy":"product_brand","embeddable":true,"href":"https:\/\/lojena.com\/fr\/wp-json\/wp\/v2\/product_brand?post=1779"},{"taxonomy":"product_cat","embeddable":true,"href":"https:\/\/lojena.com\/fr\/wp-json\/wp\/v2\/product_cat?post=1779"},{"taxonomy":"product_tag","embeddable":true,"href":"https:\/\/lojena.com\/fr\/wp-json\/wp\/v2\/product_tag?post=1779"}],"curies":[{"name":"wp","href":"https:\/\/api.w.org\/{rel}","templated":true}]}}