{"id":1121,"date":"2026-02-25T12:26:53","date_gmt":"2026-02-25T12:26:53","guid":{"rendered":"https:\/\/lojena.com\/?post_type=product&#038;p=1121"},"modified":"2026-03-22T08:45:04","modified_gmt":"2026-03-22T08:45:04","slug":"studio-superieur-avec-vue-sur-le-jardin-id-2","status":"publish","type":"product","link":"https:\/\/lojena.com\/fr\/produit\/studio-superieur-avec-vue-sur-le-jardin-id-2\/","title":{"rendered":"Studio Sup\u00e9rieur avec vue sur le jardin ID 2"},"content":{"rendered":"<p>Imaginez-vous vous r\u00e9veiller face \u00e0 un panorama exceptionnel sur la M\u00e9diterran\u00e9e : la mer, la piscine et des oliviers centenaires \u00e0 vos pieds. Ce studio moderne dispose d&rsquo;une magnifique terrasse ombrag\u00e9e, l&rsquo;endroit id\u00e9al pour savourer votre expresso matinal ou un verre au coucher du soleil dans une atmosph\u00e8re sereine.<\/p>\n<p>\u00c0 l&rsquo;int\u00e9rieur, le luxe se niche dans les moindres d\u00e9tails. De la cuisine enti\u00e8rement \u00e9quip\u00e9e \u00e0 la grande salle de bains moderne, en passant par la climatisation Daikin et les matelas hypoallerg\u00e9niques ultra-premium de 34 cm, tout est pens\u00e9 pour votre d\u00e9tente. L&rsquo;agencement permet d&rsquo;accueillir confortablement une petite famille gr\u00e2ce au lit enfant.<\/p>\n<p>Restez connect\u00e9 gr\u00e2ce \u00e0 l&rsquo;internet haut d\u00e9bit 5G et \u00e0 la Smart TV, ou profitez de nos services pens\u00e9s pour vos besoins, comme la machine \u00e0 gla\u00e7ons partag\u00e9e et le service de blanchisserie gratuit. Situ\u00e9 dans un quartier au calme absolu et au charme m\u00e9diterran\u00e9en, ce studio offre une parenth\u00e8se raffin\u00e9e loin du quotidien.<\/p>\n","protected":false},"excerpt":{"rendered":"<p>Imaginez-vous vous r\u00e9veiller face \u00e0 un panorama exceptionnel sur la M\u00e9diterran\u00e9e : la mer, la piscine et des oliviers centenaires \u00e0 vos pieds. Ce studio moderne dispose d&rsquo;une magnifique terrasse ombrag\u00e9e, l&rsquo;endroit id\u00e9al pour savourer votre expresso matinal ou un verre au coucher du soleil dans une atmosph\u00e8re sereine. \u00c0 l&rsquo;int\u00e9rieur, le luxe se niche [&hellip;]<\/p>\n","protected":false},"featured_media":2755,"comment_status":"closed","ping_status":"closed","template":"","meta":{"_acf_changed":false},"product_brand":[],"product_cat":[108],"product_tag":[],"class_list":{"0":"post-1121","1":"product","2":"type-product","3":"status-publish","4":"has-post-thumbnail","6":"product_cat-studio-superieur-avec-vue-sur-le-jardin","8":"first","9":"instock","10":"shipping-taxable","11":"purchasable","12":"product-type-simple"},"acf":[],"yoast_head":"<!-- This site is optimized with the Yoast SEO plugin v27.2 - https:\/\/yoast.com\/product\/yoast-seo-wordpress\/ -->\n<title>Studio Sup\u00e9rieur avec vue sur le jardin ID 2 - Villa Lojena<\/title>\n<meta name=\"robots\" content=\"index, follow, max-snippet:-1, max-image-preview:large, max-video-preview:-1\" \/>\n<link rel=\"canonical\" href=\"https:\/\/lojena.com\/fr\/produit\/studio-superieur-avec-vue-sur-le-jardin-id-2\/\" \/>\n<meta property=\"og:locale\" content=\"fr_FR\" \/>\n<meta property=\"og:type\" content=\"article\" \/>\n<meta property=\"og:title\" content=\"Studio Sup\u00e9rieur avec vue sur le jardin ID 2 - Villa Lojena\" \/>\n<meta property=\"og:description\" content=\"Imaginez-vous vous r\u00e9veiller face \u00e0 un panorama exceptionnel sur la M\u00e9diterran\u00e9e : la mer, la piscine et des oliviers centenaires \u00e0 vos pieds. Ce studio moderne dispose d&rsquo;une magnifique terrasse ombrag\u00e9e, l&rsquo;endroit id\u00e9al pour savourer votre expresso matinal ou un verre au coucher du soleil dans une atmosph\u00e8re sereine. \u00c0 l&rsquo;int\u00e9rieur, le luxe se niche [&hellip;]\" \/>\n<meta property=\"og:url\" content=\"https:\/\/lojena.com\/fr\/produit\/studio-superieur-avec-vue-sur-le-jardin-id-2\/\" \/>\n<meta property=\"og:site_name\" content=\"Villa Lojena\" \/>\n<meta property=\"article:modified_time\" content=\"2026-03-22T08:45:04+00:00\" \/>\n<meta property=\"og:image\" content=\"https:\/\/lojena.com\/wp-content\/uploads\/2026\/02\/2-poredu-1980x1485-1.jpg\" \/>\n\t<meta property=\"og:image:width\" content=\"1980\" \/>\n\t<meta property=\"og:image:height\" content=\"1485\" \/>\n\t<meta property=\"og:image:type\" content=\"image\/jpeg\" \/>\n<meta name=\"twitter:card\" content=\"summary_large_image\" \/>\n<meta name=\"twitter:label1\" content=\"Dur\u00e9e de lecture estim\u00e9e\" \/>\n\t<meta name=\"twitter:data1\" content=\"1 minute\" \/>\n<script type=\"application\/ld+json\" class=\"yoast-schema-graph\">{\"@context\":\"https:\/\/schema.org\",\"@graph\":[{\"@type\":\"WebPage\",\"@id\":\"https:\/\/lojena.com\/fr\/produit\/studio-superieur-avec-vue-sur-le-jardin-id-2\/\",\"url\":\"https:\/\/lojena.com\/fr\/produit\/studio-superieur-avec-vue-sur-le-jardin-id-2\/\",\"name\":\"Studio Sup\u00e9rieur avec vue sur le jardin ID 2 - Villa Lojena\",\"isPartOf\":{\"@id\":\"https:\/\/lojena.com\/#website\"},\"primaryImageOfPage\":{\"@id\":\"https:\/\/lojena.com\/fr\/produit\/studio-superieur-avec-vue-sur-le-jardin-id-2\/#primaryimage\"},\"image\":{\"@id\":\"https:\/\/lojena.com\/fr\/produit\/studio-superieur-avec-vue-sur-le-jardin-id-2\/#primaryimage\"},\"thumbnailUrl\":\"https:\/\/lojena.com\/wp-content\/uploads\/2026\/02\/2-poredu-1980x1485-1.jpg\",\"datePublished\":\"2026-02-25T12:26:53+00:00\",\"dateModified\":\"2026-03-22T08:45:04+00:00\",\"breadcrumb\":{\"@id\":\"https:\/\/lojena.com\/fr\/produit\/studio-superieur-avec-vue-sur-le-jardin-id-2\/#breadcrumb\"},\"inLanguage\":\"fr-FR\",\"potentialAction\":[{\"@type\":\"ReadAction\",\"target\":[\"https:\/\/lojena.com\/fr\/produit\/studio-superieur-avec-vue-sur-le-jardin-id-2\/\"]}]},{\"@type\":\"ImageObject\",\"inLanguage\":\"fr-FR\",\"@id\":\"https:\/\/lojena.com\/fr\/produit\/studio-superieur-avec-vue-sur-le-jardin-id-2\/#primaryimage\",\"url\":\"https:\/\/lojena.com\/wp-content\/uploads\/2026\/02\/2-poredu-1980x1485-1.jpg\",\"contentUrl\":\"https:\/\/lojena.com\/wp-content\/uploads\/2026\/02\/2-poredu-1980x1485-1.jpg\",\"width\":1980,\"height\":1485},{\"@type\":\"BreadcrumbList\",\"@id\":\"https:\/\/lojena.com\/fr\/produit\/studio-superieur-avec-vue-sur-le-jardin-id-2\/#breadcrumb\",\"itemListElement\":[{\"@type\":\"ListItem\",\"position\":1,\"name\":\"Home\",\"item\":\"https:\/\/lojena.com\/fr\/\"},{\"@type\":\"ListItem\",\"position\":2,\"name\":\"Studio Sup\u00e9rieur avec vue sur le jardin ID 2\"}]},{\"@type\":\"WebSite\",\"@id\":\"https:\/\/lojena.com\/#website\",\"url\":\"https:\/\/lojena.com\/\",\"name\":\"Villa Lojena\",\"description\":\"Luxury Studios\",\"potentialAction\":[{\"@type\":\"SearchAction\",\"target\":{\"@type\":\"EntryPoint\",\"urlTemplate\":\"https:\/\/lojena.com\/?s={search_term_string}\"},\"query-input\":{\"@type\":\"PropertyValueSpecification\",\"valueRequired\":true,\"valueName\":\"search_term_string\"}}],\"inLanguage\":\"fr-FR\"}]}<\/script>\n<!-- \/ Yoast SEO plugin. -->","yoast_head_json":{"title":"Studio Sup\u00e9rieur avec vue sur le jardin ID 2 - Villa Lojena","robots":{"index":"index","follow":"follow","max-snippet":"max-snippet:-1","max-image-preview":"max-image-preview:large","max-video-preview":"max-video-preview:-1"},"canonical":"https:\/\/lojena.com\/fr\/produit\/studio-superieur-avec-vue-sur-le-jardin-id-2\/","og_locale":"fr_FR","og_type":"article","og_title":"Studio Sup\u00e9rieur avec vue sur le jardin ID 2 - Villa Lojena","og_description":"Imaginez-vous vous r\u00e9veiller face \u00e0 un panorama exceptionnel sur la M\u00e9diterran\u00e9e : la mer, la piscine et des oliviers centenaires \u00e0 vos pieds. Ce studio moderne dispose d&rsquo;une magnifique terrasse ombrag\u00e9e, l&rsquo;endroit id\u00e9al pour savourer votre expresso matinal ou un verre au coucher du soleil dans une atmosph\u00e8re sereine. \u00c0 l&rsquo;int\u00e9rieur, le luxe se niche [&hellip;]","og_url":"https:\/\/lojena.com\/fr\/produit\/studio-superieur-avec-vue-sur-le-jardin-id-2\/","og_site_name":"Villa Lojena","article_modified_time":"2026-03-22T08:45:04+00:00","og_image":[{"width":1980,"height":1485,"url":"https:\/\/lojena.com\/wp-content\/uploads\/2026\/02\/2-poredu-1980x1485-1.jpg","type":"image\/jpeg"}],"twitter_card":"summary_large_image","twitter_misc":{"Dur\u00e9e de lecture estim\u00e9e":"1 minute"},"schema":{"@context":"https:\/\/schema.org","@graph":[{"@type":"WebPage","@id":"https:\/\/lojena.com\/fr\/produit\/studio-superieur-avec-vue-sur-le-jardin-id-2\/","url":"https:\/\/lojena.com\/fr\/produit\/studio-superieur-avec-vue-sur-le-jardin-id-2\/","name":"Studio Sup\u00e9rieur avec vue sur le jardin ID 2 - Villa Lojena","isPartOf":{"@id":"https:\/\/lojena.com\/#website"},"primaryImageOfPage":{"@id":"https:\/\/lojena.com\/fr\/produit\/studio-superieur-avec-vue-sur-le-jardin-id-2\/#primaryimage"},"image":{"@id":"https:\/\/lojena.com\/fr\/produit\/studio-superieur-avec-vue-sur-le-jardin-id-2\/#primaryimage"},"thumbnailUrl":"https:\/\/lojena.com\/wp-content\/uploads\/2026\/02\/2-poredu-1980x1485-1.jpg","datePublished":"2026-02-25T12:26:53+00:00","dateModified":"2026-03-22T08:45:04+00:00","breadcrumb":{"@id":"https:\/\/lojena.com\/fr\/produit\/studio-superieur-avec-vue-sur-le-jardin-id-2\/#breadcrumb"},"inLanguage":"fr-FR","potentialAction":[{"@type":"ReadAction","target":["https:\/\/lojena.com\/fr\/produit\/studio-superieur-avec-vue-sur-le-jardin-id-2\/"]}]},{"@type":"ImageObject","inLanguage":"fr-FR","@id":"https:\/\/lojena.com\/fr\/produit\/studio-superieur-avec-vue-sur-le-jardin-id-2\/#primaryimage","url":"https:\/\/lojena.com\/wp-content\/uploads\/2026\/02\/2-poredu-1980x1485-1.jpg","contentUrl":"https:\/\/lojena.com\/wp-content\/uploads\/2026\/02\/2-poredu-1980x1485-1.jpg","width":1980,"height":1485},{"@type":"BreadcrumbList","@id":"https:\/\/lojena.com\/fr\/produit\/studio-superieur-avec-vue-sur-le-jardin-id-2\/#breadcrumb","itemListElement":[{"@type":"ListItem","position":1,"name":"Home","item":"https:\/\/lojena.com\/fr\/"},{"@type":"ListItem","position":2,"name":"Studio Sup\u00e9rieur avec vue sur le jardin ID 2"}]},{"@type":"WebSite","@id":"https:\/\/lojena.com\/#website","url":"https:\/\/lojena.com\/","name":"Villa Lojena","description":"Luxury Studios","potentialAction":[{"@type":"SearchAction","target":{"@type":"EntryPoint","urlTemplate":"https:\/\/lojena.com\/?s={search_term_string}"},"query-input":{"@type":"PropertyValueSpecification","valueRequired":true,"valueName":"search_term_string"}}],"inLanguage":"fr-FR"}]}},"_links":{"self":[{"href":"https:\/\/lojena.com\/fr\/wp-json\/wp\/v2\/product\/1121","targetHints":{"allow":["GET"]}}],"collection":[{"href":"https:\/\/lojena.com\/fr\/wp-json\/wp\/v2\/product"}],"about":[{"href":"https:\/\/lojena.com\/fr\/wp-json\/wp\/v2\/types\/product"}],"replies":[{"embeddable":true,"href":"https:\/\/lojena.com\/fr\/wp-json\/wp\/v2\/comments?post=1121"}],"wp:featuredmedia":[{"embeddable":true,"href":"https:\/\/lojena.com\/fr\/wp-json\/wp\/v2\/media\/2755"}],"wp:attachment":[{"href":"https:\/\/lojena.com\/fr\/wp-json\/wp\/v2\/media?parent=1121"}],"wp:term":[{"taxonomy":"product_brand","embeddable":true,"href":"https:\/\/lojena.com\/fr\/wp-json\/wp\/v2\/product_brand?post=1121"},{"taxonomy":"product_cat","embeddable":true,"href":"https:\/\/lojena.com\/fr\/wp-json\/wp\/v2\/product_cat?post=1121"},{"taxonomy":"product_tag","embeddable":true,"href":"https:\/\/lojena.com\/fr\/wp-json\/wp\/v2\/product_tag?post=1121"}],"curies":[{"name":"wp","href":"https:\/\/api.w.org\/{rel}","templated":true}]}}