{"id":1115,"date":"2026-02-17T15:03:08","date_gmt":"2026-02-17T15:03:08","guid":{"rendered":"https:\/\/lojena.com\/?post_type=product&#038;p=1115"},"modified":"2026-03-22T08:44:09","modified_gmt":"2026-03-22T08:44:09","slug":"studio-superieur-avec-vue-sur-le-jardin-id-1","status":"publish","type":"product","link":"https:\/\/lojena.com\/fr\/produit\/studio-superieur-avec-vue-sur-le-jardin-id-1\/","title":{"rendered":"Studio Sup\u00e9rieur avec vue sur le jardin ID 1"},"content":{"rendered":"<p>R\u00e9veillez-vous face \u00e0 une vue imprenable sur la mer, la piscine et les oliveraies environnantes. Ces studios \u00e9l\u00e9gamment am\u00e9nag\u00e9s disposent d&rsquo;une terrasse ombrag\u00e9e offrant un panorama m\u00e9diterran\u00e9en exceptionnel, id\u00e9al pour savourer votre caf\u00e9 du matin ou admirer un coucher de soleil romantique.<\/p>\n<p>\u00c0 l&rsquo;int\u00e9rieur, l&rsquo;int\u00e9rieur \u00e9l\u00e9gant et moderne comprend une cuisine enti\u00e8rement \u00e9quip\u00e9e, une salle de bains contemporaine spacieuse, des matelas anti-allergiques haut de gamme de 34 cm et la climatisation Daikin pour un confort optimal.<\/p>\n<p>Un lit d&rsquo;appoint pour enfant fait de ces studios une option id\u00e9ale pour un court s\u00e9jour en famille.<\/p>\n<p>Avec Smart TV, internet haut d\u00e9bit 5G, service de blanchisserie gratuit et machine \u00e0 gla\u00e7ons commune pour des boissons rafra\u00eechissantes, tout a \u00e9t\u00e9 pens\u00e9 dans les moindres d\u00e9tails.<\/p>\n<p>Entour\u00e9 d&rsquo;oliveraies centenaires dans un calme absolu, ce lieu allie le charme m\u00e9diterran\u00e9en au luxe moderne.<\/p>\n","protected":false},"excerpt":{"rendered":"<p>R\u00e9veillez-vous face \u00e0 une vue imprenable sur la mer, la piscine et les oliveraies environnantes. Ces studios \u00e9l\u00e9gamment am\u00e9nag\u00e9s disposent d&rsquo;une terrasse ombrag\u00e9e offrant un panorama m\u00e9diterran\u00e9en exceptionnel, id\u00e9al pour savourer votre caf\u00e9 du matin ou admirer un coucher de soleil romantique. \u00c0 l&rsquo;int\u00e9rieur, l&rsquo;int\u00e9rieur \u00e9l\u00e9gant et moderne comprend une cuisine enti\u00e8rement \u00e9quip\u00e9e, une salle [&hellip;]<\/p>\n","protected":false},"featured_media":887,"comment_status":"closed","ping_status":"closed","template":"","meta":{"_acf_changed":false},"product_brand":[],"product_cat":[108],"product_tag":[],"class_list":{"0":"post-1115","1":"product","2":"type-product","3":"status-publish","4":"has-post-thumbnail","6":"product_cat-studio-superieur-avec-vue-sur-le-jardin","8":"first","9":"instock","10":"shipping-taxable","11":"purchasable","12":"product-type-simple"},"acf":[],"yoast_head":"<!-- This site is optimized with the Yoast SEO plugin v27.2 - https:\/\/yoast.com\/product\/yoast-seo-wordpress\/ -->\n<title>Studio Sup\u00e9rieur avec vue sur le jardin ID 1 - Villa Lojena<\/title>\n<meta name=\"robots\" content=\"index, follow, max-snippet:-1, max-image-preview:large, max-video-preview:-1\" \/>\n<link rel=\"canonical\" href=\"https:\/\/lojena.com\/fr\/produit\/studio-superieur-avec-vue-sur-le-jardin-id-1\/\" \/>\n<meta property=\"og:locale\" content=\"fr_FR\" \/>\n<meta property=\"og:type\" content=\"article\" \/>\n<meta property=\"og:title\" content=\"Studio Sup\u00e9rieur avec vue sur le jardin ID 1 - Villa Lojena\" \/>\n<meta property=\"og:description\" content=\"R\u00e9veillez-vous face \u00e0 une vue imprenable sur la mer, la piscine et les oliveraies environnantes. Ces studios \u00e9l\u00e9gamment am\u00e9nag\u00e9s disposent d&rsquo;une terrasse ombrag\u00e9e offrant un panorama m\u00e9diterran\u00e9en exceptionnel, id\u00e9al pour savourer votre caf\u00e9 du matin ou admirer un coucher de soleil romantique. \u00c0 l&rsquo;int\u00e9rieur, l&rsquo;int\u00e9rieur \u00e9l\u00e9gant et moderne comprend une cuisine enti\u00e8rement \u00e9quip\u00e9e, une salle [&hellip;]\" \/>\n<meta property=\"og:url\" content=\"https:\/\/lojena.com\/fr\/produit\/studio-superieur-avec-vue-sur-le-jardin-id-1\/\" \/>\n<meta property=\"og:site_name\" content=\"Villa Lojena\" \/>\n<meta property=\"article:modified_time\" content=\"2026-03-22T08:44:09+00:00\" \/>\n<meta property=\"og:image\" content=\"https:\/\/lojena.com\/wp-content\/uploads\/2026\/02\/apar-3-i-4.jpeg\" \/>\n\t<meta property=\"og:image:width\" content=\"1980\" \/>\n\t<meta property=\"og:image:height\" content=\"1485\" \/>\n\t<meta property=\"og:image:type\" content=\"image\/jpeg\" \/>\n<meta name=\"twitter:card\" content=\"summary_large_image\" \/>\n<meta name=\"twitter:label1\" content=\"Dur\u00e9e de lecture estim\u00e9e\" \/>\n\t<meta name=\"twitter:data1\" content=\"1 minute\" \/>\n<script type=\"application\/ld+json\" class=\"yoast-schema-graph\">{\"@context\":\"https:\/\/schema.org\",\"@graph\":[{\"@type\":\"WebPage\",\"@id\":\"https:\/\/lojena.com\/fr\/produit\/studio-superieur-avec-vue-sur-le-jardin-id-1\/\",\"url\":\"https:\/\/lojena.com\/fr\/produit\/studio-superieur-avec-vue-sur-le-jardin-id-1\/\",\"name\":\"Studio Sup\u00e9rieur avec vue sur le jardin ID 1 - Villa Lojena\",\"isPartOf\":{\"@id\":\"https:\/\/lojena.com\/#website\"},\"primaryImageOfPage\":{\"@id\":\"https:\/\/lojena.com\/fr\/produit\/studio-superieur-avec-vue-sur-le-jardin-id-1\/#primaryimage\"},\"image\":{\"@id\":\"https:\/\/lojena.com\/fr\/produit\/studio-superieur-avec-vue-sur-le-jardin-id-1\/#primaryimage\"},\"thumbnailUrl\":\"https:\/\/lojena.com\/wp-content\/uploads\/2026\/02\/apar-3-i-4.jpeg\",\"datePublished\":\"2026-02-17T15:03:08+00:00\",\"dateModified\":\"2026-03-22T08:44:09+00:00\",\"breadcrumb\":{\"@id\":\"https:\/\/lojena.com\/fr\/produit\/studio-superieur-avec-vue-sur-le-jardin-id-1\/#breadcrumb\"},\"inLanguage\":\"fr-FR\",\"potentialAction\":[{\"@type\":\"ReadAction\",\"target\":[\"https:\/\/lojena.com\/fr\/produit\/studio-superieur-avec-vue-sur-le-jardin-id-1\/\"]}]},{\"@type\":\"ImageObject\",\"inLanguage\":\"fr-FR\",\"@id\":\"https:\/\/lojena.com\/fr\/produit\/studio-superieur-avec-vue-sur-le-jardin-id-1\/#primaryimage\",\"url\":\"https:\/\/lojena.com\/wp-content\/uploads\/2026\/02\/apar-3-i-4.jpeg\",\"contentUrl\":\"https:\/\/lojena.com\/wp-content\/uploads\/2026\/02\/apar-3-i-4.jpeg\",\"width\":1980,\"height\":1485,\"caption\":\"View of the lush forest from terrace lounge\"},{\"@type\":\"BreadcrumbList\",\"@id\":\"https:\/\/lojena.com\/fr\/produit\/studio-superieur-avec-vue-sur-le-jardin-id-1\/#breadcrumb\",\"itemListElement\":[{\"@type\":\"ListItem\",\"position\":1,\"name\":\"Home\",\"item\":\"https:\/\/lojena.com\/fr\/\"},{\"@type\":\"ListItem\",\"position\":2,\"name\":\"Studio Sup\u00e9rieur avec vue sur le jardin ID 1\"}]},{\"@type\":\"WebSite\",\"@id\":\"https:\/\/lojena.com\/#website\",\"url\":\"https:\/\/lojena.com\/\",\"name\":\"Villa Lojena\",\"description\":\"Luxury Studios\",\"potentialAction\":[{\"@type\":\"SearchAction\",\"target\":{\"@type\":\"EntryPoint\",\"urlTemplate\":\"https:\/\/lojena.com\/?s={search_term_string}\"},\"query-input\":{\"@type\":\"PropertyValueSpecification\",\"valueRequired\":true,\"valueName\":\"search_term_string\"}}],\"inLanguage\":\"fr-FR\"}]}<\/script>\n<!-- \/ Yoast SEO plugin. -->","yoast_head_json":{"title":"Studio Sup\u00e9rieur avec vue sur le jardin ID 1 - Villa Lojena","robots":{"index":"index","follow":"follow","max-snippet":"max-snippet:-1","max-image-preview":"max-image-preview:large","max-video-preview":"max-video-preview:-1"},"canonical":"https:\/\/lojena.com\/fr\/produit\/studio-superieur-avec-vue-sur-le-jardin-id-1\/","og_locale":"fr_FR","og_type":"article","og_title":"Studio Sup\u00e9rieur avec vue sur le jardin ID 1 - Villa Lojena","og_description":"R\u00e9veillez-vous face \u00e0 une vue imprenable sur la mer, la piscine et les oliveraies environnantes. Ces studios \u00e9l\u00e9gamment am\u00e9nag\u00e9s disposent d&rsquo;une terrasse ombrag\u00e9e offrant un panorama m\u00e9diterran\u00e9en exceptionnel, id\u00e9al pour savourer votre caf\u00e9 du matin ou admirer un coucher de soleil romantique. \u00c0 l&rsquo;int\u00e9rieur, l&rsquo;int\u00e9rieur \u00e9l\u00e9gant et moderne comprend une cuisine enti\u00e8rement \u00e9quip\u00e9e, une salle [&hellip;]","og_url":"https:\/\/lojena.com\/fr\/produit\/studio-superieur-avec-vue-sur-le-jardin-id-1\/","og_site_name":"Villa Lojena","article_modified_time":"2026-03-22T08:44:09+00:00","og_image":[{"width":1980,"height":1485,"url":"https:\/\/lojena.com\/wp-content\/uploads\/2026\/02\/apar-3-i-4.jpeg","type":"image\/jpeg"}],"twitter_card":"summary_large_image","twitter_misc":{"Dur\u00e9e de lecture estim\u00e9e":"1 minute"},"schema":{"@context":"https:\/\/schema.org","@graph":[{"@type":"WebPage","@id":"https:\/\/lojena.com\/fr\/produit\/studio-superieur-avec-vue-sur-le-jardin-id-1\/","url":"https:\/\/lojena.com\/fr\/produit\/studio-superieur-avec-vue-sur-le-jardin-id-1\/","name":"Studio Sup\u00e9rieur avec vue sur le jardin ID 1 - Villa Lojena","isPartOf":{"@id":"https:\/\/lojena.com\/#website"},"primaryImageOfPage":{"@id":"https:\/\/lojena.com\/fr\/produit\/studio-superieur-avec-vue-sur-le-jardin-id-1\/#primaryimage"},"image":{"@id":"https:\/\/lojena.com\/fr\/produit\/studio-superieur-avec-vue-sur-le-jardin-id-1\/#primaryimage"},"thumbnailUrl":"https:\/\/lojena.com\/wp-content\/uploads\/2026\/02\/apar-3-i-4.jpeg","datePublished":"2026-02-17T15:03:08+00:00","dateModified":"2026-03-22T08:44:09+00:00","breadcrumb":{"@id":"https:\/\/lojena.com\/fr\/produit\/studio-superieur-avec-vue-sur-le-jardin-id-1\/#breadcrumb"},"inLanguage":"fr-FR","potentialAction":[{"@type":"ReadAction","target":["https:\/\/lojena.com\/fr\/produit\/studio-superieur-avec-vue-sur-le-jardin-id-1\/"]}]},{"@type":"ImageObject","inLanguage":"fr-FR","@id":"https:\/\/lojena.com\/fr\/produit\/studio-superieur-avec-vue-sur-le-jardin-id-1\/#primaryimage","url":"https:\/\/lojena.com\/wp-content\/uploads\/2026\/02\/apar-3-i-4.jpeg","contentUrl":"https:\/\/lojena.com\/wp-content\/uploads\/2026\/02\/apar-3-i-4.jpeg","width":1980,"height":1485,"caption":"View of the lush forest from terrace lounge"},{"@type":"BreadcrumbList","@id":"https:\/\/lojena.com\/fr\/produit\/studio-superieur-avec-vue-sur-le-jardin-id-1\/#breadcrumb","itemListElement":[{"@type":"ListItem","position":1,"name":"Home","item":"https:\/\/lojena.com\/fr\/"},{"@type":"ListItem","position":2,"name":"Studio Sup\u00e9rieur avec vue sur le jardin ID 1"}]},{"@type":"WebSite","@id":"https:\/\/lojena.com\/#website","url":"https:\/\/lojena.com\/","name":"Villa Lojena","description":"Luxury Studios","potentialAction":[{"@type":"SearchAction","target":{"@type":"EntryPoint","urlTemplate":"https:\/\/lojena.com\/?s={search_term_string}"},"query-input":{"@type":"PropertyValueSpecification","valueRequired":true,"valueName":"search_term_string"}}],"inLanguage":"fr-FR"}]}},"_links":{"self":[{"href":"https:\/\/lojena.com\/fr\/wp-json\/wp\/v2\/product\/1115","targetHints":{"allow":["GET"]}}],"collection":[{"href":"https:\/\/lojena.com\/fr\/wp-json\/wp\/v2\/product"}],"about":[{"href":"https:\/\/lojena.com\/fr\/wp-json\/wp\/v2\/types\/product"}],"replies":[{"embeddable":true,"href":"https:\/\/lojena.com\/fr\/wp-json\/wp\/v2\/comments?post=1115"}],"wp:featuredmedia":[{"embeddable":true,"href":"https:\/\/lojena.com\/fr\/wp-json\/wp\/v2\/media\/887"}],"wp:attachment":[{"href":"https:\/\/lojena.com\/fr\/wp-json\/wp\/v2\/media?parent=1115"}],"wp:term":[{"taxonomy":"product_brand","embeddable":true,"href":"https:\/\/lojena.com\/fr\/wp-json\/wp\/v2\/product_brand?post=1115"},{"taxonomy":"product_cat","embeddable":true,"href":"https:\/\/lojena.com\/fr\/wp-json\/wp\/v2\/product_cat?post=1115"},{"taxonomy":"product_tag","embeddable":true,"href":"https:\/\/lojena.com\/fr\/wp-json\/wp\/v2\/product_tag?post=1115"}],"curies":[{"name":"wp","href":"https:\/\/api.w.org\/{rel}","templated":true}]}}