{"id":2211,"date":"2026-02-05T07:08:14","date_gmt":"2026-02-05T07:08:14","guid":{"rendered":"https:\/\/lojena.com\/?page_id=2211"},"modified":"2026-03-24T11:56:58","modified_gmt":"2026-03-24T11:56:58","slug":"politique-de-confidentialite","status":"publish","type":"page","link":"https:\/\/lojena.com\/fr\/politique-de-confidentialite\/","title":{"rendered":"Politique de Confidentialit\u00e9"},"content":{"rendered":"\n<h1 class=\"wp-block-heading\">Politique de Confidentialit\u00e9<\/h1>\n\n\n\n<h2 class=\"wp-block-heading\">Nous n&rsquo;aimons pas le spam non plus !<\/h2>\n\n\n\n<p id=\"p-rc_4d6f92845c2d1f59-19\">Murter rentals d.o.o., Sali XII 6, 23281 Sali (ci-apr\u00e8s : Villa Lojena) s&rsquo;engage \u00e0 prot\u00e9ger la vie priv\u00e9e de tous ses clients. Par la pr\u00e9sente d\u00e9claration, nous nous engageons \u00e0 prot\u00e9ger la vie priv\u00e9e des Murter rentals d.o.o., Sali XII 6, 23281 Sali (ci-apr\u00e8s : Villa Lojena) s&rsquo;engage \u00e0 prot\u00e9ger la vie priv\u00e9e de tous ses clients. Par la pr\u00e9sente d\u00e9claration, nous nous engageons \u00e0 prot\u00e9ger la vie priv\u00e9e des utilisateurs, des clients et des visiteurs de notre site web, ainsi que la s\u00e9curit\u00e9 des donn\u00e9es personnelles qui nous sont transmises via le site.<\/p>\n\n\n\n<p>Cet avis d\u00e9crit le type d&rsquo;informations que nous pouvons recueillir aupr\u00e8s de vous lors de votre visite sur notre site web, explique comment nous utilisons ces informations et les mesures que nous prenons pour les prot\u00e9ger.<\/p>\n\n\n\n<h3 class=\"wp-block-heading\">Quelles informations collectons-nous et comment les utilisons-nous ?<\/h3>\n\n\n\n<p id=\"p-rc_c0ca7d34b9d52e2e-21\">En g\u00e9n\u00e9ral, vous pouvez visiter notre site web sans r\u00e9v\u00e9ler d&rsquo;informations personnelles vous concernant. Nous ne collectons pas de donn\u00e9es personnelles (telles que votre nom et vos coordonn\u00e9es) lors de votre visite, \u00e0 moins que vous ne soumettiez volontairement des donn\u00e9es via l&rsquo;un des formulaires disponibles \u00e0 des fins sp\u00e9cifiques (formulaire de contact ou formulaire de r\u00e9servation\/achat) et que vous donniez ainsi votre consentement \u00e0 la collecte et \u00e0 l&rsquo;utilisation de vos donn\u00e9es personnelles aux fins \u00e9nonc\u00e9es.<sup><\/sup><\/p>\n\n\n\n<p id=\"p-rc_c0ca7d34b9d52e2e-22\">Toutes les donn\u00e9es personnelles sont utilis\u00e9es exclusivement aux fins pour lesquelles elles ont \u00e9t\u00e9 collect\u00e9e<sup><\/sup>s. Les achats et les r\u00e9servations ne peuvent \u00eatre effectu\u00e9s que par des personnes \u00e2g\u00e9es de 18 ans ou plus. Nous ne mettrons en aucun cas les donn\u00e9es collect\u00e9es \u00e0 la disposition de tiers non autoris\u00e9s, sauf \u00e0 des fins prescrites par la loi (telles que l&rsquo;enregistrement obligatoire <strong>e-Visitor<\/strong> requis par la loi croate).<\/p>\n\n\n\n<h3 class=\"wp-block-heading\">Partage d&rsquo;informations avec des tiers autoris\u00e9s<\/h3>\n\n\n\n<p>Nous partageons vos informations avec des tiers autoris\u00e9s aux fins suivantes :<\/p>\n\n\n\n<ul class=\"wp-block-list\">\n<li><strong>Google Analytics :<\/strong> Google collecte des informations anonymes via notre utilisation de Google Analytics pour nous aider \u00e0 am\u00e9liorer nos services gr\u00e2ce \u00e0 vos retours. Vous pouvez d\u00e9sactiver ce service ici : <a href=\"https:\/\/tools.google.com\/dlpage\/gaoptout\" target=\"_blank\" rel=\"noreferrer noopener\">https:\/\/tools.google.com\/dlpage\/gaoptout<\/a>.<\/li>\n\n\n\n<li><strong>Google Maps :<\/strong> Nous utilisons Google Maps pour fournir des services de localisation pour nos appartements. Google peut collecter des adresses IP et des donn\u00e9es de cookies conform\u00e9ment \u00e0 sa propre politique de confidentialit\u00e9.<\/li>\n\n\n\n<li><strong>Comptabilit\u00e9 :<\/strong> Nous partageons des donn\u00e9es avec nos comptables \u00e0 des fins fiscales, sp\u00e9cifiquement les factures \u00e9mises pour votre s\u00e9jour afin d&rsquo;\u00e9tablir les d\u00e9clarations fiscales et les comptes de fin d&rsquo;ann\u00e9e.<\/li>\n\n\n\n<li><strong>Virements bancaires :<\/strong> Comme tous les paiements sont effectu\u00e9s par virement bancaire direct, vos donn\u00e9es de transaction sont trait\u00e9es par les institutions bancaires respectives pour l&rsquo;ex\u00e9cution du contrat.<\/li>\n<\/ul>\n\n\n\n<h3 class=\"wp-block-heading\">Types de donn\u00e9es personnelles trait\u00e9es<\/h3>\n\n\n\n<ul class=\"wp-block-list\">\n<li><strong>Formulaire de contact :<\/strong> Nom, pr\u00e9nom, e-mail et toute information suppl\u00e9mentaire fournie (t\u00e9l\u00e9phone, adresse).<\/li>\n\n\n\n<li><strong>Formulaire de r\u00e9servation\/achat :<\/strong> Pays, nom, pr\u00e9nom, e-mail, adresse, ville, code postal et num\u00e9ro de t\u00e9l\u00e9phone.<\/li>\n\n\n\n<li><strong>Informations collect\u00e9es automatiquement :<\/strong> Nous collectons automatiquement des informations dans les fichiers journaux du serveur (logs), telles que votre adresse IP, le type de navigateur et le syst\u00e8me d&rsquo;exploitation afin de g\u00e9rer nos solutions techniques et d&rsquo;am\u00e9liorer votre exp\u00e9rience utilisateur.<\/li>\n<\/ul>\n\n\n\n<h3 class=\"wp-block-heading\">Droits des personnes concern\u00e9es<\/h3>\n\n\n\n<p>Nous mettons tout en \u0153uvre pour que vous puissiez d\u00e9cider du traitement de vos donn\u00e9es personnelles. Vous disposez des droits suivants :<\/p>\n\n\n\n<ul class=\"wp-block-list\">\n<li><strong>Droit d&rsquo;acc\u00e8s :<\/strong> Demander la confirmation que nous traitons ou non vos donn\u00e9es.<\/li>\n\n\n\n<li><strong>Droit de rectification :<\/strong> Demander la correction de donn\u00e9es inexactes ou incompl\u00e8tes.<\/li>\n\n\n\n<li><strong>Droit \u00e0 l&rsquo;effacement (\u00ab droit \u00e0 l&rsquo;oubli \u00bb) :<\/strong> Demander la suppression des donn\u00e9es si le consentement est retir\u00e9 ou si les donn\u00e9es sont trait\u00e9es ill\u00e9galement, \u00e0 condition qu&rsquo;elles ne soient pas n\u00e9cessaires \u00e0 des obligations l\u00e9gales ou contractuelles.<\/li>\n\n\n\n<li><strong>Droit \u00e0 la limitation du traitement.<\/strong><\/li>\n\n\n\n<li><strong>Droit \u00e0 la portabilit\u00e9 des donn\u00e9es.<\/strong><\/li>\n\n\n\n<li><strong>Droit d&rsquo;opposition :<\/strong> Notamment en ce qui concerne le marketing direct.<\/li>\n<\/ul>\n\n\n\n<h3 class=\"wp-block-heading\">Droit de porter plainte aupr\u00e8s d&rsquo;une autorit\u00e9 de contr\u00f4le<\/h3>\n\n\n\n<p>Si vous estimez que le traitement de vos donn\u00e9es personnelles est en violation du R\u00e8glement G\u00e9n\u00e9ral sur la Protection des Donn\u00e9es (RGPD), vous avez le droit de d\u00e9poser une plainte aupr\u00e8s de l&rsquo;<strong>Agence pour la protection des donn\u00e9es personnelles (AZOP)<\/strong>, Marti\u0107eva ulica 14, 10000 Zagreb, Croatie (<a target=\"_blank\" rel=\"noreferrer noopener\" href=\"http:\/\/azop.hr\/\">http:\/\/azop.hr\/<\/a>).<\/p>\n\n\n\n<h3 class=\"wp-block-heading\">Droit de retirer son consentement<\/h3>\n\n\n\n<p>Si le traitement est bas\u00e9 sur votre consentement, vous avez le droit de le retirer \u00e0 tout moment en envoyant un e-mail \u00e0 : <strong>[Ins\u00e9rer l&rsquo;e-mail des options ACF]<\/strong>. Pour votre protection, une identification du demandeur est requise.<\/p>\n\n\n\n<h3 class=\"wp-block-heading\">S\u00e9curit\u00e9 de vos informations personnelles<\/h3>\n\n\n\n<p>Nous nous engageons \u00e0 prendre les mesures techniques et organisationnelles appropri\u00e9es pour prot\u00e9ger vos donn\u00e9es personnelles contre toute manipulation non autoris\u00e9e, perte accidentelle ou dommage. Vos informations sont envoy\u00e9es sur Internet de mani\u00e8re s\u00e9curis\u00e9e gr\u00e2ce \u00e0 un cryptage de haute qualit\u00e9 et stock\u00e9es sur des serveurs s\u00e9curis\u00e9s situ\u00e9s dans l&rsquo;UE.<\/p>\n\n\n\n<h3 class=\"wp-block-heading\">R\u00e9solution des malentendus<\/h3>\n\n\n\n<p>Pour r\u00e9soudre d&rsquo;\u00e9ventuels malentendus ou poser des questions suppl\u00e9mentaires, veuillez utiliser l&rsquo;e-mail : info@lojena.com.<\/p>\n\n\n\n<p><strong>Contact :<\/strong> Pour toute question suppl\u00e9mentaire, vous pouvez nous contacter \u00e0 :<\/p>\n\n\n\n<p><strong>T\u00e9l\u00e9phone :<\/strong> +385 98 169 3495<\/p>\n\n\n\n<p><strong>E-mail :<\/strong> info@lojena.com<\/p>\n\n\n\n<div style=\"height:110px\" aria-hidden=\"true\" class=\"wp-block-spacer\"><\/div>\n","protected":false},"excerpt":{"rendered":"<p>Politique de Confidentialit\u00e9 Nous n&rsquo;aimons pas le spam non plus ! Murter rentals d.o.o., Sali XII 6, 23281 Sali (ci-apr\u00e8s : Villa Lojena) s&rsquo;engage \u00e0 prot\u00e9ger la vie priv\u00e9e de tous ses clients. Par la pr\u00e9sente d\u00e9claration, nous nous engageons \u00e0 prot\u00e9ger la vie priv\u00e9e des Murter rentals d.o.o., Sali XII 6, 23281 Sali (ci-apr\u00e8s [&hellip;]<\/p>\n","protected":false},"author":1,"featured_media":0,"parent":0,"menu_order":0,"comment_status":"closed","ping_status":"open","template":"page-content.php","meta":{"_acf_changed":false,"footnotes":""},"class_list":["post-2211","page","type-page","status-publish","hentry"],"acf":[],"yoast_head":"<!-- This site is optimized with the Yoast SEO plugin v27.2 - https:\/\/yoast.com\/product\/yoast-seo-wordpress\/ -->\n<title>Politique de Confidentialit\u00e9 - Villa Lojena<\/title>\n<meta name=\"robots\" content=\"index, follow, max-snippet:-1, max-image-preview:large, max-video-preview:-1\" \/>\n<link rel=\"canonical\" href=\"https:\/\/lojena.com\/fr\/politique-de-confidentialite\/\" \/>\n<meta property=\"og:locale\" content=\"fr_FR\" \/>\n<meta property=\"og:type\" content=\"article\" \/>\n<meta property=\"og:title\" content=\"Politique de Confidentialit\u00e9 - Villa Lojena\" \/>\n<meta property=\"og:description\" content=\"Politique de Confidentialit\u00e9 Nous n&rsquo;aimons pas le spam non plus ! Murter rentals d.o.o., Sali XII 6, 23281 Sali (ci-apr\u00e8s : Villa Lojena) s&rsquo;engage \u00e0 prot\u00e9ger la vie priv\u00e9e de tous ses clients. Par la pr\u00e9sente d\u00e9claration, nous nous engageons \u00e0 prot\u00e9ger la vie priv\u00e9e des Murter rentals d.o.o., Sali XII 6, 23281 Sali (ci-apr\u00e8s [&hellip;]\" \/>\n<meta property=\"og:url\" content=\"https:\/\/lojena.com\/fr\/politique-de-confidentialite\/\" \/>\n<meta property=\"og:site_name\" content=\"Villa Lojena\" \/>\n<meta property=\"article:modified_time\" content=\"2026-03-24T11:56:58+00:00\" \/>\n<meta name=\"twitter:card\" content=\"summary_large_image\" \/>\n<meta name=\"twitter:label1\" content=\"Dur\u00e9e de lecture estim\u00e9e\" \/>\n\t<meta name=\"twitter:data1\" content=\"4 minutes\" \/>\n<script type=\"application\/ld+json\" class=\"yoast-schema-graph\">{\"@context\":\"https:\/\/schema.org\",\"@graph\":[{\"@type\":\"WebPage\",\"@id\":\"https:\/\/lojena.com\/fr\/politique-de-confidentialite\/\",\"url\":\"https:\/\/lojena.com\/fr\/politique-de-confidentialite\/\",\"name\":\"Politique de Confidentialit\u00e9 - Villa Lojena\",\"isPartOf\":{\"@id\":\"https:\/\/lojena.com\/#website\"},\"datePublished\":\"2026-02-05T07:08:14+00:00\",\"dateModified\":\"2026-03-24T11:56:58+00:00\",\"breadcrumb\":{\"@id\":\"https:\/\/lojena.com\/fr\/politique-de-confidentialite\/#breadcrumb\"},\"inLanguage\":\"fr-FR\",\"potentialAction\":[{\"@type\":\"ReadAction\",\"target\":[\"https:\/\/lojena.com\/fr\/politique-de-confidentialite\/\"]}]},{\"@type\":\"BreadcrumbList\",\"@id\":\"https:\/\/lojena.com\/fr\/politique-de-confidentialite\/#breadcrumb\",\"itemListElement\":[{\"@type\":\"ListItem\",\"position\":1,\"name\":\"Home\",\"item\":\"https:\/\/lojena.com\/fr\/\"},{\"@type\":\"ListItem\",\"position\":2,\"name\":\"Politique de Confidentialit\u00e9\"}]},{\"@type\":\"WebSite\",\"@id\":\"https:\/\/lojena.com\/#website\",\"url\":\"https:\/\/lojena.com\/\",\"name\":\"Villa Lojena\",\"description\":\"Luxury Studios\",\"potentialAction\":[{\"@type\":\"SearchAction\",\"target\":{\"@type\":\"EntryPoint\",\"urlTemplate\":\"https:\/\/lojena.com\/?s={search_term_string}\"},\"query-input\":{\"@type\":\"PropertyValueSpecification\",\"valueRequired\":true,\"valueName\":\"search_term_string\"}}],\"inLanguage\":\"fr-FR\"}]}<\/script>\n<!-- \/ Yoast SEO plugin. -->","yoast_head_json":{"title":"Politique de Confidentialit\u00e9 - Villa Lojena","robots":{"index":"index","follow":"follow","max-snippet":"max-snippet:-1","max-image-preview":"max-image-preview:large","max-video-preview":"max-video-preview:-1"},"canonical":"https:\/\/lojena.com\/fr\/politique-de-confidentialite\/","og_locale":"fr_FR","og_type":"article","og_title":"Politique de Confidentialit\u00e9 - Villa Lojena","og_description":"Politique de Confidentialit\u00e9 Nous n&rsquo;aimons pas le spam non plus ! Murter rentals d.o.o., Sali XII 6, 23281 Sali (ci-apr\u00e8s : Villa Lojena) s&rsquo;engage \u00e0 prot\u00e9ger la vie priv\u00e9e de tous ses clients. Par la pr\u00e9sente d\u00e9claration, nous nous engageons \u00e0 prot\u00e9ger la vie priv\u00e9e des Murter rentals d.o.o., Sali XII 6, 23281 Sali (ci-apr\u00e8s [&hellip;]","og_url":"https:\/\/lojena.com\/fr\/politique-de-confidentialite\/","og_site_name":"Villa Lojena","article_modified_time":"2026-03-24T11:56:58+00:00","twitter_card":"summary_large_image","twitter_misc":{"Dur\u00e9e de lecture estim\u00e9e":"4 minutes"},"schema":{"@context":"https:\/\/schema.org","@graph":[{"@type":"WebPage","@id":"https:\/\/lojena.com\/fr\/politique-de-confidentialite\/","url":"https:\/\/lojena.com\/fr\/politique-de-confidentialite\/","name":"Politique de Confidentialit\u00e9 - Villa Lojena","isPartOf":{"@id":"https:\/\/lojena.com\/#website"},"datePublished":"2026-02-05T07:08:14+00:00","dateModified":"2026-03-24T11:56:58+00:00","breadcrumb":{"@id":"https:\/\/lojena.com\/fr\/politique-de-confidentialite\/#breadcrumb"},"inLanguage":"fr-FR","potentialAction":[{"@type":"ReadAction","target":["https:\/\/lojena.com\/fr\/politique-de-confidentialite\/"]}]},{"@type":"BreadcrumbList","@id":"https:\/\/lojena.com\/fr\/politique-de-confidentialite\/#breadcrumb","itemListElement":[{"@type":"ListItem","position":1,"name":"Home","item":"https:\/\/lojena.com\/fr\/"},{"@type":"ListItem","position":2,"name":"Politique de Confidentialit\u00e9"}]},{"@type":"WebSite","@id":"https:\/\/lojena.com\/#website","url":"https:\/\/lojena.com\/","name":"Villa Lojena","description":"Luxury Studios","potentialAction":[{"@type":"SearchAction","target":{"@type":"EntryPoint","urlTemplate":"https:\/\/lojena.com\/?s={search_term_string}"},"query-input":{"@type":"PropertyValueSpecification","valueRequired":true,"valueName":"search_term_string"}}],"inLanguage":"fr-FR"}]}},"_links":{"self":[{"href":"https:\/\/lojena.com\/fr\/wp-json\/wp\/v2\/pages\/2211","targetHints":{"allow":["GET"]}}],"collection":[{"href":"https:\/\/lojena.com\/fr\/wp-json\/wp\/v2\/pages"}],"about":[{"href":"https:\/\/lojena.com\/fr\/wp-json\/wp\/v2\/types\/page"}],"author":[{"embeddable":true,"href":"https:\/\/lojena.com\/fr\/wp-json\/wp\/v2\/users\/1"}],"replies":[{"embeddable":true,"href":"https:\/\/lojena.com\/fr\/wp-json\/wp\/v2\/comments?post=2211"}],"version-history":[{"count":2,"href":"https:\/\/lojena.com\/fr\/wp-json\/wp\/v2\/pages\/2211\/revisions"}],"predecessor-version":[{"id":2855,"href":"https:\/\/lojena.com\/fr\/wp-json\/wp\/v2\/pages\/2211\/revisions\/2855"}],"wp:attachment":[{"href":"https:\/\/lojena.com\/fr\/wp-json\/wp\/v2\/media?parent=2211"}],"curies":[{"name":"wp","href":"https:\/\/api.w.org\/{rel}","templated":true}]}}