{"id":2194,"date":"2026-02-17T11:03:11","date_gmt":"2026-02-17T11:03:11","guid":{"rendered":"https:\/\/lojena.com\/?page_id=2194"},"modified":"2026-03-24T11:16:42","modified_gmt":"2026-03-24T11:16:42","slug":"impressum","status":"publish","type":"page","link":"https:\/\/lojena.com\/fr\/impressum\/","title":{"rendered":"Impressum"},"content":{"rendered":"\n<h1 class=\"wp-block-heading\">Impressum \/ Mentions L\u00e9gales<\/h1>\n\n\n\n<p><strong>Informations sur la soci\u00e9t\u00e9<\/strong><\/p>\n\n\n\n<ul class=\"wp-block-list\">\n<li><strong>Nom de la soci\u00e9t\u00e9 :<\/strong> Murter rentals d.o.o.<\/li>\n\n\n\n<li><strong>Si\u00e8ge social :<\/strong> Sali XII 6, 23281 Sali, Croatie<\/li>\n\n\n\n<li><strong>Fondatrice et repr\u00e9sentante autoris\u00e9e :<\/strong> Diana Milin<\/li>\n\n\n\n<li><strong>Ann\u00e9e de cr\u00e9ation :<\/strong> 2025<\/li>\n<\/ul>\n\n\n\n<p><strong>D\u00e9tails d&rsquo;enregistrement<\/strong><\/p>\n\n\n\n<ul class=\"wp-block-list\">\n<li><strong>Activit\u00e9 :<\/strong> 79.11 (Activit\u00e9s des agences de voyage)<\/li>\n\n\n\n<li><strong>OIB (Num\u00e9ro d&rsquo;identification fiscale) :<\/strong> 05737238252<\/li>\n\n\n\n<li><strong>Mati\u010dni broj (Num\u00e9ro d&rsquo;immatriculation) :<\/strong> 06082882<\/li>\n\n\n\n<li><strong>Statut de la soci\u00e9t\u00e9 :<\/strong> Active<\/li>\n<\/ul>\n\n\n\n<p><strong>Contact<\/strong><\/p>\n\n\n\n<ul class=\"wp-block-list\">\n<li><strong>E-mail :<\/strong> info@lojena.com<\/li>\n<\/ul>\n","protected":false},"excerpt":{"rendered":"<p>Impressum \/ Mentions L\u00e9gales Informations sur la soci\u00e9t\u00e9 D\u00e9tails d&rsquo;enregistrement Contact<\/p>\n","protected":false},"author":1,"featured_media":0,"parent":0,"menu_order":0,"comment_status":"closed","ping_status":"closed","template":"page-content.php","meta":{"_acf_changed":false,"footnotes":""},"class_list":["post-2194","page","type-page","status-publish","hentry"],"acf":[],"yoast_head":"<!-- This site is optimized with the Yoast SEO plugin v27.2 - https:\/\/yoast.com\/product\/yoast-seo-wordpress\/ -->\n<title>Impressum - Villa Lojena<\/title>\n<meta name=\"robots\" content=\"index, follow, max-snippet:-1, max-image-preview:large, max-video-preview:-1\" \/>\n<link rel=\"canonical\" href=\"https:\/\/lojena.com\/fr\/impressum\/\" \/>\n<meta property=\"og:locale\" content=\"fr_FR\" \/>\n<meta property=\"og:type\" content=\"article\" \/>\n<meta property=\"og:title\" content=\"Impressum - Villa Lojena\" \/>\n<meta property=\"og:description\" content=\"Impressum \/ Mentions L\u00e9gales Informations sur la soci\u00e9t\u00e9 D\u00e9tails d&rsquo;enregistrement Contact\" \/>\n<meta property=\"og:url\" content=\"https:\/\/lojena.com\/fr\/impressum\/\" \/>\n<meta property=\"og:site_name\" content=\"Villa Lojena\" \/>\n<meta property=\"article:modified_time\" content=\"2026-03-24T11:16:42+00:00\" \/>\n<meta name=\"twitter:card\" content=\"summary_large_image\" \/>\n<meta name=\"twitter:label1\" content=\"Dur\u00e9e de lecture estim\u00e9e\" \/>\n\t<meta name=\"twitter:data1\" content=\"1 minute\" \/>\n<script type=\"application\/ld+json\" class=\"yoast-schema-graph\">{\"@context\":\"https:\/\/schema.org\",\"@graph\":[{\"@type\":\"WebPage\",\"@id\":\"https:\/\/lojena.com\/fr\/impressum\/\",\"url\":\"https:\/\/lojena.com\/fr\/impressum\/\",\"name\":\"Impressum - Villa Lojena\",\"isPartOf\":{\"@id\":\"https:\/\/lojena.com\/#website\"},\"datePublished\":\"2026-02-17T11:03:11+00:00\",\"dateModified\":\"2026-03-24T11:16:42+00:00\",\"breadcrumb\":{\"@id\":\"https:\/\/lojena.com\/fr\/impressum\/#breadcrumb\"},\"inLanguage\":\"fr-FR\",\"potentialAction\":[{\"@type\":\"ReadAction\",\"target\":[\"https:\/\/lojena.com\/fr\/impressum\/\"]}]},{\"@type\":\"BreadcrumbList\",\"@id\":\"https:\/\/lojena.com\/fr\/impressum\/#breadcrumb\",\"itemListElement\":[{\"@type\":\"ListItem\",\"position\":1,\"name\":\"Home\",\"item\":\"https:\/\/lojena.com\/fr\/\"},{\"@type\":\"ListItem\",\"position\":2,\"name\":\"Impressum\"}]},{\"@type\":\"WebSite\",\"@id\":\"https:\/\/lojena.com\/#website\",\"url\":\"https:\/\/lojena.com\/\",\"name\":\"Villa Lojena\",\"description\":\"Luxury Studios\",\"potentialAction\":[{\"@type\":\"SearchAction\",\"target\":{\"@type\":\"EntryPoint\",\"urlTemplate\":\"https:\/\/lojena.com\/?s={search_term_string}\"},\"query-input\":{\"@type\":\"PropertyValueSpecification\",\"valueRequired\":true,\"valueName\":\"search_term_string\"}}],\"inLanguage\":\"fr-FR\"}]}<\/script>\n<!-- \/ Yoast SEO plugin. -->","yoast_head_json":{"title":"Impressum - Villa Lojena","robots":{"index":"index","follow":"follow","max-snippet":"max-snippet:-1","max-image-preview":"max-image-preview:large","max-video-preview":"max-video-preview:-1"},"canonical":"https:\/\/lojena.com\/fr\/impressum\/","og_locale":"fr_FR","og_type":"article","og_title":"Impressum - Villa Lojena","og_description":"Impressum \/ Mentions L\u00e9gales Informations sur la soci\u00e9t\u00e9 D\u00e9tails d&rsquo;enregistrement Contact","og_url":"https:\/\/lojena.com\/fr\/impressum\/","og_site_name":"Villa Lojena","article_modified_time":"2026-03-24T11:16:42+00:00","twitter_card":"summary_large_image","twitter_misc":{"Dur\u00e9e de lecture estim\u00e9e":"1 minute"},"schema":{"@context":"https:\/\/schema.org","@graph":[{"@type":"WebPage","@id":"https:\/\/lojena.com\/fr\/impressum\/","url":"https:\/\/lojena.com\/fr\/impressum\/","name":"Impressum - Villa Lojena","isPartOf":{"@id":"https:\/\/lojena.com\/#website"},"datePublished":"2026-02-17T11:03:11+00:00","dateModified":"2026-03-24T11:16:42+00:00","breadcrumb":{"@id":"https:\/\/lojena.com\/fr\/impressum\/#breadcrumb"},"inLanguage":"fr-FR","potentialAction":[{"@type":"ReadAction","target":["https:\/\/lojena.com\/fr\/impressum\/"]}]},{"@type":"BreadcrumbList","@id":"https:\/\/lojena.com\/fr\/impressum\/#breadcrumb","itemListElement":[{"@type":"ListItem","position":1,"name":"Home","item":"https:\/\/lojena.com\/fr\/"},{"@type":"ListItem","position":2,"name":"Impressum"}]},{"@type":"WebSite","@id":"https:\/\/lojena.com\/#website","url":"https:\/\/lojena.com\/","name":"Villa Lojena","description":"Luxury Studios","potentialAction":[{"@type":"SearchAction","target":{"@type":"EntryPoint","urlTemplate":"https:\/\/lojena.com\/?s={search_term_string}"},"query-input":{"@type":"PropertyValueSpecification","valueRequired":true,"valueName":"search_term_string"}}],"inLanguage":"fr-FR"}]}},"_links":{"self":[{"href":"https:\/\/lojena.com\/fr\/wp-json\/wp\/v2\/pages\/2194","targetHints":{"allow":["GET"]}}],"collection":[{"href":"https:\/\/lojena.com\/fr\/wp-json\/wp\/v2\/pages"}],"about":[{"href":"https:\/\/lojena.com\/fr\/wp-json\/wp\/v2\/types\/page"}],"author":[{"embeddable":true,"href":"https:\/\/lojena.com\/fr\/wp-json\/wp\/v2\/users\/1"}],"replies":[{"embeddable":true,"href":"https:\/\/lojena.com\/fr\/wp-json\/wp\/v2\/comments?post=2194"}],"version-history":[{"count":2,"href":"https:\/\/lojena.com\/fr\/wp-json\/wp\/v2\/pages\/2194\/revisions"}],"predecessor-version":[{"id":2844,"href":"https:\/\/lojena.com\/fr\/wp-json\/wp\/v2\/pages\/2194\/revisions\/2844"}],"wp:attachment":[{"href":"https:\/\/lojena.com\/fr\/wp-json\/wp\/v2\/media?parent=2194"}],"curies":[{"name":"wp","href":"https:\/\/api.w.org\/{rel}","templated":true}]}}