{"id":1841,"date":"2026-02-25T14:46:42","date_gmt":"2026-02-25T14:46:42","guid":{"rendered":"https:\/\/lojena.com\/?post_type=product&#038;p=1841"},"modified":"2026-03-22T08:49:38","modified_gmt":"2026-03-22T08:49:38","slug":"premium-studio-mit-privatem-aussen-whirlpool-id-2","status":"publish","type":"product","link":"https:\/\/lojena.com\/de\/produkt\/premium-studio-mit-privatem-aussen-whirlpool-id-2\/","title":{"rendered":"Premium Studio mit privatem Au\u00dfen-Whirlpool ID 2"},"content":{"rendered":"<p>Tauchen Sie ein in die authentische mediterrane Atmosph\u00e4re eines Studios, das Stil und Funktionalit\u00e4t vereint. Dieses Refugium im Erdgeschoss bietet eine einladende, schattige Terrasse mit Panoramablick auf unsere ruhigen Olivenhaine \u2013 ein idyllischer Ort zum Entspannen nach einem Tag am Strand.<\/p>\n<p>Im Inneren erwartet Sie ein durchdachtes Design mit einem eleganten Wohnbereich, einer voll ausgestatteten K\u00fcche f\u00fcr Ihre kulinarischen Bed\u00fcrfnisse und einem gro\u00dfen, stilvollen Badezimmer. Dank der 34 cm dicken, hypoallergenen Matratzen und der von Daikin bereitgestellten Klimaanlage genie\u00dfen Sie jede Nacht luxuri\u00f6sen Schlafkomfort.<\/p>\n<p>Bleiben Sie mit Highspeed-5G-WLAN und Smart-TV mit der Welt verbunden und nutzen Sie unseren kostenlosen W\u00e4sche- und B\u00fcgelservice. Dieses Studio vereint modernen Komfort mit der zeitlosen Ruhe des Mittelmeers und bietet Ihnen alles f\u00fcr einen rundum erholsamen Urlaub.<\/p>\n","protected":false},"excerpt":{"rendered":"<p>Tauchen Sie ein in die authentische mediterrane Atmosph\u00e4re eines Studios, das Stil und Funktionalit\u00e4t vereint. Dieses Refugium im Erdgeschoss bietet eine einladende, schattige Terrasse mit Panoramablick auf unsere ruhigen Olivenhaine \u2013 ein idyllischer Ort zum Entspannen nach einem Tag am Strand. Im Inneren erwartet Sie ein durchdachtes Design mit einem eleganten Wohnbereich, einer voll ausgestatteten [&hellip;]<\/p>\n","protected":false},"featured_media":2774,"comment_status":"closed","ping_status":"closed","template":"","meta":{"_acf_changed":false},"product_brand":[],"product_cat":[93],"product_tag":[],"class_list":{"0":"post-1841","1":"product","2":"type-product","3":"status-publish","4":"has-post-thumbnail","6":"product_cat-premium-studio-mit-privatem-aussen-whirlpool","8":"first","9":"instock","10":"shipping-taxable","11":"purchasable","12":"product-type-simple"},"acf":[],"yoast_head":"<!-- This site is optimized with the Yoast SEO plugin v27.2 - https:\/\/yoast.com\/product\/yoast-seo-wordpress\/ -->\n<title>Premium Studio mit privatem Au\u00dfen-Whirlpool ID 2 - Villa Lojena<\/title>\n<meta name=\"robots\" content=\"index, follow, max-snippet:-1, max-image-preview:large, max-video-preview:-1\" \/>\n<link rel=\"canonical\" href=\"https:\/\/lojena.com\/de\/produkt\/premium-studio-mit-privatem-aussen-whirlpool-id-2\/\" \/>\n<meta property=\"og:locale\" content=\"de_DE\" \/>\n<meta property=\"og:type\" content=\"article\" \/>\n<meta property=\"og:title\" content=\"Premium Studio mit privatem Au\u00dfen-Whirlpool ID 2 - Villa Lojena\" \/>\n<meta property=\"og:description\" content=\"Tauchen Sie ein in die authentische mediterrane Atmosph\u00e4re eines Studios, das Stil und Funktionalit\u00e4t vereint. Dieses Refugium im Erdgeschoss bietet eine einladende, schattige Terrasse mit Panoramablick auf unsere ruhigen Olivenhaine \u2013 ein idyllischer Ort zum Entspannen nach einem Tag am Strand. Im Inneren erwartet Sie ein durchdachtes Design mit einem eleganten Wohnbereich, einer voll ausgestatteten [&hellip;]\" \/>\n<meta property=\"og:url\" content=\"https:\/\/lojena.com\/de\/produkt\/premium-studio-mit-privatem-aussen-whirlpool-id-2\/\" \/>\n<meta property=\"og:site_name\" content=\"Villa Lojena\" \/>\n<meta property=\"article:modified_time\" content=\"2026-03-22T08:49:38+00:00\" \/>\n<meta property=\"og:image\" content=\"https:\/\/lojena.com\/wp-content\/uploads\/2026\/02\/6-po-redu-1980x1485-1.jpg\" \/>\n\t<meta property=\"og:image:width\" content=\"1980\" \/>\n\t<meta property=\"og:image:height\" content=\"1485\" \/>\n\t<meta property=\"og:image:type\" content=\"image\/jpeg\" \/>\n<meta name=\"twitter:card\" content=\"summary_large_image\" \/>\n<meta name=\"twitter:label1\" content=\"Gesch\u00e4tzte Lesezeit\" \/>\n\t<meta name=\"twitter:data1\" content=\"1\u00a0Minute\" \/>\n<script type=\"application\/ld+json\" class=\"yoast-schema-graph\">{\"@context\":\"https:\/\/schema.org\",\"@graph\":[{\"@type\":\"WebPage\",\"@id\":\"https:\/\/lojena.com\/de\/produkt\/premium-studio-mit-privatem-aussen-whirlpool-id-2\/\",\"url\":\"https:\/\/lojena.com\/de\/produkt\/premium-studio-mit-privatem-aussen-whirlpool-id-2\/\",\"name\":\"Premium Studio mit privatem Au\u00dfen-Whirlpool ID 2 - Villa Lojena\",\"isPartOf\":{\"@id\":\"https:\/\/lojena.com\/#website\"},\"primaryImageOfPage\":{\"@id\":\"https:\/\/lojena.com\/de\/produkt\/premium-studio-mit-privatem-aussen-whirlpool-id-2\/#primaryimage\"},\"image\":{\"@id\":\"https:\/\/lojena.com\/de\/produkt\/premium-studio-mit-privatem-aussen-whirlpool-id-2\/#primaryimage\"},\"thumbnailUrl\":\"https:\/\/lojena.com\/wp-content\/uploads\/2026\/02\/6-po-redu-1980x1485-1.jpg\",\"datePublished\":\"2026-02-25T14:46:42+00:00\",\"dateModified\":\"2026-03-22T08:49:38+00:00\",\"breadcrumb\":{\"@id\":\"https:\/\/lojena.com\/de\/produkt\/premium-studio-mit-privatem-aussen-whirlpool-id-2\/#breadcrumb\"},\"inLanguage\":\"de\",\"potentialAction\":[{\"@type\":\"ReadAction\",\"target\":[\"https:\/\/lojena.com\/de\/produkt\/premium-studio-mit-privatem-aussen-whirlpool-id-2\/\"]}]},{\"@type\":\"ImageObject\",\"inLanguage\":\"de\",\"@id\":\"https:\/\/lojena.com\/de\/produkt\/premium-studio-mit-privatem-aussen-whirlpool-id-2\/#primaryimage\",\"url\":\"https:\/\/lojena.com\/wp-content\/uploads\/2026\/02\/6-po-redu-1980x1485-1.jpg\",\"contentUrl\":\"https:\/\/lojena.com\/wp-content\/uploads\/2026\/02\/6-po-redu-1980x1485-1.jpg\",\"width\":1980,\"height\":1485},{\"@type\":\"BreadcrumbList\",\"@id\":\"https:\/\/lojena.com\/de\/produkt\/premium-studio-mit-privatem-aussen-whirlpool-id-2\/#breadcrumb\",\"itemListElement\":[{\"@type\":\"ListItem\",\"position\":1,\"name\":\"Home\",\"item\":\"https:\/\/lojena.com\/de\/\"},{\"@type\":\"ListItem\",\"position\":2,\"name\":\"Premium Studio mit privatem Au\u00dfen-Whirlpool ID 2\"}]},{\"@type\":\"WebSite\",\"@id\":\"https:\/\/lojena.com\/#website\",\"url\":\"https:\/\/lojena.com\/\",\"name\":\"Villa Lojena\",\"description\":\"Luxury Studios\",\"potentialAction\":[{\"@type\":\"SearchAction\",\"target\":{\"@type\":\"EntryPoint\",\"urlTemplate\":\"https:\/\/lojena.com\/?s={search_term_string}\"},\"query-input\":{\"@type\":\"PropertyValueSpecification\",\"valueRequired\":true,\"valueName\":\"search_term_string\"}}],\"inLanguage\":\"de\"}]}<\/script>\n<!-- \/ Yoast SEO plugin. -->","yoast_head_json":{"title":"Premium Studio mit privatem Au\u00dfen-Whirlpool ID 2 - Villa Lojena","robots":{"index":"index","follow":"follow","max-snippet":"max-snippet:-1","max-image-preview":"max-image-preview:large","max-video-preview":"max-video-preview:-1"},"canonical":"https:\/\/lojena.com\/de\/produkt\/premium-studio-mit-privatem-aussen-whirlpool-id-2\/","og_locale":"de_DE","og_type":"article","og_title":"Premium Studio mit privatem Au\u00dfen-Whirlpool ID 2 - Villa Lojena","og_description":"Tauchen Sie ein in die authentische mediterrane Atmosph\u00e4re eines Studios, das Stil und Funktionalit\u00e4t vereint. Dieses Refugium im Erdgeschoss bietet eine einladende, schattige Terrasse mit Panoramablick auf unsere ruhigen Olivenhaine \u2013 ein idyllischer Ort zum Entspannen nach einem Tag am Strand. Im Inneren erwartet Sie ein durchdachtes Design mit einem eleganten Wohnbereich, einer voll ausgestatteten [&hellip;]","og_url":"https:\/\/lojena.com\/de\/produkt\/premium-studio-mit-privatem-aussen-whirlpool-id-2\/","og_site_name":"Villa Lojena","article_modified_time":"2026-03-22T08:49:38+00:00","og_image":[{"width":1980,"height":1485,"url":"https:\/\/lojena.com\/wp-content\/uploads\/2026\/02\/6-po-redu-1980x1485-1.jpg","type":"image\/jpeg"}],"twitter_card":"summary_large_image","twitter_misc":{"Gesch\u00e4tzte Lesezeit":"1\u00a0Minute"},"schema":{"@context":"https:\/\/schema.org","@graph":[{"@type":"WebPage","@id":"https:\/\/lojena.com\/de\/produkt\/premium-studio-mit-privatem-aussen-whirlpool-id-2\/","url":"https:\/\/lojena.com\/de\/produkt\/premium-studio-mit-privatem-aussen-whirlpool-id-2\/","name":"Premium Studio mit privatem Au\u00dfen-Whirlpool ID 2 - Villa Lojena","isPartOf":{"@id":"https:\/\/lojena.com\/#website"},"primaryImageOfPage":{"@id":"https:\/\/lojena.com\/de\/produkt\/premium-studio-mit-privatem-aussen-whirlpool-id-2\/#primaryimage"},"image":{"@id":"https:\/\/lojena.com\/de\/produkt\/premium-studio-mit-privatem-aussen-whirlpool-id-2\/#primaryimage"},"thumbnailUrl":"https:\/\/lojena.com\/wp-content\/uploads\/2026\/02\/6-po-redu-1980x1485-1.jpg","datePublished":"2026-02-25T14:46:42+00:00","dateModified":"2026-03-22T08:49:38+00:00","breadcrumb":{"@id":"https:\/\/lojena.com\/de\/produkt\/premium-studio-mit-privatem-aussen-whirlpool-id-2\/#breadcrumb"},"inLanguage":"de","potentialAction":[{"@type":"ReadAction","target":["https:\/\/lojena.com\/de\/produkt\/premium-studio-mit-privatem-aussen-whirlpool-id-2\/"]}]},{"@type":"ImageObject","inLanguage":"de","@id":"https:\/\/lojena.com\/de\/produkt\/premium-studio-mit-privatem-aussen-whirlpool-id-2\/#primaryimage","url":"https:\/\/lojena.com\/wp-content\/uploads\/2026\/02\/6-po-redu-1980x1485-1.jpg","contentUrl":"https:\/\/lojena.com\/wp-content\/uploads\/2026\/02\/6-po-redu-1980x1485-1.jpg","width":1980,"height":1485},{"@type":"BreadcrumbList","@id":"https:\/\/lojena.com\/de\/produkt\/premium-studio-mit-privatem-aussen-whirlpool-id-2\/#breadcrumb","itemListElement":[{"@type":"ListItem","position":1,"name":"Home","item":"https:\/\/lojena.com\/de\/"},{"@type":"ListItem","position":2,"name":"Premium Studio mit privatem Au\u00dfen-Whirlpool ID 2"}]},{"@type":"WebSite","@id":"https:\/\/lojena.com\/#website","url":"https:\/\/lojena.com\/","name":"Villa Lojena","description":"Luxury Studios","potentialAction":[{"@type":"SearchAction","target":{"@type":"EntryPoint","urlTemplate":"https:\/\/lojena.com\/?s={search_term_string}"},"query-input":{"@type":"PropertyValueSpecification","valueRequired":true,"valueName":"search_term_string"}}],"inLanguage":"de"}]}},"_links":{"self":[{"href":"https:\/\/lojena.com\/de\/wp-json\/wp\/v2\/product\/1841","targetHints":{"allow":["GET"]}}],"collection":[{"href":"https:\/\/lojena.com\/de\/wp-json\/wp\/v2\/product"}],"about":[{"href":"https:\/\/lojena.com\/de\/wp-json\/wp\/v2\/types\/product"}],"replies":[{"embeddable":true,"href":"https:\/\/lojena.com\/de\/wp-json\/wp\/v2\/comments?post=1841"}],"wp:featuredmedia":[{"embeddable":true,"href":"https:\/\/lojena.com\/de\/wp-json\/wp\/v2\/media\/2774"}],"wp:attachment":[{"href":"https:\/\/lojena.com\/de\/wp-json\/wp\/v2\/media?parent=1841"}],"wp:term":[{"taxonomy":"product_brand","embeddable":true,"href":"https:\/\/lojena.com\/de\/wp-json\/wp\/v2\/product_brand?post=1841"},{"taxonomy":"product_cat","embeddable":true,"href":"https:\/\/lojena.com\/de\/wp-json\/wp\/v2\/product_cat?post=1841"},{"taxonomy":"product_tag","embeddable":true,"href":"https:\/\/lojena.com\/de\/wp-json\/wp\/v2\/product_tag?post=1841"}],"curies":[{"name":"wp","href":"https:\/\/api.w.org\/{rel}","templated":true}]}}