{"id":1608,"date":"2026-02-25T13:44:32","date_gmt":"2026-02-25T13:44:32","guid":{"rendered":"https:\/\/lojena.com\/?post_type=product&#038;p=1608"},"modified":"2026-03-22T08:49:45","modified_gmt":"2026-03-22T08:49:45","slug":"premium-studio-mit-privatem-aussen-whirlpool-id-1","status":"publish","type":"product","link":"https:\/\/lojena.com\/de\/produkt\/premium-studio-mit-privatem-aussen-whirlpool-id-1\/","title":{"rendered":"Premium Studio mit privatem Au\u00dfen-Whirlpool ID 1"},"content":{"rendered":"<p>Entdecken Sie ein idyllisches Refugium f\u00fcr Paare, die Ruhe und Einfachheit inmitten modernen Luxus suchen. Dieses ger\u00e4umige und funktionale Studio-Apartment \u00f6ffnet sich zu einer schattigen Terrasse mit Blick auf die umliegenden Olivenhaine \u2013 der perfekte Ort f\u00fcr ein entspanntes Fr\u00fchst\u00fcck oder einen ruhigen Abend unter dem Sternenhimmel.<\/p>\n<p>Die geschmackvolle Einrichtung besticht durch elegante, moderne M\u00f6bel, eine voll ausgestattete K\u00fcche, ein gro\u00dfes, modernes Badezimmer und hochwertige, 34 cm dicke, antiallergische Matratzen f\u00fcr erholsame N\u00e4chte.<\/p>\n<p>Daikin-Klimaanlage, Smart-TV und Highspeed-5G-Internet sorgen f\u00fcr Komfort und st\u00e4ndige Konnektivit\u00e4t. Ein kostenloser W\u00e4sche- und B\u00fcgelservice bietet zus\u00e4tzlichen Komfort.<\/p>\n<p>Eingebettet in die authentische mediterrane Atmosph\u00e4re mit Olivenb\u00e4umen und absoluter Stille bietet dieses Studio die perfekte Kombination aus Funktionalit\u00e4t, Komfort und vollkommener Entspannung.<\/p>\n","protected":false},"excerpt":{"rendered":"<p>Entdecken Sie ein idyllisches Refugium f\u00fcr Paare, die Ruhe und Einfachheit inmitten modernen Luxus suchen. Dieses ger\u00e4umige und funktionale Studio-Apartment \u00f6ffnet sich zu einer schattigen Terrasse mit Blick auf die umliegenden Olivenhaine \u2013 der perfekte Ort f\u00fcr ein entspanntes Fr\u00fchst\u00fcck oder einen ruhigen Abend unter dem Sternenhimmel. Die geschmackvolle Einrichtung besticht durch elegante, moderne M\u00f6bel, [&hellip;]<\/p>\n","protected":false},"featured_media":2765,"comment_status":"closed","ping_status":"closed","template":"","meta":{"_acf_changed":false},"product_brand":[],"product_cat":[93],"product_tag":[],"class_list":{"0":"post-1608","1":"product","2":"type-product","3":"status-publish","4":"has-post-thumbnail","6":"product_cat-premium-studio-mit-privatem-aussen-whirlpool","8":"first","9":"instock","10":"shipping-taxable","11":"purchasable","12":"product-type-simple"},"acf":[],"yoast_head":"<!-- This site is optimized with the Yoast SEO plugin v27.2 - https:\/\/yoast.com\/product\/yoast-seo-wordpress\/ -->\n<title>Premium Studio mit privatem Au\u00dfen-Whirlpool ID 1 - Villa Lojena<\/title>\n<meta name=\"robots\" content=\"index, follow, max-snippet:-1, max-image-preview:large, max-video-preview:-1\" \/>\n<link rel=\"canonical\" href=\"https:\/\/lojena.com\/de\/produkt\/premium-studio-mit-privatem-aussen-whirlpool-id-1\/\" \/>\n<meta property=\"og:locale\" content=\"de_DE\" \/>\n<meta property=\"og:type\" content=\"article\" \/>\n<meta property=\"og:title\" content=\"Premium Studio mit privatem Au\u00dfen-Whirlpool ID 1 - Villa Lojena\" \/>\n<meta property=\"og:description\" content=\"Entdecken Sie ein idyllisches Refugium f\u00fcr Paare, die Ruhe und Einfachheit inmitten modernen Luxus suchen. Dieses ger\u00e4umige und funktionale Studio-Apartment \u00f6ffnet sich zu einer schattigen Terrasse mit Blick auf die umliegenden Olivenhaine \u2013 der perfekte Ort f\u00fcr ein entspanntes Fr\u00fchst\u00fcck oder einen ruhigen Abend unter dem Sternenhimmel. Die geschmackvolle Einrichtung besticht durch elegante, moderne M\u00f6bel, [&hellip;]\" \/>\n<meta property=\"og:url\" content=\"https:\/\/lojena.com\/de\/produkt\/premium-studio-mit-privatem-aussen-whirlpool-id-1\/\" \/>\n<meta property=\"og:site_name\" content=\"Villa Lojena\" \/>\n<meta property=\"article:modified_time\" content=\"2026-03-22T08:49:45+00:00\" \/>\n<meta property=\"og:image\" content=\"https:\/\/lojena.com\/wp-content\/uploads\/2026\/02\/5-po-redu-1980x1485-1.jpg\" \/>\n\t<meta property=\"og:image:width\" content=\"1980\" \/>\n\t<meta property=\"og:image:height\" content=\"1485\" \/>\n\t<meta property=\"og:image:type\" content=\"image\/jpeg\" \/>\n<meta name=\"twitter:card\" content=\"summary_large_image\" \/>\n<meta name=\"twitter:label1\" content=\"Gesch\u00e4tzte Lesezeit\" \/>\n\t<meta name=\"twitter:data1\" content=\"1\u00a0Minute\" \/>\n<script type=\"application\/ld+json\" class=\"yoast-schema-graph\">{\"@context\":\"https:\/\/schema.org\",\"@graph\":[{\"@type\":\"WebPage\",\"@id\":\"https:\/\/lojena.com\/de\/produkt\/premium-studio-mit-privatem-aussen-whirlpool-id-1\/\",\"url\":\"https:\/\/lojena.com\/de\/produkt\/premium-studio-mit-privatem-aussen-whirlpool-id-1\/\",\"name\":\"Premium Studio mit privatem Au\u00dfen-Whirlpool ID 1 - Villa Lojena\",\"isPartOf\":{\"@id\":\"https:\/\/lojena.com\/#website\"},\"primaryImageOfPage\":{\"@id\":\"https:\/\/lojena.com\/de\/produkt\/premium-studio-mit-privatem-aussen-whirlpool-id-1\/#primaryimage\"},\"image\":{\"@id\":\"https:\/\/lojena.com\/de\/produkt\/premium-studio-mit-privatem-aussen-whirlpool-id-1\/#primaryimage\"},\"thumbnailUrl\":\"https:\/\/lojena.com\/wp-content\/uploads\/2026\/02\/5-po-redu-1980x1485-1.jpg\",\"datePublished\":\"2026-02-25T13:44:32+00:00\",\"dateModified\":\"2026-03-22T08:49:45+00:00\",\"breadcrumb\":{\"@id\":\"https:\/\/lojena.com\/de\/produkt\/premium-studio-mit-privatem-aussen-whirlpool-id-1\/#breadcrumb\"},\"inLanguage\":\"de\",\"potentialAction\":[{\"@type\":\"ReadAction\",\"target\":[\"https:\/\/lojena.com\/de\/produkt\/premium-studio-mit-privatem-aussen-whirlpool-id-1\/\"]}]},{\"@type\":\"ImageObject\",\"inLanguage\":\"de\",\"@id\":\"https:\/\/lojena.com\/de\/produkt\/premium-studio-mit-privatem-aussen-whirlpool-id-1\/#primaryimage\",\"url\":\"https:\/\/lojena.com\/wp-content\/uploads\/2026\/02\/5-po-redu-1980x1485-1.jpg\",\"contentUrl\":\"https:\/\/lojena.com\/wp-content\/uploads\/2026\/02\/5-po-redu-1980x1485-1.jpg\",\"width\":1980,\"height\":1485},{\"@type\":\"BreadcrumbList\",\"@id\":\"https:\/\/lojena.com\/de\/produkt\/premium-studio-mit-privatem-aussen-whirlpool-id-1\/#breadcrumb\",\"itemListElement\":[{\"@type\":\"ListItem\",\"position\":1,\"name\":\"Home\",\"item\":\"https:\/\/lojena.com\/de\/\"},{\"@type\":\"ListItem\",\"position\":2,\"name\":\"Premium Studio mit privatem Au\u00dfen-Whirlpool ID 1\"}]},{\"@type\":\"WebSite\",\"@id\":\"https:\/\/lojena.com\/#website\",\"url\":\"https:\/\/lojena.com\/\",\"name\":\"Villa Lojena\",\"description\":\"Luxury Studios\",\"potentialAction\":[{\"@type\":\"SearchAction\",\"target\":{\"@type\":\"EntryPoint\",\"urlTemplate\":\"https:\/\/lojena.com\/?s={search_term_string}\"},\"query-input\":{\"@type\":\"PropertyValueSpecification\",\"valueRequired\":true,\"valueName\":\"search_term_string\"}}],\"inLanguage\":\"de\"}]}<\/script>\n<!-- \/ Yoast SEO plugin. -->","yoast_head_json":{"title":"Premium Studio mit privatem Au\u00dfen-Whirlpool ID 1 - Villa Lojena","robots":{"index":"index","follow":"follow","max-snippet":"max-snippet:-1","max-image-preview":"max-image-preview:large","max-video-preview":"max-video-preview:-1"},"canonical":"https:\/\/lojena.com\/de\/produkt\/premium-studio-mit-privatem-aussen-whirlpool-id-1\/","og_locale":"de_DE","og_type":"article","og_title":"Premium Studio mit privatem Au\u00dfen-Whirlpool ID 1 - Villa Lojena","og_description":"Entdecken Sie ein idyllisches Refugium f\u00fcr Paare, die Ruhe und Einfachheit inmitten modernen Luxus suchen. Dieses ger\u00e4umige und funktionale Studio-Apartment \u00f6ffnet sich zu einer schattigen Terrasse mit Blick auf die umliegenden Olivenhaine \u2013 der perfekte Ort f\u00fcr ein entspanntes Fr\u00fchst\u00fcck oder einen ruhigen Abend unter dem Sternenhimmel. Die geschmackvolle Einrichtung besticht durch elegante, moderne M\u00f6bel, [&hellip;]","og_url":"https:\/\/lojena.com\/de\/produkt\/premium-studio-mit-privatem-aussen-whirlpool-id-1\/","og_site_name":"Villa Lojena","article_modified_time":"2026-03-22T08:49:45+00:00","og_image":[{"width":1980,"height":1485,"url":"https:\/\/lojena.com\/wp-content\/uploads\/2026\/02\/5-po-redu-1980x1485-1.jpg","type":"image\/jpeg"}],"twitter_card":"summary_large_image","twitter_misc":{"Gesch\u00e4tzte Lesezeit":"1\u00a0Minute"},"schema":{"@context":"https:\/\/schema.org","@graph":[{"@type":"WebPage","@id":"https:\/\/lojena.com\/de\/produkt\/premium-studio-mit-privatem-aussen-whirlpool-id-1\/","url":"https:\/\/lojena.com\/de\/produkt\/premium-studio-mit-privatem-aussen-whirlpool-id-1\/","name":"Premium Studio mit privatem Au\u00dfen-Whirlpool ID 1 - Villa Lojena","isPartOf":{"@id":"https:\/\/lojena.com\/#website"},"primaryImageOfPage":{"@id":"https:\/\/lojena.com\/de\/produkt\/premium-studio-mit-privatem-aussen-whirlpool-id-1\/#primaryimage"},"image":{"@id":"https:\/\/lojena.com\/de\/produkt\/premium-studio-mit-privatem-aussen-whirlpool-id-1\/#primaryimage"},"thumbnailUrl":"https:\/\/lojena.com\/wp-content\/uploads\/2026\/02\/5-po-redu-1980x1485-1.jpg","datePublished":"2026-02-25T13:44:32+00:00","dateModified":"2026-03-22T08:49:45+00:00","breadcrumb":{"@id":"https:\/\/lojena.com\/de\/produkt\/premium-studio-mit-privatem-aussen-whirlpool-id-1\/#breadcrumb"},"inLanguage":"de","potentialAction":[{"@type":"ReadAction","target":["https:\/\/lojena.com\/de\/produkt\/premium-studio-mit-privatem-aussen-whirlpool-id-1\/"]}]},{"@type":"ImageObject","inLanguage":"de","@id":"https:\/\/lojena.com\/de\/produkt\/premium-studio-mit-privatem-aussen-whirlpool-id-1\/#primaryimage","url":"https:\/\/lojena.com\/wp-content\/uploads\/2026\/02\/5-po-redu-1980x1485-1.jpg","contentUrl":"https:\/\/lojena.com\/wp-content\/uploads\/2026\/02\/5-po-redu-1980x1485-1.jpg","width":1980,"height":1485},{"@type":"BreadcrumbList","@id":"https:\/\/lojena.com\/de\/produkt\/premium-studio-mit-privatem-aussen-whirlpool-id-1\/#breadcrumb","itemListElement":[{"@type":"ListItem","position":1,"name":"Home","item":"https:\/\/lojena.com\/de\/"},{"@type":"ListItem","position":2,"name":"Premium Studio mit privatem Au\u00dfen-Whirlpool ID 1"}]},{"@type":"WebSite","@id":"https:\/\/lojena.com\/#website","url":"https:\/\/lojena.com\/","name":"Villa Lojena","description":"Luxury Studios","potentialAction":[{"@type":"SearchAction","target":{"@type":"EntryPoint","urlTemplate":"https:\/\/lojena.com\/?s={search_term_string}"},"query-input":{"@type":"PropertyValueSpecification","valueRequired":true,"valueName":"search_term_string"}}],"inLanguage":"de"}]}},"_links":{"self":[{"href":"https:\/\/lojena.com\/de\/wp-json\/wp\/v2\/product\/1608","targetHints":{"allow":["GET"]}}],"collection":[{"href":"https:\/\/lojena.com\/de\/wp-json\/wp\/v2\/product"}],"about":[{"href":"https:\/\/lojena.com\/de\/wp-json\/wp\/v2\/types\/product"}],"replies":[{"embeddable":true,"href":"https:\/\/lojena.com\/de\/wp-json\/wp\/v2\/comments?post=1608"}],"wp:featuredmedia":[{"embeddable":true,"href":"https:\/\/lojena.com\/de\/wp-json\/wp\/v2\/media\/2765"}],"wp:attachment":[{"href":"https:\/\/lojena.com\/de\/wp-json\/wp\/v2\/media?parent=1608"}],"wp:term":[{"taxonomy":"product_brand","embeddable":true,"href":"https:\/\/lojena.com\/de\/wp-json\/wp\/v2\/product_brand?post=1608"},{"taxonomy":"product_cat","embeddable":true,"href":"https:\/\/lojena.com\/de\/wp-json\/wp\/v2\/product_cat?post=1608"},{"taxonomy":"product_tag","embeddable":true,"href":"https:\/\/lojena.com\/de\/wp-json\/wp\/v2\/product_tag?post=1608"}],"curies":[{"name":"wp","href":"https:\/\/api.w.org\/{rel}","templated":true}]}}