{"id":1474,"date":"2026-02-25T12:48:35","date_gmt":"2026-02-25T12:48:35","guid":{"rendered":"https:\/\/lojena.com\/?post_type=product&#038;p=1474"},"modified":"2026-03-22T08:49:51","modified_gmt":"2026-03-22T08:49:51","slug":"premium-studio-mit-meerblick-id-2","status":"publish","type":"product","link":"https:\/\/lojena.com\/de\/produkt\/premium-studio-mit-meerblick-id-2\/","title":{"rendered":"Premium Studio mit Meerblick ID 2"},"content":{"rendered":"<p>Erleben Sie eine Oase im Erdgeschoss, geschaffen f\u00fcr alle, die Wert auf Weite und Ruhe legen. Dieses stilvolle Studio besticht durch eine gro\u00dfz\u00fcgige 40 m\u00b2 gro\u00dfe Terrasse, die einen nahtlosen \u00dcbergang vom eleganten Interieur zur nat\u00fcrlichen Sch\u00f6nheit unseres jahrhundertealten Olivenhains bietet. Entspannen Sie sich im sprudelnden Wasser Ihres privaten 2 x 2 m gro\u00dfen Terrassen-Whirlpools \u2013 die perfekte Erfrischung nach einem sonnigen Tag.<\/p>\n<p>Im Inneren steht kompromissloser Komfort im Vordergrund. Genie\u00dfen Sie einen modernen Wohnbereich mit Gourmetk\u00fcche, einem gro\u00dfen, modernen Badezimmer und dem luxuri\u00f6sen Liegekomfort von 34 cm dicken, hypoallergenen Matratzen. Dank der Daikin-Klimaanlage herrscht stets die gew\u00fcnschte Temperatur.<\/p>\n<p>Wir haben an alles gedacht: von blitzschnellem 5G-WLAN und Smart-TV bis hin zu einem Eisw\u00fcrfelbereiter f\u00fcr Ihre Erfrischung am Nachmittag. Mit unserem inkludierten W\u00e4sche- und B\u00fcgelservice reisen Sie unbeschwert und k\u00f6nnen sich ganz auf die mediterrane Ruhe konzentrieren, die Sie umgibt.<\/p>\n","protected":false},"excerpt":{"rendered":"<p>Erleben Sie eine Oase im Erdgeschoss, geschaffen f\u00fcr alle, die Wert auf Weite und Ruhe legen. Dieses stilvolle Studio besticht durch eine gro\u00dfz\u00fcgige 40 m\u00b2 gro\u00dfe Terrasse, die einen nahtlosen \u00dcbergang vom eleganten Interieur zur nat\u00fcrlichen Sch\u00f6nheit unseres jahrhundertealten Olivenhains bietet. Entspannen Sie sich im sprudelnden Wasser Ihres privaten 2 x 2 m gro\u00dfen Terrassen-Whirlpools [&hellip;]<\/p>\n","protected":false},"featured_media":1341,"comment_status":"closed","ping_status":"closed","template":"","meta":{"_acf_changed":false},"product_brand":[],"product_cat":[101],"product_tag":[],"class_list":{"0":"post-1474","1":"product","2":"type-product","3":"status-publish","4":"has-post-thumbnail","6":"product_cat-premium-studio-mit-meerblick","8":"first","9":"instock","10":"shipping-taxable","11":"purchasable","12":"product-type-simple"},"acf":[],"yoast_head":"<!-- This site is optimized with the Yoast SEO plugin v27.2 - https:\/\/yoast.com\/product\/yoast-seo-wordpress\/ -->\n<title>Premium Studio mit Meerblick ID 2 - Villa Lojena<\/title>\n<meta name=\"robots\" content=\"index, follow, max-snippet:-1, max-image-preview:large, max-video-preview:-1\" \/>\n<link rel=\"canonical\" href=\"https:\/\/lojena.com\/de\/produkt\/premium-studio-mit-meerblick-id-2\/\" \/>\n<meta property=\"og:locale\" content=\"de_DE\" \/>\n<meta property=\"og:type\" content=\"article\" \/>\n<meta property=\"og:title\" content=\"Premium Studio mit Meerblick ID 2 - Villa Lojena\" \/>\n<meta property=\"og:description\" content=\"Erleben Sie eine Oase im Erdgeschoss, geschaffen f\u00fcr alle, die Wert auf Weite und Ruhe legen. Dieses stilvolle Studio besticht durch eine gro\u00dfz\u00fcgige 40 m\u00b2 gro\u00dfe Terrasse, die einen nahtlosen \u00dcbergang vom eleganten Interieur zur nat\u00fcrlichen Sch\u00f6nheit unseres jahrhundertealten Olivenhains bietet. Entspannen Sie sich im sprudelnden Wasser Ihres privaten 2 x 2 m gro\u00dfen Terrassen-Whirlpools [&hellip;]\" \/>\n<meta property=\"og:url\" content=\"https:\/\/lojena.com\/de\/produkt\/premium-studio-mit-meerblick-id-2\/\" \/>\n<meta property=\"og:site_name\" content=\"Villa Lojena\" \/>\n<meta property=\"article:modified_time\" content=\"2026-03-22T08:49:51+00:00\" \/>\n<meta property=\"og:image\" content=\"https:\/\/lojena.com\/wp-content\/uploads\/2026\/02\/5-i-6.jpeg\" \/>\n\t<meta property=\"og:image:width\" content=\"1980\" \/>\n\t<meta property=\"og:image:height\" content=\"1485\" \/>\n\t<meta property=\"og:image:type\" content=\"image\/jpeg\" \/>\n<meta name=\"twitter:card\" content=\"summary_large_image\" \/>\n<meta name=\"twitter:label1\" content=\"Gesch\u00e4tzte Lesezeit\" \/>\n\t<meta name=\"twitter:data1\" content=\"1\u00a0Minute\" \/>\n<script type=\"application\/ld+json\" class=\"yoast-schema-graph\">{\"@context\":\"https:\/\/schema.org\",\"@graph\":[{\"@type\":\"WebPage\",\"@id\":\"https:\/\/lojena.com\/de\/produkt\/premium-studio-mit-meerblick-id-2\/\",\"url\":\"https:\/\/lojena.com\/de\/produkt\/premium-studio-mit-meerblick-id-2\/\",\"name\":\"Premium Studio mit Meerblick ID 2 - Villa Lojena\",\"isPartOf\":{\"@id\":\"https:\/\/lojena.com\/#website\"},\"primaryImageOfPage\":{\"@id\":\"https:\/\/lojena.com\/de\/produkt\/premium-studio-mit-meerblick-id-2\/#primaryimage\"},\"image\":{\"@id\":\"https:\/\/lojena.com\/de\/produkt\/premium-studio-mit-meerblick-id-2\/#primaryimage\"},\"thumbnailUrl\":\"https:\/\/lojena.com\/wp-content\/uploads\/2026\/02\/5-i-6.jpeg\",\"datePublished\":\"2026-02-25T12:48:35+00:00\",\"dateModified\":\"2026-03-22T08:49:51+00:00\",\"breadcrumb\":{\"@id\":\"https:\/\/lojena.com\/de\/produkt\/premium-studio-mit-meerblick-id-2\/#breadcrumb\"},\"inLanguage\":\"de\",\"potentialAction\":[{\"@type\":\"ReadAction\",\"target\":[\"https:\/\/lojena.com\/de\/produkt\/premium-studio-mit-meerblick-id-2\/\"]}]},{\"@type\":\"ImageObject\",\"inLanguage\":\"de\",\"@id\":\"https:\/\/lojena.com\/de\/produkt\/premium-studio-mit-meerblick-id-2\/#primaryimage\",\"url\":\"https:\/\/lojena.com\/wp-content\/uploads\/2026\/02\/5-i-6.jpeg\",\"contentUrl\":\"https:\/\/lojena.com\/wp-content\/uploads\/2026\/02\/5-i-6.jpeg\",\"width\":1980,\"height\":1485,\"caption\":\"Double sized bed with couch, coffe table and television\"},{\"@type\":\"BreadcrumbList\",\"@id\":\"https:\/\/lojena.com\/de\/produkt\/premium-studio-mit-meerblick-id-2\/#breadcrumb\",\"itemListElement\":[{\"@type\":\"ListItem\",\"position\":1,\"name\":\"Home\",\"item\":\"https:\/\/lojena.com\/de\/\"},{\"@type\":\"ListItem\",\"position\":2,\"name\":\"Premium Studio mit Meerblick ID 2\"}]},{\"@type\":\"WebSite\",\"@id\":\"https:\/\/lojena.com\/#website\",\"url\":\"https:\/\/lojena.com\/\",\"name\":\"Villa Lojena\",\"description\":\"Luxury Studios\",\"potentialAction\":[{\"@type\":\"SearchAction\",\"target\":{\"@type\":\"EntryPoint\",\"urlTemplate\":\"https:\/\/lojena.com\/?s={search_term_string}\"},\"query-input\":{\"@type\":\"PropertyValueSpecification\",\"valueRequired\":true,\"valueName\":\"search_term_string\"}}],\"inLanguage\":\"de\"}]}<\/script>\n<!-- \/ Yoast SEO plugin. -->","yoast_head_json":{"title":"Premium Studio mit Meerblick ID 2 - Villa Lojena","robots":{"index":"index","follow":"follow","max-snippet":"max-snippet:-1","max-image-preview":"max-image-preview:large","max-video-preview":"max-video-preview:-1"},"canonical":"https:\/\/lojena.com\/de\/produkt\/premium-studio-mit-meerblick-id-2\/","og_locale":"de_DE","og_type":"article","og_title":"Premium Studio mit Meerblick ID 2 - Villa Lojena","og_description":"Erleben Sie eine Oase im Erdgeschoss, geschaffen f\u00fcr alle, die Wert auf Weite und Ruhe legen. Dieses stilvolle Studio besticht durch eine gro\u00dfz\u00fcgige 40 m\u00b2 gro\u00dfe Terrasse, die einen nahtlosen \u00dcbergang vom eleganten Interieur zur nat\u00fcrlichen Sch\u00f6nheit unseres jahrhundertealten Olivenhains bietet. Entspannen Sie sich im sprudelnden Wasser Ihres privaten 2 x 2 m gro\u00dfen Terrassen-Whirlpools [&hellip;]","og_url":"https:\/\/lojena.com\/de\/produkt\/premium-studio-mit-meerblick-id-2\/","og_site_name":"Villa Lojena","article_modified_time":"2026-03-22T08:49:51+00:00","og_image":[{"width":1980,"height":1485,"url":"https:\/\/lojena.com\/wp-content\/uploads\/2026\/02\/5-i-6.jpeg","type":"image\/jpeg"}],"twitter_card":"summary_large_image","twitter_misc":{"Gesch\u00e4tzte Lesezeit":"1\u00a0Minute"},"schema":{"@context":"https:\/\/schema.org","@graph":[{"@type":"WebPage","@id":"https:\/\/lojena.com\/de\/produkt\/premium-studio-mit-meerblick-id-2\/","url":"https:\/\/lojena.com\/de\/produkt\/premium-studio-mit-meerblick-id-2\/","name":"Premium Studio mit Meerblick ID 2 - Villa Lojena","isPartOf":{"@id":"https:\/\/lojena.com\/#website"},"primaryImageOfPage":{"@id":"https:\/\/lojena.com\/de\/produkt\/premium-studio-mit-meerblick-id-2\/#primaryimage"},"image":{"@id":"https:\/\/lojena.com\/de\/produkt\/premium-studio-mit-meerblick-id-2\/#primaryimage"},"thumbnailUrl":"https:\/\/lojena.com\/wp-content\/uploads\/2026\/02\/5-i-6.jpeg","datePublished":"2026-02-25T12:48:35+00:00","dateModified":"2026-03-22T08:49:51+00:00","breadcrumb":{"@id":"https:\/\/lojena.com\/de\/produkt\/premium-studio-mit-meerblick-id-2\/#breadcrumb"},"inLanguage":"de","potentialAction":[{"@type":"ReadAction","target":["https:\/\/lojena.com\/de\/produkt\/premium-studio-mit-meerblick-id-2\/"]}]},{"@type":"ImageObject","inLanguage":"de","@id":"https:\/\/lojena.com\/de\/produkt\/premium-studio-mit-meerblick-id-2\/#primaryimage","url":"https:\/\/lojena.com\/wp-content\/uploads\/2026\/02\/5-i-6.jpeg","contentUrl":"https:\/\/lojena.com\/wp-content\/uploads\/2026\/02\/5-i-6.jpeg","width":1980,"height":1485,"caption":"Double sized bed with couch, coffe table and television"},{"@type":"BreadcrumbList","@id":"https:\/\/lojena.com\/de\/produkt\/premium-studio-mit-meerblick-id-2\/#breadcrumb","itemListElement":[{"@type":"ListItem","position":1,"name":"Home","item":"https:\/\/lojena.com\/de\/"},{"@type":"ListItem","position":2,"name":"Premium Studio mit Meerblick ID 2"}]},{"@type":"WebSite","@id":"https:\/\/lojena.com\/#website","url":"https:\/\/lojena.com\/","name":"Villa Lojena","description":"Luxury Studios","potentialAction":[{"@type":"SearchAction","target":{"@type":"EntryPoint","urlTemplate":"https:\/\/lojena.com\/?s={search_term_string}"},"query-input":{"@type":"PropertyValueSpecification","valueRequired":true,"valueName":"search_term_string"}}],"inLanguage":"de"}]}},"_links":{"self":[{"href":"https:\/\/lojena.com\/de\/wp-json\/wp\/v2\/product\/1474","targetHints":{"allow":["GET"]}}],"collection":[{"href":"https:\/\/lojena.com\/de\/wp-json\/wp\/v2\/product"}],"about":[{"href":"https:\/\/lojena.com\/de\/wp-json\/wp\/v2\/types\/product"}],"replies":[{"embeddable":true,"href":"https:\/\/lojena.com\/de\/wp-json\/wp\/v2\/comments?post=1474"}],"wp:featuredmedia":[{"embeddable":true,"href":"https:\/\/lojena.com\/de\/wp-json\/wp\/v2\/media\/1341"}],"wp:attachment":[{"href":"https:\/\/lojena.com\/de\/wp-json\/wp\/v2\/media?parent=1474"}],"wp:term":[{"taxonomy":"product_brand","embeddable":true,"href":"https:\/\/lojena.com\/de\/wp-json\/wp\/v2\/product_brand?post=1474"},{"taxonomy":"product_cat","embeddable":true,"href":"https:\/\/lojena.com\/de\/wp-json\/wp\/v2\/product_cat?post=1474"},{"taxonomy":"product_tag","embeddable":true,"href":"https:\/\/lojena.com\/de\/wp-json\/wp\/v2\/product_tag?post=1474"}],"curies":[{"name":"wp","href":"https:\/\/api.w.org\/{rel}","templated":true}]}}