{"id":1302,"date":"2026-02-25T12:27:41","date_gmt":"2026-02-25T12:27:41","guid":{"rendered":"https:\/\/lojena.com\/?post_type=product&#038;p=1302"},"modified":"2026-03-22T08:49:58","modified_gmt":"2026-03-22T08:49:58","slug":"premium-studio-mit-meerblick-id-1","status":"publish","type":"product","link":"https:\/\/lojena.com\/de\/produkt\/premium-studio-mit-meerblick-id-1\/","title":{"rendered":"Premium Studio mit Meerblick ID 1"},"content":{"rendered":"<p>Treten Sie ein in Ihre private Oase im Erdgeschoss der Villa Lojena. Dieses elegant gestaltete Studio bietet eine gro\u00dfz\u00fcgige, 40 m\u00b2 gro\u00dfe, schattige Terrasse mit Blick auf jahrhundertealte Olivenhaine \u2013 der perfekte Ort f\u00fcr den Morgenkaffee, zum Sonnenbaden oder einfach zum Entspannen in Ruhe.<\/p>\n<p>Das Highlight? Ihr eigener 2 x 2 m gro\u00dfer Whirlpool auf der Terrasse, der luxuri\u00f6se Entspannung in absoluter Privatsph\u00e4re bietet.<\/p>\n<p>Im Inneren erwartet Sie ein modernes und stilvolles Interieur mit einer voll ausgestatteten K\u00fcche, einem gro\u00dfen, modernen Badezimmer, hochwertigen, 34 cm dicken, antiallergischen Matratzen f\u00fcr erholsamen Schlaf und einer Daikin-Klimaanlage f\u00fcr ganzj\u00e4hrigen Komfort.<\/p>\n<p>Bleiben Sie dank Smart-TV und Highspeed-5G-Internet immer in Verbindung und genie\u00dfen Sie den kostenlosen W\u00e4sche- und B\u00fcgelservice f\u00fcr einen rundum unbeschwerten Aufenthalt. Umgeben von Olivenhainen und mediterraner Ruhe ist dieses Studio der ultimative Ort f\u00fcr einen romantischen Kurzurlaub.<\/p>\n<p>Ein Eisw\u00fcrfelbereiter steht allen G\u00e4sten zur Verf\u00fcgung, denn jedes Getr\u00e4nk verdient perfekt gek\u00fchlte Getr\u00e4nke. Ein kostenloser W\u00e4sche- und B\u00fcgelservice ist ebenfalls inklusive, sodass Sie mit leichtem Gep\u00e4ck reisen und einen rundum unbeschwerten Aufenthalt genie\u00dfen k\u00f6nnen.<\/p>\n","protected":false},"excerpt":{"rendered":"<p>Treten Sie ein in Ihre private Oase im Erdgeschoss der Villa Lojena. Dieses elegant gestaltete Studio bietet eine gro\u00dfz\u00fcgige, 40 m\u00b2 gro\u00dfe, schattige Terrasse mit Blick auf jahrhundertealte Olivenhaine \u2013 der perfekte Ort f\u00fcr den Morgenkaffee, zum Sonnenbaden oder einfach zum Entspannen in Ruhe. Das Highlight? Ihr eigener 2 x 2 m gro\u00dfer Whirlpool auf [&hellip;]<\/p>\n","protected":false},"featured_media":1342,"comment_status":"closed","ping_status":"closed","template":"","meta":{"_acf_changed":false},"product_brand":[],"product_cat":[101],"product_tag":[],"class_list":{"0":"post-1302","1":"product","2":"type-product","3":"status-publish","4":"has-post-thumbnail","6":"product_cat-premium-studio-mit-meerblick","8":"first","9":"instock","10":"shipping-taxable","11":"purchasable","12":"product-type-simple"},"acf":[],"yoast_head":"<!-- This site is optimized with the Yoast SEO plugin v27.2 - https:\/\/yoast.com\/product\/yoast-seo-wordpress\/ -->\n<title>Premium Studio mit Meerblick ID 1 - Villa Lojena<\/title>\n<meta name=\"robots\" content=\"index, follow, max-snippet:-1, max-image-preview:large, max-video-preview:-1\" \/>\n<link rel=\"canonical\" href=\"https:\/\/lojena.com\/de\/produkt\/premium-studio-mit-meerblick-id-1\/\" \/>\n<meta property=\"og:locale\" content=\"de_DE\" \/>\n<meta property=\"og:type\" content=\"article\" \/>\n<meta property=\"og:title\" content=\"Premium Studio mit Meerblick ID 1 - Villa Lojena\" \/>\n<meta property=\"og:description\" content=\"Treten Sie ein in Ihre private Oase im Erdgeschoss der Villa Lojena. Dieses elegant gestaltete Studio bietet eine gro\u00dfz\u00fcgige, 40 m\u00b2 gro\u00dfe, schattige Terrasse mit Blick auf jahrhundertealte Olivenhaine \u2013 der perfekte Ort f\u00fcr den Morgenkaffee, zum Sonnenbaden oder einfach zum Entspannen in Ruhe. Das Highlight? Ihr eigener 2 x 2 m gro\u00dfer Whirlpool auf [&hellip;]\" \/>\n<meta property=\"og:url\" content=\"https:\/\/lojena.com\/de\/produkt\/premium-studio-mit-meerblick-id-1\/\" \/>\n<meta property=\"og:site_name\" content=\"Villa Lojena\" \/>\n<meta property=\"article:modified_time\" content=\"2026-03-22T08:49:58+00:00\" \/>\n<meta property=\"og:image\" content=\"https:\/\/lojena.com\/wp-content\/uploads\/2026\/02\/5-i-6-app.jpeg\" \/>\n\t<meta property=\"og:image:width\" content=\"1980\" \/>\n\t<meta property=\"og:image:height\" content=\"1485\" \/>\n\t<meta property=\"og:image:type\" content=\"image\/jpeg\" \/>\n<meta name=\"twitter:card\" content=\"summary_large_image\" \/>\n<meta name=\"twitter:label1\" content=\"Gesch\u00e4tzte Lesezeit\" \/>\n\t<meta name=\"twitter:data1\" content=\"1\u00a0Minute\" \/>\n<script type=\"application\/ld+json\" class=\"yoast-schema-graph\">{\"@context\":\"https:\/\/schema.org\",\"@graph\":[{\"@type\":\"WebPage\",\"@id\":\"https:\/\/lojena.com\/de\/produkt\/premium-studio-mit-meerblick-id-1\/\",\"url\":\"https:\/\/lojena.com\/de\/produkt\/premium-studio-mit-meerblick-id-1\/\",\"name\":\"Premium Studio mit Meerblick ID 1 - Villa Lojena\",\"isPartOf\":{\"@id\":\"https:\/\/lojena.com\/#website\"},\"primaryImageOfPage\":{\"@id\":\"https:\/\/lojena.com\/de\/produkt\/premium-studio-mit-meerblick-id-1\/#primaryimage\"},\"image\":{\"@id\":\"https:\/\/lojena.com\/de\/produkt\/premium-studio-mit-meerblick-id-1\/#primaryimage\"},\"thumbnailUrl\":\"https:\/\/lojena.com\/wp-content\/uploads\/2026\/02\/5-i-6-app.jpeg\",\"datePublished\":\"2026-02-25T12:27:41+00:00\",\"dateModified\":\"2026-03-22T08:49:58+00:00\",\"breadcrumb\":{\"@id\":\"https:\/\/lojena.com\/de\/produkt\/premium-studio-mit-meerblick-id-1\/#breadcrumb\"},\"inLanguage\":\"de\",\"potentialAction\":[{\"@type\":\"ReadAction\",\"target\":[\"https:\/\/lojena.com\/de\/produkt\/premium-studio-mit-meerblick-id-1\/\"]}]},{\"@type\":\"ImageObject\",\"inLanguage\":\"de\",\"@id\":\"https:\/\/lojena.com\/de\/produkt\/premium-studio-mit-meerblick-id-1\/#primaryimage\",\"url\":\"https:\/\/lojena.com\/wp-content\/uploads\/2026\/02\/5-i-6-app.jpeg\",\"contentUrl\":\"https:\/\/lojena.com\/wp-content\/uploads\/2026\/02\/5-i-6-app.jpeg\",\"width\":1980,\"height\":1485,\"caption\":\"View of the pool from the apartment terrace\"},{\"@type\":\"BreadcrumbList\",\"@id\":\"https:\/\/lojena.com\/de\/produkt\/premium-studio-mit-meerblick-id-1\/#breadcrumb\",\"itemListElement\":[{\"@type\":\"ListItem\",\"position\":1,\"name\":\"Home\",\"item\":\"https:\/\/lojena.com\/de\/\"},{\"@type\":\"ListItem\",\"position\":2,\"name\":\"Premium Studio mit Meerblick ID 1\"}]},{\"@type\":\"WebSite\",\"@id\":\"https:\/\/lojena.com\/#website\",\"url\":\"https:\/\/lojena.com\/\",\"name\":\"Villa Lojena\",\"description\":\"Luxury Studios\",\"potentialAction\":[{\"@type\":\"SearchAction\",\"target\":{\"@type\":\"EntryPoint\",\"urlTemplate\":\"https:\/\/lojena.com\/?s={search_term_string}\"},\"query-input\":{\"@type\":\"PropertyValueSpecification\",\"valueRequired\":true,\"valueName\":\"search_term_string\"}}],\"inLanguage\":\"de\"}]}<\/script>\n<!-- \/ Yoast SEO plugin. -->","yoast_head_json":{"title":"Premium Studio mit Meerblick ID 1 - Villa Lojena","robots":{"index":"index","follow":"follow","max-snippet":"max-snippet:-1","max-image-preview":"max-image-preview:large","max-video-preview":"max-video-preview:-1"},"canonical":"https:\/\/lojena.com\/de\/produkt\/premium-studio-mit-meerblick-id-1\/","og_locale":"de_DE","og_type":"article","og_title":"Premium Studio mit Meerblick ID 1 - Villa Lojena","og_description":"Treten Sie ein in Ihre private Oase im Erdgeschoss der Villa Lojena. Dieses elegant gestaltete Studio bietet eine gro\u00dfz\u00fcgige, 40 m\u00b2 gro\u00dfe, schattige Terrasse mit Blick auf jahrhundertealte Olivenhaine \u2013 der perfekte Ort f\u00fcr den Morgenkaffee, zum Sonnenbaden oder einfach zum Entspannen in Ruhe. Das Highlight? Ihr eigener 2 x 2 m gro\u00dfer Whirlpool auf [&hellip;]","og_url":"https:\/\/lojena.com\/de\/produkt\/premium-studio-mit-meerblick-id-1\/","og_site_name":"Villa Lojena","article_modified_time":"2026-03-22T08:49:58+00:00","og_image":[{"width":1980,"height":1485,"url":"https:\/\/lojena.com\/wp-content\/uploads\/2026\/02\/5-i-6-app.jpeg","type":"image\/jpeg"}],"twitter_card":"summary_large_image","twitter_misc":{"Gesch\u00e4tzte Lesezeit":"1\u00a0Minute"},"schema":{"@context":"https:\/\/schema.org","@graph":[{"@type":"WebPage","@id":"https:\/\/lojena.com\/de\/produkt\/premium-studio-mit-meerblick-id-1\/","url":"https:\/\/lojena.com\/de\/produkt\/premium-studio-mit-meerblick-id-1\/","name":"Premium Studio mit Meerblick ID 1 - Villa Lojena","isPartOf":{"@id":"https:\/\/lojena.com\/#website"},"primaryImageOfPage":{"@id":"https:\/\/lojena.com\/de\/produkt\/premium-studio-mit-meerblick-id-1\/#primaryimage"},"image":{"@id":"https:\/\/lojena.com\/de\/produkt\/premium-studio-mit-meerblick-id-1\/#primaryimage"},"thumbnailUrl":"https:\/\/lojena.com\/wp-content\/uploads\/2026\/02\/5-i-6-app.jpeg","datePublished":"2026-02-25T12:27:41+00:00","dateModified":"2026-03-22T08:49:58+00:00","breadcrumb":{"@id":"https:\/\/lojena.com\/de\/produkt\/premium-studio-mit-meerblick-id-1\/#breadcrumb"},"inLanguage":"de","potentialAction":[{"@type":"ReadAction","target":["https:\/\/lojena.com\/de\/produkt\/premium-studio-mit-meerblick-id-1\/"]}]},{"@type":"ImageObject","inLanguage":"de","@id":"https:\/\/lojena.com\/de\/produkt\/premium-studio-mit-meerblick-id-1\/#primaryimage","url":"https:\/\/lojena.com\/wp-content\/uploads\/2026\/02\/5-i-6-app.jpeg","contentUrl":"https:\/\/lojena.com\/wp-content\/uploads\/2026\/02\/5-i-6-app.jpeg","width":1980,"height":1485,"caption":"View of the pool from the apartment terrace"},{"@type":"BreadcrumbList","@id":"https:\/\/lojena.com\/de\/produkt\/premium-studio-mit-meerblick-id-1\/#breadcrumb","itemListElement":[{"@type":"ListItem","position":1,"name":"Home","item":"https:\/\/lojena.com\/de\/"},{"@type":"ListItem","position":2,"name":"Premium Studio mit Meerblick ID 1"}]},{"@type":"WebSite","@id":"https:\/\/lojena.com\/#website","url":"https:\/\/lojena.com\/","name":"Villa Lojena","description":"Luxury Studios","potentialAction":[{"@type":"SearchAction","target":{"@type":"EntryPoint","urlTemplate":"https:\/\/lojena.com\/?s={search_term_string}"},"query-input":{"@type":"PropertyValueSpecification","valueRequired":true,"valueName":"search_term_string"}}],"inLanguage":"de"}]}},"_links":{"self":[{"href":"https:\/\/lojena.com\/de\/wp-json\/wp\/v2\/product\/1302","targetHints":{"allow":["GET"]}}],"collection":[{"href":"https:\/\/lojena.com\/de\/wp-json\/wp\/v2\/product"}],"about":[{"href":"https:\/\/lojena.com\/de\/wp-json\/wp\/v2\/types\/product"}],"replies":[{"embeddable":true,"href":"https:\/\/lojena.com\/de\/wp-json\/wp\/v2\/comments?post=1302"}],"wp:featuredmedia":[{"embeddable":true,"href":"https:\/\/lojena.com\/de\/wp-json\/wp\/v2\/media\/1342"}],"wp:attachment":[{"href":"https:\/\/lojena.com\/de\/wp-json\/wp\/v2\/media?parent=1302"}],"wp:term":[{"taxonomy":"product_brand","embeddable":true,"href":"https:\/\/lojena.com\/de\/wp-json\/wp\/v2\/product_brand?post=1302"},{"taxonomy":"product_cat","embeddable":true,"href":"https:\/\/lojena.com\/de\/wp-json\/wp\/v2\/product_cat?post=1302"},{"taxonomy":"product_tag","embeddable":true,"href":"https:\/\/lojena.com\/de\/wp-json\/wp\/v2\/product_tag?post=1302"}],"curies":[{"name":"wp","href":"https:\/\/api.w.org\/{rel}","templated":true}]}}