{"id":1901,"date":"2026-02-25T17:58:29","date_gmt":"2026-02-25T17:58:29","guid":{"rendered":"https:\/\/lojena.com\/?post_type=product&#038;p=1901"},"modified":"2026-03-22T08:20:47","modified_gmt":"2026-03-22T08:20:47","slug":"exkluzivni-studio-s-vyhledem-na-more-a-virivkou","status":"publish","type":"product","link":"https:\/\/lojena.com\/cs\/produkt\/exkluzivni-studio-s-vyhledem-na-more-a-virivkou\/","title":{"rendered":"Exkluzivn\u00ed studio s v\u00fdhledem na mo\u0159e a v\u00ed\u0159ivkou"},"content":{"rendered":"<p>Toto je klenot Villy Lojena pro p\u00e1ry. Apartm\u00e1n 7 kombinuje \u00fachvatn\u00fd v\u00fdhled na mo\u0159e a baz\u00e9n s vnit\u0159n\u00ed v\u00ed\u0159ivkou s v\u00fdhledem na krajinu, co\u017e je skute\u010dn\u011b luxusn\u00ed l\u00e1ze\u0148sk\u00fd z\u00e1\u017eitek, ani\u017e byste museli opustit sv\u016fj pokoj.<\/p>\n<p>Vyjd\u011bte na prostornou stinnou terasu a vychutnejte si panorama Jadersk\u00e9ho mo\u0159e, baz\u00e9nu a olivov\u00fdch h\u00e1j\u016f, kter\u00e9 vilu obklopuj\u00ed.<\/p>\n<p>Interi\u00e9r je navr\u017een s ohledem na romantiku, elegantn\u00ed modern\u00ed n\u00e1bytek, pln\u011b vybaven\u00e1 kuchy\u0148, velk\u00e1 modern\u00ed koupelna a pr\u00e9miov\u00e9 34cm antialergick\u00e9 matrace pro dokonal\u00fd no\u010dn\u00ed sp\u00e1nek. Klimatizace Daikin, Smart TV a vysokorychlostn\u00ed 5G internet zaji\u0161\u0165uj\u00ed naprost\u00e9 pohodl\u00ed, zat\u00edmco bezplatn\u00e1 slu\u017eba pran\u00ed a \u017eehlen\u00ed v\u00e1m umo\u017en\u00ed soust\u0159edit se na to, na \u010dem skute\u010dn\u011b z\u00e1le\u017e\u00ed, na sebe navz\u00e1jem.<\/p>\n<p>Nezapomenuteln\u00fd \u00fanik, kde se spojuje luxus, soukrom\u00ed a kr\u00e1sa St\u0159edomo\u0159\u00ed.<\/p>\n","protected":false},"excerpt":{"rendered":"<p>Toto je klenot Villy Lojena pro p\u00e1ry. Apartm\u00e1n 7 kombinuje \u00fachvatn\u00fd v\u00fdhled na mo\u0159e a baz\u00e9n s vnit\u0159n\u00ed v\u00ed\u0159ivkou s v\u00fdhledem na krajinu, co\u017e je skute\u010dn\u011b luxusn\u00ed l\u00e1ze\u0148sk\u00fd z\u00e1\u017eitek, ani\u017e byste museli opustit sv\u016fj pokoj. Vyjd\u011bte na prostornou stinnou terasu a vychutnejte si panorama Jadersk\u00e9ho mo\u0159e, baz\u00e9nu a olivov\u00fdch h\u00e1j\u016f, kter\u00e9 vilu obklopuj\u00ed. Interi\u00e9r je [&hellip;]<\/p>\n","protected":false},"featured_media":2781,"comment_status":"closed","ping_status":"closed","template":"","meta":{"_acf_changed":false},"product_brand":[],"product_cat":[75],"product_tag":[],"class_list":{"0":"post-1901","1":"product","2":"type-product","3":"status-publish","4":"has-post-thumbnail","6":"product_cat-exkluzivni-studio-s-vyhledem-na-more-a-virivkou","8":"first","9":"instock","10":"shipping-taxable","11":"purchasable","12":"product-type-simple"},"acf":[],"yoast_head":"<!-- This site is optimized with the Yoast SEO plugin v27.2 - https:\/\/yoast.com\/product\/yoast-seo-wordpress\/ -->\n<title>Exkluzivn\u00ed studio s v\u00fdhledem na mo\u0159e a v\u00ed\u0159ivkou - Villa Lojena<\/title>\n<meta name=\"robots\" content=\"index, follow, max-snippet:-1, max-image-preview:large, max-video-preview:-1\" \/>\n<link rel=\"canonical\" href=\"https:\/\/lojena.com\/cs\/produkt\/exkluzivni-studio-s-vyhledem-na-more-a-virivkou\/\" \/>\n<meta property=\"og:locale\" content=\"cs_CZ\" \/>\n<meta property=\"og:type\" content=\"article\" \/>\n<meta property=\"og:title\" content=\"Exkluzivn\u00ed studio s v\u00fdhledem na mo\u0159e a v\u00ed\u0159ivkou - Villa Lojena\" \/>\n<meta property=\"og:description\" content=\"Toto je klenot Villy Lojena pro p\u00e1ry. Apartm\u00e1n 7 kombinuje \u00fachvatn\u00fd v\u00fdhled na mo\u0159e a baz\u00e9n s vnit\u0159n\u00ed v\u00ed\u0159ivkou s v\u00fdhledem na krajinu, co\u017e je skute\u010dn\u011b luxusn\u00ed l\u00e1ze\u0148sk\u00fd z\u00e1\u017eitek, ani\u017e byste museli opustit sv\u016fj pokoj. Vyjd\u011bte na prostornou stinnou terasu a vychutnejte si panorama Jadersk\u00e9ho mo\u0159e, baz\u00e9nu a olivov\u00fdch h\u00e1j\u016f, kter\u00e9 vilu obklopuj\u00ed. Interi\u00e9r je [&hellip;]\" \/>\n<meta property=\"og:url\" content=\"https:\/\/lojena.com\/cs\/produkt\/exkluzivni-studio-s-vyhledem-na-more-a-virivkou\/\" \/>\n<meta property=\"og:site_name\" content=\"Villa Lojena\" \/>\n<meta property=\"article:modified_time\" content=\"2026-03-22T08:20:47+00:00\" \/>\n<meta property=\"og:image\" content=\"https:\/\/lojena.com\/wp-content\/uploads\/2026\/02\/7-po-redu-1980x1485-1.jpg\" \/>\n\t<meta property=\"og:image:width\" content=\"1980\" \/>\n\t<meta property=\"og:image:height\" content=\"1485\" \/>\n\t<meta property=\"og:image:type\" content=\"image\/jpeg\" \/>\n<meta name=\"twitter:card\" content=\"summary_large_image\" \/>\n<meta name=\"twitter:label1\" content=\"Odhadovan\u00e1 doba \u010dten\u00ed\" \/>\n\t<meta name=\"twitter:data1\" content=\"1 minuta\" \/>\n<script type=\"application\/ld+json\" class=\"yoast-schema-graph\">{\"@context\":\"https:\/\/schema.org\",\"@graph\":[{\"@type\":\"WebPage\",\"@id\":\"https:\/\/lojena.com\/cs\/produkt\/exkluzivni-studio-s-vyhledem-na-more-a-virivkou\/\",\"url\":\"https:\/\/lojena.com\/cs\/produkt\/exkluzivni-studio-s-vyhledem-na-more-a-virivkou\/\",\"name\":\"Exkluzivn\u00ed studio s v\u00fdhledem na mo\u0159e a v\u00ed\u0159ivkou - Villa Lojena\",\"isPartOf\":{\"@id\":\"https:\/\/lojena.com\/#website\"},\"primaryImageOfPage\":{\"@id\":\"https:\/\/lojena.com\/cs\/produkt\/exkluzivni-studio-s-vyhledem-na-more-a-virivkou\/#primaryimage\"},\"image\":{\"@id\":\"https:\/\/lojena.com\/cs\/produkt\/exkluzivni-studio-s-vyhledem-na-more-a-virivkou\/#primaryimage\"},\"thumbnailUrl\":\"https:\/\/lojena.com\/wp-content\/uploads\/2026\/02\/7-po-redu-1980x1485-1.jpg\",\"datePublished\":\"2026-02-25T17:58:29+00:00\",\"dateModified\":\"2026-03-22T08:20:47+00:00\",\"breadcrumb\":{\"@id\":\"https:\/\/lojena.com\/cs\/produkt\/exkluzivni-studio-s-vyhledem-na-more-a-virivkou\/#breadcrumb\"},\"inLanguage\":\"cs\",\"potentialAction\":[{\"@type\":\"ReadAction\",\"target\":[\"https:\/\/lojena.com\/cs\/produkt\/exkluzivni-studio-s-vyhledem-na-more-a-virivkou\/\"]}]},{\"@type\":\"ImageObject\",\"inLanguage\":\"cs\",\"@id\":\"https:\/\/lojena.com\/cs\/produkt\/exkluzivni-studio-s-vyhledem-na-more-a-virivkou\/#primaryimage\",\"url\":\"https:\/\/lojena.com\/wp-content\/uploads\/2026\/02\/7-po-redu-1980x1485-1.jpg\",\"contentUrl\":\"https:\/\/lojena.com\/wp-content\/uploads\/2026\/02\/7-po-redu-1980x1485-1.jpg\",\"width\":1980,\"height\":1485},{\"@type\":\"BreadcrumbList\",\"@id\":\"https:\/\/lojena.com\/cs\/produkt\/exkluzivni-studio-s-vyhledem-na-more-a-virivkou\/#breadcrumb\",\"itemListElement\":[{\"@type\":\"ListItem\",\"position\":1,\"name\":\"Home\",\"item\":\"https:\/\/lojena.com\/cs\/\"},{\"@type\":\"ListItem\",\"position\":2,\"name\":\"Exkluzivn\u00ed studio s v\u00fdhledem na mo\u0159e a v\u00ed\u0159ivkou\"}]},{\"@type\":\"WebSite\",\"@id\":\"https:\/\/lojena.com\/#website\",\"url\":\"https:\/\/lojena.com\/\",\"name\":\"Villa Lojena\",\"description\":\"Luxury Studios\",\"potentialAction\":[{\"@type\":\"SearchAction\",\"target\":{\"@type\":\"EntryPoint\",\"urlTemplate\":\"https:\/\/lojena.com\/?s={search_term_string}\"},\"query-input\":{\"@type\":\"PropertyValueSpecification\",\"valueRequired\":true,\"valueName\":\"search_term_string\"}}],\"inLanguage\":\"cs\"}]}<\/script>\n<!-- \/ Yoast SEO plugin. -->","yoast_head_json":{"title":"Exkluzivn\u00ed studio s v\u00fdhledem na mo\u0159e a v\u00ed\u0159ivkou - Villa Lojena","robots":{"index":"index","follow":"follow","max-snippet":"max-snippet:-1","max-image-preview":"max-image-preview:large","max-video-preview":"max-video-preview:-1"},"canonical":"https:\/\/lojena.com\/cs\/produkt\/exkluzivni-studio-s-vyhledem-na-more-a-virivkou\/","og_locale":"cs_CZ","og_type":"article","og_title":"Exkluzivn\u00ed studio s v\u00fdhledem na mo\u0159e a v\u00ed\u0159ivkou - Villa Lojena","og_description":"Toto je klenot Villy Lojena pro p\u00e1ry. Apartm\u00e1n 7 kombinuje \u00fachvatn\u00fd v\u00fdhled na mo\u0159e a baz\u00e9n s vnit\u0159n\u00ed v\u00ed\u0159ivkou s v\u00fdhledem na krajinu, co\u017e je skute\u010dn\u011b luxusn\u00ed l\u00e1ze\u0148sk\u00fd z\u00e1\u017eitek, ani\u017e byste museli opustit sv\u016fj pokoj. Vyjd\u011bte na prostornou stinnou terasu a vychutnejte si panorama Jadersk\u00e9ho mo\u0159e, baz\u00e9nu a olivov\u00fdch h\u00e1j\u016f, kter\u00e9 vilu obklopuj\u00ed. Interi\u00e9r je [&hellip;]","og_url":"https:\/\/lojena.com\/cs\/produkt\/exkluzivni-studio-s-vyhledem-na-more-a-virivkou\/","og_site_name":"Villa Lojena","article_modified_time":"2026-03-22T08:20:47+00:00","og_image":[{"width":1980,"height":1485,"url":"https:\/\/lojena.com\/wp-content\/uploads\/2026\/02\/7-po-redu-1980x1485-1.jpg","type":"image\/jpeg"}],"twitter_card":"summary_large_image","twitter_misc":{"Odhadovan\u00e1 doba \u010dten\u00ed":"1 minuta"},"schema":{"@context":"https:\/\/schema.org","@graph":[{"@type":"WebPage","@id":"https:\/\/lojena.com\/cs\/produkt\/exkluzivni-studio-s-vyhledem-na-more-a-virivkou\/","url":"https:\/\/lojena.com\/cs\/produkt\/exkluzivni-studio-s-vyhledem-na-more-a-virivkou\/","name":"Exkluzivn\u00ed studio s v\u00fdhledem na mo\u0159e a v\u00ed\u0159ivkou - Villa Lojena","isPartOf":{"@id":"https:\/\/lojena.com\/#website"},"primaryImageOfPage":{"@id":"https:\/\/lojena.com\/cs\/produkt\/exkluzivni-studio-s-vyhledem-na-more-a-virivkou\/#primaryimage"},"image":{"@id":"https:\/\/lojena.com\/cs\/produkt\/exkluzivni-studio-s-vyhledem-na-more-a-virivkou\/#primaryimage"},"thumbnailUrl":"https:\/\/lojena.com\/wp-content\/uploads\/2026\/02\/7-po-redu-1980x1485-1.jpg","datePublished":"2026-02-25T17:58:29+00:00","dateModified":"2026-03-22T08:20:47+00:00","breadcrumb":{"@id":"https:\/\/lojena.com\/cs\/produkt\/exkluzivni-studio-s-vyhledem-na-more-a-virivkou\/#breadcrumb"},"inLanguage":"cs","potentialAction":[{"@type":"ReadAction","target":["https:\/\/lojena.com\/cs\/produkt\/exkluzivni-studio-s-vyhledem-na-more-a-virivkou\/"]}]},{"@type":"ImageObject","inLanguage":"cs","@id":"https:\/\/lojena.com\/cs\/produkt\/exkluzivni-studio-s-vyhledem-na-more-a-virivkou\/#primaryimage","url":"https:\/\/lojena.com\/wp-content\/uploads\/2026\/02\/7-po-redu-1980x1485-1.jpg","contentUrl":"https:\/\/lojena.com\/wp-content\/uploads\/2026\/02\/7-po-redu-1980x1485-1.jpg","width":1980,"height":1485},{"@type":"BreadcrumbList","@id":"https:\/\/lojena.com\/cs\/produkt\/exkluzivni-studio-s-vyhledem-na-more-a-virivkou\/#breadcrumb","itemListElement":[{"@type":"ListItem","position":1,"name":"Home","item":"https:\/\/lojena.com\/cs\/"},{"@type":"ListItem","position":2,"name":"Exkluzivn\u00ed studio s v\u00fdhledem na mo\u0159e a v\u00ed\u0159ivkou"}]},{"@type":"WebSite","@id":"https:\/\/lojena.com\/#website","url":"https:\/\/lojena.com\/","name":"Villa Lojena","description":"Luxury Studios","potentialAction":[{"@type":"SearchAction","target":{"@type":"EntryPoint","urlTemplate":"https:\/\/lojena.com\/?s={search_term_string}"},"query-input":{"@type":"PropertyValueSpecification","valueRequired":true,"valueName":"search_term_string"}}],"inLanguage":"cs"}]}},"_links":{"self":[{"href":"https:\/\/lojena.com\/cs\/wp-json\/wp\/v2\/product\/1901","targetHints":{"allow":["GET"]}}],"collection":[{"href":"https:\/\/lojena.com\/cs\/wp-json\/wp\/v2\/product"}],"about":[{"href":"https:\/\/lojena.com\/cs\/wp-json\/wp\/v2\/types\/product"}],"replies":[{"embeddable":true,"href":"https:\/\/lojena.com\/cs\/wp-json\/wp\/v2\/comments?post=1901"}],"wp:featuredmedia":[{"embeddable":true,"href":"https:\/\/lojena.com\/cs\/wp-json\/wp\/v2\/media\/2781"}],"wp:attachment":[{"href":"https:\/\/lojena.com\/cs\/wp-json\/wp\/v2\/media?parent=1901"}],"wp:term":[{"taxonomy":"product_brand","embeddable":true,"href":"https:\/\/lojena.com\/cs\/wp-json\/wp\/v2\/product_brand?post=1901"},{"taxonomy":"product_cat","embeddable":true,"href":"https:\/\/lojena.com\/cs\/wp-json\/wp\/v2\/product_cat?post=1901"},{"taxonomy":"product_tag","embeddable":true,"href":"https:\/\/lojena.com\/cs\/wp-json\/wp\/v2\/product_tag?post=1901"}],"curies":[{"name":"wp","href":"https:\/\/api.w.org\/{rel}","templated":true}]}}