{"id":1855,"date":"2026-02-25T14:46:42","date_gmt":"2026-02-25T14:46:42","guid":{"rendered":"https:\/\/lojena.com\/?post_type=product&#038;p=1855"},"modified":"2026-03-22T08:20:58","modified_gmt":"2026-03-22T08:20:58","slug":"premium-studio-s-vlastni-venkovni-virivkou-id-2","status":"publish","type":"product","link":"https:\/\/lojena.com\/cs\/produkt\/premium-studio-s-vlastni-venkovni-virivkou-id-2\/","title":{"rendered":"Premium studio s vlastn\u00ed venkovn\u00ed v\u00ed\u0159ivkou ID 2"},"content":{"rendered":"<p>Pono\u0159te se do autentick\u00e9 st\u0159edomo\u0159sk\u00e9 atmosf\u00e9ry ve studiu, kter\u00e9 klade d\u016fraz na styl i prakti\u010dnost. Toto p\u0159\u00edzemn\u00ed \u00fato\u010di\u0161t\u011b nab\u00edz\u00ed p\u0159\u00edjemnou zast\u00edn\u011bnou terasu s panoramatick\u00fdm v\u00fdhledem na na\u0161e klidn\u00e9 olivov\u00e9 h\u00e1je \u2013 idylick\u00e9 m\u00edsto pro odpo\u010dinek po dni str\u00e1ven\u00e9m na pl\u00e1\u017ei.<\/p>\n<p>Uvnit\u0159 se nach\u00e1z\u00ed promy\u0161len\u00fd design elegantn\u00edho ob\u00fdvac\u00edho pokoje, pln\u011b vybaven\u00e1 kuchy\u0148 pro va\u0161e kulin\u00e1\u0159sk\u00e9 pot\u0159eby a velk\u00e1, stylov\u00e1 koupelna. Ka\u017ed\u00fd ve\u010der je luxusn\u00edm z\u00e1\u017eitkem d\u00edky hypoalergenn\u00edm matrac\u00edm o tlou\u0161\u0165ce 34 cm a klimatizovan\u00e9mu komfortu, kter\u00fd zaji\u0161\u0165uj\u00ed syst\u00e9my Daikin.<\/p>\n<p>Z\u016fsta\u0148te ve spojen\u00ed se sv\u011btem d\u00edky vysokorychlostn\u00ed 5G Wi-Fi a Smart TV a z\u00e1rove\u0148 si u\u017eijte luxus na\u0161\u00ed bezplatn\u00e9 slu\u017eby pran\u00ed a \u017eehlen\u00ed pr\u00e1dla. Toto studio je dokonalou kombinac\u00ed modern\u00edho pohodl\u00ed a nad\u010dasov\u00e9ho klidu St\u0159edomo\u0159\u00ed a nab\u00edz\u00ed v\u0161e, co pot\u0159ebujete pro skute\u010dn\u011b relaxa\u010dn\u00ed dovolenou.<\/p>\n","protected":false},"excerpt":{"rendered":"<p>Pono\u0159te se do autentick\u00e9 st\u0159edomo\u0159sk\u00e9 atmosf\u00e9ry ve studiu, kter\u00e9 klade d\u016fraz na styl i prakti\u010dnost. Toto p\u0159\u00edzemn\u00ed \u00fato\u010di\u0161t\u011b nab\u00edz\u00ed p\u0159\u00edjemnou zast\u00edn\u011bnou terasu s panoramatick\u00fdm v\u00fdhledem na na\u0161e klidn\u00e9 olivov\u00e9 h\u00e1je \u2013 idylick\u00e9 m\u00edsto pro odpo\u010dinek po dni str\u00e1ven\u00e9m na pl\u00e1\u017ei. Uvnit\u0159 se nach\u00e1z\u00ed promy\u0161len\u00fd design elegantn\u00edho ob\u00fdvac\u00edho pokoje, pln\u011b vybaven\u00e1 kuchy\u0148 pro va\u0161e kulin\u00e1\u0159sk\u00e9 pot\u0159eby [&hellip;]<\/p>\n","protected":false},"featured_media":2772,"comment_status":"closed","ping_status":"closed","template":"","meta":{"_acf_changed":false},"product_brand":[],"product_cat":[91],"product_tag":[],"class_list":{"0":"post-1855","1":"product","2":"type-product","3":"status-publish","4":"has-post-thumbnail","6":"product_cat-premium-studio-s-vlastni-venkovni-virivkou","8":"first","9":"instock","10":"shipping-taxable","11":"purchasable","12":"product-type-simple"},"acf":[],"yoast_head":"<!-- This site is optimized with the Yoast SEO plugin v27.2 - https:\/\/yoast.com\/product\/yoast-seo-wordpress\/ -->\n<title>Premium studio s vlastn\u00ed venkovn\u00ed v\u00ed\u0159ivkou ID 2 - Villa Lojena<\/title>\n<meta name=\"robots\" content=\"index, follow, max-snippet:-1, max-image-preview:large, max-video-preview:-1\" \/>\n<link rel=\"canonical\" href=\"https:\/\/lojena.com\/cs\/produkt\/premium-studio-s-vlastni-venkovni-virivkou-id-2\/\" \/>\n<meta property=\"og:locale\" content=\"cs_CZ\" \/>\n<meta property=\"og:type\" content=\"article\" \/>\n<meta property=\"og:title\" content=\"Premium studio s vlastn\u00ed venkovn\u00ed v\u00ed\u0159ivkou ID 2 - Villa Lojena\" \/>\n<meta property=\"og:description\" content=\"Pono\u0159te se do autentick\u00e9 st\u0159edomo\u0159sk\u00e9 atmosf\u00e9ry ve studiu, kter\u00e9 klade d\u016fraz na styl i prakti\u010dnost. Toto p\u0159\u00edzemn\u00ed \u00fato\u010di\u0161t\u011b nab\u00edz\u00ed p\u0159\u00edjemnou zast\u00edn\u011bnou terasu s panoramatick\u00fdm v\u00fdhledem na na\u0161e klidn\u00e9 olivov\u00e9 h\u00e1je \u2013 idylick\u00e9 m\u00edsto pro odpo\u010dinek po dni str\u00e1ven\u00e9m na pl\u00e1\u017ei. Uvnit\u0159 se nach\u00e1z\u00ed promy\u0161len\u00fd design elegantn\u00edho ob\u00fdvac\u00edho pokoje, pln\u011b vybaven\u00e1 kuchy\u0148 pro va\u0161e kulin\u00e1\u0159sk\u00e9 pot\u0159eby [&hellip;]\" \/>\n<meta property=\"og:url\" content=\"https:\/\/lojena.com\/cs\/produkt\/premium-studio-s-vlastni-venkovni-virivkou-id-2\/\" \/>\n<meta property=\"og:site_name\" content=\"Villa Lojena\" \/>\n<meta property=\"article:modified_time\" content=\"2026-03-22T08:20:58+00:00\" \/>\n<meta property=\"og:image\" content=\"https:\/\/lojena.com\/wp-content\/uploads\/2026\/02\/6-po-redu-1980x1485-1.jpg\" \/>\n\t<meta property=\"og:image:width\" content=\"1980\" \/>\n\t<meta property=\"og:image:height\" content=\"1485\" \/>\n\t<meta property=\"og:image:type\" content=\"image\/jpeg\" \/>\n<meta name=\"twitter:card\" content=\"summary_large_image\" \/>\n<meta name=\"twitter:label1\" content=\"Odhadovan\u00e1 doba \u010dten\u00ed\" \/>\n\t<meta name=\"twitter:data1\" content=\"1 minuta\" \/>\n<script type=\"application\/ld+json\" class=\"yoast-schema-graph\">{\"@context\":\"https:\/\/schema.org\",\"@graph\":[{\"@type\":\"WebPage\",\"@id\":\"https:\/\/lojena.com\/cs\/produkt\/premium-studio-s-vlastni-venkovni-virivkou-id-2\/\",\"url\":\"https:\/\/lojena.com\/cs\/produkt\/premium-studio-s-vlastni-venkovni-virivkou-id-2\/\",\"name\":\"Premium studio s vlastn\u00ed venkovn\u00ed v\u00ed\u0159ivkou ID 2 - Villa Lojena\",\"isPartOf\":{\"@id\":\"https:\/\/lojena.com\/#website\"},\"primaryImageOfPage\":{\"@id\":\"https:\/\/lojena.com\/cs\/produkt\/premium-studio-s-vlastni-venkovni-virivkou-id-2\/#primaryimage\"},\"image\":{\"@id\":\"https:\/\/lojena.com\/cs\/produkt\/premium-studio-s-vlastni-venkovni-virivkou-id-2\/#primaryimage\"},\"thumbnailUrl\":\"https:\/\/lojena.com\/wp-content\/uploads\/2026\/02\/6-po-redu-1980x1485-1.jpg\",\"datePublished\":\"2026-02-25T14:46:42+00:00\",\"dateModified\":\"2026-03-22T08:20:58+00:00\",\"breadcrumb\":{\"@id\":\"https:\/\/lojena.com\/cs\/produkt\/premium-studio-s-vlastni-venkovni-virivkou-id-2\/#breadcrumb\"},\"inLanguage\":\"cs\",\"potentialAction\":[{\"@type\":\"ReadAction\",\"target\":[\"https:\/\/lojena.com\/cs\/produkt\/premium-studio-s-vlastni-venkovni-virivkou-id-2\/\"]}]},{\"@type\":\"ImageObject\",\"inLanguage\":\"cs\",\"@id\":\"https:\/\/lojena.com\/cs\/produkt\/premium-studio-s-vlastni-venkovni-virivkou-id-2\/#primaryimage\",\"url\":\"https:\/\/lojena.com\/wp-content\/uploads\/2026\/02\/6-po-redu-1980x1485-1.jpg\",\"contentUrl\":\"https:\/\/lojena.com\/wp-content\/uploads\/2026\/02\/6-po-redu-1980x1485-1.jpg\",\"width\":1980,\"height\":1485},{\"@type\":\"BreadcrumbList\",\"@id\":\"https:\/\/lojena.com\/cs\/produkt\/premium-studio-s-vlastni-venkovni-virivkou-id-2\/#breadcrumb\",\"itemListElement\":[{\"@type\":\"ListItem\",\"position\":1,\"name\":\"Home\",\"item\":\"https:\/\/lojena.com\/cs\/\"},{\"@type\":\"ListItem\",\"position\":2,\"name\":\"Premium studio s vlastn\u00ed venkovn\u00ed v\u00ed\u0159ivkou ID 2\"}]},{\"@type\":\"WebSite\",\"@id\":\"https:\/\/lojena.com\/#website\",\"url\":\"https:\/\/lojena.com\/\",\"name\":\"Villa Lojena\",\"description\":\"Luxury Studios\",\"potentialAction\":[{\"@type\":\"SearchAction\",\"target\":{\"@type\":\"EntryPoint\",\"urlTemplate\":\"https:\/\/lojena.com\/?s={search_term_string}\"},\"query-input\":{\"@type\":\"PropertyValueSpecification\",\"valueRequired\":true,\"valueName\":\"search_term_string\"}}],\"inLanguage\":\"cs\"}]}<\/script>\n<!-- \/ Yoast SEO plugin. -->","yoast_head_json":{"title":"Premium studio s vlastn\u00ed venkovn\u00ed v\u00ed\u0159ivkou ID 2 - Villa Lojena","robots":{"index":"index","follow":"follow","max-snippet":"max-snippet:-1","max-image-preview":"max-image-preview:large","max-video-preview":"max-video-preview:-1"},"canonical":"https:\/\/lojena.com\/cs\/produkt\/premium-studio-s-vlastni-venkovni-virivkou-id-2\/","og_locale":"cs_CZ","og_type":"article","og_title":"Premium studio s vlastn\u00ed venkovn\u00ed v\u00ed\u0159ivkou ID 2 - Villa Lojena","og_description":"Pono\u0159te se do autentick\u00e9 st\u0159edomo\u0159sk\u00e9 atmosf\u00e9ry ve studiu, kter\u00e9 klade d\u016fraz na styl i prakti\u010dnost. Toto p\u0159\u00edzemn\u00ed \u00fato\u010di\u0161t\u011b nab\u00edz\u00ed p\u0159\u00edjemnou zast\u00edn\u011bnou terasu s panoramatick\u00fdm v\u00fdhledem na na\u0161e klidn\u00e9 olivov\u00e9 h\u00e1je \u2013 idylick\u00e9 m\u00edsto pro odpo\u010dinek po dni str\u00e1ven\u00e9m na pl\u00e1\u017ei. Uvnit\u0159 se nach\u00e1z\u00ed promy\u0161len\u00fd design elegantn\u00edho ob\u00fdvac\u00edho pokoje, pln\u011b vybaven\u00e1 kuchy\u0148 pro va\u0161e kulin\u00e1\u0159sk\u00e9 pot\u0159eby [&hellip;]","og_url":"https:\/\/lojena.com\/cs\/produkt\/premium-studio-s-vlastni-venkovni-virivkou-id-2\/","og_site_name":"Villa Lojena","article_modified_time":"2026-03-22T08:20:58+00:00","og_image":[{"width":1980,"height":1485,"url":"https:\/\/lojena.com\/wp-content\/uploads\/2026\/02\/6-po-redu-1980x1485-1.jpg","type":"image\/jpeg"}],"twitter_card":"summary_large_image","twitter_misc":{"Odhadovan\u00e1 doba \u010dten\u00ed":"1 minuta"},"schema":{"@context":"https:\/\/schema.org","@graph":[{"@type":"WebPage","@id":"https:\/\/lojena.com\/cs\/produkt\/premium-studio-s-vlastni-venkovni-virivkou-id-2\/","url":"https:\/\/lojena.com\/cs\/produkt\/premium-studio-s-vlastni-venkovni-virivkou-id-2\/","name":"Premium studio s vlastn\u00ed venkovn\u00ed v\u00ed\u0159ivkou ID 2 - Villa Lojena","isPartOf":{"@id":"https:\/\/lojena.com\/#website"},"primaryImageOfPage":{"@id":"https:\/\/lojena.com\/cs\/produkt\/premium-studio-s-vlastni-venkovni-virivkou-id-2\/#primaryimage"},"image":{"@id":"https:\/\/lojena.com\/cs\/produkt\/premium-studio-s-vlastni-venkovni-virivkou-id-2\/#primaryimage"},"thumbnailUrl":"https:\/\/lojena.com\/wp-content\/uploads\/2026\/02\/6-po-redu-1980x1485-1.jpg","datePublished":"2026-02-25T14:46:42+00:00","dateModified":"2026-03-22T08:20:58+00:00","breadcrumb":{"@id":"https:\/\/lojena.com\/cs\/produkt\/premium-studio-s-vlastni-venkovni-virivkou-id-2\/#breadcrumb"},"inLanguage":"cs","potentialAction":[{"@type":"ReadAction","target":["https:\/\/lojena.com\/cs\/produkt\/premium-studio-s-vlastni-venkovni-virivkou-id-2\/"]}]},{"@type":"ImageObject","inLanguage":"cs","@id":"https:\/\/lojena.com\/cs\/produkt\/premium-studio-s-vlastni-venkovni-virivkou-id-2\/#primaryimage","url":"https:\/\/lojena.com\/wp-content\/uploads\/2026\/02\/6-po-redu-1980x1485-1.jpg","contentUrl":"https:\/\/lojena.com\/wp-content\/uploads\/2026\/02\/6-po-redu-1980x1485-1.jpg","width":1980,"height":1485},{"@type":"BreadcrumbList","@id":"https:\/\/lojena.com\/cs\/produkt\/premium-studio-s-vlastni-venkovni-virivkou-id-2\/#breadcrumb","itemListElement":[{"@type":"ListItem","position":1,"name":"Home","item":"https:\/\/lojena.com\/cs\/"},{"@type":"ListItem","position":2,"name":"Premium studio s vlastn\u00ed venkovn\u00ed v\u00ed\u0159ivkou ID 2"}]},{"@type":"WebSite","@id":"https:\/\/lojena.com\/#website","url":"https:\/\/lojena.com\/","name":"Villa Lojena","description":"Luxury Studios","potentialAction":[{"@type":"SearchAction","target":{"@type":"EntryPoint","urlTemplate":"https:\/\/lojena.com\/?s={search_term_string}"},"query-input":{"@type":"PropertyValueSpecification","valueRequired":true,"valueName":"search_term_string"}}],"inLanguage":"cs"}]}},"_links":{"self":[{"href":"https:\/\/lojena.com\/cs\/wp-json\/wp\/v2\/product\/1855","targetHints":{"allow":["GET"]}}],"collection":[{"href":"https:\/\/lojena.com\/cs\/wp-json\/wp\/v2\/product"}],"about":[{"href":"https:\/\/lojena.com\/cs\/wp-json\/wp\/v2\/types\/product"}],"replies":[{"embeddable":true,"href":"https:\/\/lojena.com\/cs\/wp-json\/wp\/v2\/comments?post=1855"}],"wp:featuredmedia":[{"embeddable":true,"href":"https:\/\/lojena.com\/cs\/wp-json\/wp\/v2\/media\/2772"}],"wp:attachment":[{"href":"https:\/\/lojena.com\/cs\/wp-json\/wp\/v2\/media?parent=1855"}],"wp:term":[{"taxonomy":"product_brand","embeddable":true,"href":"https:\/\/lojena.com\/cs\/wp-json\/wp\/v2\/product_brand?post=1855"},{"taxonomy":"product_cat","embeddable":true,"href":"https:\/\/lojena.com\/cs\/wp-json\/wp\/v2\/product_cat?post=1855"},{"taxonomy":"product_tag","embeddable":true,"href":"https:\/\/lojena.com\/cs\/wp-json\/wp\/v2\/product_tag?post=1855"}],"curies":[{"name":"wp","href":"https:\/\/api.w.org\/{rel}","templated":true}]}}