{"id":1649,"date":"2026-02-25T18:06:05","date_gmt":"2026-02-25T18:06:05","guid":{"rendered":"https:\/\/lojena.com\/?post_type=product&#038;p=1649"},"modified":"2026-03-22T08:20:35","modified_gmt":"2026-03-22T08:20:35","slug":"exkluzivni-tripokojovy-penthouse-s-panoramatickym-vyhledem","status":"publish","type":"product","link":"https:\/\/lojena.com\/cs\/produkt\/exkluzivni-tripokojovy-penthouse-s-panoramatickym-vyhledem\/","title":{"rendered":"Exkluzivn\u00ed t\u0159\u00edpokojov\u00fd penthouse s panoramatick\u00fdm v\u00fdhledem"},"content":{"rendered":"<p>Dokonal\u00fd z\u00e1\u017eitek z Villa Lojena. Tento penthouse s impozantn\u00ed rozlohou 155 m\u00b2 korunuje vilu terasou o rozloze 80 m\u00b2, kter\u00e1 nab\u00edz\u00ed \u00fachvatn\u00fd panoramatick\u00fd v\u00fdhled na mo\u0159e a nezapomenuteln\u00e9 z\u00e1pady slunce.<\/p>\n<p>Hlavn\u00ed lo\u017enice m\u00e1 vlastn\u00ed luxusn\u00ed koupelnu s v\u00ed\u0159ivou vanou Jacuzzi a v\u00fdhledem do zahrady, va\u0161e soukrom\u00e9 l\u00e1ze\u0148sk\u00e9 \u00fato\u010di\u0161t\u011b.<\/p>\n<p>Dv\u011b dal\u0161\u00ed lo\u017enice, ka\u017ed\u00e1 s vlastn\u00ed koupelnou a klimatizac\u00ed Daikin, poskytuj\u00ed pohodl\u00ed a soukrom\u00ed pro rodinu nebo hosty.<\/p>\n<p>Elegantn\u00ed ob\u00fdvac\u00ed pokoj se otev\u00edr\u00e1 s v\u00fdhledem na mo\u0159e, zat\u00edmco j\u00eddelna m\u00e1 \u0161est m\u00edst pro nezapomenuteln\u00e1 spole\u010dn\u00e1 j\u00eddla.<\/p>\n<p>Pln\u011b vybaven\u00e1 kuchy\u0148 s pra\u010dkou a my\u010dkou n\u00e1dob\u00ed v\u00e1m usnadn\u00ed del\u0161\u00ed pobyt.<\/p>\n<p>Leh\u00e1tka na terase v\u00e1s zvou k pono\u0159en\u00ed se do kr\u00e1sy St\u0159edomo\u0159\u00ed a pro va\u0161e pohodl\u00ed jsou vyhrazena t\u0159i stinn\u00e1 parkovac\u00ed m\u00edsta, v\u010detn\u011b nab\u00edje\u010dky pro elektromobily.<\/p>\n<p>S chytrou televiz\u00ed, vysokorychlostn\u00edm 5G internetem, pr\u00e9miov\u00fdmi 34cm antialergenn\u00edmi matracemi a interi\u00e9rem, kde ka\u017ed\u00fd detail odr\u00e1\u017e\u00ed modern\u00ed luxus, je tento penthouse navr\u017een pro ty, kte\u0159\u00ed o\u010dek\u00e1vaj\u00ed nic men\u0161\u00edho ne\u017e v\u00fdjime\u010dnost.<\/p>\n","protected":false},"excerpt":{"rendered":"<p>Dokonal\u00fd z\u00e1\u017eitek z Villa Lojena. Tento penthouse s impozantn\u00ed rozlohou 155 m\u00b2 korunuje vilu terasou o rozloze 80 m\u00b2, kter\u00e1 nab\u00edz\u00ed \u00fachvatn\u00fd panoramatick\u00fd v\u00fdhled na mo\u0159e a nezapomenuteln\u00e9 z\u00e1pady slunce. Hlavn\u00ed lo\u017enice m\u00e1 vlastn\u00ed luxusn\u00ed koupelnu s v\u00ed\u0159ivou vanou Jacuzzi a v\u00fdhledem do zahrady, va\u0161e soukrom\u00e9 l\u00e1ze\u0148sk\u00e9 \u00fato\u010di\u0161t\u011b. Dv\u011b dal\u0161\u00ed lo\u017enice, ka\u017ed\u00e1 s vlastn\u00ed koupelnou [&hellip;]<\/p>\n","protected":false},"featured_media":2790,"comment_status":"closed","ping_status":"closed","template":"","meta":{"_acf_changed":false},"product_brand":[],"product_cat":[83],"product_tag":[],"class_list":{"0":"post-1649","1":"product","2":"type-product","3":"status-publish","4":"has-post-thumbnail","6":"product_cat-exkluzivni-tripokojovy-penthouse-s-panoramatickym-vyhledem-na-more","8":"first","9":"instock","10":"shipping-taxable","11":"purchasable","12":"product-type-simple"},"acf":[],"yoast_head":"<!-- This site is optimized with the Yoast SEO plugin v27.2 - https:\/\/yoast.com\/product\/yoast-seo-wordpress\/ -->\n<title>Exkluzivn\u00ed t\u0159\u00edpokojov\u00fd penthouse s panoramatick\u00fdm v\u00fdhledem - Villa Lojena<\/title>\n<meta name=\"robots\" content=\"index, follow, max-snippet:-1, max-image-preview:large, max-video-preview:-1\" \/>\n<link rel=\"canonical\" href=\"https:\/\/lojena.com\/cs\/produkt\/exkluzivni-tripokojovy-penthouse-s-panoramatickym-vyhledem\/\" \/>\n<meta property=\"og:locale\" content=\"cs_CZ\" \/>\n<meta property=\"og:type\" content=\"article\" \/>\n<meta property=\"og:title\" content=\"Exkluzivn\u00ed t\u0159\u00edpokojov\u00fd penthouse s panoramatick\u00fdm v\u00fdhledem - Villa Lojena\" \/>\n<meta property=\"og:description\" content=\"Dokonal\u00fd z\u00e1\u017eitek z Villa Lojena. Tento penthouse s impozantn\u00ed rozlohou 155 m\u00b2 korunuje vilu terasou o rozloze 80 m\u00b2, kter\u00e1 nab\u00edz\u00ed \u00fachvatn\u00fd panoramatick\u00fd v\u00fdhled na mo\u0159e a nezapomenuteln\u00e9 z\u00e1pady slunce. Hlavn\u00ed lo\u017enice m\u00e1 vlastn\u00ed luxusn\u00ed koupelnu s v\u00ed\u0159ivou vanou Jacuzzi a v\u00fdhledem do zahrady, va\u0161e soukrom\u00e9 l\u00e1ze\u0148sk\u00e9 \u00fato\u010di\u0161t\u011b. Dv\u011b dal\u0161\u00ed lo\u017enice, ka\u017ed\u00e1 s vlastn\u00ed koupelnou [&hellip;]\" \/>\n<meta property=\"og:url\" content=\"https:\/\/lojena.com\/cs\/produkt\/exkluzivni-tripokojovy-penthouse-s-panoramatickym-vyhledem\/\" \/>\n<meta property=\"og:site_name\" content=\"Villa Lojena\" \/>\n<meta property=\"article:modified_time\" content=\"2026-03-22T08:20:35+00:00\" \/>\n<meta property=\"og:image\" content=\"https:\/\/lojena.com\/wp-content\/uploads\/2026\/02\/8-po-redu-penthouse-1980x1485-1.jpg\" \/>\n\t<meta property=\"og:image:width\" content=\"1980\" \/>\n\t<meta property=\"og:image:height\" content=\"1485\" \/>\n\t<meta property=\"og:image:type\" content=\"image\/jpeg\" \/>\n<meta name=\"twitter:card\" content=\"summary_large_image\" \/>\n<meta name=\"twitter:label1\" content=\"Odhadovan\u00e1 doba \u010dten\u00ed\" \/>\n\t<meta name=\"twitter:data1\" content=\"1 minuta\" \/>\n<script type=\"application\/ld+json\" class=\"yoast-schema-graph\">{\"@context\":\"https:\/\/schema.org\",\"@graph\":[{\"@type\":\"WebPage\",\"@id\":\"https:\/\/lojena.com\/cs\/produkt\/exkluzivni-tripokojovy-penthouse-s-panoramatickym-vyhledem\/\",\"url\":\"https:\/\/lojena.com\/cs\/produkt\/exkluzivni-tripokojovy-penthouse-s-panoramatickym-vyhledem\/\",\"name\":\"Exkluzivn\u00ed t\u0159\u00edpokojov\u00fd penthouse s panoramatick\u00fdm v\u00fdhledem - Villa Lojena\",\"isPartOf\":{\"@id\":\"https:\/\/lojena.com\/#website\"},\"primaryImageOfPage\":{\"@id\":\"https:\/\/lojena.com\/cs\/produkt\/exkluzivni-tripokojovy-penthouse-s-panoramatickym-vyhledem\/#primaryimage\"},\"image\":{\"@id\":\"https:\/\/lojena.com\/cs\/produkt\/exkluzivni-tripokojovy-penthouse-s-panoramatickym-vyhledem\/#primaryimage\"},\"thumbnailUrl\":\"https:\/\/lojena.com\/wp-content\/uploads\/2026\/02\/8-po-redu-penthouse-1980x1485-1.jpg\",\"datePublished\":\"2026-02-25T18:06:05+00:00\",\"dateModified\":\"2026-03-22T08:20:35+00:00\",\"breadcrumb\":{\"@id\":\"https:\/\/lojena.com\/cs\/produkt\/exkluzivni-tripokojovy-penthouse-s-panoramatickym-vyhledem\/#breadcrumb\"},\"inLanguage\":\"cs\",\"potentialAction\":[{\"@type\":\"ReadAction\",\"target\":[\"https:\/\/lojena.com\/cs\/produkt\/exkluzivni-tripokojovy-penthouse-s-panoramatickym-vyhledem\/\"]}]},{\"@type\":\"ImageObject\",\"inLanguage\":\"cs\",\"@id\":\"https:\/\/lojena.com\/cs\/produkt\/exkluzivni-tripokojovy-penthouse-s-panoramatickym-vyhledem\/#primaryimage\",\"url\":\"https:\/\/lojena.com\/wp-content\/uploads\/2026\/02\/8-po-redu-penthouse-1980x1485-1.jpg\",\"contentUrl\":\"https:\/\/lojena.com\/wp-content\/uploads\/2026\/02\/8-po-redu-penthouse-1980x1485-1.jpg\",\"width\":1980,\"height\":1485},{\"@type\":\"BreadcrumbList\",\"@id\":\"https:\/\/lojena.com\/cs\/produkt\/exkluzivni-tripokojovy-penthouse-s-panoramatickym-vyhledem\/#breadcrumb\",\"itemListElement\":[{\"@type\":\"ListItem\",\"position\":1,\"name\":\"Home\",\"item\":\"https:\/\/lojena.com\/cs\/\"},{\"@type\":\"ListItem\",\"position\":2,\"name\":\"Exkluzivn\u00ed t\u0159\u00edpokojov\u00fd penthouse s panoramatick\u00fdm v\u00fdhledem\"}]},{\"@type\":\"WebSite\",\"@id\":\"https:\/\/lojena.com\/#website\",\"url\":\"https:\/\/lojena.com\/\",\"name\":\"Villa Lojena\",\"description\":\"Luxury Studios\",\"potentialAction\":[{\"@type\":\"SearchAction\",\"target\":{\"@type\":\"EntryPoint\",\"urlTemplate\":\"https:\/\/lojena.com\/?s={search_term_string}\"},\"query-input\":{\"@type\":\"PropertyValueSpecification\",\"valueRequired\":true,\"valueName\":\"search_term_string\"}}],\"inLanguage\":\"cs\"}]}<\/script>\n<!-- \/ Yoast SEO plugin. -->","yoast_head_json":{"title":"Exkluzivn\u00ed t\u0159\u00edpokojov\u00fd penthouse s panoramatick\u00fdm v\u00fdhledem - Villa Lojena","robots":{"index":"index","follow":"follow","max-snippet":"max-snippet:-1","max-image-preview":"max-image-preview:large","max-video-preview":"max-video-preview:-1"},"canonical":"https:\/\/lojena.com\/cs\/produkt\/exkluzivni-tripokojovy-penthouse-s-panoramatickym-vyhledem\/","og_locale":"cs_CZ","og_type":"article","og_title":"Exkluzivn\u00ed t\u0159\u00edpokojov\u00fd penthouse s panoramatick\u00fdm v\u00fdhledem - Villa Lojena","og_description":"Dokonal\u00fd z\u00e1\u017eitek z Villa Lojena. Tento penthouse s impozantn\u00ed rozlohou 155 m\u00b2 korunuje vilu terasou o rozloze 80 m\u00b2, kter\u00e1 nab\u00edz\u00ed \u00fachvatn\u00fd panoramatick\u00fd v\u00fdhled na mo\u0159e a nezapomenuteln\u00e9 z\u00e1pady slunce. Hlavn\u00ed lo\u017enice m\u00e1 vlastn\u00ed luxusn\u00ed koupelnu s v\u00ed\u0159ivou vanou Jacuzzi a v\u00fdhledem do zahrady, va\u0161e soukrom\u00e9 l\u00e1ze\u0148sk\u00e9 \u00fato\u010di\u0161t\u011b. Dv\u011b dal\u0161\u00ed lo\u017enice, ka\u017ed\u00e1 s vlastn\u00ed koupelnou [&hellip;]","og_url":"https:\/\/lojena.com\/cs\/produkt\/exkluzivni-tripokojovy-penthouse-s-panoramatickym-vyhledem\/","og_site_name":"Villa Lojena","article_modified_time":"2026-03-22T08:20:35+00:00","og_image":[{"width":1980,"height":1485,"url":"https:\/\/lojena.com\/wp-content\/uploads\/2026\/02\/8-po-redu-penthouse-1980x1485-1.jpg","type":"image\/jpeg"}],"twitter_card":"summary_large_image","twitter_misc":{"Odhadovan\u00e1 doba \u010dten\u00ed":"1 minuta"},"schema":{"@context":"https:\/\/schema.org","@graph":[{"@type":"WebPage","@id":"https:\/\/lojena.com\/cs\/produkt\/exkluzivni-tripokojovy-penthouse-s-panoramatickym-vyhledem\/","url":"https:\/\/lojena.com\/cs\/produkt\/exkluzivni-tripokojovy-penthouse-s-panoramatickym-vyhledem\/","name":"Exkluzivn\u00ed t\u0159\u00edpokojov\u00fd penthouse s panoramatick\u00fdm v\u00fdhledem - Villa Lojena","isPartOf":{"@id":"https:\/\/lojena.com\/#website"},"primaryImageOfPage":{"@id":"https:\/\/lojena.com\/cs\/produkt\/exkluzivni-tripokojovy-penthouse-s-panoramatickym-vyhledem\/#primaryimage"},"image":{"@id":"https:\/\/lojena.com\/cs\/produkt\/exkluzivni-tripokojovy-penthouse-s-panoramatickym-vyhledem\/#primaryimage"},"thumbnailUrl":"https:\/\/lojena.com\/wp-content\/uploads\/2026\/02\/8-po-redu-penthouse-1980x1485-1.jpg","datePublished":"2026-02-25T18:06:05+00:00","dateModified":"2026-03-22T08:20:35+00:00","breadcrumb":{"@id":"https:\/\/lojena.com\/cs\/produkt\/exkluzivni-tripokojovy-penthouse-s-panoramatickym-vyhledem\/#breadcrumb"},"inLanguage":"cs","potentialAction":[{"@type":"ReadAction","target":["https:\/\/lojena.com\/cs\/produkt\/exkluzivni-tripokojovy-penthouse-s-panoramatickym-vyhledem\/"]}]},{"@type":"ImageObject","inLanguage":"cs","@id":"https:\/\/lojena.com\/cs\/produkt\/exkluzivni-tripokojovy-penthouse-s-panoramatickym-vyhledem\/#primaryimage","url":"https:\/\/lojena.com\/wp-content\/uploads\/2026\/02\/8-po-redu-penthouse-1980x1485-1.jpg","contentUrl":"https:\/\/lojena.com\/wp-content\/uploads\/2026\/02\/8-po-redu-penthouse-1980x1485-1.jpg","width":1980,"height":1485},{"@type":"BreadcrumbList","@id":"https:\/\/lojena.com\/cs\/produkt\/exkluzivni-tripokojovy-penthouse-s-panoramatickym-vyhledem\/#breadcrumb","itemListElement":[{"@type":"ListItem","position":1,"name":"Home","item":"https:\/\/lojena.com\/cs\/"},{"@type":"ListItem","position":2,"name":"Exkluzivn\u00ed t\u0159\u00edpokojov\u00fd penthouse s panoramatick\u00fdm v\u00fdhledem"}]},{"@type":"WebSite","@id":"https:\/\/lojena.com\/#website","url":"https:\/\/lojena.com\/","name":"Villa Lojena","description":"Luxury Studios","potentialAction":[{"@type":"SearchAction","target":{"@type":"EntryPoint","urlTemplate":"https:\/\/lojena.com\/?s={search_term_string}"},"query-input":{"@type":"PropertyValueSpecification","valueRequired":true,"valueName":"search_term_string"}}],"inLanguage":"cs"}]}},"_links":{"self":[{"href":"https:\/\/lojena.com\/cs\/wp-json\/wp\/v2\/product\/1649","targetHints":{"allow":["GET"]}}],"collection":[{"href":"https:\/\/lojena.com\/cs\/wp-json\/wp\/v2\/product"}],"about":[{"href":"https:\/\/lojena.com\/cs\/wp-json\/wp\/v2\/types\/product"}],"replies":[{"embeddable":true,"href":"https:\/\/lojena.com\/cs\/wp-json\/wp\/v2\/comments?post=1649"}],"wp:featuredmedia":[{"embeddable":true,"href":"https:\/\/lojena.com\/cs\/wp-json\/wp\/v2\/media\/2790"}],"wp:attachment":[{"href":"https:\/\/lojena.com\/cs\/wp-json\/wp\/v2\/media?parent=1649"}],"wp:term":[{"taxonomy":"product_brand","embeddable":true,"href":"https:\/\/lojena.com\/cs\/wp-json\/wp\/v2\/product_brand?post=1649"},{"taxonomy":"product_cat","embeddable":true,"href":"https:\/\/lojena.com\/cs\/wp-json\/wp\/v2\/product_cat?post=1649"},{"taxonomy":"product_tag","embeddable":true,"href":"https:\/\/lojena.com\/cs\/wp-json\/wp\/v2\/product_tag?post=1649"}],"curies":[{"name":"wp","href":"https:\/\/api.w.org\/{rel}","templated":true}]}}