{"id":1119,"date":"2026-02-25T12:26:53","date_gmt":"2026-02-25T12:26:53","guid":{"rendered":"https:\/\/lojena.com\/?post_type=product&#038;p=1119"},"modified":"2026-03-22T08:21:40","modified_gmt":"2026-03-22T08:21:40","slug":"superior-studio-s-vyhledem-do-zahrady-id-2","status":"publish","type":"product","link":"https:\/\/lojena.com\/cs\/produkt\/superior-studio-s-vyhledem-do-zahrady-id-2\/","title":{"rendered":"Superior studio s v\u00fdhledem do zahrady ID 2"},"content":{"rendered":"<p>P\u0159edstavte si, \u017ee se probouz\u00edte s v\u00fdhledem na St\u0159edozemn\u00ed mo\u0159e: mo\u0159e, baz\u00e9n a stalet\u00e9 olivovn\u00edky p\u0159\u00edmo p\u0159ed va\u0161imi dve\u0159mi. Toto modern\u00ed studio nab\u00edz\u00ed kr\u00e1snou zast\u00edn\u011bnou terasu, ide\u00e1ln\u00ed m\u00edsto pro rann\u00ed espresso nebo klidn\u00fd drink p\u0159i z\u00e1padu slunce v klidn\u00e9 atmosf\u00e9\u0159e.<\/p>\n<p>Uvnit\u0159 se skr\u00fdv\u00e1 luxus v detailech. Od pln\u011b vybaven\u00e9 kuchyn\u011b a velk\u00e9 modern\u00ed koupelny a\u017e po klimatizaci Daikin a ultra pr\u00e9miov\u00e9 hypoalergenn\u00ed matrace o tlou\u0161\u0165ce 34 cm je ka\u017ed\u00fd centimetr stvo\u0159en pro relaxaci. D\u00edky vyhrazen\u00e9 d\u011btsk\u00e9 post\u00fdlce se v tomto uspo\u0159\u00e1d\u00e1n\u00ed pohodln\u011b ubytuje i mal\u00e1 rodina.<\/p>\n<p>Z\u016fsta\u0148te ve spojen\u00ed s vysokorychlostn\u00edm internetem 5G a chytrou televiz\u00ed nebo vyu\u017eijte na\u0161e vybaven\u00ed pro hosty, v\u010detn\u011b sd\u00edlen\u00e9ho v\u00fdrobn\u00edku ledu a bezplatn\u00e9 pr\u00e1delny. Toto studio, kter\u00e9 se nach\u00e1z\u00ed v z\u00f3n\u011b absolutn\u00edho klidu a st\u0159edomo\u0159sk\u00e9ho kouzla, nab\u00edz\u00ed sofistikovan\u00fd \u00fanik od ka\u017edodenn\u00edho shonu.<\/p>\n","protected":false},"excerpt":{"rendered":"<p>P\u0159edstavte si, \u017ee se probouz\u00edte s v\u00fdhledem na St\u0159edozemn\u00ed mo\u0159e: mo\u0159e, baz\u00e9n a stalet\u00e9 olivovn\u00edky p\u0159\u00edmo p\u0159ed va\u0161imi dve\u0159mi. Toto modern\u00ed studio nab\u00edz\u00ed kr\u00e1snou zast\u00edn\u011bnou terasu, ide\u00e1ln\u00ed m\u00edsto pro rann\u00ed espresso nebo klidn\u00fd drink p\u0159i z\u00e1padu slunce v klidn\u00e9 atmosf\u00e9\u0159e. Uvnit\u0159 se skr\u00fdv\u00e1 luxus v detailech. Od pln\u011b vybaven\u00e9 kuchyn\u011b a velk\u00e9 modern\u00ed koupelny a\u017e [&hellip;]<\/p>\n","protected":false},"featured_media":2754,"comment_status":"closed","ping_status":"closed","template":"","meta":{"_acf_changed":false},"product_brand":[],"product_cat":[107],"product_tag":[],"class_list":{"0":"post-1119","1":"product","2":"type-product","3":"status-publish","4":"has-post-thumbnail","6":"product_cat-superior-studio-s-vyhledem-do-zahrady","8":"first","9":"instock","10":"shipping-taxable","11":"purchasable","12":"product-type-simple"},"acf":[],"yoast_head":"<!-- This site is optimized with the Yoast SEO plugin v27.2 - https:\/\/yoast.com\/product\/yoast-seo-wordpress\/ -->\n<title>Superior studio s v\u00fdhledem do zahrady ID 2 - Villa Lojena<\/title>\n<meta name=\"robots\" content=\"index, follow, max-snippet:-1, max-image-preview:large, max-video-preview:-1\" \/>\n<link rel=\"canonical\" href=\"https:\/\/lojena.com\/cs\/produkt\/superior-studio-s-vyhledem-do-zahrady-id-2\/\" \/>\n<meta property=\"og:locale\" content=\"cs_CZ\" \/>\n<meta property=\"og:type\" content=\"article\" \/>\n<meta property=\"og:title\" content=\"Superior studio s v\u00fdhledem do zahrady ID 2 - Villa Lojena\" \/>\n<meta property=\"og:description\" content=\"P\u0159edstavte si, \u017ee se probouz\u00edte s v\u00fdhledem na St\u0159edozemn\u00ed mo\u0159e: mo\u0159e, baz\u00e9n a stalet\u00e9 olivovn\u00edky p\u0159\u00edmo p\u0159ed va\u0161imi dve\u0159mi. Toto modern\u00ed studio nab\u00edz\u00ed kr\u00e1snou zast\u00edn\u011bnou terasu, ide\u00e1ln\u00ed m\u00edsto pro rann\u00ed espresso nebo klidn\u00fd drink p\u0159i z\u00e1padu slunce v klidn\u00e9 atmosf\u00e9\u0159e. Uvnit\u0159 se skr\u00fdv\u00e1 luxus v detailech. Od pln\u011b vybaven\u00e9 kuchyn\u011b a velk\u00e9 modern\u00ed koupelny a\u017e [&hellip;]\" \/>\n<meta property=\"og:url\" content=\"https:\/\/lojena.com\/cs\/produkt\/superior-studio-s-vyhledem-do-zahrady-id-2\/\" \/>\n<meta property=\"og:site_name\" content=\"Villa Lojena\" \/>\n<meta property=\"article:modified_time\" content=\"2026-03-22T08:21:40+00:00\" \/>\n<meta property=\"og:image\" content=\"https:\/\/lojena.com\/wp-content\/uploads\/2026\/02\/2-poredu-1980x1485-1.jpg\" \/>\n\t<meta property=\"og:image:width\" content=\"1980\" \/>\n\t<meta property=\"og:image:height\" content=\"1485\" \/>\n\t<meta property=\"og:image:type\" content=\"image\/jpeg\" \/>\n<meta name=\"twitter:card\" content=\"summary_large_image\" \/>\n<meta name=\"twitter:label1\" content=\"Odhadovan\u00e1 doba \u010dten\u00ed\" \/>\n\t<meta name=\"twitter:data1\" content=\"1 minuta\" \/>\n<script type=\"application\/ld+json\" class=\"yoast-schema-graph\">{\"@context\":\"https:\/\/schema.org\",\"@graph\":[{\"@type\":\"WebPage\",\"@id\":\"https:\/\/lojena.com\/cs\/produkt\/superior-studio-s-vyhledem-do-zahrady-id-2\/\",\"url\":\"https:\/\/lojena.com\/cs\/produkt\/superior-studio-s-vyhledem-do-zahrady-id-2\/\",\"name\":\"Superior studio s v\u00fdhledem do zahrady ID 2 - Villa Lojena\",\"isPartOf\":{\"@id\":\"https:\/\/lojena.com\/#website\"},\"primaryImageOfPage\":{\"@id\":\"https:\/\/lojena.com\/cs\/produkt\/superior-studio-s-vyhledem-do-zahrady-id-2\/#primaryimage\"},\"image\":{\"@id\":\"https:\/\/lojena.com\/cs\/produkt\/superior-studio-s-vyhledem-do-zahrady-id-2\/#primaryimage\"},\"thumbnailUrl\":\"https:\/\/lojena.com\/wp-content\/uploads\/2026\/02\/2-poredu-1980x1485-1.jpg\",\"datePublished\":\"2026-02-25T12:26:53+00:00\",\"dateModified\":\"2026-03-22T08:21:40+00:00\",\"breadcrumb\":{\"@id\":\"https:\/\/lojena.com\/cs\/produkt\/superior-studio-s-vyhledem-do-zahrady-id-2\/#breadcrumb\"},\"inLanguage\":\"cs\",\"potentialAction\":[{\"@type\":\"ReadAction\",\"target\":[\"https:\/\/lojena.com\/cs\/produkt\/superior-studio-s-vyhledem-do-zahrady-id-2\/\"]}]},{\"@type\":\"ImageObject\",\"inLanguage\":\"cs\",\"@id\":\"https:\/\/lojena.com\/cs\/produkt\/superior-studio-s-vyhledem-do-zahrady-id-2\/#primaryimage\",\"url\":\"https:\/\/lojena.com\/wp-content\/uploads\/2026\/02\/2-poredu-1980x1485-1.jpg\",\"contentUrl\":\"https:\/\/lojena.com\/wp-content\/uploads\/2026\/02\/2-poredu-1980x1485-1.jpg\",\"width\":1980,\"height\":1485},{\"@type\":\"BreadcrumbList\",\"@id\":\"https:\/\/lojena.com\/cs\/produkt\/superior-studio-s-vyhledem-do-zahrady-id-2\/#breadcrumb\",\"itemListElement\":[{\"@type\":\"ListItem\",\"position\":1,\"name\":\"Home\",\"item\":\"https:\/\/lojena.com\/cs\/\"},{\"@type\":\"ListItem\",\"position\":2,\"name\":\"Superior studio s v\u00fdhledem do zahrady ID 2\"}]},{\"@type\":\"WebSite\",\"@id\":\"https:\/\/lojena.com\/#website\",\"url\":\"https:\/\/lojena.com\/\",\"name\":\"Villa Lojena\",\"description\":\"Luxury Studios\",\"potentialAction\":[{\"@type\":\"SearchAction\",\"target\":{\"@type\":\"EntryPoint\",\"urlTemplate\":\"https:\/\/lojena.com\/?s={search_term_string}\"},\"query-input\":{\"@type\":\"PropertyValueSpecification\",\"valueRequired\":true,\"valueName\":\"search_term_string\"}}],\"inLanguage\":\"cs\"}]}<\/script>\n<!-- \/ Yoast SEO plugin. -->","yoast_head_json":{"title":"Superior studio s v\u00fdhledem do zahrady ID 2 - Villa Lojena","robots":{"index":"index","follow":"follow","max-snippet":"max-snippet:-1","max-image-preview":"max-image-preview:large","max-video-preview":"max-video-preview:-1"},"canonical":"https:\/\/lojena.com\/cs\/produkt\/superior-studio-s-vyhledem-do-zahrady-id-2\/","og_locale":"cs_CZ","og_type":"article","og_title":"Superior studio s v\u00fdhledem do zahrady ID 2 - Villa Lojena","og_description":"P\u0159edstavte si, \u017ee se probouz\u00edte s v\u00fdhledem na St\u0159edozemn\u00ed mo\u0159e: mo\u0159e, baz\u00e9n a stalet\u00e9 olivovn\u00edky p\u0159\u00edmo p\u0159ed va\u0161imi dve\u0159mi. Toto modern\u00ed studio nab\u00edz\u00ed kr\u00e1snou zast\u00edn\u011bnou terasu, ide\u00e1ln\u00ed m\u00edsto pro rann\u00ed espresso nebo klidn\u00fd drink p\u0159i z\u00e1padu slunce v klidn\u00e9 atmosf\u00e9\u0159e. Uvnit\u0159 se skr\u00fdv\u00e1 luxus v detailech. Od pln\u011b vybaven\u00e9 kuchyn\u011b a velk\u00e9 modern\u00ed koupelny a\u017e [&hellip;]","og_url":"https:\/\/lojena.com\/cs\/produkt\/superior-studio-s-vyhledem-do-zahrady-id-2\/","og_site_name":"Villa Lojena","article_modified_time":"2026-03-22T08:21:40+00:00","og_image":[{"width":1980,"height":1485,"url":"https:\/\/lojena.com\/wp-content\/uploads\/2026\/02\/2-poredu-1980x1485-1.jpg","type":"image\/jpeg"}],"twitter_card":"summary_large_image","twitter_misc":{"Odhadovan\u00e1 doba \u010dten\u00ed":"1 minuta"},"schema":{"@context":"https:\/\/schema.org","@graph":[{"@type":"WebPage","@id":"https:\/\/lojena.com\/cs\/produkt\/superior-studio-s-vyhledem-do-zahrady-id-2\/","url":"https:\/\/lojena.com\/cs\/produkt\/superior-studio-s-vyhledem-do-zahrady-id-2\/","name":"Superior studio s v\u00fdhledem do zahrady ID 2 - Villa Lojena","isPartOf":{"@id":"https:\/\/lojena.com\/#website"},"primaryImageOfPage":{"@id":"https:\/\/lojena.com\/cs\/produkt\/superior-studio-s-vyhledem-do-zahrady-id-2\/#primaryimage"},"image":{"@id":"https:\/\/lojena.com\/cs\/produkt\/superior-studio-s-vyhledem-do-zahrady-id-2\/#primaryimage"},"thumbnailUrl":"https:\/\/lojena.com\/wp-content\/uploads\/2026\/02\/2-poredu-1980x1485-1.jpg","datePublished":"2026-02-25T12:26:53+00:00","dateModified":"2026-03-22T08:21:40+00:00","breadcrumb":{"@id":"https:\/\/lojena.com\/cs\/produkt\/superior-studio-s-vyhledem-do-zahrady-id-2\/#breadcrumb"},"inLanguage":"cs","potentialAction":[{"@type":"ReadAction","target":["https:\/\/lojena.com\/cs\/produkt\/superior-studio-s-vyhledem-do-zahrady-id-2\/"]}]},{"@type":"ImageObject","inLanguage":"cs","@id":"https:\/\/lojena.com\/cs\/produkt\/superior-studio-s-vyhledem-do-zahrady-id-2\/#primaryimage","url":"https:\/\/lojena.com\/wp-content\/uploads\/2026\/02\/2-poredu-1980x1485-1.jpg","contentUrl":"https:\/\/lojena.com\/wp-content\/uploads\/2026\/02\/2-poredu-1980x1485-1.jpg","width":1980,"height":1485},{"@type":"BreadcrumbList","@id":"https:\/\/lojena.com\/cs\/produkt\/superior-studio-s-vyhledem-do-zahrady-id-2\/#breadcrumb","itemListElement":[{"@type":"ListItem","position":1,"name":"Home","item":"https:\/\/lojena.com\/cs\/"},{"@type":"ListItem","position":2,"name":"Superior studio s v\u00fdhledem do zahrady ID 2"}]},{"@type":"WebSite","@id":"https:\/\/lojena.com\/#website","url":"https:\/\/lojena.com\/","name":"Villa Lojena","description":"Luxury Studios","potentialAction":[{"@type":"SearchAction","target":{"@type":"EntryPoint","urlTemplate":"https:\/\/lojena.com\/?s={search_term_string}"},"query-input":{"@type":"PropertyValueSpecification","valueRequired":true,"valueName":"search_term_string"}}],"inLanguage":"cs"}]}},"_links":{"self":[{"href":"https:\/\/lojena.com\/cs\/wp-json\/wp\/v2\/product\/1119","targetHints":{"allow":["GET"]}}],"collection":[{"href":"https:\/\/lojena.com\/cs\/wp-json\/wp\/v2\/product"}],"about":[{"href":"https:\/\/lojena.com\/cs\/wp-json\/wp\/v2\/types\/product"}],"replies":[{"embeddable":true,"href":"https:\/\/lojena.com\/cs\/wp-json\/wp\/v2\/comments?post=1119"}],"wp:featuredmedia":[{"embeddable":true,"href":"https:\/\/lojena.com\/cs\/wp-json\/wp\/v2\/media\/2754"}],"wp:attachment":[{"href":"https:\/\/lojena.com\/cs\/wp-json\/wp\/v2\/media?parent=1119"}],"wp:term":[{"taxonomy":"product_brand","embeddable":true,"href":"https:\/\/lojena.com\/cs\/wp-json\/wp\/v2\/product_brand?post=1119"},{"taxonomy":"product_cat","embeddable":true,"href":"https:\/\/lojena.com\/cs\/wp-json\/wp\/v2\/product_cat?post=1119"},{"taxonomy":"product_tag","embeddable":true,"href":"https:\/\/lojena.com\/cs\/wp-json\/wp\/v2\/product_tag?post=1119"}],"curies":[{"name":"wp","href":"https:\/\/api.w.org\/{rel}","templated":true}]}}